{"id":20472,"date":"2024-04-16T11:35:46","date_gmt":"2024-04-16T04:35:46","guid":{"rendered":"https:\/\/livinghome.vn\/thiet-bi\/?post_type=product&#038;p=20472"},"modified":"2024-11-29T14:18:59","modified_gmt":"2024-11-29T07:18:59","slug":"loi-loc-nuoc-stiebel-eltron-stiebel-house-ps-filter-cartridge-poe-pou","status":"publish","type":"product","link":"https:\/\/livinghome.vn\/thiet-bi\/loi-loc-nuoc-stiebel-eltron-stiebel-house-ps-filter-cartridge-poe-pou\/","title":{"rendered":"L\u00f5i l\u1ecdc n\u01b0\u1edbc Stiebel Eltron Stiebel House PS Filter Cartridge POE\/POU"},"content":{"rendered":"<h2>Gi\u1edbi thi\u1ec7u v\u1ec1 l\u00f5i l\u1ecdc n\u01b0\u1edbc Stiebel Eltron Stiebel House PS Filter Cartridge POE\/POU<\/h2>\n<h3>D\u00f9ng cho m\u00e1y\u00a0Stiebel House PS-2<\/h3>\n<p>L\u00f5i l\u1ecdc n\u01b0\u1edbc Stiebel Eltron Stiebel House PS Filter Cartridge POE\/POU \u0111\u01b0\u1ee3c s\u1eed d\u1ee5ng trong m\u00e1y l\u1ecdc n\u01b0\u1edbc th\u00f4 Stiebel House PS-2. \u0110\u00e2y l\u00e0 l\u1ef1a ch\u1ecdn l\u00fd t\u01b0\u1edfng \u0111\u1ec3 c\u00e0i \u0111\u1eb7t cho b\u1ed9 l\u1ecdc t\u1ea1i \u0111i\u1ec3m \u0111\u1ea7u v\u00e0o v\u00e0 \u0111i\u1ec3m s\u1eed d\u1ee5ng.<\/p>\n<p>L\u00f5i l\u1ecdc c\u00f3 chi\u1ec1u d\u00e0i 20-inch v\u1edbi 3 c\u1ea5p l\u1ecdc:<\/p>\n<ul>\n<li>C\u1ea5p l\u1ecdc 1: Tr\u1ea7m t\u00edch 10 \u03bcm<\/li>\n<li>C\u1ea5p l\u1ecdc 2: \u0110\u00e1 silberlit<\/li>\n<li>C\u1ea5p l\u1ecdc 3: Qu\u1ea3 c\u1ea7u tinh th\u1ec3 polyphosphat ch\u1ed1ng c\u1ee9ng \u0111\u01b0\u1ee3c ch\u1ee9ng nh\u1eadn NSF 60<\/li>\n<\/ul>\n<p>\u0110\u00e1 Silverlite ng\u0103n ch\u1eb7n s\u1ef1 ph\u00e1t tri\u1ec3n c\u1ee7a vi khu\u1ea9n trong v\u1ecf b\u1ed9 l\u1ecdc v\u00e0 gi\u1eef cho l\u00f5i l\u1ecdc m\u1edbi l\u00e2u h\u01a1n.<\/p>\n<p>Qu\u1ea3 c\u1ea7u tinh th\u1ec3 polyphosphat ch\u1ed1ng c\u1ee9ng, \u0111\u01b0\u1ee3c ch\u1ee9ng nh\u1eadn NSF 60, gi\u00fap gi\u1ea3m c\u1eb7n v\u00f4i h\u00f3a b\u1eb1ng c\u00e1ch l\u00e0m ch\u1eadm ph\u1ea3n \u1ee9ng gi\u1eefa canxi, magi\u00ea v\u00e0 bicarbonate, gi\u1eef cho c\u00e1c ph\u1ee5 ki\u1ec7n v\u1ec7 sinh lu\u00f4n s\u1ea1ch s\u1ebd.<\/p>\n<p>L\u00f5i l\u1ecdc Stiebel Eltron c\u00f3 kh\u1ea3 n\u0103ng l\u1ecdc nhi\u1ec1u ngu\u1ed3n n\u01b0\u1edbc kh\u00e1c nhau.<\/p>\n<figure id=\"attachment_20474\" aria-describedby=\"caption-attachment-20474\" style=\"width: 900px\" class=\"wp-caption aligncenter\"><img loading=\"lazy\" decoding=\"async\" class=\"size-full wp-image-20474\" src=\"https:\/\/livinghome.vn\/thiet-bi\/wp-content\/uploads\/2024\/04\/loi-loc-stiebel-eltron-stiebel-house-ps-filter-cartridge-1.jpg\" alt=\"L\u00f5i l\u1ecdc n\u01b0\u1edbc Stiebel Eltron Stiebel House PS Filter Cartridge POE\/POU \" width=\"900\" height=\"900\" title=\"\"><figcaption id=\"caption-attachment-20474\" class=\"wp-caption-text\">L\u00f5i l\u1ecdc n\u01b0\u1edbc Stiebel Eltron Stiebel House PS Filter Cartridge POE\/POU<\/figcaption><\/figure>\n<h3>Ch\u1ea5t li\u1ec7u b\u1ed9 l\u1ecdc\u00a0Stiebel House PS-2<\/h3>\n<p>B\u1ed9 l\u1ecdc s\u01a1 c\u1ea5p Stiebel House PS-2 c\u00f3 c\u00e1c k\u00edch th\u01b0\u1edbc l\u1ed7 1, 5, 10, 20, 50 v\u00e0 100 micron, \u0111\u01b0\u1ee3c l\u00e0m t\u1eeb polypropylene th\u00f4ng qua quy tr\u00ecnh th\u1ed5i ch\u1ea3y \u0111\u1eb7c bi\u1ec7t, gi\u00fap gi\u1eef l\u1ea1i ch\u1ea5t g\u00e2y \u00f4 nhi\u1ec5m nh\u01b0 g\u1ec9 s\u00e9t, t\u1ea3o, c\u00e1t, b\u1ee5i v\u00e0 t\u1ea1p ch\u1ea5t tr\u00ean b\u1ec1 m\u1eb7t l\u1edbn v\u00e0 b\u1ec1n c\u1ee7a m\u00e1y, \u0111\u1ea3m b\u1ea3o ch\u1ea5t l\u01b0\u1ee3ng n\u01b0\u1edbc si\u00eau s\u1ea1ch. Ch\u1ea5t li\u1ec7u l\u1ecdc d\u1ea1ng n\u1ebfp g\u1ea5p b\u1ec1n v\u00e0 x\u1ed1p.<\/p>\n","protected":false},"excerpt":{"rendered":"<ul>\n<li>S\u1eed d\u1ee5ng cho: Stiebel Eltron House PS-2<\/li>\n<li>Lo\u1ea1i l\u00f5i: L\u00f5i th\u00f4<\/li>\n<li>Th\u1ee9 t\u1ef1 l\u00f5i l\u1ecdc: L\u00f5i l\u1ecdc s\u1ed1 1<\/li>\n<li>V\u1eadt li\u1ec7u, c\u1ea5u t\u1ea1o l\u00f5i l\u1ecdc: Polypropylene, \u0111\u00e1 Silverlite t\u00edch h\u1ee3p ion b\u1ea1c, b\u00f3ng ch\u1ed1ng c\u1eb7n v\u00f4i<\/li>\n<li>K\u00edch th\u01b0\u1edbc l\u1ecdc nh\u1ecf nh\u1ea5t: \u2265 1 micron<\/li>\n<li>Th\u1eddi gian thay l\u00f5i: Thay sau 6 th\u00e1ng s\u1eed d\u1ee5ng<\/li>\n<li>Th\u01b0\u01a1ng hi\u1ec7u c\u1ee7a: \u0110\u1ee9c<\/li>\n<li>S\u1ea3n xu\u1ea5t t\u1ea1i: H\u00e0n Qu\u1ed1c<\/li>\n<\/ul>\n","protected":false},"featured_media":21198,"comment_status":"open","ping_status":"closed","template":"","meta":[],"product_brand":[],"product_cat":[1974,1975,1937],"product_tag":[419,1982],"class_list":{"0":"post-20472","1":"product","2":"type-product","3":"status-publish","4":"has-post-thumbnail","6":"product_cat-loi-loc-nuoc","7":"product_cat-loi-loc-nuoc-stiebel-eltron","8":"product_cat-thuong-hieu-stiebel-eltron","9":"product_tag-loi-loc-nuoc","10":"product_tag-loi-loc-nuoc-stiebel-eltron","12":"first","13":"instock","14":"sale","15":"shipping-taxable","16":"purchasable","17":"product-type-simple"},"_links":{"self":[{"href":"https:\/\/livinghome.vn\/thiet-bi\/wp-json\/wp\/v2\/product\/20472","targetHints":{"allow":["GET"]}}],"collection":[{"href":"https:\/\/livinghome.vn\/thiet-bi\/wp-json\/wp\/v2\/product"}],"about":[{"href":"https:\/\/livinghome.vn\/thiet-bi\/wp-json\/wp\/v2\/types\/product"}],"replies":[{"embeddable":true,"href":"https:\/\/livinghome.vn\/thiet-bi\/wp-json\/wp\/v2\/comments?post=20472"}],"wp:featuredmedia":[{"embeddable":true,"href":"https:\/\/livinghome.vn\/thiet-bi\/wp-json\/wp\/v2\/media\/21198"}],"wp:attachment":[{"href":"https:\/\/livinghome.vn\/thiet-bi\/wp-json\/wp\/v2\/media?parent=20472"}],"wp:term":[{"taxonomy":"product_brand","embeddable":true,"href":"https:\/\/livinghome.vn\/thiet-bi\/wp-json\/wp\/v2\/product_brand?post=20472"},{"taxonomy":"product_cat","embeddable":true,"href":"https:\/\/livinghome.vn\/thiet-bi\/wp-json\/wp\/v2\/product_cat?post=20472"},{"taxonomy":"product_tag","embeddable":true,"href":"https:\/\/livinghome.vn\/thiet-bi\/wp-json\/wp\/v2\/product_tag?post=20472"}],"curies":[{"name":"wp","href":"https:\/\/api.w.org\/{rel}","templated":true}]}}