{"id":2045,"date":"2023-01-12T16:44:22","date_gmt":"2023-01-12T16:44:22","guid":{"rendered":"https:\/\/livinghome.vn\/thiet-bi\/?post_type=product&#038;p=2045"},"modified":"2024-11-29T14:20:33","modified_gmt":"2024-11-29T07:20:33","slug":"lo-nuong-teka-hlb-8600-sm-am-mau-steam-grey-thanh-lich-sang-trong-dung-tich-70l","status":"publish","type":"product","link":"https:\/\/livinghome.vn\/thiet-bi\/lo-nuong-teka-hlb-8600-sm-am-mau-steam-grey-thanh-lich-sang-trong-dung-tich-70l\/","title":{"rendered":"L\u00f2 n\u01b0\u1edbng Teka HLB 8600 SM \u00e2m m\u00e0u steam grey thanh l\u1ecbch sang tr\u1ecdng dung t\u00edch 70L"},"content":{"rendered":"<h3>L\u00f2 n\u01b0\u1edbng Teka HLB 8600 SM \u00e2m m\u00e0u steam grey thanh l\u1ecbch sang tr\u1ecdng dung t\u00edch 70L<\/h3>\n<figure id=\"attachment_65712\" aria-describedby=\"caption-attachment-65712\" style=\"width: 900px\" class=\"wp-caption alignnone\"><img loading=\"lazy\" decoding=\"async\" class=\"wp-image-65712\" src=\"https:\/\/livinghome.vn\/thiet-bi\/wp-content\/uploads\/nha-bep\/teka\/lo-nuong\/lo-nuong-teka-hlb-8600-sm\/lo-nuong-teka-hlb-8600-sm-4.jpg\" alt=\"L\u00f2 n\u01b0\u1edbng Teka HLB 8600 SM \u00e2m m\u00e0u steam grey thanh l\u1ecbch sang tr\u1ecdng dung t\u00edch 70L\" width=\"900\" height=\"506\" title=\"\"><figcaption id=\"caption-attachment-65712\" class=\"wp-caption-text\">L\u00f2 n\u01b0\u1edbng Teka HLB 8600 SM \u00e2m m\u00e0u steam grey thanh l\u1ecbch sang tr\u1ecdng dung t\u00edch 70L<\/figcaption><\/figure>\n<p>L\u00f2 Teka HLB 8600 SM\u00a0h\u1ec7 th\u1ed1ng n\u01b0\u1edbng \u0111\u1ed1i l\u01b0u \u0111a ch\u1ee9c n\u0103ng nh\u1eadp kh\u1ea9u tr\u1ef1c ti\u1ebfp Ch\u00e2u \u00c2u t\u1eeb th\u01b0\u01a1ng hi\u1ec7u Teka m\u1ed9t trong nh\u1eefng th\u01b0\u01a1ng hi\u1ec7u n\u1ed5i ti\u1ebfng v\u1ec1 \u0111\u1ed3 gia d\u1ee5ng tr\u00ean to\u00e0n th\u1ebf gi\u1edbi.<\/p>\n<h3>T\u00ednh n\u0103ng c\u01a1 b\u1ea3n<\/h3>\n<ul>\n<li><a href=\"https:\/\/livinghome.vn\/thiet-bi\/lo-nuong-am\/\">L\u00f2 n\u01b0\u1edbng<\/a> &#8211; L\u00f2 n\u01b0\u1edbng \u00e2m t\u1ee7<\/li>\n<li>L\u00f2 n\u01b0\u1edbng \u0111\u1ed1i l\u01b0u<\/li>\n<li>12 ch\u1ee9c n\u0103ng n\u01b0\u1edbng<\/li>\n<li>M\u1ee9c n\u0103ng l\u01b0\u1ee3ng A+ ti\u1ebft ki\u1ec7m 20% \u0111i\u1ec7n n\u0103ng<\/li>\n<li>Ch\u1ee9c n\u0103ng v\u1ec7 sinh l\u00f2 b\u1eb1ng h\u01a1i n\u01b0\u1edbc HydroClean<\/li>\n<li>\u0110i\u1ec1u khi\u1ec3n c\u1ea3m \u1ee9ng v\u1edbi n\u00fat v\u1eb7n<\/li>\n<li>20 c\u00f4ng th\u1ee9c n\u1ea5u \u0103n \u0111\u01b0\u1ee3c c\u00e0i \u0111\u1eb7t s\u1eb3n<\/li>\n<li>C\u1eeda k\u00ednh c\u00e1ch nhi\u1ec7t 3 l\u1edbp c\u00f3 th\u1ec3 th\u00e1o r\u1eddi<\/li>\n<li>C\u1eeda \u0111\u00f3ng gi\u1ea3m ch\u1ea5n<\/li>\n<li>H\u1ec7 th\u1ed1ng t\u1ef1 ng\u1eaft \u0111i\u1ec7n an to\u00e0n khi m\u1edf c\u1eeda<\/li>\n<li>Kh\u00f3a an to\u00e0n cho tr\u1ebb em<\/li>\n<li>Ch\u1ebf \u0111\u1ed9 l\u00e0m n\u00f3ng nhanh<\/li>\n<li>Ph\u1ee5 ki\u1ec7n: khay n\u01b0\u1edbng \u0111\u00e1y s\u00e2u v\u00e0 v\u1ec9 n\u01b0\u1edbnG<\/li>\n<\/ul>\n<figure id=\"attachment_66864\" aria-describedby=\"caption-attachment-66864\" style=\"width: 800px\" class=\"wp-caption alignnone\"><img loading=\"lazy\" decoding=\"async\" class=\"wp-image-66864 size-large\" src=\"https:\/\/livinghome.vn\/thiet-bi\/wp-content\/uploads\/nha-bep\/teka\/lo-nuong\/lo-nuong-teka-hlb-8400-bk\/lo-nuong-teka-hlb-8400-bk-8-800x800.jpg\" alt=\"L\u00f2 n\u01b0\u1edbng Teka HLB 8400 \u00e2m ti\u1ebft ki\u1ec7m \u0111i\u1ec7n n\u0103ng\" width=\"800\" height=\"800\" title=\"\"><figcaption id=\"caption-attachment-66864\" class=\"wp-caption-text\">K\u00edch th\u01b0\u1edbc l\u00f2 n\u01b0\u1edbng Teka HLB 8600 SM<\/figcaption><\/figure>\n<p>L\u00f2 Teka HLB 8600 SM \u0111\u01b0\u1ee3c thi\u1ebft k\u1ebf v\u1edbi khoang l\u00f2 c\u00f3 dung t\u00edch 70L gi\u00fap n\u01b0\u1edbng \u0111\u01b0\u1ee3c nhi\u1ec1u th\u1ef1c ph\u1ea9m trong 1 l\u1ea7n n\u01b0\u1edbng nh\u01b0ng v\u1eabn \u0111\u1ea3m b\u1ea3o th\u1ef1c ph\u1ea9m ch\u00edn \u0111\u1ec1u v\u00e0 kh\u00f4ng b\u1ecb h\u1ecfng, \u0111\u1eb7c bi\u1ec7t ch\u1ea5t dinh d\u01b0\u1ee1ng v\u00e0 h\u01b0\u01a1ng v\u1ecb c\u1ee7a th\u1ef1c ph\u1ea9m sau khi ch\u00edn v\u1eabn \u0111\u1ea3m b\u1ea3o cho ng\u01b0\u1eddi d\u00f9ng m\u1ed9t c\u00e1ch ngon mi\u1ec7ng nh\u1ea5t.<\/p>\n<h3>Th\u00f4ng s\u1ed1 k\u1ef9 thu\u1eadt<\/h3>\n<ul>\n<li>Dung tich (t\u1ed5ng\/th\u1ef1c): 71\/70 l\u00edt<\/li>\n<li>C\u00f4ng su\u1ea5t danh \u0111\u1ecbnh t\u1ed1i \u0111a 3215W<\/li>\n<\/ul>\n<h4 class=\"et_pb_toggle_title\">K\u00edch th\u01b0\u1edbc chung<\/h4>\n<div class=\"et_pb_toggle_content clearfix\">\n<ul>\n<li>Chi\u1ec1u cao(mm):\u00a0595<\/li>\n<li>Chi\u1ec1u r\u1ed9ng (mm):\u00a0595<\/li>\n<li>\u0110\u1ed9 s\u00e2u (mm):\u00a0537+22<\/li>\n<li>Tr\u1ecdng l\u01b0\u1ee3ng (Kgs):\u00a032<\/li>\n<\/ul>\n<h4 class=\"et_pb_toggle_title\">K\u00edch th\u01b0\u1edbc trong khoang \u0111\u00f4i<\/h4>\n<div class=\"et_pb_toggle_content clearfix\">\n<ul>\n<li>Chi\u1ec1u cao b\u00ean trong (mm):\u00a0364<\/li>\n<li>Chi\u1ec1u r\u1ed9ng b\u00ean trong (mm):\u00a0475<\/li>\n<li>\u0110\u1ed9 s\u00e2u b\u00ean trong (mm):\u00a0402<\/li>\n<li>Dung t\u00edch r\u00f2ng (l\u00edt):\u00a070<\/li>\n<li>T\u1ed5ng dung t\u00edch (l\u00edt):\u00a071<\/li>\n<\/ul>\n<h4 class=\"et_pb_toggle_title\">K\u1ebft n\u1ed1i \u0111i\u1ec7n<\/h4>\n<div class=\"et_pb_toggle_content clearfix\">\n<ul>\n<li>C\u00f4ng su\u1ea5t ti\u00eau chu\u1ea9n t\u1ed1i \u0111a (W):\u00a03215<\/li>\n<li>T\u1ea7n s\u1ed1 (Hz):\u00a050\/60<\/li>\n<li>C\u00f4ng su\u1ea5t (V):\u00a0220-240<\/li>\n<li>Chi\u1ec1u d\u00e0i d\u00e2y c\u00e1p (cm):\u00a0150<\/li>\n<li>Ph\u00edch c\u1eafm:\u00a0\u0110\u00fang<\/li>\n<li>\u0110i\u1ec7n n\u0103ng ti\u00eau th\u1ee5 \u0111\u00e8n b\u00ean trong (W):\u00a025<\/li>\n<\/ul>\n<h4 class=\"et_pb_toggle_title\">Ti\u00eau th\u1ee5 n\u0103ng l\u01b0\u1ee3ng<\/h4>\n<div class=\"et_pb_toggle_content clearfix\">\n<ul>\n<li>N\u0103ng l\u01b0\u1ee3ng ti\u00eau th\u1ee5 tr\u00ean m\u1ed7i chu k\u1ef3 \u1edf ch\u1ebf \u0111\u1ed9 th\u00f4ng th\u01b0\u1eddng (kWh):\u00a00.83<\/li>\n<li>N\u0103ng l\u01b0\u1ee3ng ti\u00eau th\u1ee5 tr\u00ean m\u1ed7i chu k\u1ef3 \u1edf ch\u1ebf \u0111\u1ed9 \u0111\u1ed1i l\u01b0u c\u01b0\u1ee1ng b\u1ee9c qu\u1ea1t (kWh):\u00a00,68<\/li>\n<li>\u0110i\u1ec7n n\u0103ng thanh nhi\u1ec7t d\u01b0\u1edbi (W):\u00a01150<\/li>\n<li>N\u01b0\u1edbng (W):\u00a01400<\/li>\n<li>N\u01b0\u1edbng l\u1eeda l\u1edbn Maxi (W):\u00a02500<\/li>\n<li>Truy\u1ec1n th\u1ed1ng (W):\u00a02550<\/li>\n<li>N\u01b0\u1edbng \u0111\u1ed1i l\u01b0u Turbo (W):\u00a02000<\/li>\n<li>\u0110a ch\u1ee9c n\u0103ng Turbo (W):\u00a022<\/li>\n<li>\u0110\u1ed9ng c\u01a1 qu\u1ea1t l\u00e0m m\u00e1t (W):\u00a018<\/li>\n<\/ul>\n<\/div>\n<\/div>\n<\/div>\n<p>To\u00e0n b\u1ed9 b\u00ean trong khoang l\u00f2 c\u0169ng nh\u01b0 c\u00e1c khay n\u01b0\u1edbng b\u00ean trong \u0111\u1ec1u \u0111\u01b0\u1ee3c tr\u00e1ng m\u1ed9t l\u1edbp men \u0111\u1eb7c bi\u1ec7t, ph\u00f9 h\u1ee3p v\u1edbi ch\u1ee9c n\u0103ng l\u00e0m s\u1ea1ch Hydroclean kh\u00f4ng nh\u1eefng ch\u1ed1ng b\u00e1m d\u00ednh hi\u1ec7u qu\u1ea3 m\u00e0 c\u00f2n \u0111em \u0111\u1ebfn s\u1ef1 ti\u1ec7n l\u1ee3i khi v\u1ec7 sinh m\u00e1y.<\/p>\n<\/div>\n<h3>Xu\u1ea5t x\u1ee9:\u00a0T\u00e2y Ban Nha<\/h3>\n<div><\/div>\n","protected":false},"excerpt":{"rendered":"<div id=\"product-title\" class=\"et_pb_module et_pb_text et_pb_bg_layout_light et_pb_text_align_left\">\n<div class=\"et_pb_text_inner\">\n<h1>L\u00f2 n\u01b0\u1edbng \u0111\u1ed1i l\u01b0u v\u1edbi 20 c\u00f4ng th\u1ee9c n\u1ea5u \u0103n \u0111\u01b0\u1ee3c c\u00e0i \u0111\u1eb7t s\u1eb3n<\/h1>\n<\/div>\n<\/div>\n<div class=\"et_pb_module et_pb_text et_pb_text_1 et_pb_bg_layout_light et_pb_text_align_left\">\n<div class=\"et_pb_text_inner\">\n<div id=\"product-content\">\n<ul>\n<li>L\u00f2 n\u01b0\u1edbng \u0111\u1ed1i l\u01b0u 12 ch\u1ee9c n\u0103ng n\u01b0\u1edbng<\/li>\n<li>Ch\u1ee9c n\u0103ng v\u1ec7 sinh l\u00f2 b\u1eb1ng h\u01a1i n\u01b0\u1edbc HydroClean PRO<\/li>\n<li>M\u1ee9c n\u0103ng l\u01b0\u1ee3ng A+ ti\u1ebft ki\u1ec7m 20% \u0111i\u1ec7n n\u0103ng<\/li>\n<li>Dung t\u00edch (t\u1ed5ng\/th\u1ef1c): 71\/70 l\u00edt<\/li>\n<li>M\u00e0n hinh TFT 4 inch s\u1eafc n\u00e9t<\/li>\n<li>20 c\u00f4ng th\u1ee9c n\u1ea5u \u0103n \u0111\u01b0\u1ee3c c\u00e0i \u0111\u1eb7t s\u1eb3n<\/li>\n<li>M\u00e0u s\u1eafc: m\u00e0u steam grey<\/li>\n<\/ul>\n<\/div>\n<\/div>\n<\/div>\n","protected":false},"featured_media":2208,"comment_status":"open","ping_status":"closed","template":"","meta":[],"product_brand":[],"product_cat":[95,328,311],"product_tag":[96,154,330,313],"class_list":{"0":"post-2045","1":"product","2":"type-product","3":"status-publish","4":"has-post-thumbnail","6":"product_cat-lo-nuong","7":"product_cat-lo-nuong-teka","8":"product_cat-thuong-hieu-teka","9":"product_tag-lo-nuong","10":"product_tag-lo-nuong-am","11":"product_tag-lo-nuong-teka","12":"product_tag-teka","14":"first","15":"instock","16":"sale","17":"shipping-taxable","18":"purchasable","19":"product-type-simple"},"_links":{"self":[{"href":"https:\/\/livinghome.vn\/thiet-bi\/wp-json\/wp\/v2\/product\/2045","targetHints":{"allow":["GET"]}}],"collection":[{"href":"https:\/\/livinghome.vn\/thiet-bi\/wp-json\/wp\/v2\/product"}],"about":[{"href":"https:\/\/livinghome.vn\/thiet-bi\/wp-json\/wp\/v2\/types\/product"}],"replies":[{"embeddable":true,"href":"https:\/\/livinghome.vn\/thiet-bi\/wp-json\/wp\/v2\/comments?post=2045"}],"wp:featuredmedia":[{"embeddable":true,"href":"https:\/\/livinghome.vn\/thiet-bi\/wp-json\/wp\/v2\/media\/2208"}],"wp:attachment":[{"href":"https:\/\/livinghome.vn\/thiet-bi\/wp-json\/wp\/v2\/media?parent=2045"}],"wp:term":[{"taxonomy":"product_brand","embeddable":true,"href":"https:\/\/livinghome.vn\/thiet-bi\/wp-json\/wp\/v2\/product_brand?post=2045"},{"taxonomy":"product_cat","embeddable":true,"href":"https:\/\/livinghome.vn\/thiet-bi\/wp-json\/wp\/v2\/product_cat?post=2045"},{"taxonomy":"product_tag","embeddable":true,"href":"https:\/\/livinghome.vn\/thiet-bi\/wp-json\/wp\/v2\/product_tag?post=2045"}],"curies":[{"name":"wp","href":"https:\/\/api.w.org\/{rel}","templated":true}]}}