{"id":20444,"date":"2024-04-16T10:47:29","date_gmt":"2024-04-16T03:47:29","guid":{"rendered":"https:\/\/livinghome.vn\/thiet-bi\/?post_type=product&#038;p=20444"},"modified":"2024-11-29T14:19:00","modified_gmt":"2024-11-29T07:19:00","slug":"loi-loc-nuoc-stiebel-eltron-activated-carbon-block-11-inch","status":"publish","type":"product","link":"https:\/\/livinghome.vn\/thiet-bi\/loi-loc-nuoc-stiebel-eltron-activated-carbon-block-11-inch\/","title":{"rendered":"L\u00f5i l\u1ecdc n\u01b0\u1edbc Stiebel Eltron Activated Carbon Block 11 inch"},"content":{"rendered":"<h2>Gi\u1edbi thi\u1ec7u v\u1ec1 l\u00f5i l\u1ecdc n\u01b0\u1edbc Stiebel Eltron Activated Carbon Block 11 inch<\/h2>\n<ul>\n<li>Stiebel Eltron Activated Carbon Block l\u00e0 l\u00f5i l\u1ecdc giai \u0111o\u1ea1n th\u1ee9 hai c\u1ee7a h\u1ec7 th\u1ed1ng l\u1ecdc n\u01b0\u1edbc u\u1ed1ng Stiebel Eltron Glacier v\u1edbi 5 c\u1ea5p l\u1ecdc. L\u00f5i l\u1ecdc n\u01b0\u1edbc n\u00e0y c\u00f3 di\u1ec7n t\u00edch b\u1ec1 m\u1eb7t l\u1edbn t\u1eeb carbon, gi\u00fap lo\u1ea1i b\u1ecf c\u00e1c h\u1ea1t hi\u1ec7u qu\u1ea3 v\u00e0 c\u1ea3i thi\u1ec7n m\u00f9i v\u1ecb n\u01b0\u1edbc.<\/li>\n<li>Than ho\u1ea1t t\u00ednh c\u00f3 kh\u1ea3 n\u0103ng gi\u1ea3m thu\u1ed1c di\u1ec7t c\u1ecf, thu\u1ed1c tr\u1eeb s\u00e2u v\u00e0 c\u1eb7n \u0111\u1ee5c, h\u1ea5p th\u1ee5 clo, VOC v\u00e0 TTHM, c\u0169ng nh\u01b0 lo\u1ea1i b\u1ecf c\u00e1c kim lo\u1ea1i n\u1eb7ng nh\u01b0 ch\u00ec v\u00e0 th\u1ee7y ng\u00e2n.<\/li>\n<li>Kh\u1ed1i than ho\u1ea1t t\u00ednh 0,5 \u03bcm \u0111\u01b0\u1ee3c ki\u1ec3m so\u00e1t ch\u1eb7t ch\u1ebd v\u1ec1 ch\u1ea5t l\u01b0\u1ee3ng c\u1ea3 v\u1ec1 nhi\u1ec7t \u0111\u1ed9 v\u00e0 v\u1eadt li\u1ec7u, \u0111\u1ea3m b\u1ea3o hi\u1ec7u su\u1ea5t t\u1ed1i \u01b0u cho l\u00f5i carbon.<\/li>\n<li>L\u00f5i l\u1ecdc \u0111\u01b0\u1ee3c b\u1ecdc k\u00edn \u0111\u1ec3 \u0111\u1ea3m b\u1ea3o v\u1ec7 sinh v\u00e0 thi\u1ebft k\u1ebf v\u1edbi h\u1ec7 th\u1ed1ng xoay gi\u00fap thay b\u1ed9 l\u1ecdc d\u1ec5 d\u00e0ng.<\/li>\n<li>V\u1eadt li\u1ec7u l\u1ecdc t\u1eeb v\u1ecf d\u1eeba gi\u00fap n\u00e2ng cao hi\u1ec7u su\u1ea5t l\u1ecdc.<\/li>\n<\/ul>\n<figure id=\"attachment_20450\" aria-describedby=\"caption-attachment-20450\" style=\"width: 1200px\" class=\"wp-caption aligncenter\"><img loading=\"lazy\" decoding=\"async\" class=\"size-full wp-image-20450\" src=\"https:\/\/livinghome.vn\/thiet-bi\/wp-content\/uploads\/2024\/04\/loi-loc-stiebel-eltron-activated-carbon-block-1.jpg\" alt=\"L\u00f5i l\u1ecdc n\u01b0\u1edbc Stiebel Eltron Activated Carbon Block 11 inch\" width=\"1200\" height=\"800\" title=\"\"><figcaption id=\"caption-attachment-20450\" class=\"wp-caption-text\">L\u00f5i l\u1ecdc n\u01b0\u1edbc Stiebel Eltron Activated Carbon Block 11 inch<\/figcaption><\/figure>\n","protected":false},"excerpt":{"rendered":"<ul>\n<li>Chi\u1ec1u d\u00e0i: 11 inch\u00a0(27.9cm)<\/li>\n<li>Xu\u1ea5t x\u1ee9 th\u01b0\u01a1ng hi\u1ec7u: \u0110\u1ee9c<\/li>\n<li>S\u1ea3n xu\u1ea5t t\u1ea1i: H\u00e0n Qu\u1ed1c<\/li>\n<li>Lo\u1ea1i l\u00f5i: L\u00f5i th\u00f4<\/li>\n<li>Th\u1ee9 t\u1ef1 l\u00f5i l\u1ecdc: L\u00f5i l\u1ecdc s\u1ed1 2<\/li>\n<li>V\u1eadt li\u1ec7u, c\u1ea5u t\u1ea1o l\u00f5i l\u1ecdc: Than ho\u1ea1t t\u00ednh d\u1ea1ng h\u1ea1t (x\u1ed1p)<\/li>\n<li>K\u00edch th\u01b0\u1edbc l\u1ecdc nh\u1ecf nh\u1ea5t: \u2265 0.5 micron<\/li>\n<li>Th\u1eddi gian thay l\u00f5i: Thay sau 8 th\u00e1ng kho\u1ea3ng 2.880 l\u00edt n\u01b0\u1edbc<\/li>\n<\/ul>\n","protected":false},"featured_media":21203,"comment_status":"open","ping_status":"closed","template":"","meta":[],"product_brand":[],"product_cat":[1974,1975,1937],"product_tag":[419,1982],"class_list":{"0":"post-20444","1":"product","2":"type-product","3":"status-publish","4":"has-post-thumbnail","6":"product_cat-loi-loc-nuoc","7":"product_cat-loi-loc-nuoc-stiebel-eltron","8":"product_cat-thuong-hieu-stiebel-eltron","9":"product_tag-loi-loc-nuoc","10":"product_tag-loi-loc-nuoc-stiebel-eltron","12":"first","13":"instock","14":"sale","15":"shipping-taxable","16":"purchasable","17":"product-type-simple"},"_links":{"self":[{"href":"https:\/\/livinghome.vn\/thiet-bi\/wp-json\/wp\/v2\/product\/20444","targetHints":{"allow":["GET"]}}],"collection":[{"href":"https:\/\/livinghome.vn\/thiet-bi\/wp-json\/wp\/v2\/product"}],"about":[{"href":"https:\/\/livinghome.vn\/thiet-bi\/wp-json\/wp\/v2\/types\/product"}],"replies":[{"embeddable":true,"href":"https:\/\/livinghome.vn\/thiet-bi\/wp-json\/wp\/v2\/comments?post=20444"}],"wp:featuredmedia":[{"embeddable":true,"href":"https:\/\/livinghome.vn\/thiet-bi\/wp-json\/wp\/v2\/media\/21203"}],"wp:attachment":[{"href":"https:\/\/livinghome.vn\/thiet-bi\/wp-json\/wp\/v2\/media?parent=20444"}],"wp:term":[{"taxonomy":"product_brand","embeddable":true,"href":"https:\/\/livinghome.vn\/thiet-bi\/wp-json\/wp\/v2\/product_brand?post=20444"},{"taxonomy":"product_cat","embeddable":true,"href":"https:\/\/livinghome.vn\/thiet-bi\/wp-json\/wp\/v2\/product_cat?post=20444"},{"taxonomy":"product_tag","embeddable":true,"href":"https:\/\/livinghome.vn\/thiet-bi\/wp-json\/wp\/v2\/product_tag?post=20444"}],"curies":[{"name":"wp","href":"https:\/\/api.w.org\/{rel}","templated":true}]}}