{"id":2044,"date":"2023-01-12T16:44:21","date_gmt":"2023-01-12T16:44:21","guid":{"rendered":"https:\/\/livinghome.vn\/thiet-bi\/?post_type=product&#038;p=2044"},"modified":"2024-11-29T14:20:34","modified_gmt":"2024-11-29T07:20:34","slug":"lo-nuong-teka-hlb-8600-bk-am-doi-luu-12-chuc-nang-nuong","status":"publish","type":"product","link":"https:\/\/livinghome.vn\/thiet-bi\/lo-nuong-teka-hlb-8600-bk-am-doi-luu-12-chuc-nang-nuong\/","title":{"rendered":"L\u00f2 n\u01b0\u1edbng Teka HLB 8600 BK \u00e2m \u0111\u1ed1i l\u01b0u 12 ch\u1ee9c n\u0103ng n\u01b0\u1edbng"},"content":{"rendered":"<h3>L\u00f2 n\u01b0\u1edbng Teka HLB 8600 BK \u00e2m \u0111\u1ed1i l\u01b0u 12 ch\u1ee9c n\u0103ng n\u01b0\u1edbng<\/h3>\n<figure id=\"attachment_65708\" aria-describedby=\"caption-attachment-65708\" style=\"width: 900px\" class=\"wp-caption alignnone\"><img loading=\"lazy\" decoding=\"async\" class=\"wp-image-65708\" src=\"https:\/\/livinghome.vn\/thiet-bi\/wp-content\/uploads\/nha-bep\/teka\/lo-nuong\/lo-nuong-teka-hlb-8600-bk\/lo-nuong-teka-hlb-8600-bk-3.jpg\" alt=\"L\u00f2 n\u01b0\u1edbng Teka HLB 8600 BK \u00e2m \u0111\u1ed1i l\u01b0u 12 ch\u1ee9c n\u0103ng n\u01b0\u1edbng\" width=\"900\" height=\"506\" title=\"\"><figcaption id=\"caption-attachment-65708\" class=\"wp-caption-text\">L\u00f2 n\u01b0\u1edbng Teka HLB 8600 BK \u00e2m \u0111\u1ed1i l\u01b0u 12 ch\u1ee9c n\u0103ng n\u01b0\u1edbng<\/figcaption><\/figure>\n<p>L\u00f2 n\u01b0\u1edbng Teka\u00a0HLB 8600 BK\u00a0\u0111\u01b0\u1ee3c thi\u1ebft k\u1ebf m\u1eb7t vu\u00f4ng v\u1ee9c, ph\u00f9 h\u1ee3p cho m\u1ecdi thi\u1ebft k\u1ebf kh\u00f4ng gian h\u1ee3p v\u1edbi m\u1ecdi n\u1ed9i th\u1ea5t gia \u0111\u00ecnh b\u1ea1n, d\u1ec5 d\u00e0ng l\u1eafp \u0111\u1eb7t, m\u00e0u s\u1eafc sang tr\u1ecdng l\u1ecbch l\u00e3m, \u0111em l\u1ea1i ti\u1ec7n nghi cho c\u0103n b\u1ebfp c\u1ee7a m\u1ecdi gia \u0111\u00ecnh th\u00eam \u0111\u1eb9p h\u01a1n.<\/p>\n<h3>T\u00ednh n\u0103ng c\u01a1 b\u1ea3n<\/h3>\n<ul>\n<li><a href=\"https:\/\/livinghome.vn\/thiet-bi\/lo-nuong-am\/\">L\u00f2 n\u01b0\u1edbng<\/a> &#8211; L\u00f2 n\u01b0\u1edbng \u00e2m t\u1ee7<\/li>\n<li>L\u00f2 n\u01b0\u1edbng \u0111\u1ed1i l\u01b0u<\/li>\n<li>12 ch\u1ee9c n\u0103ng n\u01b0\u1edbng<\/li>\n<li>M\u1ee9c n\u0103ng l\u01b0\u1ee3ng A+ ti\u1ebft ki\u1ec7m 20% \u0111i\u1ec7n n\u0103ng<\/li>\n<li>Ch\u1ee9c n\u0103ng v\u1ec7 sinh l\u00f2 b\u1eb1ng h\u01a1i n\u01b0\u1edbc HydroClean<\/li>\n<li>\u0110i\u1ec1u khi\u1ec3n c\u1ea3m \u1ee9ng v\u1edbi n\u00fat v\u1eb7n<\/li>\n<li>20 c\u00f4ng th\u1ee9c n\u1ea5u \u0103n \u0111\u01b0\u1ee3c c\u00e0i \u0111\u1eb7t s\u1eb3n<\/li>\n<li>C\u1eeda k\u00ednh c\u00e1ch nhi\u1ec7t 3 l\u1edbp c\u00f3 th\u1ec3 th\u00e1o r\u1eddi<\/li>\n<li>C\u1eeda \u0111\u00f3ng gi\u1ea3m ch\u1ea5n<\/li>\n<li>H\u1ec7 th\u1ed1ng t\u1ef1 ng\u1eaft \u0111i\u1ec7n an to\u00e0n khi m\u1edf c\u1eeda<\/li>\n<li>Kh\u00f3a an to\u00e0n cho tr\u1ebb em<\/li>\n<li>Ch\u1ebf \u0111\u1ed9 l\u00e0m n\u00f3ng nhanh<\/li>\n<li>Ph\u1ee5 ki\u1ec7n: khay n\u01b0\u1edbng \u0111\u00e1y s\u00e2u v\u00e0 v\u1ec9 n\u01b0\u1edbng<\/li>\n<\/ul>\n<figure id=\"attachment_66864\" aria-describedby=\"caption-attachment-66864\" style=\"width: 800px\" class=\"wp-caption alignnone\"><img loading=\"lazy\" decoding=\"async\" class=\"wp-image-66864 size-large\" src=\"https:\/\/livinghome.vn\/thiet-bi\/wp-content\/uploads\/nha-bep\/teka\/lo-nuong\/lo-nuong-teka-hlb-8400-bk\/lo-nuong-teka-hlb-8400-bk-8-800x800.jpg\" alt=\"L\u00f2 n\u01b0\u1edbng Teka HLB 8400 \u00e2m ti\u1ebft ki\u1ec7m \u0111i\u1ec7n n\u0103ng\" width=\"800\" height=\"800\" title=\"\"><figcaption id=\"caption-attachment-66864\" class=\"wp-caption-text\">K\u00edch th\u01b0\u1edbc l\u00f2 n\u01b0\u1edbng Teka HLB 8600 BK<\/figcaption><\/figure>\n<p>Teka\u00a0HLB 8600 BK\u00a0c\u00f3 h\u1ec7 th\u1ed1ng qu\u1ea1t t\u1ea3n nhi\u1ec7t gi\u00fap ph\u00e2n ph\u1ed1i nhi\u1ec7t \u0111\u1ed3ng \u0111\u1ec1u b\u00ean trong l\u00f2 \u0111\u1ea3m b\u1ea3o qu\u00e1 tr\u00ecnh n\u01b0\u1edbng \u0111\u01b0\u1ee3c th\u1ef1c ph\u1ea9m \u0111\u01b0\u1ee3c ngon nh\u1ea5t v\u00e0 h\u1ec7 th\u1ed1ng b\u1ea3ng \u0111i\u1ec1u khi\u1ec3n c\u1ea3m \u1ee9ng k\u1ebft h\u1ee3p v\u1edbi n\u00fat Pop-Up \u0111i\u1ec1u ch\u1ec9nh b\u1eb1ng c\u01a1 d\u1ec5 d\u00e0ng cho vi\u1ec7c l\u1ef1a ch\u1ecdn c\u00e1c ch\u1ee9c n\u0103ng n\u01b0\u1edbng, nhi\u1ec7t \u0111\u1ed9 d\u1ec5 d\u00e0ng v\u00e0 ch\u00ednh x\u00e1c nh\u1ea5t k\u1ebft h\u1ee3p v\u1edbi m\u00e0n h\u00ecnh hi\u1ec7n th\u1ecb \u0111\u1ed3ng h\u1ed3 \u0111i\u1ec7n t\u1eed k\u1ef9 thu\u1eadt s\u1ed1 gi\u00fap l\u1eadp l\u1ecbch th\u1eddi gian n\u01b0\u1edbng.<\/p>\n<h3>Th\u00f4ng s\u1ed1 k\u1ef9 thu\u1eadt<\/h3>\n<ul>\n<li>Dung tich (t\u1ed5ng\/th\u1ef1c): 71\/70 l\u00edt<\/li>\n<li>C\u00f4ng su\u1ea5t danh \u0111\u1ecbnh t\u1ed1i \u0111a 3215W<\/li>\n<\/ul>\n<h4 class=\"et_pb_toggle_title\">K\u00edch th\u01b0\u1edbc chung<\/h4>\n<div class=\"et_pb_toggle_content clearfix\">\n<ul>\n<li>Chi\u1ec1u cao(mm):\u00a0595<\/li>\n<li>Chi\u1ec1u r\u1ed9ng (mm):\u00a0595<\/li>\n<li>\u0110\u1ed9 s\u00e2u (mm):\u00a0537+22<\/li>\n<li>Tr\u1ecdng l\u01b0\u1ee3ng (Kgs):\u00a032<\/li>\n<\/ul>\n<h4 class=\"et_pb_toggle_title\">K\u00edch th\u01b0\u1edbc trong khoang \u0111\u00f4i<\/h4>\n<div class=\"et_pb_toggle_content clearfix\">\n<ul>\n<li>Chi\u1ec1u cao b\u00ean trong (mm):\u00a0364<\/li>\n<li>Chi\u1ec1u r\u1ed9ng b\u00ean trong (mm):\u00a0475<\/li>\n<li>\u0110\u1ed9 s\u00e2u b\u00ean trong (mm):\u00a0402<\/li>\n<li>Dung t\u00edch r\u00f2ng (l\u00edt):\u00a070<\/li>\n<li>T\u1ed5ng dung t\u00edch (l\u00edt):\u00a071<\/li>\n<\/ul>\n<h4 class=\"et_pb_toggle_title\">K\u1ebft n\u1ed1i \u0111i\u1ec7n<\/h4>\n<div class=\"et_pb_toggle_content clearfix\">\n<ul>\n<li>C\u00f4ng su\u1ea5t ti\u00eau chu\u1ea9n t\u1ed1i \u0111a (W):\u00a03215<\/li>\n<li>T\u1ea7n s\u1ed1 (Hz):\u00a050\/60<\/li>\n<li>C\u00f4ng su\u1ea5t (V):\u00a0220-240<\/li>\n<li>Chi\u1ec1u d\u00e0i d\u00e2y c\u00e1p (cm):\u00a0150<\/li>\n<li>Ph\u00edch c\u1eafm:\u00a0\u0110\u00fang<\/li>\n<li>\u0110i\u1ec7n n\u0103ng ti\u00eau th\u1ee5 \u0111\u00e8n b\u00ean trong (W):\u00a025<\/li>\n<\/ul>\n<h4 class=\"et_pb_toggle_title\">Ti\u00eau th\u1ee5 n\u0103ng l\u01b0\u1ee3ng<\/h4>\n<div class=\"et_pb_toggle_content clearfix\">\n<ul>\n<li>N\u0103ng l\u01b0\u1ee3ng ti\u00eau th\u1ee5 tr\u00ean m\u1ed7i chu k\u1ef3 \u1edf ch\u1ebf \u0111\u1ed9 th\u00f4ng th\u01b0\u1eddng (kWh):\u00a00.83<\/li>\n<li>N\u0103ng l\u01b0\u1ee3ng ti\u00eau th\u1ee5 tr\u00ean m\u1ed7i chu k\u1ef3 \u1edf ch\u1ebf \u0111\u1ed9 \u0111\u1ed1i l\u01b0u c\u01b0\u1ee1ng b\u1ee9c qu\u1ea1t (kWh):\u00a00,68<\/li>\n<li>\u0110i\u1ec7n n\u0103ng thanh nhi\u1ec7t d\u01b0\u1edbi (W):\u00a01150<\/li>\n<li>N\u01b0\u1edbng (W):\u00a01400<\/li>\n<li>N\u01b0\u1edbng l\u1eeda l\u1edbn Maxi (W):\u00a02500<\/li>\n<li>Truy\u1ec1n th\u1ed1ng (W):\u00a02550<\/li>\n<li>N\u01b0\u1edbng \u0111\u1ed1i l\u01b0u Turbo (W):\u00a02000<\/li>\n<li>\u0110a ch\u1ee9c n\u0103ng Turbo (W):\u00a022<\/li>\n<li>\u0110\u1ed9ng c\u01a1 qu\u1ea1t l\u00e0m m\u00e1t (W):\u00a018<\/li>\n<\/ul>\n<\/div>\n<\/div>\n<\/div>\n<p>V\u1edbi chi\u1ebfc\u00a0l\u00f2 n\u01b0\u1edbng\u00a0tuy\u1ec7t h\u1ea3o n\u00e0y b\u1ea1n ch\u1ec9 c\u1ea7n cho th\u1ef1c ph\u1ea9m v\u00e0o trong, nh\u1edd h\u1ec7 th\u1ed1ng \u0111\u1ed1i l\u01b0u nhi\u1ec7t v\u1edbi m\u1ed9t qu\u1ea1t ph\u1ee5 l\u1edbn \u0111\u01b0\u1ee3c thi\u1ebft k\u1ebf gi\u00fap lu\u1ed3ng kh\u00ed n\u00f3ng l\u01b0u th\u00f4ng \u0111\u1ec1u kh\u1eafp l\u00f2 \u0111\u1ec3 gi\u00fap cho th\u1ee9c \u0103n \u0111\u01b0\u1ee3c n\u01b0\u1edbng ch\u00edn \u0111\u1ec1u h\u01a1n v\u00e0 nhanh h\u01a1n, gi\u00fap th\u1ee9c \u0103n th\u00eam th\u01a1m ngon m\u00e0 kh\u00f4ng h\u1ec1 t\u1ed1n nhi\u1ec1u th\u1eddi gian v\u00e0 c\u00f4ng s\u1ee9c c\u1ee7a m\u00ecnh.<\/p>\n<\/div>\n<h3>Xu\u1ea5t x\u1ee9:\u00a0T\u00e2y Ban Nha<\/h3>\n<div><\/div>\n","protected":false},"excerpt":{"rendered":"<div id=\"product-title\" class=\"et_pb_module et_pb_text et_pb_bg_layout_light et_pb_text_align_left\">\n<div class=\"et_pb_text_inner\">\n<h1>L\u00f2 n\u01b0\u1edbng \u0111\u1ed1i l\u01b0u v\u1edbi 20 c\u00f4ng th\u1ee9c n\u1ea5u \u0103n \u0111\u01b0\u1ee3c c\u00e0i \u0111\u1eb7t s\u1eb3n<\/h1>\n<\/div>\n<\/div>\n<div class=\"et_pb_module et_pb_text et_pb_text_1 et_pb_bg_layout_light et_pb_text_align_left\">\n<div class=\"et_pb_text_inner\">\n<div id=\"product-content\">\n<ul>\n<li>L\u00f2 n\u01b0\u1edbng \u0111\u1ed1i l\u01b0u 12 ch\u1ee9c n\u0103ng n\u01b0\u1edbng<\/li>\n<li>Ch\u1ee9c n\u0103ng v\u1ec7 sinh l\u00f2 b\u1eb1ng h\u01a1i n\u01b0\u1edbc HydroClean PRO<\/li>\n<li>M\u1ee9c n\u0103ng l\u01b0\u1ee3ng A+ ti\u1ebft ki\u1ec7m 20% \u0111i\u1ec7n n\u0103ng<\/li>\n<li>Dung t\u00edch (t\u1ed5ng\/th\u1ef1c): 71\/70 l\u00edt<\/li>\n<li>M\u00e0n hinh TFT 4 inch s\u1eafc n\u00e9t<\/li>\n<li>20 c\u00f4ng th\u1ee9c n\u1ea5u \u0103n \u0111\u01b0\u1ee3c c\u00e0i \u0111\u1eb7t s\u1eb3n<\/li>\n<li>M\u00e0u s\u1eafc: m\u00e0u \u0111en<\/li>\n<\/ul>\n<\/div>\n<\/div>\n<\/div>\n","protected":false},"featured_media":2201,"comment_status":"open","ping_status":"closed","template":"","meta":[],"product_brand":[],"product_cat":[95,328,311],"product_tag":[96,154,330,313],"class_list":{"0":"post-2044","1":"product","2":"type-product","3":"status-publish","4":"has-post-thumbnail","6":"product_cat-lo-nuong","7":"product_cat-lo-nuong-teka","8":"product_cat-thuong-hieu-teka","9":"product_tag-lo-nuong","10":"product_tag-lo-nuong-am","11":"product_tag-lo-nuong-teka","12":"product_tag-teka","14":"first","15":"instock","16":"sale","17":"shipping-taxable","18":"purchasable","19":"product-type-simple"},"_links":{"self":[{"href":"https:\/\/livinghome.vn\/thiet-bi\/wp-json\/wp\/v2\/product\/2044","targetHints":{"allow":["GET"]}}],"collection":[{"href":"https:\/\/livinghome.vn\/thiet-bi\/wp-json\/wp\/v2\/product"}],"about":[{"href":"https:\/\/livinghome.vn\/thiet-bi\/wp-json\/wp\/v2\/types\/product"}],"replies":[{"embeddable":true,"href":"https:\/\/livinghome.vn\/thiet-bi\/wp-json\/wp\/v2\/comments?post=2044"}],"wp:featuredmedia":[{"embeddable":true,"href":"https:\/\/livinghome.vn\/thiet-bi\/wp-json\/wp\/v2\/media\/2201"}],"wp:attachment":[{"href":"https:\/\/livinghome.vn\/thiet-bi\/wp-json\/wp\/v2\/media?parent=2044"}],"wp:term":[{"taxonomy":"product_brand","embeddable":true,"href":"https:\/\/livinghome.vn\/thiet-bi\/wp-json\/wp\/v2\/product_brand?post=2044"},{"taxonomy":"product_cat","embeddable":true,"href":"https:\/\/livinghome.vn\/thiet-bi\/wp-json\/wp\/v2\/product_cat?post=2044"},{"taxonomy":"product_tag","embeddable":true,"href":"https:\/\/livinghome.vn\/thiet-bi\/wp-json\/wp\/v2\/product_tag?post=2044"}],"curies":[{"name":"wp","href":"https:\/\/api.w.org\/{rel}","templated":true}]}}