{"id":2043,"date":"2023-01-12T16:44:21","date_gmt":"2023-01-12T16:44:21","guid":{"rendered":"https:\/\/livinghome.vn\/thiet-bi\/?post_type=product&#038;p=2043"},"modified":"2024-11-29T14:20:34","modified_gmt":"2024-11-29T07:20:34","slug":"chau-rua-teka-angular-2b-lap-noi-2-hoc-rua-1-ban-chau","status":"publish","type":"product","link":"https:\/\/livinghome.vn\/thiet-bi\/chau-rua-teka-angular-2b-lap-noi-2-hoc-rua-1-ban-chau\/","title":{"rendered":"Ch\u1eadu r\u1eeda Teka ANGULAR 2B l\u1eafp n\u1ed5i 2 h\u1ed9c r\u1eeda &#8211; 1 b\u00e0n ch\u1eadu"},"content":{"rendered":"<h2>Ch\u1eadu r\u1eeda Teka ANGULAR 2B nh\u1eadp kh\u1ea9u t\u1eeb ch\u00e2u \u00c2u g\u1ed3m 02 h\u1ed9c r\u1eeda v\u00e0 01 b\u00e0n ch\u1eadu c\u1ee1 l\u1edbn<\/h2>\n<figure id=\"attachment_65493\" aria-describedby=\"caption-attachment-65493\" style=\"width: 1020px\" class=\"wp-caption alignnone\"><img loading=\"lazy\" decoding=\"async\" class=\"size-large wp-image-65493\" src=\"https:\/\/livinghome.vn\/thiet-bi\/wp-content\/uploads\/nha-bep\/teka\/chau-rua\/chau-rua-teka-angular-2b\/chau-rua-teka-angular-2b-5-1058x800.jpg\" alt=\"Ch\u1eadu r\u1eeda Teka Angular 2B l\u1eafp n\u1ed5i 2 h\u1ed9c r\u1eeda - 1 b\u00e0n ch\u1eadu\" width=\"1020\" height=\"771\" title=\"\"><figcaption id=\"caption-attachment-65493\" class=\"wp-caption-text\">V\u1edbi thi\u1ebft k\u1ebf \u0111\u1ed1i x\u1ee9ng 2 b\u00ean theo h\u00ecnh tam gi\u00e1c, Ch\u1eadu r\u1eeda Teka ANGULAR 2B gi\u00fap bi\u1ebfn \u201cg\u00f3c ch\u1ebft\u201d trong nh\u00e0 b\u1ebfp tr\u1edf n\u00ean h\u1eefu d\u1ee5ng.<\/figcaption><\/figure>\n<h3><strong>T\u00ednh n\u0103ng c\u01a1 b\u1ea3n<\/strong><\/h3>\n<ul>\n<li><a href=\"https:\/\/livinghome.vn\/thiet-bi\/dung-cu-nha-bep\/chau-rua-chen\/\">Ch\u1eadu r\u1eed<\/a>a l\u1eafp n\u1ed5i<\/li>\n<li>Ki\u1ec3u d\u00e1ng 2 h\u1ed9c r\u1eeda + 1 b\u00e0n ch\u1eadu<\/li>\n<li>Ch\u1ea5t li\u1ec7u th\u00e9p kh\u00f4ng g\u1ec9<\/li>\n<li>K\u00edch th\u01b0\u1edbc h\u1ed9c r\u1eeda 2 b\u00ean: 340 x 400 x 190mm<\/li>\n<li>Gi\u1edbi h\u1ea1n h\u1ed9c t\u1ee7 d\u01b0\u1edbi &gt;90cm<\/li>\n<li>Ph\u1ee5 ki\u1ec7n: B\u1ed9 x\u1ea3 3\u00bd v\u00e0 x\u1ea3 tr\u00e0n<\/li>\n<li>Xu\u1ea5t x\u1ee9 T\u00e2y Ban Nha<\/li>\n<\/ul>\n<figure id=\"attachment_65496\" aria-describedby=\"caption-attachment-65496\" style=\"width: 800px\" class=\"wp-caption alignnone\"><img loading=\"lazy\" decoding=\"async\" class=\"size-large wp-image-65496\" src=\"https:\/\/livinghome.vn\/thiet-bi\/wp-content\/uploads\/nha-bep\/teka\/chau-rua\/chau-rua-teka-angular-2b\/chau-rua-teka-angular-2b-6-800x800.jpg\" alt=\"Ch\u1eadu r\u1eeda Teka Angular 2B l\u1eafp n\u1ed5i 2 h\u1ed9c r\u1eeda - 1 b\u00e0n ch\u1eadu\" width=\"800\" height=\"800\" title=\"\"><figcaption id=\"caption-attachment-65496\" class=\"wp-caption-text\">Th\u00f4ng s\u1ed1 k\u1ef9 thu\u1eadt ch\u1eadu r\u1eeda Teka ANGULAR\u00a02B l\u1eafp n\u1ed5i<\/figcaption><\/figure>\n<h3><strong>Th\u00f4ng s\u1ed1 k\u1ef9 thu\u1eadt<\/strong><\/h3>\n<ul>\n<li><strong>Lo\u1ea1i van l\u1ed7:\u00a0<\/strong>3\u00bd&#8221;<\/li>\n<li><strong>Khoang l\u00f2 (cm):\u00a0<\/strong>90<\/li>\n<\/ul>\n<h4 class=\"et_pb_toggle_title\">K\u00edch th\u01b0\u1edbc chung<\/h4>\n<div class=\"et_pb_toggle_content clearfix\">\n<ul>\n<li><strong>Chi\u1ec1u r\u1ed9ng (mm):\u00a0<\/strong>830<\/li>\n<li><strong>\u0110\u1ed9 s\u00e2u (mm):\u00a0<\/strong>190<\/li>\n<li><strong>Tr\u1ecdng l\u01b0\u1ee3ng (Kgs):\u00a0<\/strong>6,1<\/li>\n<\/ul>\n<h4 class=\"et_pb_toggle_title\">K\u00edch th\u01b0\u1edbc b\u00e1t ch\u00ednh<\/h4>\n<div class=\"et_pb_toggle_content clearfix\">\n<ul>\n<li><strong>Chi\u1ec1u d\u00e0i b\u00e1t ch\u00ednh (mm):\u00a0<\/strong>340<\/li>\n<li><strong>Chi\u1ec1u r\u1ed9ng b\u00e1t ch\u00ednh (mm):\u00a0<\/strong>400<\/li>\n<li><strong>\u0110\u1ed9 s\u00e2u b\u00e1t ch\u00ednh (mm):\u00a0<\/strong>190<\/li>\n<\/ul>\n<h4 class=\"et_pb_toggle_title\">K\u00edch th\u01b0\u1edbc b\u00e1t th\u1ee9 c\u1ea5p<\/h4>\n<div class=\"et_pb_toggle_content clearfix\">\n<ul>\n<li><strong>Chi\u1ec1u d\u00e0i b\u00e1t th\u1ee9 c\u1ea5p (mm):\u00a0<\/strong>340<\/li>\n<li><strong>Chi\u1ec1u r\u1ed9ng b\u00e1t th\u1ee9 c\u1ea5p (mm):\u00a0<\/strong>400<\/li>\n<li><strong>\u0110\u1ed9 s\u00e2u b\u00e1t th\u1ee9 c\u1ea5p (mm):\u00a0<\/strong>190<\/li>\n<\/ul>\n<p>B\u1ec1 m\u1eb7t c\u1ee7a Ch\u1eadu r\u1eeda Teka ANGULAR 2B l\u00e0m b\u1eb1ng inox n\u00ean b\u00f3ng m\u1ecbn gi\u00fap vi\u1ec7c v\u1ec7 sinh tr\u1edf n\u00ean \u0111\u01a1n gi\u1ea3n h\u01a1n g\u1ea5p b\u1ed9i v\u00e0 ch\u1eadu s\u00e1ng \u0111\u1eb9p d\u00e0i l\u00e2u, thi\u1ebft k\u1ebf \u0111\u1ed9c \u0111\u00e1o t\u1eadn d\u1ee5ng \u201cg\u00f3c ch\u1ebft\u201d c\u1ee7a nh\u00e0 b\u1ebfp gi\u00fap b\u1ea1n t\u1ed1i \u0111a h\u00f3a kh\u00f4ng gian b\u1ebfp ph\u00f9 h\u1ee3p v\u1edbi v\u1ecb tr\u00ed s\u1eed d\u1ee5ng c\u1ee7a gia ch\u1ee7.<\/p>\n<\/div>\n<\/div>\n<\/div>\n<h3><strong>Xu\u1ea5t x\u1ee9:\u00a0T\u00e2y Ban Nha<\/strong><\/h3>\n","protected":false},"excerpt":{"rendered":"<div id=\"product-title\" class=\"et_pb_module et_pb_text et_pb_bg_layout_light et_pb_text_align_left\">\n<div class=\"et_pb_text_inner\">\n<div id=\"product-title\" class=\"et_pb_module et_pb_text et_pb_bg_layout_light et_pb_text_align_left\">\n<div class=\"et_pb_text_inner\">\n<h2 style=\"text-align: center;\"><strong>Ch\u1eadu r\u1eeda Teka ANGULAR 2B<\/strong><\/h2>\n<\/div>\n<\/div>\n<div class=\"et_pb_module et_pb_text et_pb_text_1 et_pb_bg_layout_light et_pb_text_align_left\">\n<div class=\"et_pb_text_inner\">\n<div id=\"product-content\">\n<p style=\"text-align: center;\">Ch\u1ea5t li\u1ec7u th\u00e9p kh\u00f4ng g\u1ec9<\/p>\n<p style=\"text-align: center;\">K\u00edch th\u01b0\u1edbc h\u1ed9c r\u1eeda 2 b\u00ean: 340 x 400 x 190mm<\/p>\n<p style=\"text-align: center;\">Gi\u1edbi h\u1ea1n h\u1ed9c t\u1ee7 d\u01b0\u1edbi &gt;90cm<\/p>\n<p style=\"text-align: center;\">Xu\u1ea5t x\u1ee9 T\u00e2y Ban Nha<\/p>\n<\/div>\n<\/div>\n<\/div>\n<\/div>\n<\/div>\n","protected":false},"featured_media":2195,"comment_status":"open","ping_status":"closed","template":"","meta":[],"product_brand":[],"product_cat":[331,311],"product_tag":[148,332,333],"class_list":{"0":"post-2043","1":"product","2":"type-product","3":"status-publish","4":"has-post-thumbnail","6":"product_cat-chau-rua-chen-teka","7":"product_cat-thuong-hieu-teka","8":"product_tag-chau-rua-chen","9":"product_tag-chau-rua-chen-teka","10":"product_tag-chau-rua-chen-thep","12":"first","13":"instock","14":"sale","15":"shipping-taxable","16":"purchasable","17":"product-type-simple"},"_links":{"self":[{"href":"https:\/\/livinghome.vn\/thiet-bi\/wp-json\/wp\/v2\/product\/2043","targetHints":{"allow":["GET"]}}],"collection":[{"href":"https:\/\/livinghome.vn\/thiet-bi\/wp-json\/wp\/v2\/product"}],"about":[{"href":"https:\/\/livinghome.vn\/thiet-bi\/wp-json\/wp\/v2\/types\/product"}],"replies":[{"embeddable":true,"href":"https:\/\/livinghome.vn\/thiet-bi\/wp-json\/wp\/v2\/comments?post=2043"}],"wp:featuredmedia":[{"embeddable":true,"href":"https:\/\/livinghome.vn\/thiet-bi\/wp-json\/wp\/v2\/media\/2195"}],"wp:attachment":[{"href":"https:\/\/livinghome.vn\/thiet-bi\/wp-json\/wp\/v2\/media?parent=2043"}],"wp:term":[{"taxonomy":"product_brand","embeddable":true,"href":"https:\/\/livinghome.vn\/thiet-bi\/wp-json\/wp\/v2\/product_brand?post=2043"},{"taxonomy":"product_cat","embeddable":true,"href":"https:\/\/livinghome.vn\/thiet-bi\/wp-json\/wp\/v2\/product_cat?post=2043"},{"taxonomy":"product_tag","embeddable":true,"href":"https:\/\/livinghome.vn\/thiet-bi\/wp-json\/wp\/v2\/product_tag?post=2043"}],"curies":[{"name":"wp","href":"https:\/\/api.w.org\/{rel}","templated":true}]}}