{"id":20423,"date":"2024-04-16T10:12:44","date_gmt":"2024-04-16T03:12:44","guid":{"rendered":"https:\/\/livinghome.vn\/thiet-bi\/?post_type=product&#038;p=20423"},"modified":"2024-11-29T14:19:00","modified_gmt":"2024-11-29T07:19:00","slug":"loi-loc-nuoc-stiebel-eltron-sediment-11-inch","status":"publish","type":"product","link":"https:\/\/livinghome.vn\/thiet-bi\/loi-loc-nuoc-stiebel-eltron-sediment-11-inch\/","title":{"rendered":"L\u00f5i l\u1ecdc n\u01b0\u1edbc Stiebel Eltron Sediment 11 inch"},"content":{"rendered":"<h2>Th\u00f4ng tin chi ti\u1ebft v\u1ec1 l\u00f5i l\u1ecdc n\u01b0\u1edbc Stiebel Eltron Sediment 11 inch<\/h2>\n<ul>\n<li>L\u00f5i l\u1ecdc n\u01b0\u1edbc th\u00f4 Stiebel Eltron Sediment c\u00f3 chi\u1ec1u d\u00e0i 11 inch (27,9 cm), \u0111\u01b0\u1ee3c s\u1eed d\u1ee5ng trong m\u00e1y l\u1ecdc n\u01b0\u1edbc u\u1ed1ng Stiebel Eltron Glacier v\u1edbi 5 c\u1ea5p l\u1ecdc.<\/li>\n<li>L\u00f5i l\u1ecdc n\u01b0\u1edbc c\u00f3 b\u1ec1 m\u1eb7t b\u1eb1ng nh\u1ef1a PP b\u1ec1n v\u1edbi c\u00e1c h\u1ed1c nh\u1ecf k\u00edch th\u01b0\u1edbc 1 micron, cung c\u1ea5p hi\u1ec7u su\u1ea5t l\u1ecdc xu\u1ea5t s\u1eafc.<\/li>\n<li>B\u1ed9 l\u1ecdc tr\u1ea7m t\u00edch 1 \u03bcm \u0111\u01b0\u1ee3c b\u1ecdc k\u00edn \u0111\u1ec3 \u0111\u1ea3m b\u1ea3o v\u1ec7 sinh.<\/li>\n<li>Thi\u1ebft k\u1ebf c\u1ee7a l\u00f5i l\u1ecdc n\u01b0\u1edbc Sediment bao g\u1ed3m h\u1ec7 th\u1ed1ng xoay, gi\u00fap vi\u1ec7c thay th\u1ebf b\u1ed9 l\u1ecdc d\u1ec5 d\u00e0ng m\u00e0 kh\u00f4ng c\u1ea7n d\u1ee5ng c\u1ee5.<\/li>\n<\/ul>\n<figure id=\"attachment_20425\" aria-describedby=\"caption-attachment-20425\" style=\"width: 900px\" class=\"wp-caption aligncenter\"><img loading=\"lazy\" decoding=\"async\" class=\"size-full wp-image-20425\" src=\"https:\/\/livinghome.vn\/thiet-bi\/wp-content\/uploads\/2024\/04\/loi-loc-stiebel-eltron-sediment-1.jpg\" alt=\"L\u00f5i l\u1ecdc n\u01b0\u1edbc Stiebel Eltron Sediment 11 inch\" width=\"900\" height=\"900\" title=\"\"><figcaption id=\"caption-attachment-20425\" class=\"wp-caption-text\">L\u00f5i l\u1ecdc n\u01b0\u1edbc Stiebel Eltron Sediment 11 inch<\/figcaption><\/figure>\n","protected":false},"excerpt":{"rendered":"<ul>\n<li>Ch\u1ea5t li\u1ec7u: Nh\u1ef1a PP<\/li>\n<li>Chi\u1ec1u d\u00e0i: 11 inch\u00a0(27.9cm)<\/li>\n<li>Xu\u1ea5t x\u1ee9 th\u01b0\u01a1ng hi\u1ec7u: \u0110\u1ee9c<\/li>\n<li>S\u1ea3n xu\u1ea5t t\u1ea1i: H\u00e0n Qu\u1ed1c<\/li>\n<li>C\u1ea5p l\u1ecdc 1 B\u1ed9 l\u1ecdc tr\u1ea7m t\u00edch &#8211; 1 \u03bcm<\/li>\n<li>L\u00f5i l\u1ecdc th\u00f4 giai \u0111o\u1ea1n \u0111\u1ea7u ti\u00ean \u0111\u01b0\u1ee3c s\u1eed d\u1ee5ng v\u1edbi b\u1ed9 l\u1ecdc n\u01b0\u1edbc u\u1ed1ng Glacier.<\/li>\n<li>B\u1ec1 m\u1eb7t PP b\u1ec1n b\u1ec9 v\u1edbi h\u1ed1c nh\u1ecf c\u00f3 k\u00edch th\u01b0\u1edbc 1-micron<\/li>\n<\/ul>\n","protected":false},"featured_media":21207,"comment_status":"open","ping_status":"closed","template":"","meta":[],"product_brand":[],"product_cat":[1974,1975,1937],"product_tag":[419,1982],"class_list":{"0":"post-20423","1":"product","2":"type-product","3":"status-publish","4":"has-post-thumbnail","6":"product_cat-loi-loc-nuoc","7":"product_cat-loi-loc-nuoc-stiebel-eltron","8":"product_cat-thuong-hieu-stiebel-eltron","9":"product_tag-loi-loc-nuoc","10":"product_tag-loi-loc-nuoc-stiebel-eltron","12":"first","13":"instock","14":"sale","15":"shipping-taxable","16":"purchasable","17":"product-type-simple"},"_links":{"self":[{"href":"https:\/\/livinghome.vn\/thiet-bi\/wp-json\/wp\/v2\/product\/20423","targetHints":{"allow":["GET"]}}],"collection":[{"href":"https:\/\/livinghome.vn\/thiet-bi\/wp-json\/wp\/v2\/product"}],"about":[{"href":"https:\/\/livinghome.vn\/thiet-bi\/wp-json\/wp\/v2\/types\/product"}],"replies":[{"embeddable":true,"href":"https:\/\/livinghome.vn\/thiet-bi\/wp-json\/wp\/v2\/comments?post=20423"}],"wp:featuredmedia":[{"embeddable":true,"href":"https:\/\/livinghome.vn\/thiet-bi\/wp-json\/wp\/v2\/media\/21207"}],"wp:attachment":[{"href":"https:\/\/livinghome.vn\/thiet-bi\/wp-json\/wp\/v2\/media?parent=20423"}],"wp:term":[{"taxonomy":"product_brand","embeddable":true,"href":"https:\/\/livinghome.vn\/thiet-bi\/wp-json\/wp\/v2\/product_brand?post=20423"},{"taxonomy":"product_cat","embeddable":true,"href":"https:\/\/livinghome.vn\/thiet-bi\/wp-json\/wp\/v2\/product_cat?post=20423"},{"taxonomy":"product_tag","embeddable":true,"href":"https:\/\/livinghome.vn\/thiet-bi\/wp-json\/wp\/v2\/product_tag?post=20423"}],"curies":[{"name":"wp","href":"https:\/\/api.w.org\/{rel}","templated":true}]}}