{"id":20420,"date":"2024-04-16T10:37:22","date_gmt":"2024-04-16T03:37:22","guid":{"rendered":"https:\/\/livinghome.vn\/thiet-bi\/?post_type=product&#038;p=20420"},"modified":"2024-11-29T15:58:27","modified_gmt":"2024-11-29T08:58:27","slug":"may-nuoc-nong-gian-tiep-stiebel-eltron-esh-15-h-plus-t-vn","status":"publish","type":"product","link":"https:\/\/livinghome.vn\/thiet-bi\/may-nuoc-nong-gian-tiep-stiebel-eltron-esh-15-h-plus-t-vn\/","title":{"rendered":"M\u00e1y N\u01b0\u1edbc N\u00f3ng Gi\u00e1n Ti\u1ebfp Stiebel Eltron ESH 15 H Plus T-VN, 15 L\u00edt, Th\u00e1i Lan"},"content":{"rendered":"<p>M\u00e1y n\u01b0\u1edbc n\u00f3ng Stiebel Eltron ESH 15 H Plus T-VN c\u00f3 b\u00ecnh ch\u1ee9a 15 l\u00edt v\u00e0 t\u00edch h\u1ee3p nhi\u1ec1u m\u1ee9c \u0111\u1ed9 \u0111i\u1ec1u ch\u1ec9nh nhi\u1ec7t \u0111\u1ed9 th\u00f4ng qua n\u00fam xoay. Ngo\u00e0i ra, thi\u1ebft b\u1ecb n\u00e0y c\u00f2n \u0111\u01b0\u1ee3c thi\u1ebft k\u1ebf v\u1edbi c\u00e1c t\u00ednh n\u0103ng an to\u00e0n nh\u01b0 ch\u1ed1ng gi\u1eadt, ch\u1ed1ng th\u1ea5m n\u01b0\u1edbc v\u00e0 c\u00f3 kh\u1ea3 n\u0103ng \u0111\u1ea1t nhi\u1ec7t \u0111\u1ed9 t\u1ed1i \u0111a l\u00ean \u0111\u1ebfn 75 \u0111\u1ed9 C.<\/p>\n<h3>\u0110\u1eb7c \u0111i\u1ec3m n\u1ed5i b\u1eadt<\/h3>\n<ul>\n<li class=\"whitespace-normal break-words\">Nhi\u1ec7t \u0111\u1ed9 n\u01b0\u1edbc t\u1ed1i \u0111a 75\u00b0C, ph\u00f9 h\u1ee3p s\u1eed d\u1ee5ng \u1edf v\u00f9ng kh\u00ed h\u1eadu l\u1ea1nh nh\u01b0 khu v\u1ef1c mi\u1ec1n B\u1eafc ho\u1eb7c nh\u1eefng n\u01a1i c\u00f3 nhi\u1ec7t \u0111\u1ed9 d\u01b0\u1edbi 20\u00b0C.<\/li>\n<li class=\"whitespace-normal break-words\">C\u00f4ng su\u1ea5t l\u00e0m n\u00f3ng \u1ea5n t\u01b0\u1ee3ng 2.500W, c\u00f9ng v\u1edbi \u00e1p l\u1ef1c n\u01b0\u1edbc t\u1ed1i \u0111a 0.8 Mpa, cho ph\u00e9p s\u1eed d\u1ee5ng hi\u1ec7u qu\u1ea3.<\/li>\n<li class=\"whitespace-normal break-words\">B\u00ecnh ch\u1ee9a n\u01b0\u1edbc c\u00f3 dung t\u00edch 15 l\u00edt, \u0111\u00e1p \u1ee9ng nhu c\u1ea7u t\u1eafm r\u1eeda cho 2 ng\u01b0\u1eddi.<\/li>\n<li class=\"whitespace-normal break-words\">Thanh \u0111\u1ed1t \u0111\u01b0\u1ee3c ch\u1ebf t\u1ea1o t\u1eeb \u0111\u1ed3ng b\u1ec1n b\u1ec9, gi\u00fap nhanh ch\u00f3ng gia nhi\u1ec7t n\u01b0\u1edbc.<\/li>\n<li class=\"whitespace-normal break-words\">L\u1edbp c\u00e1ch nhi\u1ec7t PU m\u1eadt \u0111\u1ed9 cao bao ph\u1ee7 b\u00ecnh ch\u1ee9a, gi\u00fap duy tr\u00ec nhi\u1ec7t \u0111\u1ed9 n\u01b0\u1edbc n\u00f3ng trong th\u1eddi gian d\u00e0i.<\/li>\n<li class=\"whitespace-normal break-words\">Trang b\u1ecb c\u1ea7u dao ch\u1ed1ng r\u00f2 \u0111i\u1ec7n ELCB \u0111\u1ec3 \u0111\u1ea3m b\u1ea3o an to\u00e0n.<\/li>\n<li class=\"whitespace-normal break-words\">V\u1ecf m\u00e1y ch\u1ed1ng th\u1ea5m n\u01b0\u1edbc v\u1edbi m\u1ee9c \u0111\u1ed9 b\u1ea3o v\u1ec7 IP24.<\/li>\n<li class=\"whitespace-normal break-words\">S\u1eed d\u1ee5ng c\u00f4ng ngh\u1ec7 gi\u1edbi h\u1ea1n r\u00f2 r\u1ec9 \u0111i\u1ec7n (CLL) ti\u00ean ti\u1ebfn.<\/li>\n<li class=\"whitespace-normal break-words\">T\u01b0\u01a1ng th\u00edch \u0111i\u1ec7n t\u1eeb EMC, \u0111\u00e1p \u1ee9ng c\u00e1c ti\u00eau chu\u1ea9n v\u1ec1 \u0111i\u1ec7n t\u1eeb.<\/li>\n<li class=\"whitespace-normal break-words\">C\u00f3 m\u00e0n h\u00ecnh hi\u1ec3n th\u1ecb nhi\u1ec7t \u0111\u1ed9 n\u01b0\u1edbc, gi\u00fap ki\u1ec3m so\u00e1t d\u1ec5 d\u00e0ng.<\/li>\n<li class=\"whitespace-normal break-words\">Cho ph\u00e9p ng\u01b0\u1eddi d\u00f9ng t\u00f9y ch\u1ec9nh nhi\u1ec7t \u0111\u1ed9 n\u01b0\u1edbc \u1edf nhi\u1ec1u m\u1ee9c \u0111\u1ed9 kh\u00e1c nhau<\/li>\n<\/ul>\n<p class=\"_ilcss0_\"><img loading=\"lazy\" decoding=\"async\" class=\"alignnone size-full wp-image-20431\" src=\"https:\/\/livinghome.vn\/thiet-bi\/wp-content\/uploads\/2024\/04\/may-nuoc-nong-stiebel-eltron-esh-15-h-plus-t-vn-9.jpg\" alt=\"\" width=\"1200\" height=\"900\" title=\"\" srcset=\"https:\/\/livinghome.vn\/thiet-bi\/wp-content\/uploads\/2024\/04\/may-nuoc-nong-stiebel-eltron-esh-15-h-plus-t-vn-9.jpg 1200w, https:\/\/livinghome.vn\/thiet-bi\/wp-content\/uploads\/2024\/04\/may-nuoc-nong-stiebel-eltron-esh-15-h-plus-t-vn-9-533x400.jpg 533w, https:\/\/livinghome.vn\/thiet-bi\/wp-content\/uploads\/2024\/04\/may-nuoc-nong-stiebel-eltron-esh-15-h-plus-t-vn-9-1067x800.jpg 1067w, https:\/\/livinghome.vn\/thiet-bi\/wp-content\/uploads\/2024\/04\/may-nuoc-nong-stiebel-eltron-esh-15-h-plus-t-vn-9-768x576.jpg 768w, https:\/\/livinghome.vn\/thiet-bi\/wp-content\/uploads\/2024\/04\/may-nuoc-nong-stiebel-eltron-esh-15-h-plus-t-vn-9-600x450.jpg 600w\" sizes=\"auto, (max-width: 1200px) 100vw, 1200px\" \/><\/p>\n<p class=\"_ilcss0_\">C\u1ea5u t\u1ea1o m\u00e1y n\u01b0\u1edbc n\u00f3ng gi\u00e1n ti\u1ebfp Stiebel Eltron 15 l\u00edt ESH 15 H Plus T-VN<\/p>\n<h3>\u0110\u00e1nh gi\u00e1 chi ti\u1ebft v\u1ec1\u00a0b\u00ecnh n\u01b0\u1edbc n\u00f3ng gi\u00e1n ti\u1ebfp Stiebel Eltron ESH 15 H Plus T-VN<\/h3>\n<h4><span style=\"color: #555555;\">M\u00e1y n\u01b0\u1edbc n\u00f3ng gi\u00e1n ti\u1ebfp Stiebel Eltron ghi \u0111i\u1ec3m v\u1edbi ki\u1ec3u d\u00e1ng h\u00ecnh tr\u1ee5 n\u1eb1m ngang <strong>thanh l\u1ecbch<\/strong>, <strong>hi\u1ec7n \u0111\u1ea1i<\/strong>. V\u1ecf m\u00e1y \u0111\u01b0\u1ee3c l\u00e0m t\u1eeb nh\u1ef1a PP m\u00e0u tr\u1eafng tinh t\u1ebf, <strong>ch\u1ed1ng \u0103n m\u00f2n hi\u1ec7u qu\u1ea3<\/strong>, \u0111\u1ea3m b\u1ea3o \u0111\u1ed9 b\u1ec1n b\u1ec9 theo th\u1eddi gian. Ch\u1ea5t li\u1ec7u n\u00e0y c\u0169ng <strong>ch\u1ed1ng n\u1ee9t v\u1ee1<\/strong>, an to\u00e0n cho ng\u01b0\u1eddi s\u1eed d\u1ee5ng..<\/span><\/h4>\n<p class=\"_ilcss0_\"><img loading=\"lazy\" decoding=\"async\" class=\"alignnone size-full wp-image-20442\" src=\"https:\/\/livinghome.vn\/thiet-bi\/wp-content\/uploads\/2024\/04\/may-nuoc-nong-stiebel-eltron-esh-15-h-plus-t-vn-10.jpg\" alt=\"\" width=\"1200\" height=\"800\" title=\"\" srcset=\"https:\/\/livinghome.vn\/thiet-bi\/wp-content\/uploads\/2024\/04\/may-nuoc-nong-stiebel-eltron-esh-15-h-plus-t-vn-10.jpg 1200w, https:\/\/livinghome.vn\/thiet-bi\/wp-content\/uploads\/2024\/04\/may-nuoc-nong-stiebel-eltron-esh-15-h-plus-t-vn-10-600x400.jpg 600w, https:\/\/livinghome.vn\/thiet-bi\/wp-content\/uploads\/2024\/04\/may-nuoc-nong-stiebel-eltron-esh-15-h-plus-t-vn-10-768x512.jpg 768w\" sizes=\"auto, (max-width: 1200px) 100vw, 1200px\" \/><\/p>\n<p class=\"_ilcss0_\">ESH 15 H Plus T-VN s\u1edf h\u1eefu m\u00e0u tr\u1eafng<\/p>\n<p>Stiebel Eltron ESH 15 H Plus T-VN l\u00e0 m\u00e1y n\u01b0\u1edbc n\u00f3ng gi\u00e1n ti\u1ebfp n\u1ed5i b\u1eadt v\u1edbi thi\u1ebft k\u1ebf hi\u1ec7n \u0111\u1ea1i, d\u1ec5 s\u1eed d\u1ee5ng v\u00e0 kh\u1ea3 n\u0103ng l\u00e0m n\u00f3ng n\u01b0\u1edbc nhanh ch\u00f3ng, \u0111\u00e1p \u1ee9ng nhu c\u1ea7u s\u1eed d\u1ee5ng c\u1ee7a 1 &#8211; 2 ng\u01b0\u1eddi.<\/p>\n<p>M\u00e1y \u0111\u01b0\u1ee3c trang b\u1ecb d\u00e3y \u0111\u00e8n LED hi\u1ec3n th\u1ecb m\u1ee9c nhi\u1ec7t \u0111\u1ed9 v\u00e0 n\u00fat v\u1eb7n \u0111i\u1ec1u ch\u1ec9nh gi\u00fap b\u1ea1n d\u1ec5 d\u00e0ng l\u1ef1a ch\u1ecdn m\u1ee9c nhi\u1ec7t ph\u00f9 h\u1ee3p v\u1edbi nhu c\u1ea7u. H\u01a1n n\u1eefa, m\u00e1y \u0111\u01b0\u1ee3c thi\u1ebft k\u1ebf \u0111\u1ec3 l\u1eafp \u0111\u1eb7t treo t\u01b0\u1eddng \u0111\u01a1n gi\u1ea3n, gi\u00fap ti\u1ebft ki\u1ec7m kh\u00f4ng gian v\u00e0 thu\u1eadn ti\u1ec7n cho vi\u1ec7c b\u1ea3o tr\u00ec. C\u00f4ng su\u1ea5t ho\u1ea1t \u0111\u1ed9ng 2.500W gi\u00fap l\u00e0m n\u00f3ng n\u01b0\u1edbc nhanh ch\u00f3ng, \u0111\u1ea1t nhi\u1ec7t \u0111\u1ed9 t\u1ed1i \u0111a 75\u00b0C, th\u00edch h\u1ee3p s\u1eed d\u1ee5ng cho c\u00e1c khu v\u1ef1c c\u00f3 kh\u00ed h\u1eadu l\u1ea1nh.<\/p>\n<p class=\"_ilcss0_\"><img loading=\"lazy\" decoding=\"async\" class=\"alignnone size-full wp-image-20440\" src=\"https:\/\/livinghome.vn\/thiet-bi\/wp-content\/uploads\/2024\/04\/may-nuoc-nong-stiebel-eltron-esh-15-h-plus-t-vn-11.jpg\" alt=\"\" width=\"1200\" height=\"800\" title=\"\" srcset=\"https:\/\/livinghome.vn\/thiet-bi\/wp-content\/uploads\/2024\/04\/may-nuoc-nong-stiebel-eltron-esh-15-h-plus-t-vn-11.jpg 1200w, https:\/\/livinghome.vn\/thiet-bi\/wp-content\/uploads\/2024\/04\/may-nuoc-nong-stiebel-eltron-esh-15-h-plus-t-vn-11-600x400.jpg 600w, https:\/\/livinghome.vn\/thiet-bi\/wp-content\/uploads\/2024\/04\/may-nuoc-nong-stiebel-eltron-esh-15-h-plus-t-vn-11-768x512.jpg 768w\" sizes=\"auto, (max-width: 1200px) 100vw, 1200px\" \/><\/p>\n<p class=\"_ilcss0_\">M\u00e1y n\u01b0\u1edbc n\u00f3ng gi\u00e1n ti\u1ebfp c\u00f3 dung t\u00edch 15 l\u00edt<\/p>\n<h4>B\u00ecnh ch\u1ee9a n\u01b0\u1edbc \u0111\u01b0\u1ee3c l\u00e0m b\u1eb1ng th\u00e9p tr\u00e1ng men, c\u00f3 l\u1edbp gia nhi\u1ec7t b\u00ean trong gi\u00fap ph\u1ee7 k\u00edn c\u00e1c \u0111\u01b0\u1eddng h\u00e0n, t\u0103ng tu\u1ed5i th\u1ecd c\u1ee7a b\u00ecnh. Thanh nhi\u1ec7t ch\u00ednh l\u00e0m t\u1eeb \u0111\u1ed3ng, s\u1ea3n xu\u1ea5t t\u1ea1i \u0110\u1ee9c, nhanh ch\u00f3ng v\u00e0 ch\u1ed1ng \u0103n m\u00f2n hi\u1ec7u qu\u1ea3. V\u1ecf b\u00ecnh ch\u1ed1ng th\u1ea5m n\u01b0\u1edbc theo ti\u00eau chu\u1ea9n IP24, \u0111\u1ea3m b\u1ea3o s\u1ea1ch s\u1ebd v\u00e0 b\u1ec1n b\u1ec9 trong m\u1ecdi \u0111i\u1ec1u ki\u1ec7n m\u00f4i tr\u01b0\u1eddng.<\/h4>\n<p><img loading=\"lazy\" decoding=\"async\" class=\"alignnone size-full wp-image-20441\" src=\"https:\/\/livinghome.vn\/thiet-bi\/wp-content\/uploads\/2024\/04\/may-nuoc-nong-stiebel-eltron-esh-15-h-plus-t-vn-12.jpg\" alt=\"\" width=\"1200\" height=\"800\" title=\"\" srcset=\"https:\/\/livinghome.vn\/thiet-bi\/wp-content\/uploads\/2024\/04\/may-nuoc-nong-stiebel-eltron-esh-15-h-plus-t-vn-12.jpg 1200w, https:\/\/livinghome.vn\/thiet-bi\/wp-content\/uploads\/2024\/04\/may-nuoc-nong-stiebel-eltron-esh-15-h-plus-t-vn-12-600x400.jpg 600w, https:\/\/livinghome.vn\/thiet-bi\/wp-content\/uploads\/2024\/04\/may-nuoc-nong-stiebel-eltron-esh-15-h-plus-t-vn-12-768x512.jpg 768w\" sizes=\"auto, (max-width: 1200px) 100vw, 1200px\" \/><\/p>\n<p class=\"_ilcss0_\">M\u00e1y n\u01b0\u1edbc n\u00f3ng gi\u00e1n ti\u1ebfp Stiebel Eltron kh\u00f4ng th\u1ea5m n\u01b0\u1edbc<\/p>\n<p data-sourcepos=\"3:1-3:12\"><strong>An to\u00e0n:<\/strong><\/p>\n<ul data-sourcepos=\"5:1-9:0\">\n<li data-sourcepos=\"5:1-5:37\">Ch\u1ebf \u0111\u1ed9 an to\u00e0n theo ti\u00eau chu\u1ea9n \u0110\u1ee9c.<\/li>\n<li data-sourcepos=\"6:1-6:29\">C\u1ea7u dao ch\u1ed1ng r\u00f2 \u0111i\u1ec7n ELCB.<\/li>\n<li data-sourcepos=\"7:1-7:38\">C\u00f4ng ngh\u1ec7 gi\u1edbi h\u1ea1n r\u00f2 r\u1ec9 \u0111i\u1ec7n (CLL).<\/li>\n<li data-sourcepos=\"8:1-9:0\">T\u00ednh n\u0103ng c\u00e1ch \u0111i\u1ec7n.<\/li>\n<\/ul>\n<p data-sourcepos=\"10:1-10:14\"><strong>Ti\u1ebft ki\u1ec7m:<\/strong><\/p>\n<ul data-sourcepos=\"12:1-14:0\">\n<li data-sourcepos=\"12:1-12:44\">L\u1edbp c\u00e1ch nhi\u1ec7t d\u00e0y, gi\u1ea3m th\u1ea5t tho\u00e1t nhi\u1ec7t.<\/li>\n<li data-sourcepos=\"13:1-14:0\">Ti\u00eau th\u1ee5 \u0111i\u1ec7n n\u0103ng th\u1ea5p.<\/li>\n<\/ul>\n<p><img loading=\"lazy\" decoding=\"async\" class=\"alignnone size-full wp-image-20439\" src=\"https:\/\/livinghome.vn\/thiet-bi\/wp-content\/uploads\/2024\/04\/may-nuoc-nong-stiebel-eltron-esh-15-h-plus-t-vn-13.jpg\" alt=\"\" width=\"1200\" height=\"800\" title=\"\" srcset=\"https:\/\/livinghome.vn\/thiet-bi\/wp-content\/uploads\/2024\/04\/may-nuoc-nong-stiebel-eltron-esh-15-h-plus-t-vn-13.jpg 1200w, https:\/\/livinghome.vn\/thiet-bi\/wp-content\/uploads\/2024\/04\/may-nuoc-nong-stiebel-eltron-esh-15-h-plus-t-vn-13-600x400.jpg 600w, https:\/\/livinghome.vn\/thiet-bi\/wp-content\/uploads\/2024\/04\/may-nuoc-nong-stiebel-eltron-esh-15-h-plus-t-vn-13-768x512.jpg 768w\" sizes=\"auto, (max-width: 1200px) 100vw, 1200px\" \/><\/p>\n<p class=\"_ilcss0_\">B\u00ecnh n\u01b0\u1edbc n\u00f3ng gi\u1eef nhi\u1ec7t t\u1ed1t<\/p>\n<h4>M\u00e1y \u0111\u01b0\u1ee3c t\u00edch h\u1ee3p t\u00ednh n\u0103ng t\u01b0\u01a1ng th\u00edch \u0111i\u1ec7n t\u1eeb (EMC), gi\u00fap gi\u1ea3m thi\u1ec3u t\u1ed1i \u0111a hi\u1ec7n t\u01b0\u1ee3ng nhi\u1ec5u s\u00f3ng \u0111i\u1ec7n t\u1eeb gi\u1eefa m\u00e1y n\u01b0\u1edbc n\u00f3ng v\u00e0 c\u00e1c thi\u1ebft b\u1ecb \u0111i\u1ec7n kh\u00e1c trong nh\u00e0. Nh\u1edd v\u1eady, \u0111\u1ea3m b\u1ea3o m\u00e1y ho\u1ea1t \u0111\u1ed9ng \u1ed5n \u0111\u1ecbnh, kh\u00f4ng \u1ea3nh h\u01b0\u1edfng \u0111\u1ebfn ho\u1ea1t \u0111\u1ed9ng c\u1ee7a c\u00e1c thi\u1ebft b\u1ecb \u0111i\u1ec7n t\u1eed kh\u00e1c v\u00e0 mang l\u1ea1i m\u00f4i tr\u01b0\u1eddng s\u1eed d\u1ee5ng an to\u00e0n cho ng\u01b0\u1eddi d\u00f9ng.<\/h4>\n<p><strong>L\u01b0u \u00fd:<\/strong>\u00a0H\u00ecnh \u1ea3nh s\u1ea3n ph\u1ea9m ch\u1ec9 c\u00f3 t\u00ednh ch\u1ea5t minh h\u1ecda, chi ti\u1ebft s\u1ea3n ph\u1ea9m, m\u00e0u s\u1eafc, thi\u1ebft k\u1ebf v\u00e0 th\u00f4ng s\u1ed1 k\u1ef9 thu\u1eadt c\u00f3 th\u1ec3 thay \u0111\u1ed5i t\u00f9y theo s\u1ea3n ph\u1ea9m th\u1ef1c t\u1ebf m\u00e0 kh\u00f4ng c\u1ea7n th\u00f4ng b\u00e1o tr\u01b0\u1edbc.<\/p>\n","protected":false},"excerpt":{"rendered":"<ul>\n<li>Dung t\u00edch b\u00ecnh: 15 l\u00edt<\/li>\n<li>C\u00f4ng su\u1ea5t: 2.500W<\/li>\n<li>Chu\u1ea9n ch\u1ed1ng n\u01b0\u1edbc: IP24<\/li>\n<li>\u00c1p l\u1ef1c: 0.8 Mpa<\/li>\n<li>Ch\u1ed1ng gi\u1eadt ELCB: C\u00f3<\/li>\n<li>Nhi\u1ec7t \u0111\u1ed9 t\u1ed1i \u0111a: 75 \u0111\u1ed9 C<\/li>\n<li>T\u00f9y ch\u1ec9nh nhi\u1ec7t \u0111\u1ed9: Nhi\u1ec1u m\u1ee9c \u0111\u1ed9<\/li>\n<li>N\u00fat \u0111i\u1ec1u ch\u1ec9nh: N\u00fam v\u1eb7n<\/li>\n<li>Ch\u1ea5t li\u1ec7u v\u1ecf: Nh\u1ef1a PP<\/li>\n<li>K\u00edch th\u01b0\u1edbc: Cao x r\u1ed9ng x s\u00e2u\u00a0<em>(36.8cm x 47.3cm x 36.2cm)<\/em><\/li>\n<li>Tr\u1ecdng l\u01b0\u1ee3ng s\u1ea3n ph\u1ea9m: 10,6kg<\/li>\n<li>Xu\u1ea5t x\u1ee9 th\u01b0\u01a1ng hi\u1ec7u: \u0110\u1ee9c<\/li>\n<li>S\u1ea3n xu\u1ea5t t\u1ea1i: Th\u00e1i Lan<\/li>\n<li>B\u1ea3o h\u00e0nh: 24 th\u00e1ng<\/li>\n<\/ul>\n","protected":false},"featured_media":21199,"comment_status":"open","ping_status":"closed","template":"","meta":[],"product_brand":[],"product_cat":[540,1986,1979,1987,1937],"product_tag":[541,1980],"class_list":{"0":"post-20420","1":"product","2":"type-product","3":"status-publish","4":"has-post-thumbnail","6":"product_cat-may-nong-lanh","7":"product_cat-may-nong-lanh-stiebel-eltron","8":"product_cat-may-nuoc-nong","9":"product_cat-may-nuoc-nong-stiebel-eltron","10":"product_cat-thuong-hieu-stiebel-eltron","11":"product_tag-may-nong-lanh","12":"product_tag-may-nuoc-nong","14":"first","15":"instock","16":"sale","17":"shipping-taxable","18":"purchasable","19":"product-type-simple"},"_links":{"self":[{"href":"https:\/\/livinghome.vn\/thiet-bi\/wp-json\/wp\/v2\/product\/20420","targetHints":{"allow":["GET"]}}],"collection":[{"href":"https:\/\/livinghome.vn\/thiet-bi\/wp-json\/wp\/v2\/product"}],"about":[{"href":"https:\/\/livinghome.vn\/thiet-bi\/wp-json\/wp\/v2\/types\/product"}],"replies":[{"embeddable":true,"href":"https:\/\/livinghome.vn\/thiet-bi\/wp-json\/wp\/v2\/comments?post=20420"}],"wp:featuredmedia":[{"embeddable":true,"href":"https:\/\/livinghome.vn\/thiet-bi\/wp-json\/wp\/v2\/media\/21199"}],"wp:attachment":[{"href":"https:\/\/livinghome.vn\/thiet-bi\/wp-json\/wp\/v2\/media?parent=20420"}],"wp:term":[{"taxonomy":"product_brand","embeddable":true,"href":"https:\/\/livinghome.vn\/thiet-bi\/wp-json\/wp\/v2\/product_brand?post=20420"},{"taxonomy":"product_cat","embeddable":true,"href":"https:\/\/livinghome.vn\/thiet-bi\/wp-json\/wp\/v2\/product_cat?post=20420"},{"taxonomy":"product_tag","embeddable":true,"href":"https:\/\/livinghome.vn\/thiet-bi\/wp-json\/wp\/v2\/product_tag?post=20420"}],"curies":[{"name":"wp","href":"https:\/\/api.w.org\/{rel}","templated":true}]}}