{"id":20419,"date":"2024-04-16T11:18:20","date_gmt":"2024-04-16T04:18:20","guid":{"rendered":"https:\/\/livinghome.vn\/thiet-bi\/?post_type=product&#038;p=20419"},"modified":"2024-11-29T14:18:59","modified_gmt":"2024-11-29T07:18:59","slug":"may-nuoc-nong-truc-tiep-stiebel-eltron-4500w-xgp-45-ec","status":"publish","type":"product","link":"https:\/\/livinghome.vn\/thiet-bi\/may-nuoc-nong-truc-tiep-stiebel-eltron-4500w-xgp-45-ec\/","title":{"rendered":"M\u00e1y N\u01b0\u1edbc N\u00f3ng Tr\u1ef1c Ti\u1ebfp Stiebel Eltron XGP 45 EC"},"content":{"rendered":"<p><b>M\u00e1y n\u01b0\u1edbc n\u00f3ng Stiebel Eltron XGP 45 EC<\/b><span style=\"font-weight: 400\"> l\u00e0 m\u00e1y n\u01b0\u1edbc n\u00f3ng tr\u1ef1c ti\u1ebfp cao c\u1ea5p \u0111\u1ebfn t\u1eeb th\u01b0\u01a1ng hi\u1ec7u n\u1ed5i ti\u1ebfng Stiebel Eltron c\u1ee7a \u0110\u1ee9c. M\u00e1y s\u1edf h\u1eefu thi\u1ebft k\u1ebf nh\u1ecf g\u1ecdn, si\u00eau m\u1ecfng, hi\u1ec7n \u0111\u1ea1i c\u00f9ng nhi\u1ec1u t\u00ednh n\u0103ng an to\u00e0n, ti\u1ec7n l\u1ee3i, h\u1ee9a h\u1eb9n mang \u0111\u1ebfn tr\u1ea3i nghi\u1ec7m tuy\u1ec7t v\u1eddi cho ng\u01b0\u1eddi d\u00f9ng.<\/span><\/p>\n<h2>\u0110\u1eb7c \u0111i\u1ec3m n\u1ed5i b\u1eadt c\u1ee7a m\u00e1y n\u01b0\u1edbc n\u00f3ng tr\u1ef1c ti\u1ebfp Stiebel Eltron 4500W XGP 45 EC<\/h2>\n<ul>\n<li><span style=\"font-weight: 400\">M\u00e1y n\u01b0\u1edbc n\u00f3ng v\u1eadn h\u00e0nh v\u1edbi c\u00f4ng su\u1ea5t 4500W v\u1edbi c\u01a1 ch\u1ebf l\u00e0m n\u00f3ng tr\u1ef1c ti\u1ebfp gi\u00fap l\u00e0m n\u00f3ng n\u01b0\u1edbc r\u1ea5t nhanh.<\/span><\/li>\n<li><span style=\"font-weight: 400\">B\u01a1m tr\u1ee3 l\u1ef1c h\u1ed7 tr\u1ee3 ngu\u1ed3n n\u01b0\u1edbc \u0111\u1ea7u ra \u1ed5n \u0111\u1ecbnh, ph\u00f9 h\u1ee3p v\u1edbi nh\u1eefng n\u01a1i c\u00f3 \u00e1p l\u1ef1c n\u01b0\u1edbc y\u1ebfu.<\/span><\/li>\n<li><span style=\"font-weight: 400\">B\u1ea3ng \u0111i\u1ec1u khi\u1ec3n nhi\u1ec7t \u0111\u1ed9 d\u1ea1ng n\u00fam v\u1eb7n, c\u00f3 n\u00fat ngu\u1ed3n v\u00e0 \u0111i\u1ec1u ch\u1ec9nh t\u1ed1c \u0111\u1ed9 b\u01a1m v\u1edbi 3 m\u1ee9c hi\u1ec3n th\u1ecb b\u1eb1ng \u0111\u00e8n LED.<\/span><\/li>\n<li><span style=\"font-weight: 400\">C\u00f3 c\u1ea7u dao ch\u1ed1ng r\u00f2 \u0111i\u1ec7n ELCB.s\u1ebd \u0111\u1ea3m b\u1ea3o an to\u00e0n \u0111i\u1ec7n, tr\u00e1nh nguy c\u01a1 r\u00f2 r\u1ec9 \u0111i\u1ec7n g\u00e2y ch\u00e1y n\u1ed5.<\/span><\/li>\n<li><span style=\"font-weight: 400\">V\u1ecf ch\u1ed1ng th\u1ea5m n\u01b0\u1edbc \u0111\u1ea1t ti\u00eau chu\u1ea9n IP25 s\u1ebd b\u1ea3o v\u1ec7 linh ki\u1ec7n an to\u00e0n.\u00a0<\/span><\/li>\n<li><span style=\"font-weight: 400\">V\u00f2i sen c\u00f3 5 ch\u1ebf \u0111\u1ed9 phun cho ng\u01b0\u1eddi d\u00f9ng l\u1ef1a ch\u1ecdn.<\/span><img loading=\"lazy\" decoding=\"async\" class=\"alignnone wp-image-20644 size-full\" src=\"https:\/\/livinghome.vn\/thiet-bi\/wp-content\/uploads\/2024\/04\/may-nuoc-nong-stiebel-eltron-xgp-45-ec-1.jpg\" alt=\"M\u00e1y n\u01b0\u1edbc n\u00f3ng tr\u1ef1c ti\u1ebfp Stiebel Eltron XGP 45 EC \" width=\"1200\" height=\"900\" title=\"\" srcset=\"https:\/\/livinghome.vn\/thiet-bi\/wp-content\/uploads\/2024\/04\/may-nuoc-nong-stiebel-eltron-xgp-45-ec-1.jpg 1200w, https:\/\/livinghome.vn\/thiet-bi\/wp-content\/uploads\/2024\/04\/may-nuoc-nong-stiebel-eltron-xgp-45-ec-1-533x400.jpg 533w, https:\/\/livinghome.vn\/thiet-bi\/wp-content\/uploads\/2024\/04\/may-nuoc-nong-stiebel-eltron-xgp-45-ec-1-1067x800.jpg 1067w, https:\/\/livinghome.vn\/thiet-bi\/wp-content\/uploads\/2024\/04\/may-nuoc-nong-stiebel-eltron-xgp-45-ec-1-768x576.jpg 768w, https:\/\/livinghome.vn\/thiet-bi\/wp-content\/uploads\/2024\/04\/may-nuoc-nong-stiebel-eltron-xgp-45-ec-1-600x450.jpg 600w\" sizes=\"auto, (max-width: 1200px) 100vw, 1200px\" \/><\/li>\n<\/ul>\n<h2>\u0110\u00e1nh gi\u00e1 chi ti\u1ebft<\/h2>\n<p><b>Stiebel Eltron XGP 45 EC<\/b><span style=\"font-weight: 400\"> n\u1ed5i b\u1eadt v\u1edbi <\/span><b>b\u01a1m tr\u1ee3 l\u1ef1c m\u1ea1nh m\u1ebd<\/b><span style=\"font-weight: 400\">, gi\u00fap t\u0103ng \u00e1p l\u1ef1c n\u01b0\u1edbc \u0111\u1ea7u v\u00e0o, t\u1ea1o d\u00f2ng ch\u1ea3y kh\u1ecfe h\u01a1n, l\u00fd t\u01b0\u1edfng cho khu v\u1ef1c ngu\u1ed3n n\u01b0\u1edbc y\u1ebfu v\u00e0 <\/span><span style=\"font-weight: 400\">gi\u00fap cho m\u00e1y n\u01b0\u1edbc n\u00f3ng v\u1eadn h\u00e0nh \u00eam \u00e1i h\u01a1n.<\/span><\/p>\n<div class=\"mceTemp\"><\/div>\n<p><img loading=\"lazy\" decoding=\"async\" class=\"alignnone wp-image-20646 size-full\" src=\"https:\/\/livinghome.vn\/thiet-bi\/wp-content\/uploads\/2024\/04\/may-nuoc-nong-stiebel-eltron-xgp-45-ec-2.jpg\" alt=\"M\u00e1y n\u01b0\u1edbc n\u00f3ng tr\u1ef1c ti\u1ebfp Stiebel Eltron XGP 45 EC \" width=\"1200\" height=\"800\" title=\"\" srcset=\"https:\/\/livinghome.vn\/thiet-bi\/wp-content\/uploads\/2024\/04\/may-nuoc-nong-stiebel-eltron-xgp-45-ec-2.jpg 1200w, https:\/\/livinghome.vn\/thiet-bi\/wp-content\/uploads\/2024\/04\/may-nuoc-nong-stiebel-eltron-xgp-45-ec-2-600x400.jpg 600w, https:\/\/livinghome.vn\/thiet-bi\/wp-content\/uploads\/2024\/04\/may-nuoc-nong-stiebel-eltron-xgp-45-ec-2-768x512.jpg 768w\" sizes=\"auto, (max-width: 1200px) 100vw, 1200px\" \/><\/p>\n<p><span style=\"font-weight: 400\">G\u00e2y \u1ea5n t\u01b0\u1ee3ng v\u1edbi s\u1edf ki\u1ec3u d\u00e1ng h\u00ecnh ch\u1eef nh\u1eadt d\u1ea1ng \u0111\u1ee9ng v\u1edbi l\u1edbp v\u1ecf ngo\u00e0i \u0111\u01b0\u1ee3c l\u00e0m b\u1eb1ng nh\u1ef1a ABS c\u00f3 \u0111\u1ed9 b\u1ec1n cao. Ngo\u00e0i ra k\u00edch th\u01b0\u1edbc m\u00e1y nh\u1ecf g\u1ecdn v\u00e0 si\u00eau m\u1ecfng v\u1edbi \u0111\u1ed9 d\u00e0y kho\u1ea3ng 7.3cm, ph\u00f9 h\u1ee3p l\u1eafp \u0111\u1eb7t m\u1ecdi kh\u00f4ng gian v\u00e0 gi\u00fap ti\u1ebft ki\u1ec7m di\u1ec7n t\u00edch.<\/span><\/p>\n<p><span style=\"font-weight: 400\">B\u1ea3ng \u0111i\u1ec1u khi\u1ec3n d\u1ea1ng n\u00fat xoay \u0111i\u1ec1u ch\u1ec9nh m\u1ee9c nhi\u1ec7t \u0111\u1ed9 \u0111a d\u1ea1ng v\u00e0 t\u1ed1c \u0111\u1ed9 b\u01a1m v\u1edbi 3 m\u1ee9c hi\u1ec3n th\u1ecb b\u1eb1ng \u0111\u00e8n LED gi\u00fap thao t\u00e1c nhanh ch\u00f3ng.<\/span><\/p>\n<div class=\"mceTemp\"><\/div>\n<p><img loading=\"lazy\" decoding=\"async\" class=\"alignnone wp-image-20647 size-full\" src=\"https:\/\/livinghome.vn\/thiet-bi\/wp-content\/uploads\/2024\/04\/may-nuoc-nong-stiebel-eltron-xgp-45-ec-3.jpg\" alt=\"M\u00e1y n\u01b0\u1edbc n\u00f3ng tr\u1ef1c ti\u1ebfp Stiebel Eltron XGP 45 EC \" width=\"1200\" height=\"800\" title=\"\" srcset=\"https:\/\/livinghome.vn\/thiet-bi\/wp-content\/uploads\/2024\/04\/may-nuoc-nong-stiebel-eltron-xgp-45-ec-3.jpg 1200w, https:\/\/livinghome.vn\/thiet-bi\/wp-content\/uploads\/2024\/04\/may-nuoc-nong-stiebel-eltron-xgp-45-ec-3-600x400.jpg 600w, https:\/\/livinghome.vn\/thiet-bi\/wp-content\/uploads\/2024\/04\/may-nuoc-nong-stiebel-eltron-xgp-45-ec-3-768x512.jpg 768w\" sizes=\"auto, (max-width: 1200px) 100vw, 1200px\" \/><\/p>\n<h3>Kh\u1ea3 n\u0103ng l\u00e0m n\u00f3ng nhanh<\/h3>\n<p><span style=\"font-weight: 400\">Stiebel Eltron XGP 45 EC trang b\u1ecb c\u00f4ng su\u1ea5t l\u1edbn 4.500W c\u00f9ng c\u01a1 ch\u1ebf l\u00e0m n\u00f3ng tr\u1ef1c ti\u1ebfp gi\u00fap l\u00e0m n\u00f3ng n\u01b0\u1edbc ngay l\u1eadp t\u1ee9c.<\/span><\/p>\n<div class=\"mceTemp\"><\/div>\n<p><img loading=\"lazy\" decoding=\"async\" class=\"alignnone wp-image-20648 size-full\" src=\"https:\/\/livinghome.vn\/thiet-bi\/wp-content\/uploads\/2024\/04\/may-nuoc-nong-stiebel-eltron-xgp-45-ec-4.jpg\" alt=\"M\u00e1y n\u01b0\u1edbc n\u00f3ng tr\u1ef1c ti\u1ebfp Stiebel Eltron XGP 45 EC \" width=\"1200\" height=\"800\" title=\"\" srcset=\"https:\/\/livinghome.vn\/thiet-bi\/wp-content\/uploads\/2024\/04\/may-nuoc-nong-stiebel-eltron-xgp-45-ec-4.jpg 1200w, https:\/\/livinghome.vn\/thiet-bi\/wp-content\/uploads\/2024\/04\/may-nuoc-nong-stiebel-eltron-xgp-45-ec-4-600x400.jpg 600w, https:\/\/livinghome.vn\/thiet-bi\/wp-content\/uploads\/2024\/04\/may-nuoc-nong-stiebel-eltron-xgp-45-ec-4-768x512.jpg 768w\" sizes=\"auto, (max-width: 1200px) 100vw, 1200px\" \/><\/p>\n<p><span style=\"font-weight: 400\">Nhi\u1ec7t \u0111\u1ed9 n\u01b0\u1edbc t\u1ed1i \u0111a l\u00e0 42 \u0111\u1ed9 C r\u1ea5t ph\u00f9 h\u1ee3p \u0111\u1ec3 s\u1eed d\u1ee5ng trong \u0111i\u1ec1u ki\u1ec7n th\u1eddi ti\u1ebft \u1edf khu v\u1ef1c mi\u1ec1n Nam ho\u1eb7c nh\u1eefng n\u01a1i c\u00f3 nhi\u1ec7t \u0111\u1ed9 tr\u00ean 20 \u0111\u1ed9 C.<\/span><\/p>\n<h3><span style=\"font-weight: 400\">Thanh gia nhi\u1ec7t b\u1eb1ng \u0111\u1ed3ng<\/span><\/h3>\n<p><span style=\"font-weight: 400\">Thanh gia nhi\u1ec7t b\u1eb1ng \u0111\u1ed3ng \u0111\u01b0\u1ee3c s\u1ee7 d\u1ee5ng r\u1ed9ng r\u00e3i trong c\u00e1c lo\u1ea1i m\u00e1y n\u01b0\u1edbc n\u00f3ng b\u1edfi v\u00ec \u0111\u1ed3ng l\u00e0 ch\u1ea5t ch\u1ed1ng \u0103n m\u00f2n c\u00f3 \u0111\u1ed9 b\u1ec1n cao v\u00e0 c\u00f3 kh\u1ea3 n\u0103ng ho\u1ea1t \u0111\u1ed9ng li\u00ean t\u1ee5c m\u00e0 kh\u00f4ng c\u1ea7n b\u1ea3o tr\u00ec d\u00f9 s\u1eed d\u1ee5ng trong n\u01b0\u1edbc kh\u1eed tr\u00f9ng c\u00f3 ch\u1ee9a Clo.<\/span><\/p>\n<p><span style=\"font-weight: 400\">V\u1ecf b\u00ecnh nung c\u0169ng \u0111\u01b0\u1ee3c l\u00e0m b\u1eb1ng \u0111\u1ed3ng ch\u1ed1ng \u0103n m\u00f2n, gi\u00fap t\u0103ng kh\u1ea3 n\u0103ng ch\u1ecbu nhi\u1ec7t v\u00e0 \u00e1p su\u1ea5t cao, gi\u00fap m\u00e1y n\u01b0\u1edbc n\u00f3ng tr\u1ef1c ti\u1ebfp ho\u1ea1t \u0111\u1ed9ng hi\u1ec7u qu\u1ea3 h\u01a1n.<\/span><\/p>\n<h3><span style=\"font-weight: 400\">V\u1ecf ch\u1ed1ng th\u1ea5m n\u01b0\u1edbc theo ti\u00eau chu\u1ea9n IP25<\/span><\/h3>\n<p><span style=\"font-weight: 400\">M\u00e1y n\u01b0\u1edbc n\u00f3ng c\u00f3 kh\u1ea3 n\u0103ng ch\u1ed1ng b\u00e1m b\u1ee5i v\u1edbi \u0111\u01b0\u1eddng k\u00ednh l\u1edbn h\u01a1n 12.5mm v\u00e0 l\u1ef1c tia n\u01b0\u1edbc phun c\u00f3 \u00e1p su\u1ea5t th\u1ea5p, gi\u00fap b\u1ea3o v\u1ec7 t\u1ed1t c\u00e1c linh ki\u1ec7n b\u00ean trong m\u00e1y v\u00e0 duy tr\u00ec \u0111\u1ed9 b\u1ec1n d\u00e0i l\u00e2u cho s\u1ea3n ph\u1ea9m.\u00a0<\/span><\/p>\n<h3><span style=\"font-weight: 400\">C\u00e1c ch\u1ebf \u0111\u1ed9 an to\u00e0n t\u00edch h\u1ee3p tr\u00ean m\u00e1y\u00a0<\/span><\/h3>\n<p><span style=\"font-weight: 400\">M\u00e1y n\u01b0\u1edbc n\u00f3ng \u0111\u01b0\u1ee3c t\u00edch h\u1ee3p c\u00e1c ch\u1ebf \u0111\u1ed9 an to\u00e0n \u0111\u1ea1t ti\u00eau chu\u1ea9n c\u1ee7a \u0110\u1ee9c, c\u1ee5 th\u1ec3 nh\u01b0 sau:<\/span><\/p>\n<ul>\n<li style=\"font-weight: 400\"><b>B\u1ed9 \u1ed5n \u0111\u1ecbnh nhi\u1ec7t \u0111\u1ed9 k\u00e9p:<\/b><span style=\"font-weight: 400\"> C\u00f3 kh\u1ea3 n\u0103ng ph\u00e1t hi\u1ec7n nhi\u1ec7t \u0111\u1ed9 n\u01b0\u1edbc qu\u00e1 nhi\u1ec7t khi x\u1ea3y ra, nh\u1edd \u0111\u00f3 tr\u00e1nh \u0111\u01b0\u1ee3c t\u00ecnh tr\u1ea1ng b\u1ecfng v\u00e0 b\u1ea3o v\u1ec7 ng\u01b0\u1eddi d\u00f9ng \u0111\u01b0\u1ee3c t\u1ed1t h\u01a1n.<\/span><\/li>\n<li style=\"font-weight: 400\"><b>C\u1ea3m bi\u1ebfn l\u01b0u l\u01b0\u1ee3ng n\u01b0\u1edbc:<\/b><span style=\"font-weight: 400\"> Ki\u1ec3m so\u00e1t \u0111\u1ee7 l\u01b0\u1ee3ng n\u01b0\u1edbc khi \u0111i v\u00e0o m\u00e1y tr\u01b0\u1edbc khi b\u1ed9 ph\u1eadn l\u00e0m n\u00f3ng \u0111\u01b0\u1ee3c k\u00edch ho\u1ea1t, nh\u1edd \u0111\u00f3 tr\u00e1nh \u0111\u01b0\u1ee3c t\u00ecnh tr\u1ea1ng g\u00e2y h\u1ecfng c\u00e1c linh ki\u1ec7n b\u00ean trong c\u0169ng nh\u01b0 \u0111\u1ea3m b\u1ea3o \u0111\u1ee7 l\u01b0\u1ee3ng n\u01b0\u1edbc \u1edf \u0111\u1ea7u ra cho ng\u01b0\u1eddi s\u1eed d\u1ee5ng.<\/span><\/li>\n<li style=\"font-weight: 400\"><b>C\u1ea7u dao ch\u1ed1ng r\u00f2 \u0111i\u1ec7n ELCB:<\/b><span style=\"font-weight: 400\"> C\u00f3 th\u1ec3 t\u1ef1 \u0111\u1ed9ng ng\u1eaft thi\u1ebft b\u1ecb v\u1edbi m\u1ea1ch \u0111i\u1ec7n khi x\u1ea3y ra hi\u1ec7n t\u01b0\u1ee3ng r\u00f2 \u0111i\u1ec7n, t\u1eeb \u0111\u00f3 h\u1ea1n ch\u1ebf s\u1ef1 c\u1ed1 ch\u1ea1m \u0111i\u1ec7n b\u00ean trong m\u00e1y, ph\u00f2ng ch\u1ed1ng ch\u00e1y n\u1ed5 v\u00e0 \u0111\u1ea3m b\u1ea3o an to\u00e0n h\u01a1n cho ng\u01b0\u1eddi d\u00f9ng khi \u0111ang s\u1eed d\u1ee5ng n\u01b0\u1edbc n\u00f3ng \u0111\u1ec3 t\u1eafm, sinh ho\u1ea1t.<\/span><\/li>\n<li style=\"font-weight: 400\"><b>T\u01b0\u01a1ng th\u00edch \u0111i\u1ec7n t\u1eeb (EMC):<\/b><span style=\"font-weight: 400\"> Gi\u1ea3m thi\u1ec3u t\u00ecnh tr\u1ea1ng g\u00e2y nhi\u1ec5u c\u00e1c thi\u1ebft b\u1ecb \u0111i\u1ec7n trong gia \u0111\u00ecnh khi s\u1eed d\u1ee5ng m\u00e1y n\u01b0\u1edbc n\u00f3ng c\u00f9ng m\u1ed9t th\u1eddi \u0111i\u1ec3m.<\/span><\/li>\n<li style=\"font-weight: 400\"><b>B\u1ea3ng m\u1ea1ch \u0111i\u1ec7n t\u1eed ch\u1ed1ng ch\u00e1y:<\/b><span style=\"font-weight: 400\"> G\u00f3p ph\u1ea7n t\u0103ng c\u01b0\u1eddng an to\u00e0n cho ng\u01b0\u1eddi s\u1eed d\u1ee5ng c\u0169ng nh\u01b0 \u0111\u1ea3m b\u1ea3o \u0111\u1ed9 b\u1ec1n cho m\u00e1y n\u01b0\u1edbc n\u00f3ng.<\/span><\/li>\n<\/ul>\n<h3><span style=\"font-weight: 400\">C\u00f3 van \u0111i\u1ec1u ch\u1ec9nh l\u01b0u l\u01b0\u1ee3ng n\u01b0\u1edbc<\/span><\/h3>\n<p><span style=\"font-weight: 400\">Van \u0111i\u1ec1u ch\u1ec9nh l\u01b0\u1ee3ng n\u01b0\u1edbc s\u1ebd gi\u00fap ng\u01b0\u1eddi d\u00f9ng \u0111i\u1ec1u ch\u1ec9nh v\u00e0 ki\u1ec3m so\u00e1t \u0111\u01b0\u1ee3c l\u01b0\u1ee3ng n\u01b0\u1edbc \u1edf \u0111\u1ea7u v\u00e0o v\u00e0 \u0111\u1ea7u ra c\u1ee7a m\u00e1y, \u0111\u1ea3m b\u1ea3o m\u00e1y ho\u1ea1t \u0111\u1ed9ng \u1ed5n \u0111\u1ecbnh v\u00e0 \u0111\u00e1p \u1ee9ng t\u1ed1t cho nhu c\u1ea7u s\u1eed d\u1ee5ng c\u1ee7a ng\u01b0\u1eddi d\u00f9ng.<\/span><\/p>\n<div class=\"mceTemp\"><\/div>\n<p><img loading=\"lazy\" decoding=\"async\" class=\"alignnone wp-image-20649 size-full\" src=\"https:\/\/livinghome.vn\/thiet-bi\/wp-content\/uploads\/2024\/04\/may-nuoc-nong-stiebel-eltron-xgp-45-ec-5.jpg\" alt=\"M\u00e1y n\u01b0\u1edbc n\u00f3ng tr\u1ef1c ti\u1ebfp Stiebel Eltron XGP 45 EC \" width=\"1200\" height=\"800\" title=\"\" srcset=\"https:\/\/livinghome.vn\/thiet-bi\/wp-content\/uploads\/2024\/04\/may-nuoc-nong-stiebel-eltron-xgp-45-ec-5.jpg 1200w, https:\/\/livinghome.vn\/thiet-bi\/wp-content\/uploads\/2024\/04\/may-nuoc-nong-stiebel-eltron-xgp-45-ec-5-600x400.jpg 600w, https:\/\/livinghome.vn\/thiet-bi\/wp-content\/uploads\/2024\/04\/may-nuoc-nong-stiebel-eltron-xgp-45-ec-5-768x512.jpg 768w\" sizes=\"auto, (max-width: 1200px) 100vw, 1200px\" \/><\/p>\n<h3><span style=\"font-weight: 400\">V\u00f2i sen 5 ch\u1ebf \u0111\u1ed9 phun<\/span><\/h3>\n<p><span style=\"font-weight: 400\">V\u00f2i sen \u0111\u01b0\u1ee3c m\u1ea1 Chrome s\u1ebd cung c\u1ea5p kh\u1ea3 n\u0103ng ch\u1ed1ng g\u1ec9 s\u00e9t c\u1ef1c t\u1ed1t v\u00e0 duy tr\u00ec \u0111\u01b0\u1ee3c \u0111\u1ed9 b\u1ec1n, t\u00ednh th\u1ea9m m\u1ef9 cho s\u1ea3n ph\u1ea9m sau kho\u1ea3ng th\u1eddi gian d\u00e0i s\u1eed d\u1ee5ng.<\/span><\/p>\n<p><span style=\"font-weight: 400\">V\u00f2i sen \u0111i\u1ec1u ch\u1ec9nh 5 ch\u1ebf \u0111\u1ed9 phun \u0111a d\u1ea1ng v\u00e0 phu h\u1ee3p v\u1edbi t\u1eebng nhu c\u1ea7u s\u1eed d\u1ee5ng c\u1ee7a m\u1ed7i th\u00e0nh vi\u00ean trong gia \u0111\u00ecnh.<\/span><\/p>\n<div class=\"mceTemp\"><\/div>\n<p><img loading=\"lazy\" decoding=\"async\" class=\"alignnone wp-image-20651 size-full\" src=\"https:\/\/livinghome.vn\/thiet-bi\/wp-content\/uploads\/2024\/04\/may-nuoc-nong-stiebel-eltron-xgp-45-ec-6.jpg\" alt=\"M\u00e1y n\u01b0\u1edbc n\u00f3ng tr\u1ef1c ti\u1ebfp Stiebel Eltron XGP 45 EC \" width=\"1200\" height=\"800\" title=\"\" srcset=\"https:\/\/livinghome.vn\/thiet-bi\/wp-content\/uploads\/2024\/04\/may-nuoc-nong-stiebel-eltron-xgp-45-ec-6.jpg 1200w, https:\/\/livinghome.vn\/thiet-bi\/wp-content\/uploads\/2024\/04\/may-nuoc-nong-stiebel-eltron-xgp-45-ec-6-600x400.jpg 600w, https:\/\/livinghome.vn\/thiet-bi\/wp-content\/uploads\/2024\/04\/may-nuoc-nong-stiebel-eltron-xgp-45-ec-6-768x512.jpg 768w\" sizes=\"auto, (max-width: 1200px) 100vw, 1200px\" \/><\/p>\n<p><b>L\u01b0u \u00fd:<\/b><span style=\"font-weight: 400\"> H\u00ecnh \u1ea3nh s\u1ea3n ph\u1ea9m ch\u1ec9 c\u00f3 t\u00ednh ch\u1ea5t minh h\u1ecda, chi ti\u1ebft s\u1ea3n ph\u1ea9m, m\u00e0u s\u1eafc, thi\u1ebft k\u1ebf v\u00e0 th\u00f4ng s\u1ed1 k\u1ef9 thu\u1eadt c\u00f3 th\u1ec3 thay \u0111\u1ed5i t\u00f9y theo s\u1ea3n ph\u1ea9m th\u1ef1c t\u1ebf m\u00e0 kh\u00f4ng c\u1ea7n th\u00f4ng b\u00e1o tr\u01b0\u1edbc.<\/span><\/p>\n","protected":false},"excerpt":{"rendered":"<h2>Th\u00f4ng s\u1ed1 k\u1ef9 thu\u1eadt c\u1ee7a m\u00e1y n\u01b0\u1edbc n\u00f3ng<\/h2>\n<p><span style=\"font-weight: 400\">C\u00f4ng su\u1ea5t: 4500W<\/span><\/p>\n<p><span style=\"font-weight: 400\">Chu\u1ea9n ch\u1ed1ng n\u01b0\u1edbc: IP25<\/span><\/p>\n<p><span style=\"font-weight: 400\">\u00c1p l\u1ef1c: T\u1ed1i thi\u1ec3u &#8211; T\u1ed1i \u0111a (0.015 Mpa &#8211; 0.5 Mpa)<\/span><\/p>\n<p><span style=\"font-weight: 400\">Ch\u1ed1ng gi\u1eadt ELCB: C\u00f3<\/span><\/p>\n<p><span style=\"font-weight: 400\">B\u01a1m tr\u1ee3 l\u1ef1c: C\u00f3<\/span><\/p>\n<p><span style=\"font-weight: 400\">Ch\u1ebf \u0111\u1ed9 v\u00f2i sen: 5 ch\u1ebf \u0111\u1ed9 phun<\/span><\/p>\n<p><span style=\"font-weight: 400\">Nhi\u1ec7t \u0111\u1ed9 t\u1ed1i \u0111a: 42 \u0111\u1ed9 C<\/span><\/p>\n<p><span style=\"font-weight: 400\">T\u00f9y ch\u1ec9nh nhi\u1ec7t \u0111\u1ed9Nhi\u1ec1u m\u1ee9c \u0111\u1ed9<\/span><\/p>\n<p><span style=\"font-weight: 400\">N\u00fat \u0111i\u1ec1u ch\u1ec9nh: N\u00fam v\u1eb7n<\/span><\/p>\n<p><span style=\"font-weight: 400\">Ch\u1ea5t li\u1ec7u v\u00f2i sen: Nh\u1ef1a ABS<\/span><\/p>\n<p><span style=\"font-weight: 400\">Ch\u1ea5t li\u1ec7u v\u1ecf: Nh\u1ef1a ABS<\/span><\/p>\n<p><span style=\"font-weight: 400\">Ngu\u1ed3n \u0111i\u1ec7n \u00e1p: 220V &#8211; 240V \/ 50Hz &#8211; 60Hz<\/span><\/p>\n<p><span style=\"font-weight: 400\">K\u00edch th\u01b0\u1edbc: Cao x r\u1ed9ng x s\u00e2u (34.2cm x 21.6cm x 7.3cm)<\/span><\/p>\n<p><span style=\"font-weight: 400\">Xu\u1ea5t x\u1ee9 th\u01b0\u01a1ng hi\u1ec7u: \u0110\u1ee9c<\/span><\/p>\n<p><span style=\"font-weight: 400\">S\u1ea3n xu\u1ea5t t\u1ea1i: Th\u00e1i Lan<\/span><\/p>\n<p><span style=\"font-weight: 400\">B\u1ea3o h\u00e0nh: 24 th\u00e1ng<\/span><\/p>\n","protected":false},"featured_media":21151,"comment_status":"open","ping_status":"closed","template":"","meta":[],"product_brand":[],"product_cat":[15,540,1986,1979,1987,1937],"product_tag":[1985,541,1980,1993],"class_list":{"0":"post-20419","1":"product","2":"type-product","3":"status-publish","4":"has-post-thumbnail","6":"product_cat-khac","7":"product_cat-may-nong-lanh","8":"product_cat-may-nong-lanh-stiebel-eltron","9":"product_cat-may-nuoc-nong","10":"product_cat-may-nuoc-nong-stiebel-eltron","11":"product_cat-thuong-hieu-stiebel-eltron","12":"product_tag-binh-nong-lanh","13":"product_tag-may-nong-lanh","14":"product_tag-may-nuoc-nong","15":"product_tag-may-nuoc-nong-stiebel-eltron","17":"first","18":"instock","19":"sale","20":"shipping-taxable","21":"purchasable","22":"product-type-simple"},"_links":{"self":[{"href":"https:\/\/livinghome.vn\/thiet-bi\/wp-json\/wp\/v2\/product\/20419","targetHints":{"allow":["GET"]}}],"collection":[{"href":"https:\/\/livinghome.vn\/thiet-bi\/wp-json\/wp\/v2\/product"}],"about":[{"href":"https:\/\/livinghome.vn\/thiet-bi\/wp-json\/wp\/v2\/types\/product"}],"replies":[{"embeddable":true,"href":"https:\/\/livinghome.vn\/thiet-bi\/wp-json\/wp\/v2\/comments?post=20419"}],"wp:featuredmedia":[{"embeddable":true,"href":"https:\/\/livinghome.vn\/thiet-bi\/wp-json\/wp\/v2\/media\/21151"}],"wp:attachment":[{"href":"https:\/\/livinghome.vn\/thiet-bi\/wp-json\/wp\/v2\/media?parent=20419"}],"wp:term":[{"taxonomy":"product_brand","embeddable":true,"href":"https:\/\/livinghome.vn\/thiet-bi\/wp-json\/wp\/v2\/product_brand?post=20419"},{"taxonomy":"product_cat","embeddable":true,"href":"https:\/\/livinghome.vn\/thiet-bi\/wp-json\/wp\/v2\/product_cat?post=20419"},{"taxonomy":"product_tag","embeddable":true,"href":"https:\/\/livinghome.vn\/thiet-bi\/wp-json\/wp\/v2\/product_tag?post=20419"}],"curies":[{"name":"wp","href":"https:\/\/api.w.org\/{rel}","templated":true}]}}