{"id":20410,"date":"2024-04-15T16:26:23","date_gmt":"2024-04-15T09:26:23","guid":{"rendered":"https:\/\/livinghome.vn\/thiet-bi\/?post_type=product&#038;p=20410"},"modified":"2024-11-29T14:19:00","modified_gmt":"2024-11-29T07:19:00","slug":"may-loc-nuoc-stiebel-eltron-maxstream","status":"publish","type":"product","link":"https:\/\/livinghome.vn\/thiet-bi\/may-loc-nuoc-stiebel-eltron-maxstream\/","title":{"rendered":"M\u00e1y L\u1ecdc N\u01b0\u1edbc Stiebel Eltron Maxstream, Nano, H\u00e0n Qu\u1ed1c"},"content":{"rendered":"<h2>Stiebel Eltron Maxstream &#8211; Made in Korea<\/h2>\n<h3>Thi\u1ebft k\u1ebf m\u00e1y<\/h3>\n<p>Stiebel Eltron Maxstream c\u00f3 th\u1ec3 l\u1eafp \u00e2m d\u01b0\u1edbi ch\u1eadu r\u1eeda ho\u1eb7c treo t\u01b0\u1eddng, gi\u00fap ti\u1ebft ki\u1ec7m kh\u00f4ng gian. Thi\u1ebft b\u1ecb n\u00e0y ph\u00f9 h\u1ee3p \u0111\u1ec3 l\u1ecdc ngu\u1ed3n n\u01b0\u1edbc m\u00e1y.<\/p>\n<h3>Kh\u1ea3 n\u0103ng l\u1ecdc<\/h3>\n<p>Stiebel Eltron Maxstream l\u00e0 m\u1ed9t m\u00e1y l\u1ecdc n\u01b0\u1edbc u\u1ed1ng d\u00e0nh cho s\u1eed d\u1ee5ng th\u01b0\u01a1ng m\u1ea1i v\u1edbi c\u00f4ng su\u1ea5t l\u1ecdc \u0111\u1ea1t 5.67 l\u00edt\/ph\u00fat, \u0111\u1ea3m b\u1ea3o cung c\u1ea5p ngu\u1ed3n n\u01b0\u1edbc s\u1ea1ch li\u00ean t\u1ee5c cho gia \u0111\u00ecnh su\u1ed1t c\u1ea3 ng\u00e0y.<\/p>\n<h3>C\u00f4ng ngh\u1ec7 l\u1ecdc NANO EPM<\/h3>\n<p>M\u00e1y l\u1ecdc n\u01b0\u1edbc Stiebel Eltron Maxstream s\u1eed d\u1ee5ng c\u00f4ng ngh\u1ec7 l\u1ecdc Nano EPM, cho ph\u00e9p lo\u1ea1i b\u1ecf 99.9999% vi khu\u1ea9n v\u00e0 99.99% virus, kh\u00f4ng t\u1ea1o ra n\u01b0\u1edbc th\u1ea3i v\u00e0 kh\u00f4ng g\u00e2y l\u00e3ng ph\u00ed n\u01b0\u1edbc.<\/p>\n<ul>\n<li>C\u1ea5p l\u1ecdc 1: L\u00f5i l\u1ecdc tr\u1ea7m t\u00edch x\u1ebfp n\u1ebfp &#8211; 5\u03bcm.<\/li>\n<li>C\u1ea5p l\u1ecdc 2: Vi s\u1ee3i t\u00edch \u0111i\u1ec7n \u0111i\u1ec7n c\u1ef1c nano (EMP) &#8211; 2 \u03bcm.<\/li>\n<li>C\u1ea5p l\u1ecdc 3: Kh\u1ed1i than ho\u1ea1t t\u00ednh v\u1edbi m\u00f4i tr\u01b0\u1eddng b\u1ea1c kh\u00e1ng khu\u1ea9n &#8211; 5 \u03bcm.<\/li>\n<li>C\u1ea5p l\u1ecdc 4: Qu\u1ea3 c\u1ea7u tinh th\u1ec3 polyphosphat ch\u1ed1ng c\u1ee9ng \u0111\u01b0\u1ee3c ch\u1ee9ng nh\u1eadn NSF 60.<\/li>\n<\/ul>\n<p>Vi\u1ec7c thay l\u00f5i l\u1ecdc r\u1ea5t d\u1ec5 d\u00e0ng nh\u1edd c\u01a1 ch\u1ebf xoay nh\u1eb9 \u0111\u1ec3 thay \u0111\u1ed5i l\u00f5i. Ngo\u00e0i ra, c\u00f4ng ngh\u1ec7 kh\u00e1ng khu\u1ea9n ion b\u1ea1c cung c\u1ea5p b\u1ea3o v\u1ec7 k\u00e9p cho b\u1ed9 l\u1ecdc n\u01b0\u1edbc, ti\u00eau di\u1ec7t c\u00e1c lo\u1ea1i vi khu\u1ea9n g\u00e2y h\u1ea1i trong n\u01b0\u1edbc.<\/p>\n<figure id=\"attachment_20411\" aria-describedby=\"caption-attachment-20411\" style=\"width: 900px\" class=\"wp-caption aligncenter\"><img loading=\"lazy\" decoding=\"async\" class=\"size-full wp-image-20411\" src=\"https:\/\/livinghome.vn\/thiet-bi\/wp-content\/uploads\/2024\/04\/may-loc-nuoc-stiebel-eltron-maxstrea-2.jpg\" alt=\"M\u00e1y l\u1ecdc n\u01b0\u1edbc Stiebel Eltron Maxstream \" width=\"900\" height=\"900\" title=\"\" srcset=\"https:\/\/livinghome.vn\/thiet-bi\/wp-content\/uploads\/2024\/04\/may-loc-nuoc-stiebel-eltron-maxstrea-2.jpg 900w, https:\/\/livinghome.vn\/thiet-bi\/wp-content\/uploads\/2024\/04\/may-loc-nuoc-stiebel-eltron-maxstrea-2-400x400.jpg 400w, https:\/\/livinghome.vn\/thiet-bi\/wp-content\/uploads\/2024\/04\/may-loc-nuoc-stiebel-eltron-maxstrea-2-800x800.jpg 800w, https:\/\/livinghome.vn\/thiet-bi\/wp-content\/uploads\/2024\/04\/may-loc-nuoc-stiebel-eltron-maxstrea-2-280x280.jpg 280w, https:\/\/livinghome.vn\/thiet-bi\/wp-content\/uploads\/2024\/04\/may-loc-nuoc-stiebel-eltron-maxstrea-2-768x768.jpg 768w, https:\/\/livinghome.vn\/thiet-bi\/wp-content\/uploads\/2024\/04\/may-loc-nuoc-stiebel-eltron-maxstrea-2-300x300.jpg 300w, https:\/\/livinghome.vn\/thiet-bi\/wp-content\/uploads\/2024\/04\/may-loc-nuoc-stiebel-eltron-maxstrea-2-600x600.jpg 600w, https:\/\/livinghome.vn\/thiet-bi\/wp-content\/uploads\/2024\/04\/may-loc-nuoc-stiebel-eltron-maxstrea-2-100x100.jpg 100w\" sizes=\"auto, (max-width: 900px) 100vw, 900px\" \/><figcaption id=\"caption-attachment-20411\" class=\"wp-caption-text\">M\u00e1y l\u1ecdc n\u01b0\u1edbc Stiebel Eltron Maxstream<\/figcaption><\/figure>\n<h3>Kh\u00f4ng d\u00f9ng \u0111i\u1ec7n<\/h3>\n<p>M\u00e1y l\u1ecdc n\u01b0\u1edbc Maxstream s\u1eed d\u1ee5ng ki\u1ec3u l\u1eafp \u0111\u1eb7t &#8220;Plug and play&#8221; (c\u1eafm v\u00e0o l\u00e0 ch\u1ea1y) v\u00e0 kh\u00f4ng s\u1eed d\u1ee5ng \u0111i\u1ec7n ho\u1eb7c b\u00ecnh ch\u1ee9a. M\u00e1y ph\u00f9 h\u1ee3p \u0111\u1ec3 l\u1ecdc n\u01b0\u1edbc cho c\u00e1c m\u1ee5c \u0111\u00edch s\u1eed d\u1ee5ng tr\u1ef1c ti\u1ebfp, bao g\u1ed3m v\u00f2i r\u00f3t n\u01b0\u1edbc n\u00f3ng\/l\u1ea1nh, t\u1ee7 l\u1ea1nh, m\u00e1y pha c\u00e0 ph\u00ea ho\u1eb7c m\u00e1y l\u00e0m \u0111\u00e1.<\/p>\n","protected":false},"excerpt":{"rendered":"<ul>\n<li>Ki\u1ec3u l\u1eafp \u0111\u1eb7t: \u00c2m t\u1ee7 b\u1ebfp, Treo t\u01b0\u1eddng<\/li>\n<li>C\u00f4ng ngh\u1ec7 l\u1ecdc: C\u00f4ng ngh\u1ec7 Nano<\/li>\n<li>S\u1ed1 l\u00f5i: 1 l\u00f5i<\/li>\n<li>C\u00f4ng su\u1ea5t l\u1ecdc: 5.67 l\u00edt\/ph\u00fat<\/li>\n<li>C\u00f4ng su\u1ea5t: 4.500W<\/li>\n<li>L\u1ecdc ngu\u1ed3n n\u01b0\u1edbc: N\u01b0\u1edbc m\u00e1y<\/li>\n<li>Xu\u1ea5t x\u1ee9 th\u01b0\u01a1ng hi\u1ec7u: \u0110\u1ee9c<\/li>\n<li>S\u1ea3n xu\u1ea5t t\u1ea1i: H\u00e0n Qu\u1ed1c<\/li>\n<\/ul>\n","protected":false},"featured_media":20694,"comment_status":"open","ping_status":"closed","template":"","meta":[],"product_brand":[],"product_cat":[399,1978,1937],"product_tag":[],"class_list":{"0":"post-20410","1":"product","2":"type-product","3":"status-publish","4":"has-post-thumbnail","6":"product_cat-may-loc-nuoc","7":"product_cat-may-loc-nuoc-stiebel-eltron","8":"product_cat-thuong-hieu-stiebel-eltron","10":"first","11":"instock","12":"sale","13":"shipping-taxable","14":"purchasable","15":"product-type-simple"},"_links":{"self":[{"href":"https:\/\/livinghome.vn\/thiet-bi\/wp-json\/wp\/v2\/product\/20410","targetHints":{"allow":["GET"]}}],"collection":[{"href":"https:\/\/livinghome.vn\/thiet-bi\/wp-json\/wp\/v2\/product"}],"about":[{"href":"https:\/\/livinghome.vn\/thiet-bi\/wp-json\/wp\/v2\/types\/product"}],"replies":[{"embeddable":true,"href":"https:\/\/livinghome.vn\/thiet-bi\/wp-json\/wp\/v2\/comments?post=20410"}],"wp:featuredmedia":[{"embeddable":true,"href":"https:\/\/livinghome.vn\/thiet-bi\/wp-json\/wp\/v2\/media\/20694"}],"wp:attachment":[{"href":"https:\/\/livinghome.vn\/thiet-bi\/wp-json\/wp\/v2\/media?parent=20410"}],"wp:term":[{"taxonomy":"product_brand","embeddable":true,"href":"https:\/\/livinghome.vn\/thiet-bi\/wp-json\/wp\/v2\/product_brand?post=20410"},{"taxonomy":"product_cat","embeddable":true,"href":"https:\/\/livinghome.vn\/thiet-bi\/wp-json\/wp\/v2\/product_cat?post=20410"},{"taxonomy":"product_tag","embeddable":true,"href":"https:\/\/livinghome.vn\/thiet-bi\/wp-json\/wp\/v2\/product_tag?post=20410"}],"curies":[{"name":"wp","href":"https:\/\/api.w.org\/{rel}","templated":true}]}}