{"id":20386,"date":"2024-04-15T15:23:17","date_gmt":"2024-04-15T08:23:17","guid":{"rendered":"https:\/\/livinghome.vn\/thiet-bi\/?post_type=product&#038;p=20386"},"modified":"2024-11-29T14:19:00","modified_gmt":"2024-11-29T07:19:00","slug":"loi-loc-nuoc-stiebel-eltron-maxstream","status":"publish","type":"product","link":"https:\/\/livinghome.vn\/thiet-bi\/loi-loc-nuoc-stiebel-eltron-maxstream\/","title":{"rendered":"L\u00f5i l\u1ecdc n\u01b0\u1edbc Stiebel Eltron MAXSTREAM FILTER CARTRIDGE 15 inch"},"content":{"rendered":"<h2>Th\u00f4ng tin chi ti\u1ebft v\u1ec1 l\u00f5i l\u1ecdc n\u01b0\u1edbc Stiebel Eltron MAXSTREAM<\/h2>\n<h3>C\u00e1c b\u01b0\u1edbc l\u1ecdc:<\/h3>\n<p><strong>B\u01b0\u1edbc l\u1ecdc 1<\/strong> &#8211; B\u1ed9 l\u1ecdc tr\u1ea7m t\u00edch x\u1ebfp n\u1ebfp- PP &#8211; 5 micron<\/p>\n<p>&#8211; L\u1ecdc c\u00e1c r\u1ec9 s\u00e9t, c\u1eb7n b\u1ea9n v\u00e0 c\u00e1c h\u1ea1t l\u1edbn h\u01a1n 5 micron<\/p>\n<p>&#8211; Tr\u1ea7m t\u00edch x\u1ebfp n\u1ebfp s\u1edf h\u1eefu b\u1ec1 m\u1eb7t b\u1ed9 l\u1ecdc di\u1ec7n t\u00edch l\u1edbn so v\u1edbi c\u00e1c \u1ee9ng d\u1ee5ng kh\u00e1c, c\u00f3<\/p>\n<p>kh\u1ea3 n\u0103ng gi\u1eef b\u1ee5i b\u1ea9n cao h\u01a1n<\/p>\n<p><strong>B\u01b0\u1edbc l\u1ecdc 2<\/strong> \u2013 M\u00e0ng l\u1ecdc \u0111i\u1ec7n c\u1ef1c d\u01b0\u01a1ng (Nano EPM) &#8211; S\u1ee3i th\u1ee7y<\/p>\n<p>tinh borosilicat &#8211; 2 micron<\/p>\n<p>&#8211; \u0110\u01b0\u1ee3c t\u1ea1o ra b\u1edfi c\u00e1c s\u1ee3i m\u1ecbn c\u00f3 ch\u1ee9a \u0111i\u1ec7n t\u00edch d\u01b0\u01a1ng, t\u1ea1o th\u00e0nh m\u1ed9t l\u01b0\u1ee3ng l\u1edbn di\u1ec7n t\u00edch t\u1ef1 do \u0111\u1ec3 b\u1eaft c\u00e1c h\u1ea1t v\u00e0 li\u00ean k\u1ebft l\u1ea1i, M\u00e0ng Nano EPM \u0111\u01b0\u1ee3c c\u1ea3i ti\u1ebfn c\u00f3 th\u1ec3 lo\u1ea1i b\u1ecf Vi khu\u1ea9n (Vacillus, E. coli v\u00e0 Staphylococcus aureus), Virus (Norovirus). N\u00f3 c\u0169ng kh\u1eed kim lo\u1ea1i n\u1eb7ng (Hg, Pb, Cr, Fe v\u00e0 Al\u2026) v\u00e0 cung c\u1ea5p n\u01b0\u1edbc u\u1ed1ng s\u1ea1ch v\u00e0 an to\u00e0n v\u1ec1 m\u1eb7t vi sinh.<\/p>\n<figure id=\"attachment_20387\" aria-describedby=\"caption-attachment-20387\" style=\"width: 900px\" class=\"wp-caption aligncenter\"><img loading=\"lazy\" decoding=\"async\" class=\"size-full wp-image-20387\" src=\"https:\/\/livinghome.vn\/thiet-bi\/wp-content\/uploads\/2024\/04\/loi-loc-nuoc-stiebel-eltron-maxstream-1.jpg\" alt=\" L\u00f5i l\u1ecdc n\u01b0\u1edbc Stiebel Eltron MAXSTREAM \" width=\"900\" height=\"900\" title=\"\"><figcaption id=\"caption-attachment-20387\" class=\"wp-caption-text\">L\u00f5i l\u1ecdc n\u01b0\u1edbc Stiebel Eltron MAXSTREAM<\/figcaption><\/figure>\n<p><strong>B\u01b0\u1edbc l\u1ecdc 3<\/strong> &#8211; Kh\u1ed1i than ho\u1ea1t t\u00ednh &#8211; 5 micron<\/p>\n<p>B\u00f3ng g\u1ed1m b\u1ea1c kh\u00e1ng khu\u1ea9n<\/p>\n<p>&#8211; \u0110\u01b0\u1ee3c l\u00e0m t\u1eeb b\u1ed9t carbon ch\u1ea5t l\u01b0\u1ee3ng cao nh\u1ea5t v\u1edbi ch\u1ea5t k\u1ebft d\u00ednh nh\u1ef1a \u0111\u1eb7c bi\u1ec7t<\/p>\n<p>&#8211; Kh\u1eed clo d\u01b0<\/p>\n<p>&#8211; L\u00e0m gi\u1ea3m Trihalomethanes (TTHM) v\u00e0 c\u00e1c th\u00e0nh ph\u1ea7n h\u1eefu c\u01a1 d\u1ec5 bay h\u01a1i (VOC)<\/p>\n<p>&#8211; L\u00e0m gi\u1ea3m m\u00f9i v\u1ecb v\u00e0 m\u00f9i h\u00f4i<\/p>\n<p>&#8211; C\u00e1c ion b\u1ea1c ng\u0103n ch\u1eb7n s\u1ef1 ph\u00e1t tri\u1ec3n c\u1ee7a vi khu\u1ea9n b\u00ean trong ph\u01b0\u01a1ng ti\u1ec7n l\u1ecdc v\u00e0 \u00f4 nhi\u1ec5m b\u00ean ngo\u00e0i<\/p>\n<p><strong>B\u01b0\u1edbc l\u1ecdc 4<\/strong> &#8211; Ch\u1ea5t \u1ee9c ch\u1ebf c\u00e1u c\u1eb7n<\/p>\n<p>&#8211; Polyphosphate ch\u1ea5t l\u01b0\u1ee3ng cao (Siliphos tan ch\u1eadm)<\/p>\n<p>&#8211; Gi\u1ea3m c\u00e1u c\u1eb7n &amp; \u0103n m\u00f2n (\u0111\u1eb7c bi\u1ec7t khi s\u1eed d\u1ee5ng v\u1edbi \u1ed5 c\u1eafm s\u01b0\u1edfi)<\/p>\n<p>&#8211; Kh\u00f4ng r\u1eeda s\u1ea1ch qu\u00e1 nhi\u1ec1u n\u1ebfu b\u1ed9 l\u1ecdc n\u01b0\u1edbc kh\u00f4ng \u0111\u01b0\u1ee3c s\u1eed d\u1ee5ng trong m\u1ed9t th\u1eddi gian d\u00e0i.<\/p>\n<p>&#8211; V\u1eadt li\u1ec7u ch\u1ea5t l\u01b0\u1ee3ng cao v\u1edbi ch\u1ee9ng nh\u1eadn NSF 61<\/p>\n<h2>\u0110i\u1ec3m n\u1ed5i b\u1eadt c\u1ee7a s\u1ea3n ph\u1ea9m l\u00f5i l\u1ecdc n\u01b0\u1edbc Stiebel Eltron MAXSTREAM<\/h2>\n<ul>\n<li>V\u1ecb n\u01b0\u1edbc u\u1ed1ng ngon \u0111\u01b0\u1ee3c t\u1ea1o ra t\u1eeb m\u1ed9t thi\u1ebft k\u1ebf m\u1ea1nh m\u1ebd<\/li>\n<li>C\u00e0i \u0111\u1eb7t Plug and Play, kh\u00f4ng d\u00f9ng \u0111i\u1ec7n, kh\u00f4ng c\u1ea7n b\u00ecnh ch\u1ee9a<\/li>\n<li>L\u01b0u l\u01b0\u1ee3ng cao t\u1ee9c th\u00ec cho nhu c\u1ea7u cao c\u00f9ng m\u1ed9t l\u00fac, kh\u00f4ng c\u00f3 n\u01b0\u1edbc th\u1ea3i<\/li>\n<li>Thay th\u1ebf b\u1ed9 l\u1ecdc nhanh ch\u00f3ng v\u1edbi ph\u01b0\u01a1ng ph\u00e1p SQC (Thay \u0111\u1ed5i nhanh v\u1ec7 sinh) ch\u1ec9 trong v\u00e0i gi\u00e2y, kh\u00f4ng c\u1ea7n d\u1ee5ng c\u1ee5<\/li>\n<li>\u0110\u1ea3m b\u1ea3o an to\u00e0n th\u00f4ng qua c\u1ea5u tr\u00fac phim (tu\u00e2n theo Quy \u0111\u1ecbnh ki\u1ec3m tra t\u00ednh to\u00e0n v\u1eb9n c\u1ee7a c\u1ea5u tr\u00fac NSF)<\/li>\n<li>S\u1eed d\u1ee5ng c\u00e1c v\u1eadt li\u1ec7u \u0111\u01b0\u1ee3c NSF ph\u00ea duy\u1ec7t<\/li>\n<li>Ti\u1ebft ki\u1ec7m kh\u00f4ng gian v\u1edbi h\u00ecnh d\u00e1ng nh\u1ecf g\u1ecdn nh\u01b0ng b\u1ec1n<\/li>\n<li>\u1ee8ng d\u1ee5ng \u0111a d\u1ea1ng cho nhu c\u1ea7u u\u1ed1ng tr\u1ef1c ti\u1ebfp, m\u00e1y l\u1ecdc n\u00f3ng \/ l\u1ea1nh, t\u1ee7 l\u1ea1nh, m\u00e1y pha c\u00e0 ph\u00ea &amp; m\u00e1y l\u00e0m \u0111\u00e1\u2026 (v\u1edbi polyphosphat tan ch\u1eadm \u0111\u1ec3 gi\u1ea3m c\u1eb7n)<\/li>\n<\/ul>\n","protected":false},"excerpt":{"rendered":"<p>C\u1ea5p l\u1ecdc: 4 c\u1ea5p l\u1ecdc<\/p>\n<p>Xu\u1ea5t x\u1ee9 th\u01b0\u01a1ng hi\u1ec7u: \u0110\u1ee9c<\/p>\n<p>S\u1ea3n xu\u1ea5t t\u1ea1i: H\u00e0n Qu\u1ed1c<\/p>\n","protected":false},"featured_media":21216,"comment_status":"open","ping_status":"closed","template":"","meta":[],"product_brand":[],"product_cat":[1974,1975,1937],"product_tag":[],"class_list":{"0":"post-20386","1":"product","2":"type-product","3":"status-publish","4":"has-post-thumbnail","6":"product_cat-loi-loc-nuoc","7":"product_cat-loi-loc-nuoc-stiebel-eltron","8":"product_cat-thuong-hieu-stiebel-eltron","10":"first","11":"instock","12":"sale","13":"shipping-taxable","14":"purchasable","15":"product-type-simple"},"_links":{"self":[{"href":"https:\/\/livinghome.vn\/thiet-bi\/wp-json\/wp\/v2\/product\/20386","targetHints":{"allow":["GET"]}}],"collection":[{"href":"https:\/\/livinghome.vn\/thiet-bi\/wp-json\/wp\/v2\/product"}],"about":[{"href":"https:\/\/livinghome.vn\/thiet-bi\/wp-json\/wp\/v2\/types\/product"}],"replies":[{"embeddable":true,"href":"https:\/\/livinghome.vn\/thiet-bi\/wp-json\/wp\/v2\/comments?post=20386"}],"wp:featuredmedia":[{"embeddable":true,"href":"https:\/\/livinghome.vn\/thiet-bi\/wp-json\/wp\/v2\/media\/21216"}],"wp:attachment":[{"href":"https:\/\/livinghome.vn\/thiet-bi\/wp-json\/wp\/v2\/media?parent=20386"}],"wp:term":[{"taxonomy":"product_brand","embeddable":true,"href":"https:\/\/livinghome.vn\/thiet-bi\/wp-json\/wp\/v2\/product_brand?post=20386"},{"taxonomy":"product_cat","embeddable":true,"href":"https:\/\/livinghome.vn\/thiet-bi\/wp-json\/wp\/v2\/product_cat?post=20386"},{"taxonomy":"product_tag","embeddable":true,"href":"https:\/\/livinghome.vn\/thiet-bi\/wp-json\/wp\/v2\/product_tag?post=20386"}],"curies":[{"name":"wp","href":"https:\/\/api.w.org\/{rel}","templated":true}]}}