{"id":20373,"date":"2024-04-15T16:00:14","date_gmt":"2024-04-15T09:00:14","guid":{"rendered":"https:\/\/livinghome.vn\/thiet-bi\/?post_type=product&#038;p=20373"},"modified":"2024-11-29T15:58:09","modified_gmt":"2024-11-29T08:58:09","slug":"may-nuoc-nong-stiebel-eltron-esh-50-h-plus-t-vn","status":"publish","type":"product","link":"https:\/\/livinghome.vn\/thiet-bi\/may-nuoc-nong-stiebel-eltron-esh-50-h-plus-t-vn\/","title":{"rendered":"M\u00e1y N\u01b0\u1edbc N\u00f3ng Gi\u00e1n Ti\u1ebfp Stiebel Eltron ESH 50 H Plus T-VN, 50 L\u00edt, Th\u00e1i Lan"},"content":{"rendered":"<p>M\u00e1y n\u01b0\u1edbc n\u00f3ng Stiebel Eltron ESH 50 H Plus T-VN, v\u1edbi b\u00ecnh 50 l\u00edt v\u00e0 v\u1ecf ch\u1ed1ng th\u1ea5m IP24, cung c\u1ea5p nhi\u1ec7t \u0111\u1ed9 n\u01b0\u1edbc t\u1ed1i \u0111a 75 \u0111\u1ed9 C. C\u1ea7u dao ELCB b\u1ea3o v\u1ec7 an to\u00e0n, th\u00edch h\u1ee3p cho mi\u1ec1n B\u1eafc v\u00e0 n\u01a1i nhi\u1ec7t \u0111\u1ed9 d\u01b0\u1edbi 20 \u0111\u1ed9 C.<\/p>\n<h2>\u0110\u1eb7c \u0111i\u1ec3m n\u1ed5i b\u1eadt c\u1ee7a m\u00e1y n\u01b0\u1edbc n\u00f3ng Stiebel Eltron ESH 50 H Plus T-VN<\/h2>\n<div>\u2022\u00a0 M\u00e1y n\u01b0\u1edbc n\u00f3ng n\u00e0y c\u00f3 kh\u1ea3 n\u0103ng \u0111un n\u01b0\u1edbc l\u00ean \u0111\u1ebfn 75 \u0111\u1ed9 C.<\/div>\n<div>\u2022\u00a0 S\u1edf h\u1eefu m\u1ed9t b\u00ecnh ch\u1ee9a c\u00f3 dung t\u00edch 50 l\u00edt, ph\u00f9 h\u1ee3p v\u1edbi nhu c\u1ea7u c\u1ee7a gia \u0111\u00ecnh t\u1eeb 4 &#8211; 5 ng\u01b0\u1eddi.<\/div>\n<div>\u2022\u00a0 Thanh nhi\u1ec7t \u0111\u01b0\u1ee3c ch\u1ebf t\u1ea1o t\u1eeb \u0111\u1ed3ng, gi\u00fap n\u01b0\u1edbc n\u00f3ng l\u00ean m\u1ed9t c\u00e1ch nhanh ch\u00f3ng.<\/div>\n<div>\u2022\u00a0 An to\u00e0n \u0111\u01b0\u1ee3c \u0111\u1ea3m b\u1ea3o nh\u1edd c\u1ea7u dao ELCB, t\u1ef1 \u0111\u1ed9ng ng\u1eaft \u0111i\u1ec7n khi c\u00f3 s\u1ef1 c\u1ed1 r\u00f2 r\u1ec9.<\/div>\n<div>\u2022\u00a0 N\u00fam v\u1eb7n cho ph\u00e9p b\u1ea1n d\u1ec5 d\u00e0ng t\u00f9y ch\u1ec9nh nhi\u1ec7t \u0111\u1ed9 theo \u00fd mu\u1ed1n.<\/div>\n<div>\u2022\u00a0 M\u00e1y c\u0169ng t\u01b0\u01a1ng th\u00edch v\u1edbi ti\u00eau chu\u1ea9n EMC, \u0111\u1ea3m b\u1ea3o an to\u00e0n \u0111i\u1ec7n t\u1eeb.<\/div>\n<div>\u2022\u00a0 C\u00f4ng ngh\u1ec7 CLL gi\u00fap ph\u00e1t hi\u1ec7n r\u00f2 r\u1ec9 \u0111i\u1ec7n.<\/div>\n<div>\u2022\u00a0 B\u00ecnh \u0111\u01b0\u1ee3c c\u00e1ch nhi\u1ec7t b\u1eb1ng l\u1edbp PU m\u1eadt \u0111\u1ed9 cao, gi\u1eef nhi\u1ec7t hi\u1ec7u qu\u1ea3.<\/div>\n<div>\u2022\u00a0 V\u1ecf b\u00ecnh l\u00e0m t\u1eeb nh\u1ef1a PP v\u00e0 l\u00f2ng b\u00ecnh t\u1eeb th\u00e9p tr\u00e1ng men ch\u1ed1ng g\u1ec9, cung c\u1ea5p \u0111\u1ed9 b\u1ec1n cao.<\/div>\n<div>\u2022\u00a0 V\u1ecf m\u00e1y c\u00f3 kh\u1ea3 n\u0103ng ch\u1ed1ng th\u1ea5m n\u01b0\u1edbc IP24.<\/div>\n<div>\u2022\u00a0 V\u1edbi c\u00f4ng su\u1ea5t 2.500W, m\u00e1y c\u00f3 th\u1ec3 l\u00e0m n\u00f3ng n\u01b0\u1edbc c\u1ef1c k\u1ef3 nhanh ch\u00f3ng.<\/div>\n<div><img loading=\"lazy\" decoding=\"async\" class=\"alignnone size-full wp-image-20396\" src=\"https:\/\/livinghome.vn\/thiet-bi\/wp-content\/uploads\/2024\/04\/may-nuoc-nong-stiebel-eltron-esh-50-h-plus-t-vn-9.jpg\" alt=\"\" width=\"1200\" height=\"900\" title=\"\" srcset=\"https:\/\/livinghome.vn\/thiet-bi\/wp-content\/uploads\/2024\/04\/may-nuoc-nong-stiebel-eltron-esh-50-h-plus-t-vn-9.jpg 1200w, https:\/\/livinghome.vn\/thiet-bi\/wp-content\/uploads\/2024\/04\/may-nuoc-nong-stiebel-eltron-esh-50-h-plus-t-vn-9-533x400.jpg 533w, https:\/\/livinghome.vn\/thiet-bi\/wp-content\/uploads\/2024\/04\/may-nuoc-nong-stiebel-eltron-esh-50-h-plus-t-vn-9-1067x800.jpg 1067w, https:\/\/livinghome.vn\/thiet-bi\/wp-content\/uploads\/2024\/04\/may-nuoc-nong-stiebel-eltron-esh-50-h-plus-t-vn-9-768x576.jpg 768w, https:\/\/livinghome.vn\/thiet-bi\/wp-content\/uploads\/2024\/04\/may-nuoc-nong-stiebel-eltron-esh-50-h-plus-t-vn-9-600x450.jpg 600w\" sizes=\"auto, (max-width: 1200px) 100vw, 1200px\" \/><\/div>\n<p class=\"_ilcss0_\">C\u1ea5u t\u1ea1o m\u00e1y n\u01b0\u1edbc n\u00f3ng gi\u00e1n ti\u1ebfp Stiebel Eltron ESH 50 H Plus T-VN<\/p>\n<h2>Th\u00f4ng tin k\u1ef9 thu\u1eadt v\u1ec1 b\u00ecnh n\u00f3ng l\u1ea1nh gi\u00e1n ti\u1ebfp Stiebel Eltron ESH 50 H Plus T-VN<\/h2>\n<h3>Dung t\u00edch b\u00ecnh ch\u1ee9a l\u1edbn 50 l\u00edt<\/h3>\n<p>B\u00ecnh n\u00f3ng l\u1ea1nh Stiebel Eltron ESH 50 H Plus T-VN v\u1edbi dung t\u00edch 50 l\u00edt l\u00e0 gi\u1ea3i ph\u00e1p l\u00fd t\u01b0\u1edfng cho nhu c\u1ea7u n\u01b0\u1edbc n\u00f3ng h\u00e0ng ng\u00e0y. M\u1ed9t l\u1ea7n \u0111un l\u00e0 \u0111\u1ee7 cho nhi\u1ec1u ng\u01b0\u1eddi t\u1eafm, ph\u00f9 h\u1ee3p v\u1edbi gia \u0111\u00ecnh 4 &#8211; 5 ng\u01b0\u1eddi, \u0111\u1ea3m b\u1ea3o m\u1ecdi th\u00e0nh vi\u00ean \u0111\u1ec1u c\u00f3 th\u1ec3 t\u1eadn h\u01b0\u1edfng n\u01b0\u1edbc n\u00f3ng m\u00e0 kh\u00f4ng c\u1ea7n ch\u1edd \u0111\u1ee3i.<\/p>\n<h3>Nhi\u1ec7t \u0111\u1ed9 l\u00e0m n\u00f3ng n\u01b0\u1edbc t\u1ed1i \u0111a 75 \u0111\u1ed9 C<\/h3>\n<p>M\u00e1y n\u01b0\u1edbc n\u00f3ng n\u00e0y c\u00f3 kh\u1ea3 n\u0103ng \u0111\u1ea1t nhi\u1ec7t \u0111\u1ed9 t\u1ed1i \u0111a 75 \u0111\u1ed9 C, v\u1edbi c\u00f4ng su\u1ea5t 2.500W v\u00e0 ho\u1ea1t \u0111\u1ed9ng \u1edf \u0111i\u1ec7n \u00e1p 220V &#8211; 240V. \u0110\u00e2y l\u00e0 s\u1ef1 l\u1ef1a ch\u1ecdn ho\u00e0n h\u1ea3o cho nh\u1eefng khu v\u1ef1c c\u00f3 kh\u00ed h\u1eadu l\u1ea1nh nh\u01b0 mi\u1ec1n B\u1eafc, ho\u1eb7c c\u00e1c n\u01a1i m\u00e0 nhi\u1ec7t \u0111\u1ed9 th\u01b0\u1eddng xuy\u00ean xu\u1ed1ng d\u01b0\u1edbi 20 \u0111\u1ed9 C.<\/p>\n<h3>T\u01b0\u01a1ng th\u00edch \u0111i\u1ec7n t\u1eeb EMC<\/h3>\n<p>T\u00ednh n\u0103ng n\u00e0y \u0111\u1ea3m b\u1ea3o r\u1eb1ng b\u00ecnh n\u00f3ng l\u1ea1nh c\u00f3 th\u1ec3 v\u1eadn h\u00e0nh m\u01b0\u1ee3t m\u00e0 trong m\u00f4i tr\u01b0\u1eddng c\u00f3 nhi\u1ec1u thi\u1ebft b\u1ecb \u0111i\u1ec7n t\u1eed, kh\u00f4ng g\u00e2y ra hi\u1ec7n t\u01b0\u1ee3ng nhi\u1ec5u l\u00ean c\u00e1c thi\u1ebft b\u1ecb kh\u00e1c \u0111\u01b0\u1ee3c \u0111\u1eb7t g\u1ea7n \u0111\u00f3.<\/p>\n<p><img loading=\"lazy\" decoding=\"async\" class=\"alignnone size-full wp-image-20407\" src=\"https:\/\/livinghome.vn\/thiet-bi\/wp-content\/uploads\/2024\/04\/may-nuoc-nong-stiebel-eltron-esh-50-h-plus-t-vn-10.jpg\" alt=\"\" width=\"1200\" height=\"671\" title=\"\" srcset=\"https:\/\/livinghome.vn\/thiet-bi\/wp-content\/uploads\/2024\/04\/may-nuoc-nong-stiebel-eltron-esh-50-h-plus-t-vn-10.jpg 1200w, https:\/\/livinghome.vn\/thiet-bi\/wp-content\/uploads\/2024\/04\/may-nuoc-nong-stiebel-eltron-esh-50-h-plus-t-vn-10-715x400.jpg 715w, https:\/\/livinghome.vn\/thiet-bi\/wp-content\/uploads\/2024\/04\/may-nuoc-nong-stiebel-eltron-esh-50-h-plus-t-vn-10-768x429.jpg 768w, https:\/\/livinghome.vn\/thiet-bi\/wp-content\/uploads\/2024\/04\/may-nuoc-nong-stiebel-eltron-esh-50-h-plus-t-vn-10-600x336.jpg 600w\" sizes=\"auto, (max-width: 1200px) 100vw, 1200px\" \/><\/p>\n<p class=\"_ilcss0_\">M\u00e1y n\u01b0\u1edbc n\u00f3ng gi\u1ea3m nhi\u1ec5u c\u00e1c thi\u1ebft b\u1ecb \u0111i\u1ec7n trong nh\u00e0<\/p>\n<h3>Thanh nhi\u1ec7t b\u1eb1ng \u0111\u1ed3ng<\/h3>\n<p>Ch\u1ea5t li\u1ec7u n\u00e0y c\u00f3 tu\u1ed5i th\u1ecd cao, v\u1eeba mang l\u1ea1i hi\u1ec7u qu\u1ea3 l\u00e0m n\u00f3ng n\u01b0\u1edbc nhanh l\u1ea1i h\u1ea1n ch\u1ebf \u0103n m\u00f2n, s\u1eed d\u1ee5ng b\u1ec1n l\u00e2u.<\/p>\n<p><img loading=\"lazy\" decoding=\"async\" class=\"alignnone size-full wp-image-20405\" src=\"https:\/\/livinghome.vn\/thiet-bi\/wp-content\/uploads\/2024\/04\/may-nuoc-nong-stiebel-eltron-esh-50-h-plus-t-vn-11.jpg\" alt=\"\" width=\"1200\" height=\"671\" title=\"\" srcset=\"https:\/\/livinghome.vn\/thiet-bi\/wp-content\/uploads\/2024\/04\/may-nuoc-nong-stiebel-eltron-esh-50-h-plus-t-vn-11.jpg 1200w, https:\/\/livinghome.vn\/thiet-bi\/wp-content\/uploads\/2024\/04\/may-nuoc-nong-stiebel-eltron-esh-50-h-plus-t-vn-11-715x400.jpg 715w, https:\/\/livinghome.vn\/thiet-bi\/wp-content\/uploads\/2024\/04\/may-nuoc-nong-stiebel-eltron-esh-50-h-plus-t-vn-11-768x429.jpg 768w, https:\/\/livinghome.vn\/thiet-bi\/wp-content\/uploads\/2024\/04\/may-nuoc-nong-stiebel-eltron-esh-50-h-plus-t-vn-11-600x336.jpg 600w\" sizes=\"auto, (max-width: 1200px) 100vw, 1200px\" \/><\/p>\n<p class=\"_ilcss0_\">Thanh nhi\u1ec7t b\u1eb1ng \u0111\u1ed3ng l\u00e0m n\u01b0\u1edbc n\u00f3ng nhanh<\/p>\n<h3>C\u00e1c ch\u1ebf \u0111\u1ed9 an to\u00e0n t\u00edch h\u1ee3p tr\u00ean m\u00e1y<\/h3>\n<div><strong>\u2022\u00a0 C\u1ea7u dao ch\u1ed1ng r\u00f2 \u0111i\u1ec7n ELCB:<\/strong> T\u1ef1 \u0111\u1ed9ng ng\u1eaft \u0111i\u1ec7n khi ph\u00e1t hi\u1ec7n r\u00f2 r\u1ec9, b\u1ea3o v\u1ec7 ng\u01b0\u1eddi d\u00f9ng kh\u1ecfi nguy c\u01a1 \u0111i\u1ec7n gi\u1eadt.<\/div>\n<div><strong>\u2022\u00a0 C\u00f4ng ngh\u1ec7 CLL:<\/strong> Cung c\u1ea5p b\u1ea3o v\u1ec7 k\u00e9p, ng\u0103n ch\u1eb7n \u0111i\u1ec7n gi\u1eadt nh\u1edd kh\u1ea3 n\u0103ng c\u00e1ch nhi\u1ec7t t\u1ed1i \u01b0u.<\/div>\n<div><strong>\u2022\u00a0 T\u00ednh n\u0103ng c\u00e1ch \u0111i\u1ec7n:<\/strong> T\u0103ng c\u01b0\u1eddng an to\u00e0n cho thi\u1ebft b\u1ecb \u0111i\u1ec7n trong nh\u00e0, ph\u00f2ng tr\u00e1nh s\u1ef1 c\u1ed1 do r\u00f2 \u0111i\u1ec7n.<\/div>\n<div><strong>\u2022\u00a0 V\u1ecf m\u00e1y ch\u1ed1ng th\u1ea5m n\u01b0\u1edbc IP24<\/strong>: B\u1ea3o v\u1ec7 linh ki\u1ec7n b\u00ean trong kh\u1ecfi b\u1ee5i v\u00e0 n\u01b0\u1edbc, gi\u00fap m\u00e1y ho\u1ea1t \u0111\u1ed9ng b\u1ec1n b\u1ec9 v\u00e0 an to\u00e0n h\u01a1n.<\/div>\n<h3>Thi\u1ebft k\u1ebf c\u1ee7a b\u00ecnh<\/h3>\n<p>M\u00e1y n\u01b0\u1edbc n\u00f3ng Stiebel Eltron\u00a0s\u1edf h\u1eefu ki\u1ec3u d\u00e1ng h\u00ecnh tr\u1ee5 n\u1eb1m ngang, s\u1edf h\u1eefu gam m\u00e0u tr\u1eafng t\u01b0\u01a1i s\u00e1ng, t\u1ea1o \u0111i\u1ec3m nh\u1ea5n cho ph\u00f2ng t\u1eafm th\u00eam hi\u1ec7n \u0111\u1ea1i v\u00e0 \u0111\u1eb9p m\u1eaft h\u01a1n.<\/p>\n<p class=\"_ilcss0_\"><img loading=\"lazy\" decoding=\"async\" class=\"alignnone size-full wp-image-20406\" src=\"https:\/\/livinghome.vn\/thiet-bi\/wp-content\/uploads\/2024\/04\/may-nuoc-nong-stiebel-eltron-esh-50-h-plus-t-vn-12.jpg\" alt=\"\" width=\"1200\" height=\"671\" title=\"\" srcset=\"https:\/\/livinghome.vn\/thiet-bi\/wp-content\/uploads\/2024\/04\/may-nuoc-nong-stiebel-eltron-esh-50-h-plus-t-vn-12.jpg 1200w, https:\/\/livinghome.vn\/thiet-bi\/wp-content\/uploads\/2024\/04\/may-nuoc-nong-stiebel-eltron-esh-50-h-plus-t-vn-12-715x400.jpg 715w, https:\/\/livinghome.vn\/thiet-bi\/wp-content\/uploads\/2024\/04\/may-nuoc-nong-stiebel-eltron-esh-50-h-plus-t-vn-12-768x429.jpg 768w, https:\/\/livinghome.vn\/thiet-bi\/wp-content\/uploads\/2024\/04\/may-nuoc-nong-stiebel-eltron-esh-50-h-plus-t-vn-12-600x336.jpg 600w\" sizes=\"auto, (max-width: 1200px) 100vw, 1200px\" \/><\/p>\n<p class=\"_ilcss0_\">B\u00ecnh c\u00f3 h\u00ecnh tr\u1ee5 v\u1edbi gam m\u00e0u tr\u1eafng tinh t\u1ebf<\/p>\n<p>B\u00ecnh n\u00f3ng l\u1ea1nh n\u00e0y c\u00f3 thi\u1ebft k\u1ebf nh\u1ecf g\u1ecdn v\u1edbi k\u00edch th\u01b0\u1edbc cao 43.5cm, r\u1ed9ng 77cm, v\u00e0 d\u00e0y 44cm, gi\u00fap b\u1ea1n d\u1ec5 d\u00e0ng l\u1eafp \u0111\u1eb7t \u1edf nhi\u1ec1u kh\u00f4ng gian ph\u00f2ng t\u1eafm. B\u1ea3ng \u0111i\u1ec1u khi\u1ec3n \u0111\u01b0\u1ee3c thi\u1ebft k\u1ebf v\u1edbi n\u00fat v\u1eb7n v\u00e0 h\u1ec7 th\u1ed1ng \u0111\u00e8n LED hi\u1ec3n th\u1ecb nhi\u1ec7t \u0111\u1ed9, cho ph\u00e9p b\u1ea1n d\u1ec5 d\u00e0ng theo d\u00f5i v\u00e0 \u0111i\u1ec1u ch\u1ec9nh nhi\u1ec7t \u0111\u1ed9 theo nhu c\u1ea7u.<\/p>\n<h3>Ch\u1ea5t li\u1ec7u cao c\u1ea5p, b\u1ec1n \u0111\u1eb9p<\/h3>\n<p>M\u00e1y n\u01b0\u1edbc n\u00f3ng n\u00e0y c\u00f3 v\u1ecf ngo\u00e0i l\u00e0m t\u1eeb nh\u1ef1a PP ch\u1ea5t l\u01b0\u1ee3ng cao, \u0111\u1ea3m b\u1ea3o \u0111\u1ed9 b\u1ec1n v\u00e0 kh\u1ea3 n\u0103ng ch\u1ed1ng \u0103n m\u00f2n, c\u0169ng nh\u01b0 c\u00e1ch nhi\u1ec7t hi\u1ec7u qu\u1ea3. B\u00ecnh ch\u1ee9a n\u01b0\u1edbc \u0111\u01b0\u1ee3c l\u00e0m t\u1eeb th\u00e9p tr\u00e1ng men, c\u00f3 m\u1eb7t b\u00edch gia nhi\u1ec7t gi\u00fap t\u0103ng c\u01b0\u1eddng \u0111\u1ed9 k\u00edn v\u00e0 \u0111\u1ed9 b\u1ec1n c\u1ee7a c\u00e1c \u0111\u01b0\u1eddng h\u00e0n, t\u1eeb \u0111\u00f3 ng\u0103n ch\u1eb7n hi\u1ec7n t\u01b0\u1ee3ng r\u00f2 r\u1ec9 n\u01b0\u1edbc v\u00e0 k\u00e9o d\u00e0i tu\u1ed5i th\u1ecd c\u1ee7a b\u00ecnh.<\/p>\n<p class=\"_ilcss0_\"><img loading=\"lazy\" decoding=\"async\" class=\"alignnone size-full wp-image-20404\" src=\"https:\/\/livinghome.vn\/thiet-bi\/wp-content\/uploads\/2024\/04\/may-nuoc-nong-stiebel-eltron-esh-50-h-plus-t-vn-13.jpg\" alt=\"\" width=\"1200\" height=\"671\" title=\"\" srcset=\"https:\/\/livinghome.vn\/thiet-bi\/wp-content\/uploads\/2024\/04\/may-nuoc-nong-stiebel-eltron-esh-50-h-plus-t-vn-13.jpg 1200w, https:\/\/livinghome.vn\/thiet-bi\/wp-content\/uploads\/2024\/04\/may-nuoc-nong-stiebel-eltron-esh-50-h-plus-t-vn-13-715x400.jpg 715w, https:\/\/livinghome.vn\/thiet-bi\/wp-content\/uploads\/2024\/04\/may-nuoc-nong-stiebel-eltron-esh-50-h-plus-t-vn-13-768x429.jpg 768w, https:\/\/livinghome.vn\/thiet-bi\/wp-content\/uploads\/2024\/04\/may-nuoc-nong-stiebel-eltron-esh-50-h-plus-t-vn-13-600x336.jpg 600w\" sizes=\"auto, (max-width: 1200px) 100vw, 1200px\" \/><\/p>\n<p class=\"_ilcss0_\">M\u00e1y c\u00f3 l\u1edbp c\u00e1ch nhi\u1ec7t m\u1eadt \u0111\u1ed9 cao PU gi\u1eef n\u01b0\u1edbc n\u00f3ng l\u00e2u h\u01a1n<\/p>\n<p><strong>L\u01b0u \u00fd:<\/strong>\u00a0H\u00ecnh \u1ea3nh s\u1ea3n ph\u1ea9m ch\u1ec9 c\u00f3 t\u00ednh ch\u1ea5t minh h\u1ecda, chi ti\u1ebft s\u1ea3n ph\u1ea9m, m\u00e0u s\u1eafc, thi\u1ebft k\u1ebf v\u00e0 th\u00f4ng s\u1ed1 k\u1ef9 thu\u1eadt c\u00f3 th\u1ec3 thay \u0111\u1ed5i t\u00f9y theo s\u1ea3n ph\u1ea9m th\u1ef1c t\u1ebf m\u00e0 kh\u00f4ng c\u1ea7n th\u00f4ng b\u00e1o tr\u01b0\u1edbc.<\/p>\n","protected":false},"excerpt":{"rendered":"<p><strong>Th\u00f4ng s\u1ed1 k\u1ef9 thu\u1eadt:<\/strong><br \/>\nDung t\u00edch b\u00ecnh: 50 l\u00edt<\/p>\n<p>C\u00f4ng su\u1ea5t: 2.500W<\/p>\n<p>Chu\u1ea9n ch\u1ed1ng n\u01b0\u1edbc: IP24<\/p>\n<p>Ch\u1ed1ng gi\u1eadt ELCB: C\u00f3<\/p>\n<p>\u00c1p l\u1ef1c: 0.8 Mpa<\/p>\n<p>Nhi\u1ec7t \u0111\u1ed9 t\u1ed1i \u0111a: 75 \u0111\u1ed9 C<\/p>\n<p>T\u00f9y ch\u1ec9nh nhi\u1ec7t \u0111\u1ed9: Nhi\u1ec1u m\u1ee9c \u0111\u1ed9<\/p>\n<p>N\u00fat \u0111i\u1ec1u ch\u1ec9nh: N\u00fam v\u1eb7n<\/p>\n<p>Ch\u1ea5t li\u1ec7u v\u1ecf: Nh\u1ef1a PP<\/p>\n<p>Ch\u1ea5t li\u1ec7u ru\u1ed9t b\u00ecnh: L\u00f5i th\u00e9p tr\u00e1ng men<\/p>\n<p>Ngu\u1ed3n \u0111i\u1ec7n \u00e1p: 220V &#8211; 240V \/ 50Hz &#8211; 60Hz<\/p>\n<p>K\u00edch th\u01b0\u1edbc: Cao x r\u1ed9ng x s\u00e2u\u00a0(43.5cm x 77cm x 44cm)<\/p>\n<p>Tr\u1ecdng l\u01b0\u1ee3ng s\u1ea3n ph\u1ea9m: 19kg<\/p>\n<p>Xu\u1ea5t x\u1ee9 th\u01b0\u01a1ng hi\u1ec7u: \u0110\u1ee9c<\/p>\n<p>S\u1ea3n xu\u1ea5t t\u1ea1i: Th\u00e1i Lan<\/p>\n<p>B\u1ea3o h\u00e0nh: 24 th\u00e1ng<\/p>\n<p>&nbsp;<\/p>\n","protected":false},"featured_media":21196,"comment_status":"open","ping_status":"closed","template":"","meta":[],"product_brand":[],"product_cat":[540,1986,1979,1987,1937],"product_tag":[2008,1980,2006,1993,1936],"class_list":{"0":"post-20373","1":"product","2":"type-product","3":"status-publish","4":"has-post-thumbnail","6":"product_cat-may-nong-lanh","7":"product_cat-may-nong-lanh-stiebel-eltron","8":"product_cat-may-nuoc-nong","9":"product_cat-may-nuoc-nong-stiebel-eltron","10":"product_cat-thuong-hieu-stiebel-eltron","11":"product_tag-binh-nong-lanh-gian-tiep","12":"product_tag-may-nuoc-nong","13":"product_tag-may-nuoc-nong-gian-tiep","14":"product_tag-may-nuoc-nong-stiebel-eltron","15":"product_tag-stiebel-eltron","17":"first","18":"instock","19":"sale","20":"shipping-taxable","21":"purchasable","22":"product-type-simple"},"_links":{"self":[{"href":"https:\/\/livinghome.vn\/thiet-bi\/wp-json\/wp\/v2\/product\/20373","targetHints":{"allow":["GET"]}}],"collection":[{"href":"https:\/\/livinghome.vn\/thiet-bi\/wp-json\/wp\/v2\/product"}],"about":[{"href":"https:\/\/livinghome.vn\/thiet-bi\/wp-json\/wp\/v2\/types\/product"}],"replies":[{"embeddable":true,"href":"https:\/\/livinghome.vn\/thiet-bi\/wp-json\/wp\/v2\/comments?post=20373"}],"wp:featuredmedia":[{"embeddable":true,"href":"https:\/\/livinghome.vn\/thiet-bi\/wp-json\/wp\/v2\/media\/21196"}],"wp:attachment":[{"href":"https:\/\/livinghome.vn\/thiet-bi\/wp-json\/wp\/v2\/media?parent=20373"}],"wp:term":[{"taxonomy":"product_brand","embeddable":true,"href":"https:\/\/livinghome.vn\/thiet-bi\/wp-json\/wp\/v2\/product_brand?post=20373"},{"taxonomy":"product_cat","embeddable":true,"href":"https:\/\/livinghome.vn\/thiet-bi\/wp-json\/wp\/v2\/product_cat?post=20373"},{"taxonomy":"product_tag","embeddable":true,"href":"https:\/\/livinghome.vn\/thiet-bi\/wp-json\/wp\/v2\/product_tag?post=20373"}],"curies":[{"name":"wp","href":"https:\/\/api.w.org\/{rel}","templated":true}]}}