{"id":20364,"date":"2024-04-15T14:29:15","date_gmt":"2024-04-15T07:29:15","guid":{"rendered":"https:\/\/livinghome.vn\/thiet-bi\/?post_type=product&#038;p=20364"},"modified":"2024-11-29T14:19:01","modified_gmt":"2024-11-29T07:19:01","slug":"may-loc-nuoc-uong-5-cap-loc-stiebel-eltron-stream-5s","status":"publish","type":"product","link":"https:\/\/livinghome.vn\/thiet-bi\/may-loc-nuoc-uong-5-cap-loc-stiebel-eltron-stream-5s\/","title":{"rendered":"M\u00e1y L\u1ecdc N\u01b0\u1edbc Stiebel Eltron Stream 5S, 5 B\u01b0\u1edbc L\u1ecdc"},"content":{"rendered":"<p>Stiebel Eltron Stream 5S c\u00f3 thi\u1ebft k\u1ebf v\u1edbi 5 l\u00f5i l\u1ecdc \u0111\u01b0\u1ee3c t\u00edch h\u1ee3p th\u00e0nh 4 l\u00f5i, ho\u1ea1t \u0111\u1ed9ng m\u00e0 kh\u00f4ng c\u1ea7n d\u00f9ng \u0111i\u1ec7n v\u00e0 kh\u00f4ng th\u1ea3i ra n\u01b0\u1edbc th\u1ea3i. M\u00e1y l\u1ecdc n\u01b0\u1edbc UF \u0111\u01b0\u1ee3c l\u1eafp \u0111\u1eb7t \u00e2m \u0111\u1ec3 ti\u1ebft ki\u1ec7m kh\u00f4ng gian, v\u1edbi c\u00f4ng su\u1ea5t l\u1ecdc \u0111\u1ea1t 120 l\u00edt\/gi\u1edd v\u00e0 s\u1eed d\u1ee5ng c\u1ea7n g\u1ea1t \u0111\u1ec3 l\u1ea5y n\u01b0\u1edbc d\u1ec5 d\u00e0ng. H\u1ec7 th\u1ed1ng Push and Click gi\u00fap vi\u1ec7c thay th\u1ebf l\u00f5i l\u1ecdc tr\u1edf n\u00ean d\u1ec5 d\u00e0ng h\u01a1n.<\/p>\n<h2>\u0110\u1eb7c \u0111i\u1ec3m n\u1ed5i b\u1eadt c\u1ee7a m\u00e1y l\u1ecdc n\u01b0\u1edbc u\u1ed1ng Stiebel Eltron Stream 5S v\u1edbi 5 c\u1ea5p l\u1ecdc:<\/h2>\n<ul>\n<li>C\u00f4ng su\u1ea5t l\u1ecdc \u0111\u1ea1t \u0111\u1ebfn 120 l\u00edt\/gi\u1edd.<\/li>\n<li>H\u1ec7 th\u1ed1ng 4 l\u00f5i l\u1ecdc s\u1ea3n xu\u1ea5t t\u1ea1i H\u00e0n Qu\u1ed1c mang l\u1ea1i hi\u1ec7u su\u1ea5t l\u1ecdc cao.<\/li>\n<li>C\u00f4ng ngh\u1ec7 l\u1ecdc UF c\u00f3 th\u1ec3 lo\u1ea1i b\u1ecf t\u1edbi 99.99% Clo, ch\u00ec, th\u1ee7y ng\u00e2n v\u00e0 c\u00e1c ch\u1ea5t g\u00e2y \u00f4 nhi\u1ec5m kh\u00e1c.<\/li>\n<li>Thi\u1ebft k\u1ebf l\u1eafp \u0111\u1eb7t d\u01b0\u1edbi b\u1ed3n ho\u1eb7c treo t\u01b0\u1eddng gi\u00fap t\u1ed1i \u01b0u h\u00f3a kh\u00f4ng gian.<\/li>\n<li>L\u00f5i ion b\u1ea1c c\u00f3 t\u00ednh kh\u00e1ng khu\u1ea9n, cung c\u1ea5p s\u1ef1 b\u1ea3o v\u1ec7 k\u00e9p cho h\u1ec7 th\u1ed1ng l\u1ecdc.<\/li>\n<li>L\u00f5i l\u1ecdc Carbon c\u1ea3i thi\u1ec7n h\u01b0\u01a1ng v\u1ecb c\u1ee7a n\u01b0\u1edbc \u0111\u1ea7u ra.<\/li>\n<li>Ho\u1ea1t \u0111\u1ed9ng kh\u00f4ng c\u1ea7n \u0111i\u1ec7n v\u00e0 kh\u00f4ng t\u1ea1o ra n\u01b0\u1edbc th\u1ea3i.<\/li>\n<\/ul>\n<figure id=\"attachment_20379\" aria-describedby=\"caption-attachment-20379\" style=\"width: 1200px\" class=\"wp-caption aligncenter\"><img loading=\"lazy\" decoding=\"async\" class=\"wp-image-20379 size-full\" src=\"https:\/\/livinghome.vn\/thiet-bi\/wp-content\/uploads\/2024\/04\/may-loc-nuoc-uong-stiebel-eltron-stream-5s-6.jpg\" alt=\"M\u00e1y l\u1ecdc n\u01b0\u1edbc Stiebel Eltron Stream 5S (5 c\u1ea5p l\u1ecdc)\" width=\"1200\" height=\"900\" title=\"\" srcset=\"https:\/\/livinghome.vn\/thiet-bi\/wp-content\/uploads\/2024\/04\/may-loc-nuoc-uong-stiebel-eltron-stream-5s-6.jpg 1200w, https:\/\/livinghome.vn\/thiet-bi\/wp-content\/uploads\/2024\/04\/may-loc-nuoc-uong-stiebel-eltron-stream-5s-6-533x400.jpg 533w, https:\/\/livinghome.vn\/thiet-bi\/wp-content\/uploads\/2024\/04\/may-loc-nuoc-uong-stiebel-eltron-stream-5s-6-1067x800.jpg 1067w, https:\/\/livinghome.vn\/thiet-bi\/wp-content\/uploads\/2024\/04\/may-loc-nuoc-uong-stiebel-eltron-stream-5s-6-768x576.jpg 768w, https:\/\/livinghome.vn\/thiet-bi\/wp-content\/uploads\/2024\/04\/may-loc-nuoc-uong-stiebel-eltron-stream-5s-6-600x450.jpg 600w\" sizes=\"auto, (max-width: 1200px) 100vw, 1200px\" \/><figcaption id=\"caption-attachment-20379\" class=\"wp-caption-text\">M\u00e1y l\u1ecdc n\u01b0\u1edbc Stiebel Eltron Stream 5S (5 c\u1ea5p l\u1ecdc)<\/figcaption><\/figure>\n<h2>\u0110\u00e1nh gi\u00e1 chi ti\u1ebft v\u1ec1 thi\u1ebft b\u1ecb l\u1ecdc n\u01b0\u1edbc UF Stiebel Eltron Stream 5S:<\/h2>\n<h3>Thi\u1ebft k\u1ebf m\u00e1y<\/h3>\n<p>Thi\u1ebft b\u1ecb l\u1ecdc n\u01b0\u1edbc \u0111\u01b0\u1ee3c trang b\u1ecb 5 l\u00f5i l\u1ecdc t\u00edch h\u1ee3p th\u00e0nh 4 l\u00f5i, v\u1edbi ki\u1ec3u d\u00e1ng nh\u1ecf g\u1ecdn cho ph\u00e9p l\u1eafp \u0111\u1eb7t d\u01b0\u1edbi ch\u1eadu r\u1eeda b\u00e1t ho\u1eb7c treo t\u01b0\u1eddng, gi\u00fap t\u1ed1i \u01b0u h\u00f3a kh\u00f4ng gian trong khu v\u1ef1c b\u1ebfp.<\/p>\n<figure id=\"attachment_20375\" aria-describedby=\"caption-attachment-20375\" style=\"width: 1200px\" class=\"wp-caption aligncenter\"><img loading=\"lazy\" decoding=\"async\" class=\"wp-image-20375 size-full\" src=\"https:\/\/livinghome.vn\/thiet-bi\/wp-content\/uploads\/2024\/04\/may-loc-nuoc-uong-stiebel-eltron-stream-5s-2.jpg\" alt=\"M\u00e1y l\u1ecdc n\u01b0\u1edbc Stiebel Eltron Stream 5S (5 c\u1ea5p l\u1ecdc)\" width=\"1200\" height=\"800\" title=\"\" srcset=\"https:\/\/livinghome.vn\/thiet-bi\/wp-content\/uploads\/2024\/04\/may-loc-nuoc-uong-stiebel-eltron-stream-5s-2.jpg 1200w, https:\/\/livinghome.vn\/thiet-bi\/wp-content\/uploads\/2024\/04\/may-loc-nuoc-uong-stiebel-eltron-stream-5s-2-600x400.jpg 600w, https:\/\/livinghome.vn\/thiet-bi\/wp-content\/uploads\/2024\/04\/may-loc-nuoc-uong-stiebel-eltron-stream-5s-2-768x512.jpg 768w\" sizes=\"auto, (max-width: 1200px) 100vw, 1200px\" \/><figcaption id=\"caption-attachment-20375\" class=\"wp-caption-text\">M\u00e1y l\u1ecdc n\u01b0\u1edbc Stiebel Eltron Stream 5S (5 c\u1ea5p l\u1ecdc)<\/figcaption><\/figure>\n<p>M\u00e1y l\u1ecdc n\u01b0\u1edbc kh\u00f4ng c\u1ea7n s\u1eed d\u1ee5ng \u0111i\u1ec7n v\u00e0 \u0111\u01b0\u1ee3c trang b\u1ecb c\u1ea7n g\u1ea1t \u0111\u1ec3 l\u1ea5y n\u01b0\u1edbc, ti\u1ec7n l\u1ee3i cho c\u1ea3 ng\u01b0\u1eddi l\u1edbn tu\u1ed5i v\u00e0 tr\u1ebb nh\u1ecf.<\/p>\n<p>Thi\u1ebft b\u1ecb n\u00e0y h\u1ed7 tr\u1ee3 l\u1ecdc n\u01b0\u1edbc m\u00e1y sinh ho\u1ea1t h\u00e0ng ng\u00e0y.<\/p>\n<h3>Ch\u1ee9ng nh\u1eadn n\u01b0\u1edbc s\u1ea1ch<\/h3>\n<p>N\u01b0\u1edbc sau khi l\u1ecdc qua m\u00e1y Stiebel Eltron Stream 5S \u0111\u1ea1t ch\u1ee9ng nh\u1eadn Korea Conformity Laboratories (KCL) t\u1eeb H\u00e0n Qu\u1ed1c, mang l\u1ea1i s\u1ef1 an t\u00e2m cho ng\u01b0\u1eddi d\u00f9ng.<\/p>\n<h3>C\u00f4ng su\u1ea5t l\u1ecdc nhanh<\/h3>\n<p>M\u00e1y kh\u00f4ng c\u1ea7n b\u00ecnh \u00e1p \u0111\u1ec3 ch\u1ee9a n\u01b0\u1edbc v\u00e0 c\u00f3 c\u00f4ng su\u1ea5t l\u1ecdc l\u1edbn \u0111\u1ea1t 120 l\u00edt\/gi\u1edd, \u0111\u1ea3m b\u1ea3o cung c\u1ea5p ngu\u1ed3n n\u01b0\u1edbc s\u1ea1ch s\u1eb5n c\u00f3 cho gia \u0111\u00ecnh b\u1ea1n.<\/p>\n<figure id=\"attachment_20376\" aria-describedby=\"caption-attachment-20376\" style=\"width: 1200px\" class=\"wp-caption aligncenter\"><img loading=\"lazy\" decoding=\"async\" class=\"wp-image-20376 size-full\" src=\"https:\/\/livinghome.vn\/thiet-bi\/wp-content\/uploads\/2024\/04\/may-loc-nuoc-uong-stiebel-eltron-stream-5s-3.jpg\" alt=\"M\u00e1y l\u1ecdc n\u01b0\u1edbc Stiebel Eltron Stream 5S (5 c\u1ea5p l\u1ecdc)\" width=\"1200\" height=\"800\" title=\"\" srcset=\"https:\/\/livinghome.vn\/thiet-bi\/wp-content\/uploads\/2024\/04\/may-loc-nuoc-uong-stiebel-eltron-stream-5s-3.jpg 1200w, https:\/\/livinghome.vn\/thiet-bi\/wp-content\/uploads\/2024\/04\/may-loc-nuoc-uong-stiebel-eltron-stream-5s-3-600x400.jpg 600w, https:\/\/livinghome.vn\/thiet-bi\/wp-content\/uploads\/2024\/04\/may-loc-nuoc-uong-stiebel-eltron-stream-5s-3-768x512.jpg 768w\" sizes=\"auto, (max-width: 1200px) 100vw, 1200px\" \/><figcaption id=\"caption-attachment-20376\" class=\"wp-caption-text\">M\u00e1y l\u1ecdc n\u01b0\u1edbc Stiebel Eltron Stream 5S (5 c\u1ea5p l\u1ecdc)<\/figcaption><\/figure>\n<h3>C\u00f4ng ngh\u1ec7 l\u1ecdc ti\u00ean ti\u1ebfn<\/h3>\n<p>Thi\u1ebft b\u1ecb l\u1ecdc n\u01b0\u1edbc Stiebel Eltron s\u1eed d\u1ee5ng c\u00f4ng ngh\u1ec7 si\u00eau m\u00e0ng l\u1ecdc UF, c\u00f3 kh\u1ea3 n\u0103ng lo\u1ea1i b\u1ecf 99.99% Clo, ch\u00ec, th\u1ee7y ng\u00e2n v\u00e0 c\u00e1c t\u1ea1p ch\u1ea5t kh\u00e1c g\u00e2y h\u1ea1i cho s\u1ee9c kh\u1ecfe.<\/p>\n<p>B\u00ean c\u1ea1nh \u0111\u00f3, m\u00e1y c\u00f2n \u00e1p d\u1ee5ng c\u00f4ng ngh\u1ec7 kh\u00e1ng khu\u1ea9n ion b\u1ea1c, cung c\u1ea5p s\u1ef1 b\u1ea3o v\u1ec7 k\u00e9p cho h\u1ec7 th\u1ed1ng l\u1ecdc, ti\u00eau di\u1ec7t vi khu\u1ea9n c\u00f3 h\u1ea1i trong n\u01b0\u1edbc.<\/p>\n<h3>M\u00e1y \u0111\u01b0\u1ee3c thi\u1ebft k\u1ebf v\u1edbi 5 c\u1ea5p l\u1ecdc t\u00edch h\u1ee3p trong 4 l\u00f5i l\u1ecdc<\/h3>\n<ul>\n<li><strong>L\u00f5i Sediment:<\/strong> Lo\u1ea1i b\u1ecf c\u00e1t, l\u1eafng c\u1eb7n, b\u1ee5i b\u1ea9n, r\u1ec9 s\u00e9t v\u00e0 c\u00e1c t\u1ea1p ch\u1ea5t kh\u00e1c trong n\u01b0\u1edbc.<\/li>\n<li><strong>L\u00f5i than ho\u1ea1t t\u00ednh:<\/strong> Gi\u1ea3m l\u01b0\u1ee3ng Clo v\u00e0 c\u00e1c s\u1ea3n ph\u1ea9m ph\u1ee5 c\u1ee7a kh\u1eed tr\u00f9ng b\u1eb1ng Clo, c\u1ea3i thi\u1ec7n h\u01b0\u01a1ng v\u1ecb n\u01b0\u1edbc.<\/li>\n<li><strong>L\u00f5i UF:<\/strong> Lo\u1ea1i b\u1ecf ho\u00e0n to\u00e0n khu\u1ea9n E. coli m\u00e0 kh\u00f4ng t\u1ea1o ra n\u01b0\u1edbc th\u1ea3i.<\/li>\n<li><strong>L\u00f5i ion \u0111\u00e1 b\u1ea1c kho\u00e1ng:<\/strong> Ng\u0103n ch\u1eb7n \u00f4 nhi\u1ec5m trong ngu\u1ed3n n\u01b0\u1edbc \u0111\u1ea7u ra.<\/li>\n<\/ul>\n<figure id=\"attachment_20377\" aria-describedby=\"caption-attachment-20377\" style=\"width: 1200px\" class=\"wp-caption aligncenter\"><img loading=\"lazy\" decoding=\"async\" class=\"wp-image-20377 size-full\" src=\"https:\/\/livinghome.vn\/thiet-bi\/wp-content\/uploads\/2024\/04\/may-loc-nuoc-uong-stiebel-eltron-stream-5s-4.jpg\" alt=\"M\u00e1y l\u1ecdc n\u01b0\u1edbc Stiebel Eltron Stream 5S (5 c\u1ea5p l\u1ecdc)\" width=\"1200\" height=\"800\" title=\"\" srcset=\"https:\/\/livinghome.vn\/thiet-bi\/wp-content\/uploads\/2024\/04\/may-loc-nuoc-uong-stiebel-eltron-stream-5s-4.jpg 1200w, https:\/\/livinghome.vn\/thiet-bi\/wp-content\/uploads\/2024\/04\/may-loc-nuoc-uong-stiebel-eltron-stream-5s-4-600x400.jpg 600w, https:\/\/livinghome.vn\/thiet-bi\/wp-content\/uploads\/2024\/04\/may-loc-nuoc-uong-stiebel-eltron-stream-5s-4-768x512.jpg 768w\" sizes=\"auto, (max-width: 1200px) 100vw, 1200px\" \/><figcaption id=\"caption-attachment-20377\" class=\"wp-caption-text\">M\u00e1y l\u1ecdc n\u01b0\u1edbc Stiebel Eltron Stream 5S (5 c\u1ea5p l\u1ecdc)<\/figcaption><\/figure>\n<h3>Th\u1eddi gian thay th\u1ebf l\u00f5i l\u1ecdc<\/h3>\n<ul>\n<li><strong>L\u00f5i Sediment:<\/strong> N\u00ean thay sau 8 th\u00e1ng s\u1eed d\u1ee5ng.<\/li>\n<li><strong>L\u00f5i than ho\u1ea1t t\u00ednh:<\/strong> C\u1ea7n thay sau 8 th\u00e1ng s\u1eed d\u1ee5ng.<\/li>\n<li><strong>L\u00f5i UF:<\/strong> Thay th\u1ebf sau 12 th\u00e1ng s\u1eed d\u1ee5ng.<\/li>\n<li><strong>L\u00f5i ion \u0111\u00e1 b\u1ea1c kho\u00e1ng:<\/strong> Thay th\u1ebf sau 8 th\u00e1ng s\u1eed d\u1ee5ng.<\/li>\n<\/ul>\n<p>M\u00e1y \u0111\u01b0\u1ee3c trang b\u1ecb ch\u1ebf \u0111\u1ed9 c\u00fat n\u1ed1i nhanh, gi\u00fap thay l\u00f5i l\u1ecdc d\u1ec5 d\u00e0ng m\u00e0 kh\u00f4ng c\u1ea7n g\u1ecdi th\u1ee3 chuy\u00ean nghi\u1ec7p.<\/p>\n<figure id=\"attachment_20378\" aria-describedby=\"caption-attachment-20378\" style=\"width: 1200px\" class=\"wp-caption aligncenter\"><img loading=\"lazy\" decoding=\"async\" class=\"wp-image-20378 size-full\" src=\"https:\/\/livinghome.vn\/thiet-bi\/wp-content\/uploads\/2024\/04\/may-loc-nuoc-uong-stiebel-eltron-stream-5s-5.jpg\" alt=\"M\u00e1y l\u1ecdc n\u01b0\u1edbc Stiebel Eltron Stream 5S (5 c\u1ea5p l\u1ecdc)\" width=\"1200\" height=\"800\" title=\"\" srcset=\"https:\/\/livinghome.vn\/thiet-bi\/wp-content\/uploads\/2024\/04\/may-loc-nuoc-uong-stiebel-eltron-stream-5s-5.jpg 1200w, https:\/\/livinghome.vn\/thiet-bi\/wp-content\/uploads\/2024\/04\/may-loc-nuoc-uong-stiebel-eltron-stream-5s-5-600x400.jpg 600w, https:\/\/livinghome.vn\/thiet-bi\/wp-content\/uploads\/2024\/04\/may-loc-nuoc-uong-stiebel-eltron-stream-5s-5-768x512.jpg 768w\" sizes=\"auto, (max-width: 1200px) 100vw, 1200px\" \/><figcaption id=\"caption-attachment-20378\" class=\"wp-caption-text\">M\u00e1y l\u1ecdc n\u01b0\u1edbc Stiebel Eltron Stream 5S (5 c\u1ea5p l\u1ecdc)<\/figcaption><\/figure>\n<h2>L\u01b0u \u00fd khi l\u1eafp \u0111\u1eb7t m\u00e1y l\u1ecdc n\u01b0\u1edbc Stiebel Eltron Stream 5S<\/h2>\n<ul>\n<li>Ch\u1ecdn v\u1ecb tr\u00ed g\u1ea7n ngu\u1ed3n d\u1eabn n\u01b0\u1edbc v\u00e0o v\u00e0 \u1ed5 c\u1eafm \u0111i\u1ec7n.<\/li>\n<li>Tr\u00e1nh \u0111\u1eb7t \u1edf n\u01a1i c\u00f3 \u00e1nh n\u1eafng tr\u1ef1c ti\u1ebfp chi\u1ebfu v\u00e0o ho\u1eb7c n\u01a1i nhi\u1ec7t \u0111\u1ed9 cao nh\u01b0 khu v\u1ef1c b\u1ebfp.<\/li>\n<li>Thi\u1ebft b\u1ecb c\u00f3 th\u1ec3 ho\u1ea1t \u0111\u1ed9ng v\u1edbi m\u1ecdi ngu\u1ed3n n\u01b0\u1edbc, k\u1ec3 c\u1ea3 n\u01b0\u1edbc \u0111\u01b0\u1ee3c l\u1eafp \u0111\u1eb7t s\u00e2u t\u1eeb 2m \u0111\u1ebfn 3m.<\/li>\n<\/ul>\n<h2>T\u1ea1i sao c\u1ea7n thay l\u00f5i l\u1ecdc n\u01b0\u1edbc \u0111\u00fang th\u1eddi gian quy \u0111\u1ecbnh?<\/h2>\n<p>L\u00f5i l\u1ecdc n\u01b0\u1edbc gi\u00fap lo\u1ea1i b\u1ecf r\u1ec9 s\u00e9t, tr\u1ea7m t\u00edch, gi\u1ea3m kho\u00e1ng ch\u1ea5t c\u1ee9ng (nh\u01b0 magie v\u00e0 canxi), c\u0169ng nh\u01b0 gi\u1ea3m c\u00e1c h\u1ee3p ch\u1ea5t h\u00f3a h\u1ecdc h\u1eefu c\u01a1, Clo, v\u00e0 c\u00e1c m\u00f9i v\u1ecb l\u1ea1 trong n\u01b0\u1edbc. Ngo\u00e0i ra, l\u00f5i l\u1ecdc c\u00f2n lo\u1ea1i b\u1ecf Clo d\u01b0, kim lo\u1ea1i h\u00f2a tan, v\u00e0 vi khu\u1ea9n \u0111\u1ec3 \u0111\u1ea3m b\u1ea3o n\u01b0\u1edbc sau l\u1ecdc s\u1ea1ch v\u00e0 an to\u00e0n.<\/p>\n<p>N\u1ebfu kh\u00f4ng thay l\u00f5i l\u1ecdc \u0111\u00fang th\u1eddi h\u1ea1n, ch\u1ea5t l\u01b0\u1ee3ng n\u01b0\u1edbc s\u1ebd gi\u1ea3m do l\u00f5i c\u0169 kh\u00f4ng c\u00f2n kh\u1ea3 n\u0103ng gi\u1eef l\u1ea1i t\u1ea1p ch\u1ea5t v\u00e0 vi khu\u1ea9n. N\u01b0\u1edbc sau l\u1ecdc kh\u00f4ng \u0111\u1ea3m b\u1ea3o \u0111\u1ed9 s\u1ea1ch, vi\u1ec7c ti\u00eau th\u1ee5 tr\u1ef1c ti\u1ebfp s\u1ebd kh\u00f4ng c\u00f3 l\u1ee3i cho s\u1ee9c kh\u1ecfe v\u00e0 c\u00f3 th\u1ec3 d\u1eabn \u0111\u1ebfn nguy c\u01a1 m\u1eafc b\u1ec7nh.<\/p>\n<p>B\u1ed9 l\u1ecdc n\u01b0\u1edbc s\u1eed d\u1ee5ng qu\u00e1 h\u1ea1n s\u1ebd t\u00edch t\u1ee5 nhi\u1ec1u t\u1ea1p ch\u1ea5t, l\u00e0m cho n\u01b0\u1edbc kh\u00f3 ch\u1ea3y qua, gi\u1ea3m n\u0103ng su\u1ea5t l\u1ecdc v\u00e0 h\u1ea1n ch\u1ebf l\u01b0\u1ee3ng n\u01b0\u1edbc cung c\u1ea5p.<\/p>\n<p>&nbsp;<\/p>\n","protected":false},"excerpt":{"rendered":"<ul>\n<li>Lo\u1ea1i m\u00e1y l\u1ecdc n\u01b0\u1edbc: UF<\/li>\n<li>Ki\u1ec3u l\u1eafp \u0111\u1eb7t: \u00c2m t\u1ee7 b\u1ebfp, Treo t\u01b0\u1eddng<\/li>\n<li>C\u00f4ng ngh\u1ec7 l\u1ecdc: C\u00f4ng ngh\u1ec7 UF<\/li>\n<li>S\u1ed1 l\u00f5i: 4 l\u00f5i<\/li>\n<li>C\u00f4ng su\u1ea5t l\u1ecdc: 120 l\u00edt\/gi\u1edd<\/li>\n<li>\u00c1p l\u1ef1c n\u01b0\u1edbc: 0.1 &#8211; 0.4 MPa<\/li>\n<li>L\u01b0u l\u01b0\u1ee3ng n\u01b0\u1edbc: Qua b\u1ed9 l\u1ecdc (2 l\u00edt\/ph\u00fat)<\/li>\n<li>L\u1ecdc ngu\u1ed3n n\u01b0\u1edbc: N\u01b0\u1edbc m\u00e1y<\/li>\n<li>K\u00edch th\u01b0\u1edbc: R\u1ed9ng x s\u00e2u x cao (29cm x 37.6 cm x 9cm)<\/li>\n<li>Tr\u1ecdng l\u01b0\u1ee3ng s\u1ea3n ph\u1ea9m: 2,8kg<\/li>\n<li>Xu\u1ea5t x\u1ee9 th\u01b0\u01a1ng hi\u1ec7u: \u0110\u1ee9c<\/li>\n<li>S\u1ea3n xu\u1ea5t t\u1ea1i: H\u00e0n Qu\u1ed1c<\/li>\n<\/ul>\n","protected":false},"featured_media":21222,"comment_status":"open","ping_status":"closed","template":"","meta":[],"product_brand":[],"product_cat":[399,1978,1937],"product_tag":[404],"class_list":{"0":"post-20364","1":"product","2":"type-product","3":"status-publish","4":"has-post-thumbnail","6":"product_cat-may-loc-nuoc","7":"product_cat-may-loc-nuoc-stiebel-eltron","8":"product_cat-thuong-hieu-stiebel-eltron","9":"product_tag-may-loc-nuoc","11":"first","12":"instock","13":"sale","14":"shipping-taxable","15":"purchasable","16":"product-type-simple"},"_links":{"self":[{"href":"https:\/\/livinghome.vn\/thiet-bi\/wp-json\/wp\/v2\/product\/20364","targetHints":{"allow":["GET"]}}],"collection":[{"href":"https:\/\/livinghome.vn\/thiet-bi\/wp-json\/wp\/v2\/product"}],"about":[{"href":"https:\/\/livinghome.vn\/thiet-bi\/wp-json\/wp\/v2\/types\/product"}],"replies":[{"embeddable":true,"href":"https:\/\/livinghome.vn\/thiet-bi\/wp-json\/wp\/v2\/comments?post=20364"}],"wp:featuredmedia":[{"embeddable":true,"href":"https:\/\/livinghome.vn\/thiet-bi\/wp-json\/wp\/v2\/media\/21222"}],"wp:attachment":[{"href":"https:\/\/livinghome.vn\/thiet-bi\/wp-json\/wp\/v2\/media?parent=20364"}],"wp:term":[{"taxonomy":"product_brand","embeddable":true,"href":"https:\/\/livinghome.vn\/thiet-bi\/wp-json\/wp\/v2\/product_brand?post=20364"},{"taxonomy":"product_cat","embeddable":true,"href":"https:\/\/livinghome.vn\/thiet-bi\/wp-json\/wp\/v2\/product_cat?post=20364"},{"taxonomy":"product_tag","embeddable":true,"href":"https:\/\/livinghome.vn\/thiet-bi\/wp-json\/wp\/v2\/product_tag?post=20364"}],"curies":[{"name":"wp","href":"https:\/\/api.w.org\/{rel}","templated":true}]}}