{"id":20321,"date":"2024-04-15T12:22:22","date_gmt":"2024-04-15T05:22:22","guid":{"rendered":"https:\/\/livinghome.vn\/thiet-bi\/?post_type=product&#038;p=20321"},"modified":"2024-11-29T14:19:01","modified_gmt":"2024-11-29T07:19:01","slug":"bo-loc-nuoc-dau-nguon-stiebel-house-ps-2","status":"publish","type":"product","link":"https:\/\/livinghome.vn\/thiet-bi\/bo-loc-nuoc-dau-nguon-stiebel-house-ps-2\/","title":{"rendered":"B\u1ed9 L\u1ecdc N\u01b0\u1edbc \u0110\u1ea7u Ngu\u1ed3n Stiebel House PS-2, Th\u00e1i Lan"},"content":{"rendered":"<p>Stiebel House PS-2 l\u00e0 h\u1ec7 th\u1ed1ng l\u1ecdc n\u01b0\u1edbc \u0111\u1ea7u ngu\u1ed3n v\u1edbi c\u00f4ng su\u1ea5t l\u1ecdc l\u00ean \u0111\u1ebfn 960 l\u00edt\/gi\u1edd, t\u00edch h\u1ee3p 1 l\u00f5i l\u1ecdc v\u1edbi 2 c\u1ea5p \u0111\u1ed9 l\u1ecdc, \u0111\u1ea3m b\u1ea3o cung c\u1ea5p n\u01b0\u1edbc s\u1ea1ch v\u00e0 an to\u00e0n. H\u1ec7 th\u1ed1ng n\u00e0y gi\u00fap lo\u1ea1i b\u1ecf c\u00e1t, \u0111\u1ea5t, m\u00f9i l\u1ea1 hay m\u00f9i h\u00f4i trong n\u01b0\u1edbc, b\u1ea3o v\u1ec7 s\u1ee9c kh\u1ecfe ng\u01b0\u1eddi d\u00f9ng.<\/p>\n<h2>Nh\u1eefng \u0111\u1eb7c \u0111i\u1ec3m n\u1ed5i b\u1eadt c\u1ee7a h\u1ec7 th\u1ed1ng l\u1ecdc n\u01b0\u1edbc Stiebel House PS &#8211; 2:<\/h2>\n<ul>\n<li>C\u00f4ng su\u1ea5t l\u1ecdc l\u00ean t\u1edbi 960 l\u00edt\/gi\u1edd.<\/li>\n<li>Kh\u00f4ng c\u1ea7n b\u00ecnh ch\u1ee9a v\u00e0 kh\u00f4ng s\u1eed d\u1ee5ng \u0111i\u1ec7n.<\/li>\n<li>C\u1ed1c l\u1ecdc ch\u1ee9a 2 c\u1ea5p l\u1ecdc, d\u1ec5 d\u00e0ng thay th\u1ebf khi c\u1ea7n thi\u1ebft.<\/li>\n<li>Ch\u1ee9c n\u0103ng: Lo\u1ea1i b\u1ecf m\u00f9i l\u1ea1, m\u00f9i h\u00f4i, c\u00e1t, \u0111\u1ea5t v\u00e0 rong r\u00eau, \u0111\u1ed3ng th\u1eddi ng\u0103n ch\u1eb7n s\u1ef1 ph\u00e1t tri\u1ec3n c\u1ee7a vi khu\u1ea9n trong l\u00f5i l\u1ecdc.<\/li>\n<li>Th\u1eddi gian s\u1eed d\u1ee5ng l\u00f5i l\u1ecdc l\u00e0 6 th\u00e1ng.<\/li>\n<\/ul>\n<figure id=\"attachment_20330\" aria-describedby=\"caption-attachment-20330\" style=\"width: 1200px\" class=\"wp-caption aligncenter\"><img loading=\"lazy\" decoding=\"async\" class=\"wp-image-20330 size-full\" src=\"https:\/\/livinghome.vn\/thiet-bi\/wp-content\/uploads\/2024\/04\/may-loc-nuoc-stiebel-house-ps-2-1.jpg\" alt=\"M\u00e1y l\u1ecdc n\u01b0\u1edbc Stiebel House PS-2\" width=\"1200\" height=\"900\" title=\"\" srcset=\"https:\/\/livinghome.vn\/thiet-bi\/wp-content\/uploads\/2024\/04\/may-loc-nuoc-stiebel-house-ps-2-1.jpg 1200w, https:\/\/livinghome.vn\/thiet-bi\/wp-content\/uploads\/2024\/04\/may-loc-nuoc-stiebel-house-ps-2-1-533x400.jpg 533w, https:\/\/livinghome.vn\/thiet-bi\/wp-content\/uploads\/2024\/04\/may-loc-nuoc-stiebel-house-ps-2-1-1067x800.jpg 1067w, https:\/\/livinghome.vn\/thiet-bi\/wp-content\/uploads\/2024\/04\/may-loc-nuoc-stiebel-house-ps-2-1-768x576.jpg 768w, https:\/\/livinghome.vn\/thiet-bi\/wp-content\/uploads\/2024\/04\/may-loc-nuoc-stiebel-house-ps-2-1-600x450.jpg 600w\" sizes=\"auto, (max-width: 1200px) 100vw, 1200px\" \/><figcaption id=\"caption-attachment-20330\" class=\"wp-caption-text\">M\u00e1y l\u1ecdc n\u01b0\u1edbc Stiebel House PS-2<\/figcaption><\/figure>\n<h2>\u0110\u00e1nh gi\u00e1 chi ti\u1ebft v\u1ec1 m\u00e1y l\u1ecdc n\u01b0\u1edbc Stiebel House PS-2<\/h2>\n<h3>Kh\u00f4ng c\u1ea7n d\u00f9ng \u0111i\u1ec7n<\/h3>\n<p>Stiebel House PS-2 c\u00f3 th\u1ec3 \u0111\u01b0\u1ee3c l\u1eafp treo t\u01b0\u1eddng ho\u1eb7c c\u00e0i \u0111\u1eb7t d\u01b0\u1edbi b\u1ed3n r\u1eeda, gi\u00fap ti\u1ebft ki\u1ec7m kh\u00f4ng gian trong ng\u00f4i nh\u00e0.<\/p>\n<p>C\u1ed1c l\u1ecdc n\u01b0\u1edbc \u0111\u1ea7u ngu\u1ed3n kh\u00f4ng s\u1eed d\u1ee5ng \u0111i\u1ec7n, gi\u00fap vi\u1ec7c l\u1eafp \u0111\u1eb7t tr\u1edf n\u00ean thu\u1eadn ti\u1ec7n v\u00e0 gi\u1ea3m chi ph\u00ed.<\/p>\n<p>M\u00e1y \u0111\u01b0\u1ee3c thi\u1ebft k\u1ebf v\u1edbi ch\u1ebf \u0111\u1ed9 c\u00fat n\u1ed1i nhanh, gi\u00fap vi\u1ec7c thay l\u00f5i l\u1ecdc d\u1ec5 d\u00e0ng h\u01a1n.<\/p>\n<figure id=\"attachment_20333\" aria-describedby=\"caption-attachment-20333\" style=\"width: 1200px\" class=\"wp-caption aligncenter\"><img loading=\"lazy\" decoding=\"async\" class=\"wp-image-20333 size-full\" src=\"https:\/\/livinghome.vn\/thiet-bi\/wp-content\/uploads\/2024\/04\/may-loc-nuoc-stiebel-house-ps-2-4.jpg\" alt=\"M\u00e1y l\u1ecdc n\u01b0\u1edbc Stiebel House PS-2\" width=\"1200\" height=\"800\" title=\"\" srcset=\"https:\/\/livinghome.vn\/thiet-bi\/wp-content\/uploads\/2024\/04\/may-loc-nuoc-stiebel-house-ps-2-4.jpg 1200w, https:\/\/livinghome.vn\/thiet-bi\/wp-content\/uploads\/2024\/04\/may-loc-nuoc-stiebel-house-ps-2-4-600x400.jpg 600w, https:\/\/livinghome.vn\/thiet-bi\/wp-content\/uploads\/2024\/04\/may-loc-nuoc-stiebel-house-ps-2-4-768x512.jpg 768w\" sizes=\"auto, (max-width: 1200px) 100vw, 1200px\" \/><figcaption id=\"caption-attachment-20333\" class=\"wp-caption-text\">M\u00e1y l\u1ecdc n\u01b0\u1edbc Stiebel House PS-2<\/figcaption><\/figure>\n<h3>C\u00f4ng ngh\u1ec7 l\u1ecdc th\u00f4<\/h3>\n<p>M\u00e1y l\u1ecdc n\u01b0\u1edbc Stiebel Eltron \u1ee9ng d\u1ee5ng c\u00f4ng ngh\u1ec7 l\u1ecdc th\u00f4 x\u1ebfp n\u1ebfp, mang l\u1ea1i \u0111\u1ed9 b\u1ec1n cao v\u00e0 nhi\u1ec1u l\u1ed7 l\u1ecdc \u0111\u1ec3 t\u0103ng l\u01b0u l\u01b0\u1ee3ng n\u01b0\u1edbc b\u1eb1ng c\u00e1ch gi\u1ea3m t\u00ecnh tr\u1ea1ng t\u1eafc ngh\u1ebdn, gi\u00fap cung c\u1ea5p ngu\u1ed3n n\u01b0\u1edbc s\u1ea1ch v\u00e0 an to\u00e0n.<\/p>\n<h3>C\u00f4ng su\u1ea5t l\u1ecdc nhanh<\/h3>\n<p>M\u00e1y l\u1ecdc n\u01b0\u1edbc c\u00f3 kh\u1ea3 n\u0103ng l\u1ecdc l\u00ean \u0111\u1ebfn 960 l\u00edt\/gi\u1edd, v\u1edbi th\u1eddi h\u1ea1n s\u1eed d\u1ee5ng k\u00e9o d\u00e0i trong 6 th\u00e1ng.<\/p>\n<figure id=\"attachment_20332\" aria-describedby=\"caption-attachment-20332\" style=\"width: 1200px\" class=\"wp-caption aligncenter\"><img loading=\"lazy\" decoding=\"async\" class=\"wp-image-20332 size-full\" src=\"https:\/\/livinghome.vn\/thiet-bi\/wp-content\/uploads\/2024\/04\/may-loc-nuoc-stiebel-house-ps-2-3.jpg\" alt=\"M\u00e1y l\u1ecdc n\u01b0\u1edbc Stiebel House PS-2\" width=\"1200\" height=\"800\" title=\"\" srcset=\"https:\/\/livinghome.vn\/thiet-bi\/wp-content\/uploads\/2024\/04\/may-loc-nuoc-stiebel-house-ps-2-3.jpg 1200w, https:\/\/livinghome.vn\/thiet-bi\/wp-content\/uploads\/2024\/04\/may-loc-nuoc-stiebel-house-ps-2-3-600x400.jpg 600w, https:\/\/livinghome.vn\/thiet-bi\/wp-content\/uploads\/2024\/04\/may-loc-nuoc-stiebel-house-ps-2-3-768x512.jpg 768w\" sizes=\"auto, (max-width: 1200px) 100vw, 1200px\" \/><figcaption id=\"caption-attachment-20332\" class=\"wp-caption-text\">M\u00e1y l\u1ecdc n\u01b0\u1edbc Stiebel House PS-2<\/figcaption><\/figure>\n<p>M\u00e1y l\u1ecdc n\u01b0\u1edbc Stiebel Eltron cho ph\u00e9p l\u01b0u l\u01b0\u1ee3ng n\u01b0\u1edbc qua b\u1ed9 l\u1ecdc \u0111\u1ea1t m\u1ee9c 16 l\u00edt\/ph\u00fat v\u00e0 \u00e1p su\u1ea5t l\u00e0m vi\u1ec7c t\u1eeb 0.15 \u0111\u1ebfn 0.5 MPa.<\/p>\n<h3>C\u00f3 2 c\u1ea5p l\u1ecdc t\u00edch h\u1ee3p trong 1 l\u00f5i l\u1ecdc<\/h3>\n<p>H\u1ec7 th\u1ed1ng c\u00f3 2 c\u1ea5p l\u1ecdc k\u1ebft h\u1ee3p trong m\u1ed9t l\u00f5i l\u1ecdc, bao g\u1ed3m:<\/p>\n<p>L\u1edbp than ho\u1ea1t t\u00ednh 5 micron.<br \/>\n\u0110\u00e1 Silver Lite c\u00f3 ch\u1ee9a ion b\u1ea1c.<br \/>\nL\u00f5i l\u1ecdc n\u00e0y gi\u00fap lo\u1ea1i b\u1ecf m\u00f9i v\u1ecb l\u1ea1 v\u00e0 m\u00f9i h\u00f4i trong n\u01b0\u1edbc do \u00f4 nhi\u1ec5m, l\u1ecdc b\u1ecf c\u00e1c h\u1ea1t nh\u01b0 c\u00e1t, \u0111\u1ea5t, rong r\u00eau, m\u1ea3nh \u1ed1ng nh\u1ef1a b\u1ecb v\u1ee1 ho\u1eb7c b\u1ea5t k\u1ef3 h\u1ea1t n\u00e0o l\u1edbn h\u01a1n k\u00edch th\u01b0\u1edbc c\u1ee7a l\u00f5i l\u1ecdc.<\/p>\n<p>Ngo\u00e0i ra, l\u00f5i l\u1ecdc c\u00f2n ng\u0103n c\u1ea3n s\u1ef1 t\u00edch t\u1ee5 c\u1eb7n v\u00f4i tr\u00ean c\u00e1c ph\u1ee5 ki\u1ec7n v\u1ec7 sinh nh\u1edd b\u00f3ng ch\u1ed1ng c\u00e1u c\u1eb7n NSF 60, v\u00e0 ng\u0103n ch\u1eb7n s\u1ef1 ph\u00e1t tri\u1ec3n c\u1ee7a vi khu\u1ea9n b\u00ean trong b\u1ed9 l\u1ecdc nh\u1edd \u0111\u00e1 Silver Lite.<\/p>\n<p>M\u00e1y th\u00edch h\u1ee3p \u0111\u1ec3 l\u1ecdc n\u01b0\u1edbc m\u00e1y, n\u01b0\u1edbc gi\u1ebfng \u0111\u00e3 qua x\u1eed l\u00fd th\u00f4, v\u00e0 n\u01b0\u1edbc ph\u00e8n.<\/p>\n","protected":false},"excerpt":{"rendered":"<ul>\n<li>Ki\u1ec3u l\u1eafp \u0111\u1eb7t: \u00e2m t\u1ee7 b\u1ebfp, treo t\u01b0\u1eddng<\/li>\n<li>C\u00f4ng ngh\u1ec7 l\u1ecdc: 960 l\u00edt\/gi\u1edd<\/li>\n<li>S\u1ed1 l\u00f5i: 1 l\u00f5i<\/li>\n<li>\u00c1p l\u1ef1c n\u01b0\u1edbc: 0.15 &#8211; 0.5 mpa<\/li>\n<li>L\u01b0u l\u01b0\u1ee3ng n\u01b0\u1edbc: 16 l\u00edt\/ph\u00fat<\/li>\n<li>Tu\u1ed5i th\u1ecd l\u00f5i l\u1ecdc: 6 th\u00e1ng<\/li>\n<li>K\u00edch th\u01b0\u1edbc: r\u1ed9ng x s\u00e2u x cao\u00a0(18.2cm x 17.8cm x 57.7cm)<\/li>\n<li>Tr\u1ecdng l\u01b0\u1ee3ng s\u1ea3n ph\u1ea9m: 10kg<\/li>\n<li>Xu\u1ea5t x\u1ee9 th\u01b0\u01a1ng hi\u1ec7u: \u0111\u1ee9c<\/li>\n<li>S\u1ea3n xu\u1ea5t t\u1ea1i: th\u00e1i lan<\/li>\n<li>B\u1ea3o h\u00e0nh: 24 th\u00e1ng<\/li>\n<\/ul>\n","protected":false},"featured_media":21223,"comment_status":"open","ping_status":"closed","template":"","meta":[],"product_brand":[],"product_cat":[399,1978,1937],"product_tag":[404],"class_list":{"0":"post-20321","1":"product","2":"type-product","3":"status-publish","4":"has-post-thumbnail","6":"product_cat-may-loc-nuoc","7":"product_cat-may-loc-nuoc-stiebel-eltron","8":"product_cat-thuong-hieu-stiebel-eltron","9":"product_tag-may-loc-nuoc","11":"first","12":"instock","13":"sale","14":"shipping-taxable","15":"purchasable","16":"product-type-simple"},"_links":{"self":[{"href":"https:\/\/livinghome.vn\/thiet-bi\/wp-json\/wp\/v2\/product\/20321","targetHints":{"allow":["GET"]}}],"collection":[{"href":"https:\/\/livinghome.vn\/thiet-bi\/wp-json\/wp\/v2\/product"}],"about":[{"href":"https:\/\/livinghome.vn\/thiet-bi\/wp-json\/wp\/v2\/types\/product"}],"replies":[{"embeddable":true,"href":"https:\/\/livinghome.vn\/thiet-bi\/wp-json\/wp\/v2\/comments?post=20321"}],"wp:featuredmedia":[{"embeddable":true,"href":"https:\/\/livinghome.vn\/thiet-bi\/wp-json\/wp\/v2\/media\/21223"}],"wp:attachment":[{"href":"https:\/\/livinghome.vn\/thiet-bi\/wp-json\/wp\/v2\/media?parent=20321"}],"wp:term":[{"taxonomy":"product_brand","embeddable":true,"href":"https:\/\/livinghome.vn\/thiet-bi\/wp-json\/wp\/v2\/product_brand?post=20321"},{"taxonomy":"product_cat","embeddable":true,"href":"https:\/\/livinghome.vn\/thiet-bi\/wp-json\/wp\/v2\/product_cat?post=20321"},{"taxonomy":"product_tag","embeddable":true,"href":"https:\/\/livinghome.vn\/thiet-bi\/wp-json\/wp\/v2\/product_tag?post=20321"}],"curies":[{"name":"wp","href":"https:\/\/api.w.org\/{rel}","templated":true}]}}