{"id":20310,"date":"2024-04-15T11:26:38","date_gmt":"2024-04-15T04:26:38","guid":{"rendered":"https:\/\/livinghome.vn\/thiet-bi\/?post_type=product&#038;p=20310"},"modified":"2024-11-29T14:19:01","modified_gmt":"2024-11-29T07:19:01","slug":"loi-loc-nuoc-stiebel-eltron-silver-gac-mineral-balls-11-inch","status":"publish","type":"product","link":"https:\/\/livinghome.vn\/thiet-bi\/loi-loc-nuoc-stiebel-eltron-silver-gac-mineral-balls-11-inch\/","title":{"rendered":"L\u00f5i l\u1ecdc n\u01b0\u1edbc Stiebel Eltron Silver Gac Mineral balls 11 inch"},"content":{"rendered":"<h2>L\u00f5i l\u1ecdc n\u01b0\u1edbc Stiebel Eltron Silver Gac Mineral balls 11 inch<\/h2>\n<p>V\u1eadt li\u1ec7u l\u1ecdc \u0111\u01b0\u1ee3c l\u00e0m t\u1eeb v\u1ecf d\u1eeba v\u00e0 b\u00f3ng kho\u00e1ng cung c\u1ea5p kh\u1ea3 n\u0103ng l\u1ecdc ch\u1ea5t l\u01b0\u1ee3ng cao.<\/p>\n<figure id=\"attachment_20395\" aria-describedby=\"caption-attachment-20395\" style=\"width: 900px\" class=\"wp-caption aligncenter\"><img loading=\"lazy\" decoding=\"async\" class=\"wp-image-20395 size-full\" src=\"https:\/\/livinghome.vn\/thiet-bi\/wp-content\/uploads\/2024\/04\/loi-loc-nuoc-stiebel-eltron-1.jpg\" alt=\"L\u00f5i l\u1ecdc n\u01b0\u1edbc Stiebel Eltron Silver Gac Mineral balls 11 inch\" width=\"900\" height=\"900\" title=\"\"><figcaption id=\"caption-attachment-20395\" class=\"wp-caption-text\">L\u00f5i l\u1ecdc n\u01b0\u1edbc Stiebel Eltron Silver Gac Mineral balls 11 inch<\/figcaption><\/figure>\n<p>B\u1ed9t carbon c\u00f3 t\u00e1c d\u1ee5ng ch\u1ed1ng vi khu\u1ea9n, ng\u0103n ch\u1eb7n s\u1ef1 x\u00e2m nh\u1eadp c\u1ee7a c\u00e1c ch\u1ea5t g\u00e2y \u00f4 nhi\u1ec5m c\u00f3 h\u1ea1i v\u00e0 duy tr\u00ec l\u00f5i l\u1ecdc lu\u00f4n m\u1edbi, \u0111\u1ed3ng th\u1eddi c\u1ea3i thi\u1ec7n m\u00f9i v\u1ecb c\u1ee7a n\u01b0\u1edbc \u1edf giai \u0111o\u1ea1n cu\u1ed1i.<\/p>\n<p>H\u1ea1t g\u1ed1m kho\u00e1ng c\u00f3 kh\u1ea3 n\u0103ng gi\u1ea3m c\u00e1c ch\u1ea5t oxy h\u00f3a (ORP), gi\u00fap gi\u1ea3m gi\u00e1 tr\u1ecb ORP \u0111\u1ec3 ch\u1ed1ng oxy h\u00f3a n\u01b0\u1edbc, th\u00fac \u0111\u1ea9y qu\u00e1 tr\u00ecnh trao \u0111\u1ed5i ch\u1ea5t t\u1ef1 nhi\u00ean c\u1ee7a c\u01a1 th\u1ec3.<\/p>\n<p>H\u1ea1t g\u1ed1m kho\u00e1ng b\u1ed5 sung kho\u00e1ng ch\u1ea5t t\u1ef1 nhi\u00ean v\u00e0o n\u01b0\u1edbc u\u1ed1ng, mang l\u1ea1i h\u01b0\u01a1ng v\u1ecb t\u1ed1t h\u01a1n v\u00e0 t\u0103ng gi\u00e1 tr\u1ecb pH.<\/p>\n<p>L\u00f5i l\u1ecdc \u0111\u01b0\u1ee3c b\u1ecdc k\u00edn \u0111\u1ea3m b\u1ea3o v\u1ec7 sinh, v\u1edbi h\u1ec7 th\u1ed1ng xoay gi\u00fap thay b\u1ed9 l\u1ecdc d\u1ec5 d\u00e0ng m\u00e0 kh\u00f4ng c\u1ea7n d\u1ee5ng c\u1ee5.<\/p>\n<p><strong>L\u01b0u \u00fd:<\/strong> H\u00ecnh \u1ea3nh s\u1ea3n ph\u1ea9m ch\u1ec9 c\u00f3 t\u00ednh ch\u1ea5t minh h\u1ecda, m\u00e0u s\u1eafc v\u00e0 chi ti\u1ebft s\u1ea3n ph\u1ea9m c\u00f3 th\u1ec3 thay \u0111\u1ed5i t\u00f9y theo s\u1ea3n ph\u1ea9m th\u1ef1c t\u1ebf.<\/p>\n","protected":false},"excerpt":{"rendered":"<h3>Th\u00f4ng tin chi ti\u1ebft v\u1ec1 l\u00f5i l\u1ecdc n\u01b0\u1edbc h\u1ea1t than ho\u1ea1t t\u00ednh ion Stiebel Eltron (Silver Gac Mineral balls 11 inch)<\/h3>\n<ul>\n<li>Chi\u1ec1u d\u00e0i: 11 inch (27.9cm)<\/li>\n<li>Xu\u1ea5t x\u1ee9 th\u01b0\u01a1ng hi\u1ec7u: \u0110\u1ee9c<\/li>\n<li>S\u1ea3n xu\u1ea5t t\u1ea1i: H\u00e0n Qu\u1ed1c<\/li>\n<li>C\u1ea5p l\u1ecdc 1: Than ho\u1ea1t t\u00ednh d\u1ea1ng h\u1ea1t c\u00f3 t\u1ea9m b\u1ea1c<\/li>\n<li>C\u1ea5p l\u1ecdc 2: Qu\u1ea3 c\u1ea7u g\u1ed1m s\u1ee9 kho\u00e1ng<\/li>\n<\/ul>\n","protected":false},"featured_media":21217,"comment_status":"open","ping_status":"closed","template":"","meta":[],"product_brand":[],"product_cat":[1974,1975,1937],"product_tag":[420,1982],"class_list":{"0":"post-20310","1":"product","2":"type-product","3":"status-publish","4":"has-post-thumbnail","6":"product_cat-loi-loc-nuoc","7":"product_cat-loi-loc-nuoc-stiebel-eltron","8":"product_cat-thuong-hieu-stiebel-eltron","9":"product_tag-loi-loc-nuoc-geyser","10":"product_tag-loi-loc-nuoc-stiebel-eltron","12":"first","13":"instock","14":"sale","15":"shipping-taxable","16":"purchasable","17":"product-type-simple"},"_links":{"self":[{"href":"https:\/\/livinghome.vn\/thiet-bi\/wp-json\/wp\/v2\/product\/20310","targetHints":{"allow":["GET"]}}],"collection":[{"href":"https:\/\/livinghome.vn\/thiet-bi\/wp-json\/wp\/v2\/product"}],"about":[{"href":"https:\/\/livinghome.vn\/thiet-bi\/wp-json\/wp\/v2\/types\/product"}],"replies":[{"embeddable":true,"href":"https:\/\/livinghome.vn\/thiet-bi\/wp-json\/wp\/v2\/comments?post=20310"}],"wp:featuredmedia":[{"embeddable":true,"href":"https:\/\/livinghome.vn\/thiet-bi\/wp-json\/wp\/v2\/media\/21217"}],"wp:attachment":[{"href":"https:\/\/livinghome.vn\/thiet-bi\/wp-json\/wp\/v2\/media?parent=20310"}],"wp:term":[{"taxonomy":"product_brand","embeddable":true,"href":"https:\/\/livinghome.vn\/thiet-bi\/wp-json\/wp\/v2\/product_brand?post=20310"},{"taxonomy":"product_cat","embeddable":true,"href":"https:\/\/livinghome.vn\/thiet-bi\/wp-json\/wp\/v2\/product_cat?post=20310"},{"taxonomy":"product_tag","embeddable":true,"href":"https:\/\/livinghome.vn\/thiet-bi\/wp-json\/wp\/v2\/product_tag?post=20310"}],"curies":[{"name":"wp","href":"https:\/\/api.w.org\/{rel}","templated":true}]}}