{"id":2016,"date":"2023-01-12T16:43:29","date_gmt":"2023-01-12T16:43:29","guid":{"rendered":"https:\/\/livinghome.vn\/thiet-bi\/?post_type=product&#038;p=2016"},"modified":"2024-11-29T14:20:34","modified_gmt":"2024-11-29T07:20:34","slug":"lo-nuong-teka-hsb-6525-am-doi-luu-6-chuc-nang-nuong","status":"publish","type":"product","link":"https:\/\/livinghome.vn\/thiet-bi\/lo-nuong-teka-hsb-6525-am-doi-luu-6-chuc-nang-nuong\/","title":{"rendered":"L\u00f2 n\u01b0\u1edbng Teka HSB 6525 \u00e2m \u0111\u1ed1i l\u01b0u 6 ch\u1ee9c n\u0103ng n\u01b0\u1edbng"},"content":{"rendered":"<h3>L\u00f2 n\u01b0\u1edbng Teka HSB 6525 \u00e2m \u0111\u1ed1i l\u01b0u 6 ch\u1ee9c n\u0103ng n\u01b0\u1edbng<\/h3>\n<figure id=\"attachment_65676\" aria-describedby=\"caption-attachment-65676\" style=\"width: 900px\" class=\"wp-caption alignnone\"><img loading=\"lazy\" decoding=\"async\" class=\"wp-image-65676\" src=\"https:\/\/livinghome.vn\/thiet-bi\/wp-content\/uploads\/nha-bep\/teka\/lo-nuong\/lo-nuong-teka-hcb-6525\/lo-nuong-teka-hcb-6525-4.jpg\" alt=\"L\u00f2 n\u01b0\u1edbng Teka HSB 6525 \u00e2m \u0111\u1ed1i l\u01b0u 6 ch\u1ee9c n\u0103ng n\u01b0\u1edbng\" width=\"900\" height=\"506\" title=\"\"><figcaption id=\"caption-attachment-65676\" class=\"wp-caption-text\">L\u00f2 n\u01b0\u1edbng Teka HSB 6525 \u00e2m \u0111\u1ed1i l\u01b0u 6 ch\u1ee9c n\u0103ng n\u01b0\u1edbng<\/figcaption><\/figure>\n<p>C\u00f3 nhi\u1ec1u s\u1ef1 l\u1ef1a ch\u1ecdn v\u1edbi 6\u00a0ch\u1ee9c n\u0103ng n\u01b0\u1edbng tr\u00ean m\u1ed9t s\u1ea3n ph\u1ea9m,\u00a0L\u00f2 n\u01b0\u1edbng Teka HCB 6525 111020029\u00a0gi\u00fap b\u1ea1n c\u00f3 n\u1ea5u \u0111\u01b0\u1ee3c \u0111a d\u1ea1ng c\u00e1c m\u00f3n \u0103n ph\u00f9 h\u1ee3p<\/p>\n<h3>T\u00ednh n\u0103ng c\u01a1 b\u1ea3n<\/h3>\n<ul>\n<li><a href=\"https:\/\/livinghome.vn\/thiet-bi\/lo-nuong-am\/\">L\u00f2 n\u01b0\u1edbng<\/a> &#8211; L\u00f2 n\u01b0\u1edbng \u00e2m t\u1ee7<\/li>\n<li>L\u00f2 n\u01b0\u1edbng \u0111\u1ed1i l\u01b0u<\/li>\n<li>6 ch\u1ee9c n\u0103ng n\u01b0\u1edbng<\/li>\n<li>Ch\u1ee9c n\u0103ng v\u1ec7 sinh b\u1eb1ng h\u01a1i n\u01b0\u1edbc HydroClean\u00ae<\/li>\n<li>\u0110i\u1ec1u khi\u1ec3n c\u01a1 h\u1ecdc v\u1edbi n\u00fat pop-up<\/li>\n<li>Ch\u1ee9c n\u0103ng l\u00e0m n\u00f3ng nhanh<\/li>\n<li>C\u1eeda k\u00ednh c\u00e1ch nhi\u1ec7t 2 l\u1edbp c\u00f3 th\u1ec3 th\u00e1o r\u1eddi<\/li>\n<li>H\u1ec7 th\u1ed1ng t\u1ef1 \u0111\u1ed9ng ng\u1eaft \u0111i\u1ec7n an to\u00e0n khi m\u1edf c\u1eeda<\/li>\n<li>C\u00f4ng su\u1ea5t danh \u0111\u1ecbnh t\u1ed1i \u0111a 2615W<\/li>\n<li>Ph\u1ee5 ki\u1ec7n: khay n\u01b0\u1edbng \u0111\u00e1y s\u00e2<\/li>\n<\/ul>\n<figure id=\"attachment_66453\" aria-describedby=\"caption-attachment-66453\" style=\"width: 800px\" class=\"wp-caption alignnone\"><img loading=\"lazy\" decoding=\"async\" class=\"wp-image-66453 size-large\" src=\"https:\/\/livinghome.vn\/thiet-bi\/wp-content\/uploads\/nha-bep\/teka\/lo-nuong\/lo-nuong-teka-hcb-6525\/lo-nuong-teka-hcb-6525-6-800x800.jpg\" alt=\"L\u00f2 n\u01b0\u1edbng Teka HSB 6525 \u00e2m \u0111\u1ed1i l\u01b0u 6 ch\u1ee9c n\u0103ng n\u01b0\u1edbng\" width=\"800\" height=\"800\" title=\"\"><figcaption id=\"caption-attachment-66453\" class=\"wp-caption-text\">L\u00f2 n\u01b0\u1edbng Teka HSB 6525 \u00e2m \u0111\u1ed1i l\u01b0u 6 ch\u1ee9c n\u0103ng n\u01b0\u1edbng<\/figcaption><\/figure>\n<h3>Th\u00f4ng s\u1ed1 k\u1ef9 thu\u1eadt<\/h3>\n<ul>\n<li>Dung t\u00edch (t\u1ed5ng\/th\u1ef1c): 71\/ 70 l\u00edt<\/li>\n<\/ul>\n<h4 class=\"et_pb_toggle_title\">K\u00edch th\u01b0\u1edbc chung<\/h4>\n<div class=\"et_pb_toggle_content clearfix\">\n<ul>\n<li>Chi\u1ec1u cao(mm):\u00a0595<\/li>\n<li>Chi\u1ec1u r\u1ed9ng (mm):\u00a0595<\/li>\n<li>\u0110\u1ed9 s\u00e2u (mm):\u00a0537+22<\/li>\n<li>Tr\u1ecdng l\u01b0\u1ee3ng (Kgs):\u00a026<\/li>\n<\/ul>\n<h4 class=\"et_pb_toggle_title\">K\u00edch th\u01b0\u1edbc trong khoang \u0111\u00f4i<\/h4>\n<div class=\"et_pb_toggle_content clearfix\">\n<ul>\n<li>Chi\u1ec1u cao b\u00ean trong (mm):\u00a0364<\/li>\n<li>Chi\u1ec1u r\u1ed9ng b\u00ean trong (mm):\u00a0475<\/li>\n<li>\u0110\u1ed9 s\u00e2u b\u00ean trong (mm):\u00a0402<\/li>\n<li>Dung t\u00edch r\u00f2ng (l\u00edt):\u00a070<\/li>\n<li>T\u1ed5ng dung t\u00edch (l\u00edt):\u00a071<\/li>\n<\/ul>\n<h4 class=\"et_pb_toggle_title\">K\u1ebft n\u1ed1i \u0111i\u1ec7n<\/h4>\n<div class=\"et_pb_toggle_content clearfix\">\n<ul>\n<li>C\u00f4ng su\u1ea5t ti\u00eau chu\u1ea9n t\u1ed1i \u0111a (W):\u00a02615<\/li>\n<li>T\u1ea7n s\u1ed1 (Hz):\u00a050\/60<\/li>\n<li>C\u00f4ng su\u1ea5t (V):\u00a0220-240<\/li>\n<li>Chi\u1ec1u d\u00e0i d\u00e2y c\u00e1p (cm):\u00a0110<\/li>\n<li>\u0110i\u1ec7n n\u0103ng ti\u00eau th\u1ee5 \u0111\u00e8n b\u00ean trong (W):\u00a025<\/li>\n<\/ul>\n<h4 class=\"et_pb_toggle_title\">Ti\u00eau th\u1ee5 n\u0103ng l\u01b0\u1ee3ng<\/h4>\n<div class=\"et_pb_toggle_content clearfix\">\n<ul>\n<li>N\u0103ng l\u01b0\u1ee3ng ti\u00eau th\u1ee5 tr\u00ean m\u1ed7i chu k\u1ef3 \u1edf ch\u1ebf \u0111\u1ed9 th\u00f4ng th\u01b0\u1eddng (kWh):\u00a00.82<\/li>\n<li>N\u0103ng l\u01b0\u1ee3ng ti\u00eau th\u1ee5 tr\u00ean m\u1ed7i chu k\u1ef3 \u1edf ch\u1ebf \u0111\u1ed9 \u0111\u1ed1i l\u01b0u c\u01b0\u1ee1ng b\u1ee9c qu\u1ea1t (kWh):\u00a00,71<\/li>\n<li>\u0110i\u1ec7n n\u0103ng thanh nhi\u1ec7t d\u01b0\u1edbi (W):\u00a01150<\/li>\n<li>N\u01b0\u1edbng (W):\u00a01400<\/li>\n<li>Truy\u1ec1n th\u1ed1ng (W):\u00a02550<\/li>\n<li>\u0110a ch\u1ee9c n\u0103ng Turbo (W):\u00a022<\/li>\n<li>\u0110\u1ed9ng c\u01a1 qu\u1ea1t l\u00e0m m\u00e1t (W):\u00a018<\/li>\n<\/ul>\n<\/div>\n<\/div>\n<\/div>\n<p>S\u1ef1 hi\u1ec7n di\u1ec7n c\u1ee7a l\u00f2 n\u01b0\u1edbng \u0111a n\u0103ng n\u00e0y trong gian b\u1ebfp s\u1ebd t\u00f4 \u0111i\u1ec3m cho nh\u1eefng ai mu\u1ed1n c\u00f3 m\u1ed9t kh\u00f4ng gian b\u1ebfp mang \u0111\u1eadm phong c\u00e1ch Ch\u00e2u \u00c2u \u2013 \u0111\u01a1n gi\u1ea3n nh\u01b0ng sang tr\u1ecdng v\u00e0 tinh t\u1ebf.<\/p>\n<\/div>\n<h3>Xu\u1ea5t x\u1ee9:\u00a0T\u00e2y Ban Nha<\/h3>\n<div><\/div>\n","protected":false},"excerpt":{"rendered":"<div id=\"product-title\" class=\"et_pb_module et_pb_text et_pb_bg_layout_light et_pb_text_align_left\">\n<div class=\"et_pb_text_inner\">\n<h1>L\u00f2 n\u01b0\u1edbng \u0111\u1ed1i l\u01b0u v\u1edbi 6 ch\u1ee9c n\u0103ng n\u01b0\u1edbng<\/h1>\n<\/div>\n<\/div>\n<div class=\"et_pb_module et_pb_text et_pb_text_1 et_pb_bg_layout_light et_pb_text_align_left\">\n<div class=\"et_pb_text_inner\">\n<div id=\"product-content\">\n<ul>\n<li>L\u00f2 n\u01b0\u1edbng \u0111\u1ed1i l\u01b0u<\/li>\n<li>6 ch\u1ee9c n\u0103ng n\u01b0\u1edbng<\/li>\n<li>Dung t\u00edch (t\u1ed5ng\/th\u1ef1c): 71\/70l l\u00edt<\/li>\n<li>Ch\u1ee9c n\u0103ng v\u1ec7 sinh b\u1eb1ng h\u01a1i n\u01b0\u1edbc HydroClean\u00ae<\/li>\n<li>\u0110i\u1ec1u khi\u1ec3n b\u1eb1ng c\u01a1 v\u1edbi n\u00fat pop-up<\/li>\n<\/ul>\n<\/div>\n<\/div>\n<\/div>\n","protected":false},"featured_media":2164,"comment_status":"open","ping_status":"closed","template":"","meta":[],"product_brand":[],"product_cat":[95,328,311],"product_tag":[96,154,330,313],"class_list":{"0":"post-2016","1":"product","2":"type-product","3":"status-publish","4":"has-post-thumbnail","6":"product_cat-lo-nuong","7":"product_cat-lo-nuong-teka","8":"product_cat-thuong-hieu-teka","9":"product_tag-lo-nuong","10":"product_tag-lo-nuong-am","11":"product_tag-lo-nuong-teka","12":"product_tag-teka","14":"first","15":"instock","16":"sale","17":"shipping-taxable","18":"purchasable","19":"product-type-simple"},"_links":{"self":[{"href":"https:\/\/livinghome.vn\/thiet-bi\/wp-json\/wp\/v2\/product\/2016","targetHints":{"allow":["GET"]}}],"collection":[{"href":"https:\/\/livinghome.vn\/thiet-bi\/wp-json\/wp\/v2\/product"}],"about":[{"href":"https:\/\/livinghome.vn\/thiet-bi\/wp-json\/wp\/v2\/types\/product"}],"replies":[{"embeddable":true,"href":"https:\/\/livinghome.vn\/thiet-bi\/wp-json\/wp\/v2\/comments?post=2016"}],"wp:featuredmedia":[{"embeddable":true,"href":"https:\/\/livinghome.vn\/thiet-bi\/wp-json\/wp\/v2\/media\/2164"}],"wp:attachment":[{"href":"https:\/\/livinghome.vn\/thiet-bi\/wp-json\/wp\/v2\/media?parent=2016"}],"wp:term":[{"taxonomy":"product_brand","embeddable":true,"href":"https:\/\/livinghome.vn\/thiet-bi\/wp-json\/wp\/v2\/product_brand?post=2016"},{"taxonomy":"product_cat","embeddable":true,"href":"https:\/\/livinghome.vn\/thiet-bi\/wp-json\/wp\/v2\/product_cat?post=2016"},{"taxonomy":"product_tag","embeddable":true,"href":"https:\/\/livinghome.vn\/thiet-bi\/wp-json\/wp\/v2\/product_tag?post=2016"}],"curies":[{"name":"wp","href":"https:\/\/api.w.org\/{rel}","templated":true}]}}