{"id":2015,"date":"2023-01-12T16:43:29","date_gmt":"2023-01-12T16:43:29","guid":{"rendered":"https:\/\/livinghome.vn\/thiet-bi\/?post_type=product&#038;p=2015"},"modified":"2024-11-29T14:20:34","modified_gmt":"2024-11-29T07:20:34","slug":"lo-nuong-teka-airfry-hlb-8416-am-ket-hop-chuc-nang-chien-khong-dau","status":"publish","type":"product","link":"https:\/\/livinghome.vn\/thiet-bi\/lo-nuong-teka-airfry-hlb-8416-am-ket-hop-chuc-nang-chien-khong-dau\/","title":{"rendered":"L\u00f2 n\u01b0\u1edbng Teka AirFry HLB 8416 \u00e2m k\u1ebft h\u1ee3p ch\u1ee9c n\u0103ng chi\u00ean kh\u00f4ng d\u1ea7u"},"content":{"rendered":"<h3>L\u00f2 n\u01b0\u1edbng Teka AirFry HLB 8416 \u00e2m k\u1ebft h\u1ee3p ch\u1ee9c n\u0103ng chi\u00ean kh\u00f4ng d\u1ea7u, \u0111\u01b0\u1ee3c s\u1ea3n xu\u1ea5t t\u1eeb nh\u1eefng ch\u1ea5t li\u1ec7u cao c\u1ea5p c\u00f9ng thi\u1ebft k\u1ebf \u00e2m t\u1ee7 hi\u1ec7n \u0111\u1ea1i<\/h3>\n<figure id=\"attachment_65673\" aria-describedby=\"caption-attachment-65673\" style=\"width: 900px\" class=\"wp-caption alignnone\"><img loading=\"lazy\" decoding=\"async\" class=\"wp-image-65673\" src=\"https:\/\/livinghome.vn\/thiet-bi\/wp-content\/uploads\/nha-bep\/teka\/lo-nuong\/lo-nuong-teka-air-fly-hlb-8416-bk\/lo-nuong-teka-air-fly-hlb-8416-bk-7.jpg\" alt=\"L\u00f2 h\u1ea5p Teka AirFry HLB 8416 \u00e2m k\u1ebft h\u1ee3p ch\u1ee9c n\u0103ng chi\u00ean kh\u00f4ng d\u1ea7u\" width=\"900\" height=\"506\" title=\"\"><figcaption id=\"caption-attachment-65673\" class=\"wp-caption-text\">L\u00f2 n\u01b0\u1edbng Teka AirFry HLB 8416 \u00e2m k\u1ebft h\u1ee3p ch\u1ee9c n\u0103ng chi\u00ean kh\u00f4ng d\u1ea7u<\/figcaption><\/figure>\n<p>V\u1edbi nhi\u1ec1u \u01b0u \u0111i\u1ec3m tuy\u1ec7t v\u1eddi nh\u01b0 v\u1eady th\u00ec l\u00f2 n\u01b0\u1edbng Teka HLB 8416 BK\u00a0 kh\u00f4ng kh\u00f3 \u0111\u1ec3 tr\u1edf th\u00e0nh \u201cl\u00f2 n\u01b0\u1edbng qu\u1ed1c d\u00e2n\u201d, \u0111\u01b0\u1ee3c y\u00eau th\u00edch v\u00e0 tin d\u00f9ng tr\u00ean to\u00e0n c\u1ea7u n\u00f3i chung v\u00e0 c\u00e1c gia \u0111\u00ecnh Vi\u1ec7t n\u00f3i ri\u00eang. S\u1ea3n ph\u1ea9m n\u00e0y ch\u00ednh l\u00e0 ng\u01b0\u1eddi b\u1ea1n th\u00e2n thi\u1ebft v\u00e0 tr\u1ee3 th\u1ee7 \u0111\u1eafc l\u1ef1c cho b\u1ea1n, \u0111\u1eb7c bi\u1ec7t, gi\u00fap ti\u1ebft ki\u1ec7m th\u1eddi gian \u0111\u1ec3 b\u1ea1n t\u1eadn h\u01b0\u1edfng cu\u1ed9c s\u1ed1ng tr\u1ecdn v\u1eb9n h\u01a1n.<\/p>\n<h3>T\u00ednh n\u0103ng c\u01a1 b\u1ea3n<\/h3>\n<ul>\n<li><a href=\"https:\/\/livinghome.vn\/thiet-bi\/lo-nuong-am\/\">L\u00f2 n\u01b0\u1edbng<\/a> &#8211; L\u00f2 n\u01b0\u1edbng \u00e2m t\u1ee7<\/li>\n<li>Ch\u1ee9c n\u0103ng Air fry v\u1edbi khay n\u01b0\u1edbng \u0111\u1ee5c l\u1ed7<\/li>\n<li>Ch\u1ee9c n\u0103ng gia nhi\u1ec7t s\u01a1 b\u1ed9<\/li>\n<li>B\u1ea3ng \u0111i\u1ec1u khi\u1ec3n b\u1eb1ng th\u00e9p kh\u00f4ng g\u1ec9 h\u1ea1n ch\u1ebf v\u00e2n tay<\/li>\n<li>M\u1ee9c n\u0103ng l\u01b0\u1ee3ng A+ ti\u1ebft ki\u1ec7m 20% \u0111i\u1ec7n n\u0103ng<\/li>\n<li>Khoang l\u00f2 tr\u00e1ng men ch\u1ed1ng d\u00ednh<\/li>\n<li>C\u1eeda l\u00f2 3 l\u1edbp c\u00f3 th\u1ec3 th\u00e1o r\u1eddi v\u00e0 c\u00e1ch nhi\u1ec7t<\/li>\n<li>Qu\u1ea1t gi\u1ea3i nhi\u1ec7t 2 m\u1ee9c \u0111\u1ed9<\/li>\n<li>H\u1ec7 th\u1ed1ng ng\u1eaft \u0111i\u1ec7n an to\u00e0n khi m\u1edf c\u1eeda<\/li>\n<li>Khay n\u01b0\u1edbng \u0111\u00e1y s\u00e2u tr\u00e1ng men v\u00e0 v\u1ec9 n\u01b0\u1edbng<\/li>\n<li>Kh\u00f3a an to\u00e0n cho tr\u1ebb em<\/li>\n<li>C\u00f4ng ngh\u1ec7 v\u1ec7 sinh b\u1eb1ng h\u01a1i h\u01a1i n\u01b0\u1edbc.<\/li>\n<\/ul>\n<figure id=\"attachment_66378\" aria-describedby=\"caption-attachment-66378\" style=\"width: 800px\" class=\"wp-caption alignnone\"><img loading=\"lazy\" decoding=\"async\" class=\"wp-image-66378 size-large\" src=\"https:\/\/livinghome.vn\/thiet-bi\/wp-content\/uploads\/nha-bep\/teka\/lo-nuong\/lo-nuong-teka-air-fly-hlb-8416-bk\/lo-nuong-teka-air-fly-hlb-8416-bk-9-800x800.jpg\" alt=\"L\u00f2 h\u1ea5p Teka AirFry HLB 8416 \u00e2m k\u1ebft h\u1ee3p ch\u1ee9c n\u0103ng chi\u00ean kh\u00f4ng d\u1ea7u\" width=\"800\" height=\"800\" title=\"\"><figcaption id=\"caption-attachment-66378\" class=\"wp-caption-text\">L\u00f2 n\u01b0\u1edbng Teka AirFry HLB 8416 \u00e2m k\u1ebft h\u1ee3p ch\u1ee9c n\u0103ng chi\u00ean kh\u00f4ng d\u1ea7u<\/figcaption><\/figure>\n<h3>Th\u00f4ng s\u1ed1 k\u1ef9 thu\u1eadt<\/h3>\n<ul>\n<li>Dung t\u00edch l\u00f2 : 71 l\u00edt<\/li>\n<li>9 ch\u1ee9c n\u0103ng n\u01b0\u1edbng v\u1edbi c\u00f4ng su\u1ea5t 3215W<\/li>\n<\/ul>\n<h4 class=\"et_pb_toggle_title\">K\u00edch th\u01b0\u1edbc chung<\/h4>\n<div class=\"et_pb_toggle_content clearfix\">\n<ul>\n<li>Chi\u1ec1u cao(mm):\u00a0595<\/li>\n<li>Chi\u1ec1u r\u1ed9ng (mm):\u00a0595<\/li>\n<li>\u0110\u1ed9 s\u00e2u (mm):\u00a0538+22<\/li>\n<li>Tr\u1ecdng l\u01b0\u1ee3ng (Kgs):\u00a028<\/li>\n<\/ul>\n<p>Ngo\u00e0i ra l\u00f2 n\u01b0\u1edbng Teka HLB 8416 c\u00f2n \u0111\u01b0\u1ee3c t\u1eb7ng k\u00e8m c\u00e1c ph\u1ee5 ki\u1ec7n ti\u1ec7n l\u1ee3i ph\u1ee5c v\u1ee5 cho vi\u1ec7c n\u1ea5u n\u01b0\u1edbng c\u1ee7a ng\u01b0\u1eddi ti\u00eau d\u00f9ng: Khay n\u01b0\u1edbng \u0111\u00e1y s\u00e2u tr\u00e1ng men ch\u1ed1ng tr\u01b0\u1ee3t v\u00e0 v\u1ec9 n\u01b0\u1edbng.<\/p>\n<\/div>\n<h3>Xu\u1ea5t x\u1ee9:\u00a0T\u00e2y Ban Nha<\/h3>\n<div><\/div>\n","protected":false},"excerpt":{"rendered":"<div id=\"product-title\" class=\"et_pb_module et_pb_text et_pb_bg_layout_light et_pb_text_align_left\">\n<div class=\"et_pb_text_inner\">\n<h1>L\u00f2 n\u01b0\u1edbng k\u1ebft h\u1ee3p ch\u1ee9c n\u0103ng chi\u00ean kh\u00f4ng d\u1ea7u<\/h1>\n<\/div>\n<\/div>\n<div class=\"et_pb_module et_pb_text et_pb_text_1 et_pb_bg_layout_light et_pb_text_align_left\">\n<div class=\"et_pb_text_inner\">\n<div id=\"product-content\">\n<ul>\n<li>Dung t\u00edch l\u00f2 : 71 l\u00edt<\/li>\n<li>9 ch\u1ee9c n\u0103ng n\u01b0\u1edbng v\u1edbi c\u00f4ng su\u1ea5t 3215W<\/li>\n<li>Ch\u1ee9c n\u0103ng Air fry v\u1edbi khay n\u01b0\u1edbng \u0111\u1ee5c l\u1ed7<\/li>\n<li>Qu\u1ea1t gi\u1ea3i nhi\u1ec7t 2 m\u1ee9c \u0111\u1ed9<\/li>\n<li>B\u1ea3ng \u0111i\u1ec1u khi\u1ec3n b\u1eb1ng th\u00e9p kh\u00f4ng g\u1ec9 h\u1ea1n ch\u1ebf v\u00e2n tay<\/li>\n<li>M\u1ee9c n\u0103ng l\u01b0\u1ee3ng A+ ti\u1ebft ki\u1ec7m 20% \u0111i\u1ec7n n\u0103ng<\/li>\n<li>Xu\u1ea5t x\u1ee9 : T\u00e2y Ban Nha<\/li>\n<\/ul>\n<\/div>\n<\/div>\n<\/div>\n","protected":false},"featured_media":2152,"comment_status":"open","ping_status":"closed","template":"","meta":[],"product_brand":[],"product_cat":[95,328,311],"product_tag":[96,154,330,313],"class_list":{"0":"post-2015","1":"product","2":"type-product","3":"status-publish","4":"has-post-thumbnail","6":"product_cat-lo-nuong","7":"product_cat-lo-nuong-teka","8":"product_cat-thuong-hieu-teka","9":"product_tag-lo-nuong","10":"product_tag-lo-nuong-am","11":"product_tag-lo-nuong-teka","12":"product_tag-teka","14":"first","15":"instock","16":"sale","17":"shipping-taxable","18":"purchasable","19":"product-type-simple"},"_links":{"self":[{"href":"https:\/\/livinghome.vn\/thiet-bi\/wp-json\/wp\/v2\/product\/2015","targetHints":{"allow":["GET"]}}],"collection":[{"href":"https:\/\/livinghome.vn\/thiet-bi\/wp-json\/wp\/v2\/product"}],"about":[{"href":"https:\/\/livinghome.vn\/thiet-bi\/wp-json\/wp\/v2\/types\/product"}],"replies":[{"embeddable":true,"href":"https:\/\/livinghome.vn\/thiet-bi\/wp-json\/wp\/v2\/comments?post=2015"}],"wp:featuredmedia":[{"embeddable":true,"href":"https:\/\/livinghome.vn\/thiet-bi\/wp-json\/wp\/v2\/media\/2152"}],"wp:attachment":[{"href":"https:\/\/livinghome.vn\/thiet-bi\/wp-json\/wp\/v2\/media?parent=2015"}],"wp:term":[{"taxonomy":"product_brand","embeddable":true,"href":"https:\/\/livinghome.vn\/thiet-bi\/wp-json\/wp\/v2\/product_brand?post=2015"},{"taxonomy":"product_cat","embeddable":true,"href":"https:\/\/livinghome.vn\/thiet-bi\/wp-json\/wp\/v2\/product_cat?post=2015"},{"taxonomy":"product_tag","embeddable":true,"href":"https:\/\/livinghome.vn\/thiet-bi\/wp-json\/wp\/v2\/product_tag?post=2015"}],"curies":[{"name":"wp","href":"https:\/\/api.w.org\/{rel}","templated":true}]}}