{"id":20149,"date":"2024-02-19T15:39:11","date_gmt":"2024-02-19T08:39:11","guid":{"rendered":"https:\/\/livinghome.vn\/thiet-bi\/?post_type=product&#038;p=20149"},"modified":"2024-11-29T14:19:01","modified_gmt":"2024-11-29T07:19:01","slug":"catalogue-texgio-gia-dinh","status":"publish","type":"product","link":"https:\/\/livinghome.vn\/thiet-bi\/catalogue-texgio-gia-dinh\/","title":{"rendered":"Catalogue Texgio Gia \u0110\u00ecnh"},"content":{"rendered":"<p><img loading=\"lazy\" decoding=\"async\" class=\"size-full wp-image-20081\" src=\"https:\/\/livinghome.vn\/thiet-bi\/wp-content\/uploads\/2024\/02\/catalogue-may-rua-chen-gia-dinh-texgio-1.jpg\" alt=\"Catalogue Texio M\u00e1y r\u1eeda ch\u00e9n b\u00e1t gia \u0111\u00ecnh\" width=\"1200\" height=\"937\" title=\"\" srcset=\"https:\/\/livinghome.vn\/thiet-bi\/wp-content\/uploads\/2024\/02\/catalogue-may-rua-chen-gia-dinh-texgio-1.jpg 1200w, https:\/\/livinghome.vn\/thiet-bi\/wp-content\/uploads\/2024\/02\/catalogue-may-rua-chen-gia-dinh-texgio-1-512x400.jpg 512w, https:\/\/livinghome.vn\/thiet-bi\/wp-content\/uploads\/2024\/02\/catalogue-may-rua-chen-gia-dinh-texgio-1-1025x800.jpg 1025w, https:\/\/livinghome.vn\/thiet-bi\/wp-content\/uploads\/2024\/02\/catalogue-may-rua-chen-gia-dinh-texgio-1-768x600.jpg 768w, https:\/\/livinghome.vn\/thiet-bi\/wp-content\/uploads\/2024\/02\/catalogue-may-rua-chen-gia-dinh-texgio-1-600x469.jpg 600w\" sizes=\"auto, (max-width: 1200px) 100vw, 1200px\" \/><br \/>\n<img loading=\"lazy\" decoding=\"async\" class=\"size-full wp-image-20081\" src=\"https:\/\/livinghome.vn\/thiet-bi\/wp-content\/uploads\/2024\/02\/catalogue-may-rua-chen-gia-dinh-texgio-2.jpg\" alt=\"Catalogue Texio M\u00e1y r\u1eeda ch\u00e9n b\u00e1t gia \u0111\u00ecnh\" width=\"1200\" height=\"937\" title=\"\"><br \/>\n<img loading=\"lazy\" decoding=\"async\" class=\"size-full wp-image-20081\" src=\"https:\/\/livinghome.vn\/thiet-bi\/wp-content\/uploads\/2024\/02\/catalogue-may-rua-chen-gia-dinh-texgio-3.jpg\" alt=\"Catalogue Texio M\u00e1y r\u1eeda ch\u00e9n b\u00e1t gia \u0111\u00ecnh\" width=\"1200\" height=\"937\" title=\"\"><br \/>\n<img loading=\"lazy\" decoding=\"async\" class=\"size-full wp-image-20081\" src=\"https:\/\/livinghome.vn\/thiet-bi\/wp-content\/uploads\/2024\/02\/catalogue-may-rua-chen-gia-dinh-texgio-4.jpg\" alt=\"Catalogue Texio M\u00e1y r\u1eeda ch\u00e9n b\u00e1t gia \u0111\u00ecnh\" width=\"1200\" height=\"937\" title=\"\"><br \/>\n<img loading=\"lazy\" decoding=\"async\" class=\"size-full wp-image-20081\" src=\"https:\/\/livinghome.vn\/thiet-bi\/wp-content\/uploads\/2024\/02\/catalogue-may-rua-chen-gia-dinh-texgio-5.jpg\" alt=\"Catalogue Texio M\u00e1y r\u1eeda ch\u00e9n b\u00e1t gia \u0111\u00ecnh\" width=\"1200\" height=\"937\" title=\"\"><br \/>\n<img loading=\"lazy\" decoding=\"async\" class=\"size-full wp-image-20081\" src=\"https:\/\/livinghome.vn\/thiet-bi\/wp-content\/uploads\/2024\/02\/catalogue-may-rua-chen-gia-dinh-texgio-6.jpg\" alt=\"Catalogue Texio M\u00e1y r\u1eeda ch\u00e9n b\u00e1t gia \u0111\u00ecnh\" width=\"1200\" height=\"937\" title=\"\"><br \/>\n<img loading=\"lazy\" decoding=\"async\" class=\"size-full wp-image-20081\" src=\"https:\/\/livinghome.vn\/thiet-bi\/wp-content\/uploads\/2024\/02\/catalogue-may-rua-chen-gia-dinh-texgio-7.jpg\" alt=\"Catalogue Texio M\u00e1y r\u1eeda ch\u00e9n b\u00e1t gia \u0111\u00ecnh\" width=\"1200\" height=\"937\" title=\"\"><br \/>\n<img loading=\"lazy\" decoding=\"async\" class=\"size-full wp-image-20081\" src=\"https:\/\/livinghome.vn\/thiet-bi\/wp-content\/uploads\/2024\/02\/catalogue-may-rua-chen-gia-dinh-texgio-8.jpg\" alt=\"Catalogue Texio M\u00e1y r\u1eeda ch\u00e9n b\u00e1t gia \u0111\u00ecnh\" width=\"1200\" height=\"937\" title=\"\"><br \/>\n<img loading=\"lazy\" decoding=\"async\" class=\"size-full wp-image-20081\" src=\"https:\/\/livinghome.vn\/thiet-bi\/wp-content\/uploads\/2024\/02\/catalogue-may-rua-chen-gia-dinh-texgio-9.jpg\" alt=\"Catalogue Texio M\u00e1y r\u1eeda ch\u00e9n b\u00e1t gia \u0111\u00ecnh\" width=\"1200\" height=\"937\" title=\"\"><br \/>\n<img loading=\"lazy\" decoding=\"async\" class=\"size-full wp-image-20081\" src=\"https:\/\/livinghome.vn\/thiet-bi\/wp-content\/uploads\/2024\/02\/catalogue-may-rua-chen-gia-dinh-texgio-10.jpg\" alt=\"Catalogue Texio M\u00e1y r\u1eeda ch\u00e9n b\u00e1t gia \u0111\u00ecnh\" width=\"1200\" height=\"937\" title=\"\"><br \/>\n<img loading=\"lazy\" decoding=\"async\" class=\"size-full wp-image-20081\" src=\"https:\/\/livinghome.vn\/thiet-bi\/wp-content\/uploads\/2024\/02\/catalogue-may-rua-chen-gia-dinh-texgio-11.jpg\" alt=\"Catalogue Texio M\u00e1y r\u1eeda ch\u00e9n b\u00e1t gia \u0111\u00ecnh\" width=\"1200\" height=\"937\" title=\"\"><br \/>\n<img loading=\"lazy\" decoding=\"async\" class=\"size-full wp-image-20081\" src=\"https:\/\/livinghome.vn\/thiet-bi\/wp-content\/uploads\/2024\/02\/catalogue-may-rua-chen-gia-dinh-texgio-12.jpg\" alt=\"Catalogue Texio M\u00e1y r\u1eeda ch\u00e9n b\u00e1t gia \u0111\u00ecnh\" width=\"1200\" height=\"937\" title=\"\"><br \/>\n<img loading=\"lazy\" decoding=\"async\" class=\"size-full wp-image-20081\" src=\"https:\/\/livinghome.vn\/thiet-bi\/wp-content\/uploads\/2024\/02\/catalogue-may-rua-chen-gia-dinh-texgio-13.jpg\" alt=\"Catalogue Texio M\u00e1y r\u1eeda ch\u00e9n b\u00e1t gia \u0111\u00ecnh\" width=\"1200\" height=\"937\" title=\"\"><br \/>\n<img loading=\"lazy\" decoding=\"async\" class=\"size-full wp-image-20081\" src=\"https:\/\/livinghome.vn\/thiet-bi\/wp-content\/uploads\/2024\/02\/catalogue-may-rua-chen-gia-dinh-texgio-14.jpg\" alt=\"Catalogue Texio M\u00e1y r\u1eeda ch\u00e9n b\u00e1t gia \u0111\u00ecnh\" width=\"1200\" height=\"937\" title=\"\"><br \/>\n<img loading=\"lazy\" decoding=\"async\" class=\"size-full wp-image-20081\" src=\"https:\/\/livinghome.vn\/thiet-bi\/wp-content\/uploads\/2024\/02\/catalogue-may-rua-chen-gia-dinh-texgio-15.jpg\" alt=\"Catalogue Texio M\u00e1y r\u1eeda ch\u00e9n b\u00e1t gia \u0111\u00ecnh\" width=\"1200\" height=\"937\" title=\"\"><br \/>\n<img loading=\"lazy\" decoding=\"async\" class=\"size-full wp-image-20081\" src=\"https:\/\/livinghome.vn\/thiet-bi\/wp-content\/uploads\/2024\/02\/catalogue-may-rua-chen-gia-dinh-texgio-16.jpg\" alt=\"Catalogue Texio M\u00e1y r\u1eeda ch\u00e9n b\u00e1t gia \u0111\u00ecnh\" width=\"1200\" height=\"937\" title=\"\"><br \/>\n<img loading=\"lazy\" decoding=\"async\" class=\"size-full wp-image-20081\" src=\"https:\/\/livinghome.vn\/thiet-bi\/wp-content\/uploads\/2024\/02\/catalogue-may-rua-chen-gia-dinh-texgio-17.jpg\" alt=\"Catalogue Texio M\u00e1y r\u1eeda ch\u00e9n b\u00e1t gia \u0111\u00ecnh\" width=\"1200\" height=\"937\" title=\"\"><br \/>\n<img loading=\"lazy\" decoding=\"async\" class=\"size-full wp-image-20081\" src=\"https:\/\/livinghome.vn\/thiet-bi\/wp-content\/uploads\/2024\/02\/catalogue-may-rua-chen-gia-dinh-texgio-18.jpg\" alt=\"Catalogue Texio M\u00e1y r\u1eeda ch\u00e9n b\u00e1t gia \u0111\u00ecnh\" width=\"1200\" height=\"937\" title=\"\"><br \/>\n<img loading=\"lazy\" decoding=\"async\" class=\"size-full wp-image-20081\" src=\"https:\/\/livinghome.vn\/thiet-bi\/wp-content\/uploads\/2024\/02\/catalogue-may-rua-chen-gia-dinh-texgio-19.jpg\" alt=\"Catalogue Texio M\u00e1y r\u1eeda ch\u00e9n b\u00e1t gia \u0111\u00ecnh\" width=\"1200\" height=\"937\" title=\"\"><br \/>\n<img loading=\"lazy\" decoding=\"async\" class=\"size-full wp-image-20081\" src=\"https:\/\/livinghome.vn\/thiet-bi\/wp-content\/uploads\/2024\/02\/catalogue-may-rua-chen-gia-dinh-texgio-20.jpg\" alt=\"Catalogue Texio M\u00e1y r\u1eeda ch\u00e9n b\u00e1t gia \u0111\u00ecnh\" width=\"1200\" height=\"937\" title=\"\"><br \/>\n<img loading=\"lazy\" decoding=\"async\" class=\"size-full wp-image-20081\" src=\"https:\/\/livinghome.vn\/thiet-bi\/wp-content\/uploads\/2024\/02\/catalogue-may-rua-chen-gia-dinh-texgio-21.jpg\" alt=\"Catalogue Texio M\u00e1y r\u1eeda ch\u00e9n b\u00e1t gia \u0111\u00ecnh\" width=\"1200\" height=\"937\" title=\"\"><br \/>\n<img loading=\"lazy\" decoding=\"async\" class=\"size-full wp-image-20081\" src=\"https:\/\/livinghome.vn\/thiet-bi\/wp-content\/uploads\/2024\/02\/catalogue-may-rua-chen-gia-dinh-texgio-22.jpg\" alt=\"Catalogue Texio M\u00e1y r\u1eeda ch\u00e9n b\u00e1t gia \u0111\u00ecnh\" width=\"1200\" height=\"937\" title=\"\"><br \/>\n<img loading=\"lazy\" decoding=\"async\" class=\"size-full wp-image-20081\" src=\"https:\/\/livinghome.vn\/thiet-bi\/wp-content\/uploads\/2024\/02\/catalogue-may-rua-chen-gia-dinh-texgio-23.jpg\" alt=\"Catalogue Texio M\u00e1y r\u1eeda ch\u00e9n b\u00e1t gia \u0111\u00ecnh\" width=\"1200\" height=\"937\" title=\"\"><br \/>\n<img loading=\"lazy\" decoding=\"async\" class=\"size-full wp-image-20081\" src=\"https:\/\/livinghome.vn\/thiet-bi\/wp-content\/uploads\/2024\/02\/catalogue-may-rua-chen-gia-dinh-texgio-24.jpg\" alt=\"Catalogue Texio M\u00e1y r\u1eeda ch\u00e9n b\u00e1t gia \u0111\u00ecnh\" width=\"1200\" height=\"937\" title=\"\"><br \/>\n<img loading=\"lazy\" decoding=\"async\" class=\"size-full wp-image-20081\" src=\"https:\/\/livinghome.vn\/thiet-bi\/wp-content\/uploads\/2024\/02\/catalogue-may-rua-chen-gia-dinh-texgio-25.jpg\" alt=\"Catalogue Texio M\u00e1y r\u1eeda ch\u00e9n b\u00e1t gia \u0111\u00ecnh\" width=\"1200\" height=\"937\" title=\"\"><br \/>\n<img loading=\"lazy\" decoding=\"async\" class=\"size-full wp-image-20081\" src=\"https:\/\/livinghome.vn\/thiet-bi\/wp-content\/uploads\/2024\/02\/catalogue-may-rua-chen-gia-dinh-texgio-26.jpg\" alt=\"Catalogue Texio M\u00e1y r\u1eeda ch\u00e9n b\u00e1t gia \u0111\u00ecnh\" width=\"1200\" height=\"937\" title=\"\"><br \/>\n<img loading=\"lazy\" decoding=\"async\" class=\"size-full wp-image-20081\" src=\"https:\/\/livinghome.vn\/thiet-bi\/wp-content\/uploads\/2024\/02\/catalogue-may-rua-chen-gia-dinh-texgio-27.jpg\" alt=\"Catalogue Texio M\u00e1y r\u1eeda ch\u00e9n b\u00e1t gia \u0111\u00ecnh\" width=\"1200\" height=\"937\" title=\"\"><br \/>\n<img loading=\"lazy\" decoding=\"async\" class=\"size-full wp-image-20081\" src=\"https:\/\/livinghome.vn\/thiet-bi\/wp-content\/uploads\/2024\/02\/catalogue-may-rua-chen-gia-dinh-texgio-28.jpg\" alt=\"Catalogue Texio M\u00e1y r\u1eeda ch\u00e9n b\u00e1t gia \u0111\u00ecnh\" width=\"1200\" height=\"937\" title=\"\"><br \/>\n<img loading=\"lazy\" decoding=\"async\" class=\"size-full wp-image-20081\" src=\"https:\/\/livinghome.vn\/thiet-bi\/wp-content\/uploads\/2024\/02\/catalogue-may-rua-chen-gia-dinh-texgio-29.jpg\" alt=\"Catalogue Texio M\u00e1y r\u1eeda ch\u00e9n b\u00e1t gia \u0111\u00ecnh\" width=\"1200\" height=\"937\" title=\"\"><br \/>\n<img loading=\"lazy\" decoding=\"async\" class=\"size-full wp-image-20081\" src=\"https:\/\/livinghome.vn\/thiet-bi\/wp-content\/uploads\/2024\/02\/catalogue-may-rua-chen-gia-dinh-texgio-30.jpg\" alt=\"Catalogue Texio M\u00e1y r\u1eeda ch\u00e9n b\u00e1t gia \u0111\u00ecnh\" width=\"1200\" height=\"937\" title=\"\"><br \/>\n<img loading=\"lazy\" decoding=\"async\" class=\"size-full wp-image-20081\" src=\"https:\/\/livinghome.vn\/thiet-bi\/wp-content\/uploads\/2024\/02\/catalogue-may-rua-chen-gia-dinh-texgio-31.jpg\" alt=\"Catalogue Texio M\u00e1y r\u1eeda ch\u00e9n b\u00e1t gia \u0111\u00ecnh\" width=\"1200\" height=\"937\" title=\"\"><br \/>\n<img loading=\"lazy\" decoding=\"async\" class=\"size-full wp-image-20081\" src=\"https:\/\/livinghome.vn\/thiet-bi\/wp-content\/uploads\/2024\/02\/catalogue-may-rua-chen-gia-dinh-texgio-32.jpg\" alt=\"Catalogue Texio M\u00e1y r\u1eeda ch\u00e9n b\u00e1t gia \u0111\u00ecnh\" width=\"1200\" height=\"937\" title=\"\"><br \/>\n<img loading=\"lazy\" decoding=\"async\" class=\"size-full wp-image-20081\" src=\"https:\/\/livinghome.vn\/thiet-bi\/wp-content\/uploads\/2024\/02\/catalogue-may-rua-chen-gia-dinh-texgio-33.jpg\" alt=\"Catalogue Texio M\u00e1y r\u1eeda ch\u00e9n b\u00e1t gia \u0111\u00ecnh\" width=\"1200\" height=\"937\" title=\"\"><br \/>\n<img loading=\"lazy\" decoding=\"async\" class=\"size-full wp-image-20081\" src=\"https:\/\/livinghome.vn\/thiet-bi\/wp-content\/uploads\/2024\/02\/catalogue-may-rua-chen-gia-dinh-texgio-34.jpg\" alt=\"Catalogue Texio M\u00e1y r\u1eeda ch\u00e9n b\u00e1t gia \u0111\u00ecnh\" width=\"1200\" height=\"937\" title=\"\"><br \/>\n<img loading=\"lazy\" decoding=\"async\" class=\"size-full wp-image-20081\" src=\"https:\/\/livinghome.vn\/thiet-bi\/wp-content\/uploads\/2024\/02\/catalogue-may-rua-chen-gia-dinh-texgio-35.jpg\" alt=\"Catalogue Texio M\u00e1y r\u1eeda ch\u00e9n b\u00e1t gia \u0111\u00ecnh\" width=\"1200\" height=\"937\" title=\"\"><br \/>\n<img loading=\"lazy\" decoding=\"async\" class=\"size-full wp-image-20081\" src=\"https:\/\/livinghome.vn\/thiet-bi\/wp-content\/uploads\/2024\/02\/catalogue-may-rua-chen-gia-dinh-texgio-36.jpg\" alt=\"Catalogue Texio M\u00e1y r\u1eeda ch\u00e9n b\u00e1t gia \u0111\u00ecnh\" width=\"1200\" height=\"937\" title=\"\"><br \/>\n<img loading=\"lazy\" decoding=\"async\" class=\"size-full wp-image-20081\" src=\"https:\/\/livinghome.vn\/thiet-bi\/wp-content\/uploads\/2024\/02\/catalogue-may-rua-chen-gia-dinh-texgio-37.jpg\" alt=\"Catalogue Texio M\u00e1y r\u1eeda ch\u00e9n b\u00e1t gia \u0111\u00ecnh\" width=\"1200\" height=\"937\" title=\"\"><br \/>\n<img loading=\"lazy\" decoding=\"async\" class=\"size-full wp-image-20081\" src=\"https:\/\/livinghome.vn\/thiet-bi\/wp-content\/uploads\/2024\/02\/catalogue-may-rua-chen-gia-dinh-texgio-38.jpg\" alt=\"Catalogue Texio M\u00e1y r\u1eeda ch\u00e9n b\u00e1t gia \u0111\u00ecnh\" width=\"1200\" height=\"937\" title=\"\"><br \/>\n<img loading=\"lazy\" decoding=\"async\" class=\"size-full wp-image-20081\" src=\"https:\/\/livinghome.vn\/thiet-bi\/wp-content\/uploads\/2024\/02\/catalogue-may-rua-chen-gia-dinh-texgio-39.jpg\" alt=\"Catalogue Texio M\u00e1y r\u1eeda ch\u00e9n b\u00e1t gia \u0111\u00ecnh\" width=\"1200\" height=\"937\" title=\"\"><br \/>\n<img loading=\"lazy\" decoding=\"async\" class=\"size-full wp-image-20081\" src=\"https:\/\/livinghome.vn\/thiet-bi\/wp-content\/uploads\/2024\/02\/catalogue-may-rua-chen-gia-dinh-texgio-40.jpg\" alt=\"Catalogue Texio M\u00e1y r\u1eeda ch\u00e9n b\u00e1t gia \u0111\u00ecnh\" width=\"1200\" height=\"937\" title=\"\"><br \/>\n<img loading=\"lazy\" decoding=\"async\" class=\"size-full wp-image-20081\" src=\"https:\/\/livinghome.vn\/thiet-bi\/wp-content\/uploads\/2024\/02\/catalogue-may-rua-chen-gia-dinh-texgio-41.jpg\" alt=\"Catalogue Texio M\u00e1y r\u1eeda ch\u00e9n b\u00e1t gia \u0111\u00ecnh\" width=\"1200\" height=\"937\" title=\"\"><br \/>\n<img loading=\"lazy\" decoding=\"async\" class=\"size-full wp-image-20081\" src=\"https:\/\/livinghome.vn\/thiet-bi\/wp-content\/uploads\/2024\/02\/catalogue-may-rua-chen-gia-dinh-texgio-42.jpg\" alt=\"Catalogue Texio M\u00e1y r\u1eeda ch\u00e9n b\u00e1t gia \u0111\u00ecnh\" width=\"1200\" height=\"937\" title=\"\"><br \/>\n<img loading=\"lazy\" decoding=\"async\" class=\"size-full wp-image-20081\" src=\"https:\/\/livinghome.vn\/thiet-bi\/wp-content\/uploads\/2024\/02\/catalogue-may-rua-chen-gia-dinh-texgio-43.jpg\" alt=\"Catalogue Texio M\u00e1y r\u1eeda ch\u00e9n b\u00e1t gia \u0111\u00ecnh\" width=\"1200\" height=\"937\" title=\"\"><br \/>\n<img loading=\"lazy\" decoding=\"async\" class=\"size-full wp-image-20081\" src=\"https:\/\/livinghome.vn\/thiet-bi\/wp-content\/uploads\/2024\/02\/catalogue-may-rua-chen-gia-dinh-texgio-44.jpg\" alt=\"Catalogue Texio M\u00e1y r\u1eeda ch\u00e9n b\u00e1t gia \u0111\u00ecnh\" width=\"1200\" height=\"937\" title=\"\"><br \/>\n<img loading=\"lazy\" decoding=\"async\" class=\"size-full wp-image-20081\" src=\"https:\/\/livinghome.vn\/thiet-bi\/wp-content\/uploads\/2024\/02\/catalogue-may-rua-chen-gia-dinh-texgio-45.jpg\" alt=\"Catalogue Texio M\u00e1y r\u1eeda ch\u00e9n b\u00e1t gia \u0111\u00ecnh\" width=\"1200\" height=\"937\" title=\"\"><br \/>\n<img loading=\"lazy\" decoding=\"async\" class=\"size-full wp-image-20081\" src=\"https:\/\/livinghome.vn\/thiet-bi\/wp-content\/uploads\/2024\/02\/catalogue-may-rua-chen-gia-dinh-texgio-46.jpg\" alt=\"Catalogue Texio M\u00e1y r\u1eeda ch\u00e9n b\u00e1t gia \u0111\u00ecnh\" width=\"1200\" height=\"937\" title=\"\"><br \/>\n<img loading=\"lazy\" decoding=\"async\" class=\"size-full wp-image-20081\" src=\"https:\/\/livinghome.vn\/thiet-bi\/wp-content\/uploads\/2024\/02\/catalogue-may-rua-chen-gia-dinh-texgio-47.jpg\" alt=\"Catalogue Texio M\u00e1y r\u1eeda ch\u00e9n b\u00e1t gia \u0111\u00ecnh\" width=\"1200\" height=\"937\" title=\"\"><br \/>\n<img loading=\"lazy\" decoding=\"async\" class=\"size-full wp-image-20081\" src=\"https:\/\/livinghome.vn\/thiet-bi\/wp-content\/uploads\/2024\/02\/catalogue-may-rua-chen-gia-dinh-texgio-48.jpg\" alt=\"Catalogue Texio M\u00e1y r\u1eeda ch\u00e9n b\u00e1t gia \u0111\u00ecnh\" width=\"1200\" height=\"937\" title=\"\"><br \/>\n<img loading=\"lazy\" decoding=\"async\" class=\"size-full wp-image-20081\" src=\"https:\/\/livinghome.vn\/thiet-bi\/wp-content\/uploads\/2024\/02\/catalogue-may-rua-chen-gia-dinh-texgio-49.jpg\" alt=\"Catalogue Texio M\u00e1y r\u1eeda ch\u00e9n b\u00e1t gia \u0111\u00ecnh\" width=\"1200\" height=\"937\" title=\"\"><br \/>\n<img loading=\"lazy\" decoding=\"async\" class=\"size-full wp-image-20081\" src=\"https:\/\/livinghome.vn\/thiet-bi\/wp-content\/uploads\/2024\/02\/catalogue-may-rua-chen-gia-dinh-texgio-50.jpg\" alt=\"Catalogue Texio M\u00e1y r\u1eeda ch\u00e9n b\u00e1t gia \u0111\u00ecnh\" width=\"1200\" height=\"937\" title=\"\"><br \/>\n<img loading=\"lazy\" decoding=\"async\" class=\"size-full wp-image-20081\" src=\"https:\/\/livinghome.vn\/thiet-bi\/wp-content\/uploads\/2024\/02\/catalogue-may-rua-chen-gia-dinh-texgio-51.jpg\" alt=\"Catalogue Texio M\u00e1y r\u1eeda ch\u00e9n b\u00e1t gia \u0111\u00ecnh\" width=\"1200\" height=\"937\" title=\"\"><br \/>\n<img loading=\"lazy\" decoding=\"async\" class=\"size-full wp-image-20081\" src=\"https:\/\/livinghome.vn\/thiet-bi\/wp-content\/uploads\/2024\/02\/catalogue-may-rua-chen-gia-dinh-texgio-52.jpg\" alt=\"Catalogue Texio M\u00e1y r\u1eeda ch\u00e9n b\u00e1t gia \u0111\u00ecnh\" width=\"1200\" height=\"937\" title=\"\"><br \/>\n<img loading=\"lazy\" decoding=\"async\" class=\"size-full wp-image-20081\" src=\"https:\/\/livinghome.vn\/thiet-bi\/wp-content\/uploads\/2024\/02\/catalogue-may-rua-chen-gia-dinh-texgio-53.jpg\" alt=\"Catalogue Texio M\u00e1y r\u1eeda ch\u00e9n b\u00e1t gia \u0111\u00ecnh\" width=\"1200\" height=\"937\" title=\"\"><br \/>\n<img loading=\"lazy\" decoding=\"async\" class=\"size-full wp-image-20081\" src=\"https:\/\/livinghome.vn\/thiet-bi\/wp-content\/uploads\/2024\/02\/catalogue-may-rua-chen-gia-dinh-texgio-54.jpg\" alt=\"Catalogue Texio M\u00e1y r\u1eeda ch\u00e9n b\u00e1t gia \u0111\u00ecnh\" width=\"1200\" height=\"937\" title=\"\"><br \/>\n<img loading=\"lazy\" decoding=\"async\" class=\"size-full wp-image-20081\" src=\"https:\/\/livinghome.vn\/thiet-bi\/wp-content\/uploads\/2024\/02\/catalogue-may-rua-chen-gia-dinh-texgio-55.jpg\" alt=\"Catalogue Texio M\u00e1y r\u1eeda ch\u00e9n b\u00e1t gia \u0111\u00ecnh\" width=\"1200\" height=\"937\" title=\"\"><br \/>\n<img loading=\"lazy\" decoding=\"async\" class=\"size-full wp-image-20081\" src=\"https:\/\/livinghome.vn\/thiet-bi\/wp-content\/uploads\/2024\/02\/catalogue-may-rua-chen-gia-dinh-texgio-56.jpg\" alt=\"Catalogue Texio M\u00e1y r\u1eeda ch\u00e9n b\u00e1t gia \u0111\u00ecnh\" width=\"1200\" height=\"937\" title=\"\"><br \/>\n<img loading=\"lazy\" decoding=\"async\" class=\"size-full wp-image-20081\" src=\"https:\/\/livinghome.vn\/thiet-bi\/wp-content\/uploads\/2024\/02\/catalogue-may-rua-chen-gia-dinh-texgio-57.jpg\" alt=\"Catalogue Texio M\u00e1y r\u1eeda ch\u00e9n b\u00e1t gia \u0111\u00ecnh\" width=\"1200\" height=\"937\" title=\"\"><br \/>\n<img loading=\"lazy\" decoding=\"async\" class=\"size-full wp-image-20081\" src=\"https:\/\/livinghome.vn\/thiet-bi\/wp-content\/uploads\/2024\/02\/catalogue-may-rua-chen-gia-dinh-texgio-58.jpg\" alt=\"Catalogue Texio M\u00e1y r\u1eeda ch\u00e9n b\u00e1t gia \u0111\u00ecnh\" width=\"1200\" height=\"937\" title=\"\"><br \/>\n<img loading=\"lazy\" decoding=\"async\" class=\"size-full wp-image-20081\" src=\"https:\/\/livinghome.vn\/thiet-bi\/wp-content\/uploads\/2024\/02\/catalogue-may-rua-chen-gia-dinh-texgio-59.jpg\" alt=\"Catalogue Texio M\u00e1y r\u1eeda ch\u00e9n b\u00e1t gia \u0111\u00ecnh\" width=\"1200\" height=\"937\" title=\"\"><br \/>\n<img loading=\"lazy\" decoding=\"async\" class=\"size-full wp-image-20081\" src=\"https:\/\/livinghome.vn\/thiet-bi\/wp-content\/uploads\/2024\/02\/catalogue-may-rua-chen-gia-dinh-texgio-60.jpg\" alt=\"Catalogue Texio M\u00e1y r\u1eeda ch\u00e9n b\u00e1t gia \u0111\u00ecnh\" width=\"1200\" height=\"937\" title=\"\"><br \/>\n<img loading=\"lazy\" decoding=\"async\" class=\"size-full wp-image-20081\" src=\"https:\/\/livinghome.vn\/thiet-bi\/wp-content\/uploads\/2024\/02\/catalogue-may-rua-chen-gia-dinh-texgio-61.jpg\" alt=\"Catalogue Texio M\u00e1y r\u1eeda ch\u00e9n b\u00e1t gia \u0111\u00ecnh\" width=\"1200\" height=\"937\" title=\"\"><br \/>\n<img loading=\"lazy\" decoding=\"async\" class=\"size-full wp-image-20081\" src=\"https:\/\/livinghome.vn\/thiet-bi\/wp-content\/uploads\/2024\/02\/catalogue-may-rua-chen-gia-dinh-texgio-62.jpg\" alt=\"Catalogue Texio M\u00e1y r\u1eeda ch\u00e9n b\u00e1t gia \u0111\u00ecnh\" width=\"1200\" height=\"937\" title=\"\"><br \/>\n<img loading=\"lazy\" decoding=\"async\" class=\"size-full wp-image-20081\" src=\"https:\/\/livinghome.vn\/thiet-bi\/wp-content\/uploads\/2024\/02\/catalogue-may-rua-chen-gia-dinh-texgio-63.jpg\" alt=\"Catalogue Texio M\u00e1y r\u1eeda ch\u00e9n b\u00e1t gia \u0111\u00ecnh\" width=\"1200\" height=\"937\" title=\"\"><br \/>\n<img loading=\"lazy\" decoding=\"async\" class=\"size-full wp-image-20081\" src=\"https:\/\/livinghome.vn\/thiet-bi\/wp-content\/uploads\/2024\/02\/catalogue-may-rua-chen-gia-dinh-texgio-64.jpg\" alt=\"Catalogue Texio M\u00e1y r\u1eeda ch\u00e9n b\u00e1t gia \u0111\u00ecnh\" width=\"1200\" height=\"937\" title=\"\"><br \/>\n<img loading=\"lazy\" decoding=\"async\" class=\"size-full wp-image-20081\" src=\"https:\/\/livinghome.vn\/thiet-bi\/wp-content\/uploads\/2024\/02\/catalogue-may-rua-chen-gia-dinh-texgio-65.jpg\" alt=\"Catalogue Texio M\u00e1y r\u1eeda ch\u00e9n b\u00e1t gia \u0111\u00ecnh\" width=\"1200\" height=\"937\" title=\"\"><br \/>\n<img loading=\"lazy\" decoding=\"async\" class=\"size-full wp-image-20081\" src=\"https:\/\/livinghome.vn\/thiet-bi\/wp-content\/uploads\/2024\/02\/catalogue-may-rua-chen-gia-dinh-texgio-66.jpg\" alt=\"Catalogue Texio M\u00e1y r\u1eeda ch\u00e9n b\u00e1t gia \u0111\u00ecnh\" width=\"1200\" height=\"937\" title=\"\"><br \/>\n<img loading=\"lazy\" decoding=\"async\" class=\"size-full wp-image-20081\" src=\"https:\/\/livinghome.vn\/thiet-bi\/wp-content\/uploads\/2024\/02\/catalogue-may-rua-chen-gia-dinh-texgio-67.jpg\" alt=\"Catalogue Texio M\u00e1y r\u1eeda ch\u00e9n b\u00e1t gia \u0111\u00ecnh\" width=\"1200\" height=\"937\" title=\"\"><br \/>\n<img loading=\"lazy\" decoding=\"async\" class=\"size-full wp-image-20081\" src=\"https:\/\/livinghome.vn\/thiet-bi\/wp-content\/uploads\/2024\/02\/catalogue-may-rua-chen-gia-dinh-texgio-68.jpg\" alt=\"Catalogue Texio M\u00e1y r\u1eeda ch\u00e9n b\u00e1t gia \u0111\u00ecnh\" width=\"1200\" height=\"937\" title=\"\"><\/p>\n","protected":false},"excerpt":{"rendered":"<h3>C\u1eadp nh\u1eadt phi\u00ean b\u1ea3n Catalogue m\u1edbi nh\u1ea5t c\u1ee7a Th\u01b0\u01a1ng hi\u1ec7u Texgio<\/h3>\n<ul>\n<li>M\u00e1y r\u1eeda ch\u00e9n 15 b\u1ed9<\/li>\n<li>M\u00e1y r\u1eeda ch\u00e9n 14 b\u1ed9<\/li>\n<li>M\u00e1y r\u1eeda ch\u00e9n 13 b\u1ed9<\/li>\n<li>M\u00e1y r\u1eeda ch\u00e9n 12 b\u1ed9<\/li>\n<li>M\u00e1y r\u1eeda ch\u00e9n 11 b\u1ed9<\/li>\n<li>M\u00e1y r\u1eeda ch\u00e9n 9 b\u1ed9<\/li>\n<li>M\u00e1y r\u1eeda ch\u00e9n 8 b\u1ed9<\/li>\n<li>M\u00e1y r\u1eeda ch\u00e9n 6 b\u1ed9<\/li>\n<li>M\u00e1y r\u1eeda ch\u00e9n mini \u0111\u1ec3 b\u00e0n<\/li>\n<li>M\u00e1y r\u1eeda ch\u00e9n \u0111\u1ed9c l\u1eadp<\/li>\n<li>M\u00e1y r\u1eeda ch\u00e9n \u00e2m t\u1ee7<\/li>\n<\/ul>\n","protected":false},"featured_media":20081,"comment_status":"open","ping_status":"closed","template":"","meta":[],"product_brand":[],"product_cat":[70,569],"product_tag":[1964,574],"class_list":{"0":"post-20149","1":"product","2":"type-product","3":"status-publish","4":"has-post-thumbnail","6":"product_cat-catalogue-thuong-hieu","7":"product_cat-thuong-hieu-texgio","8":"product_tag-catalogue-texgio","9":"product_tag-texgio","11":"first","12":"instock","13":"shipping-taxable","14":"product-type-simple"},"_links":{"self":[{"href":"https:\/\/livinghome.vn\/thiet-bi\/wp-json\/wp\/v2\/product\/20149","targetHints":{"allow":["GET"]}}],"collection":[{"href":"https:\/\/livinghome.vn\/thiet-bi\/wp-json\/wp\/v2\/product"}],"about":[{"href":"https:\/\/livinghome.vn\/thiet-bi\/wp-json\/wp\/v2\/types\/product"}],"replies":[{"embeddable":true,"href":"https:\/\/livinghome.vn\/thiet-bi\/wp-json\/wp\/v2\/comments?post=20149"}],"wp:featuredmedia":[{"embeddable":true,"href":"https:\/\/livinghome.vn\/thiet-bi\/wp-json\/wp\/v2\/media\/20081"}],"wp:attachment":[{"href":"https:\/\/livinghome.vn\/thiet-bi\/wp-json\/wp\/v2\/media?parent=20149"}],"wp:term":[{"taxonomy":"product_brand","embeddable":true,"href":"https:\/\/livinghome.vn\/thiet-bi\/wp-json\/wp\/v2\/product_brand?post=20149"},{"taxonomy":"product_cat","embeddable":true,"href":"https:\/\/livinghome.vn\/thiet-bi\/wp-json\/wp\/v2\/product_cat?post=20149"},{"taxonomy":"product_tag","embeddable":true,"href":"https:\/\/livinghome.vn\/thiet-bi\/wp-json\/wp\/v2\/product_tag?post=20149"}],"curies":[{"name":"wp","href":"https:\/\/api.w.org\/{rel}","templated":true}]}}