{"id":2014,"date":"2023-01-12T16:43:29","date_gmt":"2023-01-12T16:43:29","guid":{"rendered":"https:\/\/livinghome.vn\/thiet-bi\/?post_type=product&#038;p=2014"},"modified":"2024-11-29T14:20:34","modified_gmt":"2024-11-29T07:20:34","slug":"lo-hap-teka-hlc-847-sc-am-ket-hop-nuong-15-chuc-nang","status":"publish","type":"product","link":"https:\/\/livinghome.vn\/thiet-bi\/lo-hap-teka-hlc-847-sc-am-ket-hop-nuong-15-chuc-nang\/","title":{"rendered":"L\u00f2 h\u1ea5p Teka HLC 847 SC \u00e2m k\u1ebft h\u1ee3p n\u01b0\u1edbng 15 ch\u1ee9c n\u0103ng"},"content":{"rendered":"<h3>L\u00f2 h\u1ea5p Teka HLC 847 SC \u00e2m k\u1ebft h\u1ee3p n\u01b0\u1edbng 15 ch\u1ee9c n\u0103ng, \u0111\u01b0\u1ee3c s\u1ea3n xu\u1ea5t t\u1eeb nh\u1eefng ch\u1ea5t li\u1ec7u cao c\u1ea5p c\u00f9ng thi\u1ebft k\u1ebf \u00e2m t\u1ee7 hi\u1ec7n \u0111\u1ea1i<\/h3>\n<figure id=\"attachment_65666\" aria-describedby=\"caption-attachment-65666\" style=\"width: 800px\" class=\"wp-caption alignnone\"><img loading=\"lazy\" decoding=\"async\" class=\"wp-image-65666 size-large\" src=\"https:\/\/livinghome.vn\/thiet-bi\/wp-content\/uploads\/nha-bep\/teka\/lo-nuong\/lo-hap-teka-hlc-847-sc\/lo-hap-teka-hlc-847-sc-2-800x800.jpg\" alt=\"L\u00f2 h\u1ea5p Teka HLC 847 SC \u00e2m k\u1ebft h\u1ee3p n\u01b0\u1edbng 15 ch\u1ee9c n\u0103ng\" width=\"800\" height=\"800\" title=\"\"><figcaption id=\"caption-attachment-65666\" class=\"wp-caption-text\">L\u00f2 h\u1ea5p Teka HLC 847 SC \u00e2m k\u1ebft h\u1ee3p n\u01b0\u1edbng 15 ch\u1ee9c n\u0103ng<\/figcaption><\/figure>\n<h3>T\u00ednh n\u0103ng c\u01a1 b\u1ea3n<\/h3>\n<ul>\n<li><a href=\"https:\/\/livinghome.vn\/thiet-bi\/lo-hap\/\">L\u00f2 h\u1ea5p<\/a> &#8211; L\u00f2 h\u1ea5p n\u01b0\u1edbng \u00e2m t\u1ee7<\/li>\n<li>L\u00f2 h\u1ea5p k\u1ebft h\u1ee3p ch\u1ee9c n\u0103ng n\u01b0\u1edbng<\/li>\n<li>15 ch\u1ee9c n\u0103ng n\u01b0\u1edbng<\/li>\n<li>M\u00e0n h\u00ecnh hi\u1ec3n th\u1ecb TFT 4\u201d s\u1eafc n\u00e9t<\/li>\n<li>20 ch\u01b0\u1edfng tr\u00ecnh n\u01b0\u1edbng t\u1ef1 \u0111\u1ed9ng<\/li>\n<li>T\u1ef1 \u0111\u1ed9ng c\u00e0i \u0111\u1eb7t nhi\u1ec7t \u0111\u1ed9 v\u00e0 th\u1eddi gian cho t\u1eebng ch\u1ee9c n\u0103ng<\/li>\n<li>Ch\u1ee9c n\u0103ng h\u1ea5p: 30-100\u00ba C<\/li>\n<li>Ch\u1ee9c n\u0103ng h\u1ea7m, l\u00e0m n\u00f3ng nhanh t\u1ef1 \u0111\u1ed9ng<\/li>\n<li>Ch\u1ee9c n\u0103ng ti\u1ec7t tr\u00f9ng v\u00e0 h\u00e2m n\u00f3ng ch\u00e9n d\u0129a.<\/li>\n<li>Ch\u1ee9c n\u0103ng n\u01b0\u1edbng c\u1ea3m bi\u1ebfn d\u00f2 nhi\u1ec7t<\/li>\n<li>H\u1ec7 th\u1ed1ng t\u1ef1 \u0111\u1ed9ng ng\u1eaft k\u1ebft n\u1ed1i an to\u00e0n.<\/li>\n<li>Ch\u1ee9c n\u0103ng kh\u00f3a an to\u00e0n.<\/li>\n<li>C\u1eeda k\u00ednh 3 l\u1edbp c\u00e1ch nhi\u1ec7t<\/li>\n<li>H\u1ec7 th\u1ed1ng thanh tr\u01b0\u1ee3t gi\u00fap l\u1ea5y khay ra d\u1ec5 d\u00e0ng.<\/li>\n<li>H\u1ec7 th\u1ed1ng tho\u00e1t kh\u00ed ra ngo\u00e0i.<\/li>\n<li>M\u1ee9c n\u0103ng l\u01b0\u1ee3ng A+ ti\u1ebft ki\u1ec7m 20% \u0111i\u1ec7n n\u0103ng ti\u00eau th\u1ee5<\/li>\n<\/ul>\n<p>&nbsp;<\/p>\n<h3>Th\u00f4ng s\u1ed1 k\u1ef9 thu\u1eadt<\/h3>\n<ul>\n<li>Dung t\u00edch l\u00f2: 44 l\u00edt, h\u1ed9c n\u01b0\u1edbc 1 l\u00edt<\/li>\n<\/ul>\n<h4 class=\"et_pb_toggle_title\">K\u00edch th\u01b0\u1edbc chung<\/h4>\n<div class=\"et_pb_toggle_content clearfix\">\n<ul>\n<li>Chi\u1ec1u cao(mm):\u00a0455<\/li>\n<li>Chi\u1ec1u r\u1ed9ng (mm):\u00a0595<\/li>\n<li>\u0110\u1ed9 s\u00e2u (mm):\u00a0559<\/li>\n<li>Tr\u1ecdng l\u01b0\u1ee3ng (Kgs):\u00a028<\/li>\n<\/ul>\n<\/div>\n<h4>K\u00edch th\u01b0\u1edbc trong khoang \u0111\u00f4i<\/h4>\n<div class=\"et_pb_toggle_content clearfix\">\n<ul>\n<li>Chi\u1ec1u cao b\u00ean trong (mm):\u00a0232<\/li>\n<li>Chi\u1ec1u r\u1ed9ng b\u00ean trong (mm):\u00a0475<\/li>\n<li>\u0110\u1ed9 s\u00e2u b\u00ean trong (mm):\u00a0405<\/li>\n<li>Dung t\u00edch r\u00f2ng (l\u00edt):\u00a044<\/li>\n<li>T\u1ed5ng dung t\u00edch (l\u00edt):\u00a045<\/li>\n<li>Dung t\u00edch b\u1ec3 n\u01b0\u1edbc (l\u00edt):\u00a01<\/li>\n<\/ul>\n<h4 class=\"et_pb_toggle_title\">K\u1ebft n\u1ed1i \u0111i\u1ec7n<\/h4>\n<div class=\"et_pb_toggle_content clearfix\">\n<ul>\n<li>C\u00f4ng su\u1ea5t ti\u00eau chu\u1ea9n t\u1ed1i \u0111a (W):\u00a03000<\/li>\n<li>T\u1ea7n s\u1ed1 (Hz):\u00a050\/60<\/li>\n<li>C\u00f4ng su\u1ea5t (V):\u00a0220-240<\/li>\n<li>Chi\u1ec1u d\u00e0i d\u00e2y c\u00e1p (cm):\u00a0110<\/li>\n<li>\u0110i\u1ec7n n\u0103ng ti\u00eau th\u1ee5 \u0111\u00e8n b\u00ean trong (W):\u00a025<\/li>\n<\/ul>\n<h4 class=\"et_pb_toggle_title\">Ti\u00eau th\u1ee5 n\u0103ng l\u01b0\u1ee3ng<\/h4>\n<div class=\"et_pb_toggle_content clearfix\">\n<ul>\n<li>N\u0103ng l\u01b0\u1ee3ng ti\u00eau th\u1ee5 tr\u00ean m\u1ed7i chu k\u1ef3 \u1edf ch\u1ebf \u0111\u1ed9 th\u00f4ng th\u01b0\u1eddng (kWh):\u00a00.67<\/li>\n<li>N\u0103ng l\u01b0\u1ee3ng ti\u00eau th\u1ee5 tr\u00ean m\u1ed7i chu k\u1ef3 \u1edf ch\u1ebf \u0111\u1ed9 \u0111\u1ed1i l\u01b0u c\u01b0\u1ee1ng b\u1ee9c qu\u1ea1t (kWh):\u00a00,59<\/li>\n<li>\u0110i\u1ec7n n\u0103ng thanh nhi\u1ec7t d\u01b0\u1edbi (W):\u00a01150<\/li>\n<li>N\u01b0\u1edbng (W):\u00a01400<\/li>\n<li>N\u01b0\u1edbng l\u1eeda l\u1edbn Maxi (W):\u00a02500<\/li>\n<li>Truy\u1ec1n th\u1ed1ng (W):\u00a02250<\/li>\n<li>N\u01b0\u1edbng \u0111\u1ed1i l\u01b0u Turbo (W):\u00a01800<\/li>\n<li>\u0110a ch\u1ee9c n\u0103ng Turbo (W):\u00a022<\/li>\n<li>\u0110\u1ed9ng c\u01a1 qu\u1ea1t l\u00e0m m\u00e1t (W):\u00a035<\/li>\n<\/ul>\n<\/div>\n<\/div>\n<\/div>\n<figure id=\"attachment_66375\" aria-describedby=\"caption-attachment-66375\" style=\"width: 800px\" class=\"wp-caption alignnone\"><img loading=\"lazy\" decoding=\"async\" class=\"wp-image-66375 size-large\" src=\"https:\/\/livinghome.vn\/thiet-bi\/wp-content\/uploads\/nha-bep\/teka\/lo-nuong\/lo-hap-teka-hlc-847-sc\/lo-hap-teka-hlc-847-sc-4-800x800.jpg\" alt=\"L\u00f2 h\u1ea5p Teka HLC 847 SC \u00e2m k\u1ebft h\u1ee3p n\u01b0\u1edbng 15 ch\u1ee9c n\u0103ng\" width=\"800\" height=\"800\" title=\"\"><figcaption id=\"caption-attachment-66375\" class=\"wp-caption-text\">L\u00f2 h\u1ea5p Teka HLC 847 SC \u00e2m k\u1ebft h\u1ee3p n\u01b0\u1edbng 15 ch\u1ee9c n\u0103ng<\/figcaption><\/figure>\n<h3>Xu\u1ea5t x\u1ee9: B\u1ed3 \u0110\u00e0o Nha<\/h3>\n<div><\/div>\n","protected":false},"excerpt":{"rendered":"<div id=\"product-title\" class=\"et_pb_module et_pb_text et_pb_bg_layout_light et_pb_text_align_left\">\n<div class=\"et_pb_text_inner\">\n<h1>L\u00f2 h\u1ea5p k\u1ebft h\u1ee3p n\u01b0\u1edbng<\/h1>\n<\/div>\n<\/div>\n<div class=\"et_pb_module et_pb_text et_pb_text_1 et_pb_bg_layout_light et_pb_text_align_left\">\n<div class=\"et_pb_text_inner\">\n<div id=\"product-content\">\n<ul>\n<li>Dung t\u00edch l\u00f2: 44 l\u00edt, h\u1ed9c n\u01b0\u1edbc 1 l\u00edt<\/li>\n<li>15 ch\u1ee9c n\u0103ng n\u01b0\u1edbng<\/li>\n<li>M\u00e0n h\u00ecnh hi\u1ec3n th\u1ecb TFT 4\u201d s\u1eafc n\u00e9t<\/li>\n<li>Ch\u1ee9c n\u0103ng h\u1ea5p: 30-100\u00ba C<\/li>\n<li>Ch\u1ee9c n\u0103ng h\u1ea7m, l\u00e0m n\u00f3ng nhanh t\u1ef1 \u0111\u1ed9ng<\/li>\n<li>Ch\u1ee9c n\u0103ng ti\u1ec7t tr\u00f9ng v\u00e0 h\u00e2m n\u00f3ng ch\u00e9n d\u0129a.<\/li>\n<li>C\u1eeda k\u00ednh 3 l\u1edbp c\u00e1ch nhi\u1ec7t<\/li>\n<li>M\u1ee9c n\u0103ng l\u01b0\u1ee3ng A+ ti\u1ebft ki\u1ec7m 20% \u0111i\u1ec7n n\u0103ng ti\u00eau th\u1ee5<\/li>\n<\/ul>\n<\/div>\n<\/div>\n<\/div>\n","protected":false},"featured_media":2147,"comment_status":"open","ping_status":"closed","template":"","meta":[],"product_brand":[],"product_cat":[328,311],"product_tag":[226,329,96,154,313],"class_list":{"0":"post-2014","1":"product","2":"type-product","3":"status-publish","4":"has-post-thumbnail","6":"product_cat-lo-nuong-teka","7":"product_cat-thuong-hieu-teka","8":"product_tag-lo-hap","9":"product_tag-lo-hap-teka","10":"product_tag-lo-nuong","11":"product_tag-lo-nuong-am","12":"product_tag-teka","14":"first","15":"instock","16":"sale","17":"shipping-taxable","18":"purchasable","19":"product-type-simple"},"_links":{"self":[{"href":"https:\/\/livinghome.vn\/thiet-bi\/wp-json\/wp\/v2\/product\/2014","targetHints":{"allow":["GET"]}}],"collection":[{"href":"https:\/\/livinghome.vn\/thiet-bi\/wp-json\/wp\/v2\/product"}],"about":[{"href":"https:\/\/livinghome.vn\/thiet-bi\/wp-json\/wp\/v2\/types\/product"}],"replies":[{"embeddable":true,"href":"https:\/\/livinghome.vn\/thiet-bi\/wp-json\/wp\/v2\/comments?post=2014"}],"wp:featuredmedia":[{"embeddable":true,"href":"https:\/\/livinghome.vn\/thiet-bi\/wp-json\/wp\/v2\/media\/2147"}],"wp:attachment":[{"href":"https:\/\/livinghome.vn\/thiet-bi\/wp-json\/wp\/v2\/media?parent=2014"}],"wp:term":[{"taxonomy":"product_brand","embeddable":true,"href":"https:\/\/livinghome.vn\/thiet-bi\/wp-json\/wp\/v2\/product_brand?post=2014"},{"taxonomy":"product_cat","embeddable":true,"href":"https:\/\/livinghome.vn\/thiet-bi\/wp-json\/wp\/v2\/product_cat?post=2014"},{"taxonomy":"product_tag","embeddable":true,"href":"https:\/\/livinghome.vn\/thiet-bi\/wp-json\/wp\/v2\/product_tag?post=2014"}],"curies":[{"name":"wp","href":"https:\/\/api.w.org\/{rel}","templated":true}]}}