{"id":2013,"date":"2023-01-12T16:43:29","date_gmt":"2023-01-12T16:43:29","guid":{"rendered":"https:\/\/livinghome.vn\/thiet-bi\/?post_type=product&#038;p=2013"},"modified":"2024-11-29T14:20:34","modified_gmt":"2024-11-29T07:20:34","slug":"bep-tu-teka-fic-31t30","status":"publish","type":"product","link":"https:\/\/livinghome.vn\/thiet-bi\/bep-tu-teka-fic-31t30\/","title":{"rendered":"B\u1ebfp t\u1eeb Teka FIC 31T30"},"content":{"rendered":"<h1>B\u1ebfp t\u1eeb Teka FIC 31T30 \u0111\u01a1n \u0111\u1ed9c l\u1eadp nh\u1ecf g\u1ecdn t\u1ed1i gi\u1ea3n<\/h1>\n<p><img loading=\"lazy\" decoding=\"async\" class=\"wp-image-65488 size-large\" src=\"https:\/\/livinghome.vn\/thiet-bi\/wp-content\/uploads\/nha-bep\/teka\/bep-tu\/bep-tu-teka-fic-31t30-1-800x800.jpg\" alt=\"B\u1ebfp \u0111i\u1ec7n t\u1eeb Teka IZS 96700 MST \u0111\u01a1n \u0111\u1ed9c l\u1eadp nh\u1ecf g\u1ecdn t\u1ed1i gi\u1ea3n\" width=\"800\" height=\"800\" title=\"\"><\/p>\n<p>B\u1ebfp t\u1eeb TeKa FIC 31T30\u00a0c\u00f3 thi\u1ebft k\u1ebf b\u1ec1n \u0111\u1eb9p, cao c\u1ea5p v\u00e0 hi\u1ec7n \u0111\u1ea1i mang phong c\u00e1ch c\u1ee7a ch\u00e2u, c\u00f9ng v\u1edbi \u0111\u00f3 l\u00e0 kh\u1ea3 n\u0103ng ho\u1ea1t \u0111\u1ed9ng kh\u00f4ng k\u00e9m ph\u1ea7n hi\u1ec7u qu\u1ea3, \u1ed5n \u0111\u1ecbnh \u0111\u1ed3ng th\u1eddi c\u0169ng \u0111\u01b0\u1ee3c t\u00edch h\u1ee3p \u0111\u1ea7y \u0111\u1ee7 c\u00e1c bi\u1ec7n ph\u00e1p an to\u00e0n v\u00e0 ti\u1ec7n d\u1ee5ng.<\/p>\n<h3>T\u00ednh n\u0103ng c\u01a1 b\u1ea3n<\/h3>\n<ul>\n<li><a href=\"https:\/\/livinghome.vn\/thiet-bi\/bep-dien-tu-ket-hop\/\">B\u1ebfp \u0111i\u1ec7n t\u1eeb \u00e2m<\/a> &#8211; B\u1ebfp k\u00ednh \u00e2m \u0111\u01a1n \u0111\u1ecdc l\u1eadp<\/li>\n<li>M\u1eb7t k\u00ednh ch\u1ecbu nhi\u1ec7t an to\u00e0n<\/li>\n<li>B\u1ea3ng \u0111i\u1ec1u khi\u1ec3n c\u1ea3m \u1ee9ng<\/li>\n<li>4 ch\u1ee9c n\u0103ng n\u1ea5u: chi\u00ean, x\u00e0o, h\u1ea7m, l\u1ea9u<\/li>\n<li>Ch\u1ee9c n\u0103ng h\u1eb9n gi\u1edd<\/li>\n<li>Ch\u1ee9c n\u0103ng kh\u00f3a to\u00e0n tr\u1ebb em<\/li>\n<li>H\u1ec7 th\u1ed1ng nh\u1eadn di\u1ec7n n\u1ed3i ch\u1ea3o ph\u00f9 h\u1ee3<\/li>\n<\/ul>\n<p>B\u1ebfp t\u1eeb TeKa FIC 31T30\u00a0s\u1edf h\u1eefu b\u1ec1 m\u1eb7t c\u1ef1c m\u1ecfng, t\u0103ng kh\u00f4ng gian tr\u1ed1ng tho\u00e1ng cho gian b\u1ebfp gia \u0111\u00ecnh<\/p>\n<h3>Th\u00f4ng s\u1ed1 k\u1ef9 thu\u1eadt<\/h3>\n<ul>\n<li>C\u00f4ng su\u1ea5t: 2000W<\/li>\n<li>Tr\u1ecdng l\u01b0\u1ee3ng (Kgs):\u00a04,3<\/li>\n<\/ul>\n<p>B\u1ebfp t\u1eeb TeKa FIC 31T30\u00a0s\u1eed d\u1ee5ng m\u1eb7t k\u00ednh Ceramic gi\u00fap b\u1ec1\u00a0m\u1eb7t b\u1ebfp s\u00e1ng b\u00f3ng, ch\u1ecbu nhi\u1ec7t ch\u1ecbu l\u1ef1c t\u1ed1t, ch\u1ed1ng tr\u1ea7y, \u00edt b\u00e1m b\u1ea9n, ti\u1ec7n l\u00e0m s\u1ea1ch t\u00f4n l\u00ean v\u1ebd \u0111\u1eb9p cho gian b\u1ebfp nh\u00e0 b\u1ea1n<\/p>\n<h3>Xu\u1ea5t x\u1ee9: PRC<\/h3>\n","protected":false},"excerpt":{"rendered":"<div id=\"product-title\" class=\"et_pb_module et_pb_text et_pb_bg_layout_light et_pb_text_align_left\">\n<div class=\"et_pb_text_inner\">\n<h1>B\u1ebfp t\u1eeb \u0111\u01a1n \u0111\u1ed9c l\u1eadp<\/h1>\n<\/div>\n<\/div>\n<div class=\"et_pb_module et_pb_text et_pb_text_1 et_pb_bg_layout_light et_pb_text_align_left\">\n<div class=\"et_pb_text_inner\">\n<div id=\"product-content\">\n<ul>\n<li>C\u00f4ng su\u1ea5t: 2000W<\/li>\n<li>M\u1eb7t k\u00ednh ch\u1ecbu nhi\u1ec7t an to\u00e0n<\/li>\n<li>B\u1ea3ng \u0111i\u1ec1u khi\u1ec3n c\u1ea3m \u1ee9ng<\/li>\n<li>4 ch\u1ee9c n\u0103ng n\u1ea5u: chi\u00ean, x\u00e0o, h\u1ea7m, l\u1ea9u<\/li>\n<li>Xu\u1ea5t x\u1ee9: Trung Qu\u1ed1c<\/li>\n<\/ul>\n<\/div>\n<\/div>\n<\/div>\n","protected":false},"featured_media":2146,"comment_status":"open","ping_status":"closed","template":"","meta":[],"product_brand":[],"product_cat":[745,808,800,814,707,75,733,322,311],"product_tag":[81,76,168,325,313],"class_list":{"0":"post-2013","1":"product","2":"type-product","3":"status-publish","4":"has-post-thumbnail","6":"product_cat-bep-dien-tu","7":"product_cat-bep-dien-tu-don","8":"product_cat-bep-dien-tu-hinh-vuong","9":"product_cat-bep-dien-tu-nha-tro","10":"product_cat-bep-dien-tu-teka","11":"product_cat-bep-tu","12":"product_cat-bep-tu-don","13":"product_cat-bep-tu-teka","14":"product_cat-thuong-hieu-teka","15":"product_tag-bep-dien-tu","16":"product_tag-bep-tu","17":"product_tag-bep-tu-am","18":"product_tag-bep-tu-teka","19":"product_tag-teka","21":"first","22":"instock","23":"sale","24":"shipping-taxable","25":"purchasable","26":"product-type-simple"},"_links":{"self":[{"href":"https:\/\/livinghome.vn\/thiet-bi\/wp-json\/wp\/v2\/product\/2013","targetHints":{"allow":["GET"]}}],"collection":[{"href":"https:\/\/livinghome.vn\/thiet-bi\/wp-json\/wp\/v2\/product"}],"about":[{"href":"https:\/\/livinghome.vn\/thiet-bi\/wp-json\/wp\/v2\/types\/product"}],"replies":[{"embeddable":true,"href":"https:\/\/livinghome.vn\/thiet-bi\/wp-json\/wp\/v2\/comments?post=2013"}],"wp:featuredmedia":[{"embeddable":true,"href":"https:\/\/livinghome.vn\/thiet-bi\/wp-json\/wp\/v2\/media\/2146"}],"wp:attachment":[{"href":"https:\/\/livinghome.vn\/thiet-bi\/wp-json\/wp\/v2\/media?parent=2013"}],"wp:term":[{"taxonomy":"product_brand","embeddable":true,"href":"https:\/\/livinghome.vn\/thiet-bi\/wp-json\/wp\/v2\/product_brand?post=2013"},{"taxonomy":"product_cat","embeddable":true,"href":"https:\/\/livinghome.vn\/thiet-bi\/wp-json\/wp\/v2\/product_cat?post=2013"},{"taxonomy":"product_tag","embeddable":true,"href":"https:\/\/livinghome.vn\/thiet-bi\/wp-json\/wp\/v2\/product_tag?post=2013"}],"curies":[{"name":"wp","href":"https:\/\/api.w.org\/{rel}","templated":true}]}}