{"id":2009,"date":"2023-01-12T16:43:29","date_gmt":"2023-01-12T16:43:29","guid":{"rendered":"https:\/\/livinghome.vn\/thiet-bi\/?post_type=product&#038;p=2009"},"modified":"2024-11-29T14:20:34","modified_gmt":"2024-11-29T07:20:34","slug":"bep-tu-teka-izc-83620-mst-bk","status":"publish","type":"product","link":"https:\/\/livinghome.vn\/thiet-bi\/bep-tu-teka-izc-83620-mst-bk\/","title":{"rendered":"B\u1ebfp t\u1eeb Teka IZC 83620 MST BK"},"content":{"rendered":"<h3>B\u1ebfp t\u1eeb Teka IZC 83620 MST BK \u00e2m 3 v\u00f9ng n\u1ea5u thanh l\u1ecbch sang tr\u1ecdng<\/h3>\n<figure id=\"attachment_65464\" aria-describedby=\"caption-attachment-65464\" style=\"width: 900px\" class=\"wp-caption alignnone\"><img loading=\"lazy\" decoding=\"async\" class=\"wp-image-65464\" src=\"https:\/\/livinghome.vn\/thiet-bi\/wp-content\/uploads\/nha-bep\/teka\/bep-tu\/bep-dien-tu-teka-izc-83620-mst-bk\/bep-dien-tu-teka-izc-83620-mst-bk-3.jpg\" alt=\"B\u1ebfp \u0111i\u1ec7n t\u1eeb Teka IZC 83620 MST BK \u00e2m 3 v\u00f9ng n\u1ea5u thanh l\u1ecbch sang tr\u1ecdng\" width=\"900\" height=\"506\" title=\"\"><figcaption id=\"caption-attachment-65464\" class=\"wp-caption-text\">B\u1ebfp \u0111i\u1ec7n t\u1eeb Teka IZC 83620 MST BK \u00e2m 3 v\u00f9ng n\u1ea5u thanh l\u1ecbch sang tr\u1ecdng<\/figcaption><\/figure>\n<p>B\u1ebfp \u0111i\u1ec7n t\u1eeb 3 b\u1ebfp Teka IZC 83620 MST BK\u00a0thu\u1ed9c\u00a0d\u00f2ng b\u1ebfp th\u1ebf h\u1ec7 m\u1edbi c\u1ee7a Teka.<\/p>\n<p>\u2013 V\u1edbi t\u00ednh n\u0103ng ti\u1ec7n d\u1ee5ng c\u00f3 th\u1ec3 n\u1ea5u t\u1ea5t c\u1ea3 c\u00e1c lo\u1ea1i n\u1ed3i v\u00e0 thi\u1ebft k\u1ebf thanh l\u1ecbch, sang tr\u1ecdng v\u00e0 hi\u1ec7n \u0111\u1ea1i.<\/p>\n<p>\u2013 Thi\u1ebft k\u1ebf \u0111\u1eb9p, h\u00ecnh d\u00e1ng th\u1ea9m m\u1ef9 t\u1eeb c\u00e1c nh\u00e0 thi\u1ebft k\u1ebf h\u00e0ng \u0111\u1ea7u c\u1ee7a Teka Design Center.<\/p>\n<p>\u2013 \u0110\u01b0\u1eddng n\u00e9t tr\u00ean m\u1eb7t b\u1ebfp \u0111\u01a1n gi\u1ea3n v\u1edbi vi\u1ec1n tr\u1eafng cho v\u00f9ng n\u1ea5u, b\u1ea3ng \u0111i\u1ec1u khi\u1ec3n c\u1ea3m \u1ee9ng.<\/p>\n<p>\u2013 M\u1eb7t b\u1ebfp s\u00e1ng lo\u00e1ng, trang nh\u00e3 \u0111\u1ebfn t\u1eeb th\u01b0\u01a1ng hi\u1ec7u k\u00ednh Schott Ceran \u2013 Made in Germany. Schott l\u00e0 m\u1eb7t k\u00ednh s\u1ee3i g\u1ed1m Ceramic th\u1ee7y tinh si\u00eau b\u1ec1n, ch\u1ecbu l\u1ef1c v\u00e0 ch\u1ecbu nhi\u1ec7t cao \u0111\u01b0\u1ee3c s\u1ea3n xu\u1ea5t chuy\u00ean d\u1ee5ng cho b\u1ebfp t\u1eeb, b\u1ebfp \u0111i\u1ec7n k\u1ebft h\u1ee3p t\u1eeb, b\u1ebfp \u0111i\u1ec7n\u2026<\/p>\n<figure id=\"attachment_65463\" aria-describedby=\"caption-attachment-65463\" style=\"width: 900px\" class=\"wp-caption alignnone\"><img loading=\"lazy\" decoding=\"async\" class=\"wp-image-65463\" src=\"https:\/\/livinghome.vn\/thiet-bi\/wp-content\/uploads\/nha-bep\/teka\/bep-tu\/bep-dien-tu-teka-izc-83620-mst-bk\/bep-dien-tu-teka-izc-83620-mst-bk-4.jpg\" alt=\"B\u1ebfp \u0111i\u1ec7n t\u1eeb Teka IZC 83620 MST BK \u00e2m 3 v\u00f9ng n\u1ea5u thanh l\u1ecbch sang tr\u1ecdng\" width=\"900\" height=\"506\" title=\"\"><figcaption id=\"caption-attachment-65463\" class=\"wp-caption-text\">B\u1ebfp \u0111i\u1ec7n t\u1eeb Teka IZC 83620 MST BK \u00e2m 3 v\u00f9ng n\u1ea5u thanh l\u1ecbch sang tr\u1ecdng<\/figcaption><\/figure>\n<h3>T\u00ednh n\u0103ng c\u01a1 b\u1ea3n<\/h3>\n<ul>\n<li><a href=\"https:\/\/livinghome.vn\/thiet-bi\/bep-dien-tu-ket-hop\/\">B\u1ebfp \u0111i\u1ec7n t\u1eeb \u00e2m<\/a> &#8211; B\u1ebfp k\u00ednh \u00e2m 3 v\u00f9ng n\u1ea5u<\/li>\n<li>B\u1ebfp \u0111i\u1ec7n t\u1eeb l\u1eafp \u00e2m<\/li>\n<li>\u0110i\u1ec1u khi\u1ec3n c\u1ea3m \u1ee9ng d\u1ea1ng tr\u01b0\u1ee3t<\/li>\n<li>M\u1eb7t k\u00ednh Schott ceran ch\u1ecbu nhi\u1ec7t, v\u00e1t c\u1ea1nh ph\u00eda tr\u01b0\u1edbc<\/li>\n<li>Ch\u1ee9c n\u0103ng ch\u1ecdn tr\u1ef1c ti\u1ebfp: Confit, n\u01b0\u1edbng, \u00e1p ch\u1ea3o, chi\u00ean ng\u1eadp d\u1ea7u, \u0111un s\u00f4i nhanh, h\u1ea7m, n\u1ea5u tan ch\u1ea3y v\u00e0 gi\u1eef \u1ea5m<\/li>\n<li>9 m\u1ee9c c\u00f4ng su\u1ea5t<\/li>\n<li>Ch\u1ee9c n\u0103ng t\u0103ng c\u01b0\u1eddng c\u00f4ng su\u1ea5t POWER PLUS<\/li>\n<li>H\u1eb9n gi\u1edd n\u1ea5u \u0103n<\/li>\n<li>Kh\u00f3a an to\u00e0n tr\u1ebb em<\/li>\n<li>H\u1ec7 th\u1ed1ng t\u1ef1 \u0111\u1ed9ng ng\u1eaft b\u1ebfp an to\u00e0n khi qu\u00e1 nhi\u1ec7t ho\u1eb7c tr\u00e0o n\u01b0\u1edbc<\/li>\n<li>\u0110\u00e8n hi\u1ec3n th\u1ecb nhi\u1ec7t d\u01b0<\/li>\n<\/ul>\n<p>V\u1edbi ph\u01b0\u01a1ng ch\u00e2m cho ra \u0111\u1eddi nh\u1eefng s\u1ea3n ph\u1ea9m t\u1ed1t nh\u1ea5t th\u1ebf gi\u1edbi, s\u1ea3n ph\u1ea9m Teka IZC 83620 MST BK \u0111\u01b0\u1ee3c s\u1ea3n xu\u1ea5t b\u1edfi m\u1ed9t h\u1ec7 th\u1ed1ng m\u00e1y t\u00ednh si\u00eau nh\u1ecf, \u0111\u1ea3m b\u1ea3o an to\u00e0n tuy\u1ec7t \u0111\u1ed1i, gi\u00fap ng\u01b0\u1eddi ti\u00eau d\u00f9ng ti\u1ebft ki\u1ec7m th\u1eddi gian, gi\u1ea3m thi\u1ec3u r\u1ee7i ro h\u1ecfa ho\u1ea1n hay b\u1ecfng \u2013 r\u1ee7i ro th\u01b0\u1eddng g\u1eb7p v\u1edbi c\u00e1c d\u1ea1ng b\u1ebfp truy\u1ec1n th\u1ed1ng. D\u00f2ng b\u1ebfp t\u1eeb n\u00e0y v\u01b0\u1ee3t qua c\u00e1c ti\u00eau chu\u1ea9n qu\u1ed1c gia kh\u1eaft khe v\u1edbi c\u00e1c ch\u1ec9 s\u1ed1 hi\u1ec7u n\u0103ng v\u1eadn h\u00e0nh \u1ea5n t\u01b0\u1ee3ng.<\/p>\n<p>&nbsp;<\/p>\n<figure id=\"attachment_66306\" aria-describedby=\"caption-attachment-66306\" style=\"width: 800px\" class=\"wp-caption alignnone\"><img loading=\"lazy\" decoding=\"async\" class=\"wp-image-66306 size-large\" src=\"https:\/\/livinghome.vn\/thiet-bi\/wp-content\/uploads\/nha-bep\/teka\/bep-tu\/bep-dien-tu-teka-izc-83620-mst-bk\/bep-dien-tu-teka-izc-83620-mst-bk-5-800x800.jpg\" alt=\"B\u1ebfp \u0111i\u1ec7n t\u1eeb Teka IZC 83620 MST BK \u00e2m 3 v\u00f9ng n\u1ea5u thanh l\u1ecbch sang tr\u1ecdng\" width=\"800\" height=\"800\" title=\"\"><figcaption id=\"caption-attachment-66306\" class=\"wp-caption-text\">K\u00edch th\u01b0\u1edbc b\u1ebfp \u0111i\u1ec7n t\u1eeb Teka IZC 83620 MST BK \u00e2m 3 v\u00f9ng n\u1ea5u thanh l\u1ecbch sang tr\u1ecdng<\/figcaption><\/figure>\n<h3>Th\u00f4ng s\u1ed1 k\u1ef9 thu\u1eadt<\/h3>\n<ul>\n<li>C\u00f4ng su\u1ea5t 7200W<\/li>\n<li>3 v\u00f9ng n\u1ea5u: 1 v\u00f9ng nhi\u1ec7t \u0111\u00f4i \u00d8 320\/180 mm, 1 v\u00f9ng \u00d8 215 mm v\u00e0 1 v\u00f9ng \u00d8 150 mm<\/li>\n<li>Chi\u1ec1u cao(mm):\u00a053<\/li>\n<li>Chi\u1ec1u r\u1ed9ng (mm):\u00a0800<\/li>\n<li>\u0110\u1ed9 s\u00e2u (mm):\u00a0400<\/li>\n<li>Tr\u1ecdng l\u01b0\u1ee3ng (Kgs):\u00a010,08<\/li>\n<li>T\u1ea7n s\u1ed1 (Hz):\u00a050\/60<\/li>\n<li>C\u00f4ng su\u1ea5t (V):\u00a0220-240<\/li>\n<li>Chi\u1ec1u d\u00e0i d\u00e2y c\u00e1p (cm):\u00a0110<\/li>\n<\/ul>\n<p>&nbsp;<\/p>\n<p>Di\u1ec7n m\u1ea1o s\u1ea3n ph\u1ea9m tinh t\u1ebf, s\u1eafc n\u00e9t, sang tr\u1ecdng. V\u1edbi h\u1ec7 th\u1ed1ng t\u00ednh n\u0103ng \u0111a d\u1ea1ng, d\u00f2ng b\u1ebfp t\u1eeb n\u00e0y c\u00f3 th\u1ec3 \u0111\u00e1p \u1ee9ng \u0111\u01b0\u1ee3c m\u1ecdi y\u00eau c\u1ea7u \u1ea9m th\u1ef1c c\u1ee7a ng\u01b0\u1eddi n\u1ea5u.<\/p>\n<ul>\n<li>\n<div class=\"technical-detail-accordion et_pb_toggle et_pb_module et_pb_accordion_item et_pb_accordion_item_0 et_pb_toggle_open\">\n<div class=\"et_pb_toggle_content clearfix\"><\/div>\n<\/div>\n<div class=\"technical-detail-accordion et_pb_toggle et_pb_module et_pb_accordion_item et_pb_accordion_item_0 et_pb_toggle_close\"><\/div>\n<\/li>\n<\/ul>\n<h3>Xu\u1ea5t x\u1ee9: Th\u1ed5 Nh\u0129 K\u1ef3<\/h3>\n","protected":false},"excerpt":{"rendered":"<div id=\"product-title\" class=\"et_pb_module et_pb_text et_pb_bg_layout_light et_pb_text_align_left\">\n<div class=\"et_pb_text_inner\">\n<h1>B\u1ebfp t\u1eeb l\u1eafp \u00e2m 80cm v\u1edbi 3 v\u00f9ng n\u1ea5u<\/h1>\n<\/div>\n<\/div>\n<div class=\"et_pb_module et_pb_text et_pb_text_1 et_pb_bg_layout_light et_pb_text_align_left\">\n<div class=\"et_pb_text_inner\">\n<div id=\"product-content\">\n<ul>\n<li>\u0110i\u1ec1u khi\u1ec3n c\u1ea3m \u1ee9ng d\u1ea1ng tr\u01b0\u1ee3t<\/li>\n<li>3 v\u00f9ng n\u1ea5u<\/li>\n<li>M\u1eb7t k\u00ednh Schott ceran ch\u1ecbu nhi\u1ec7t, v\u00e1t c\u1ea1nh tph\u00eda r\u01b0\u1edbc<\/li>\n<li>9 m\u1ee9c c\u00f4ng su\u1ea5t<\/li>\n<li>Ch\u01b0c n\u0103ng t\u0103ng c\u01b0\u1eddng c\u00f4ng su\u1ea5t POWER PLUS<\/li>\n<li>C\u00f4ng su\u1ea5t 7200W<\/li>\n<\/ul>\n<\/div>\n<\/div>\n<\/div>\n","protected":false},"featured_media":2125,"comment_status":"open","ping_status":"closed","template":"","meta":[],"product_brand":[],"product_cat":[745,868,803,813,800,802,707,833,816,75,805,871,322,311],"product_tag":[81,76,168,325,313],"class_list":{"0":"post-2009","1":"product","2":"type-product","3":"status-publish","4":"has-post-thumbnail","6":"product_cat-bep-dien-tu","7":"product_cat-bep-3-tu","8":"product_cat-bep-dien-tu-3-vung-nau","9":"product_cat-bep-dien-tu-chung-cu","10":"product_cat-bep-dien-tu-hinh-vuong","11":"product_cat-bep-dien-tu-mat-kinh-schott-ceran","12":"product_cat-bep-dien-tu-teka","13":"product_cat-bep-dien-tu-tho-nhi-ky","14":"product_cat-bep-dien-tu-thoi-trang","15":"product_cat-bep-tu","16":"product_cat-bep-tu-3-vung-nau","17":"product_cat-bep-tu-da-vung-nau","18":"product_cat-bep-tu-teka","19":"product_cat-thuong-hieu-teka","20":"product_tag-bep-dien-tu","21":"product_tag-bep-tu","22":"product_tag-bep-tu-am","23":"product_tag-bep-tu-teka","24":"product_tag-teka","26":"first","27":"instock","28":"sale","29":"shipping-taxable","30":"purchasable","31":"product-type-simple"},"_links":{"self":[{"href":"https:\/\/livinghome.vn\/thiet-bi\/wp-json\/wp\/v2\/product\/2009","targetHints":{"allow":["GET"]}}],"collection":[{"href":"https:\/\/livinghome.vn\/thiet-bi\/wp-json\/wp\/v2\/product"}],"about":[{"href":"https:\/\/livinghome.vn\/thiet-bi\/wp-json\/wp\/v2\/types\/product"}],"replies":[{"embeddable":true,"href":"https:\/\/livinghome.vn\/thiet-bi\/wp-json\/wp\/v2\/comments?post=2009"}],"wp:featuredmedia":[{"embeddable":true,"href":"https:\/\/livinghome.vn\/thiet-bi\/wp-json\/wp\/v2\/media\/2125"}],"wp:attachment":[{"href":"https:\/\/livinghome.vn\/thiet-bi\/wp-json\/wp\/v2\/media?parent=2009"}],"wp:term":[{"taxonomy":"product_brand","embeddable":true,"href":"https:\/\/livinghome.vn\/thiet-bi\/wp-json\/wp\/v2\/product_brand?post=2009"},{"taxonomy":"product_cat","embeddable":true,"href":"https:\/\/livinghome.vn\/thiet-bi\/wp-json\/wp\/v2\/product_cat?post=2009"},{"taxonomy":"product_tag","embeddable":true,"href":"https:\/\/livinghome.vn\/thiet-bi\/wp-json\/wp\/v2\/product_tag?post=2009"}],"curies":[{"name":"wp","href":"https:\/\/api.w.org\/{rel}","templated":true}]}}