{"id":2007,"date":"2023-01-12T16:43:29","date_gmt":"2023-01-12T16:43:29","guid":{"rendered":"https:\/\/livinghome.vn\/thiet-bi\/?post_type=product&#038;p=2007"},"modified":"2024-11-29T14:20:34","modified_gmt":"2024-11-29T07:20:34","slug":"bep-tu-teka-izc-63630-bk-mst","status":"publish","type":"product","link":"https:\/\/livinghome.vn\/thiet-bi\/bep-tu-teka-izc-63630-bk-mst\/","title":{"rendered":"B\u1ebfp t\u1eeb Teka IZC 63630 BK MST"},"content":{"rendered":"<h3>B\u1ebfp t\u1eeb Teka IZC 63630 BK MST \u00e2m 3 v\u00f9ng n\u1ea5u c\u1ea3m bi\u1ebfn th\u00f4ng minh<\/h3>\n<figure id=\"attachment_65453\" aria-describedby=\"caption-attachment-65453\" style=\"width: 900px\" class=\"wp-caption alignnone\"><img loading=\"lazy\" decoding=\"async\" class=\"wp-image-65453\" src=\"https:\/\/livinghome.vn\/thiet-bi\/wp-content\/uploads\/nha-bep\/teka\/bep-tu\/bep-dien-tu-teka-izc-63630-bk-mst\/bep-dien-tu-teka-izc-63630-bk-mst-3.jpg\" alt=\"B\u1ebfp \u0111i\u1ec7n t\u1eeb Teka IZC 63630 BK MST \u00e2m 3 v\u00f9ng n\u1ea5u c\u1ea3m bi\u1ebfn th\u00f4ng minh\" width=\"900\" height=\"506\" title=\"\"><figcaption id=\"caption-attachment-65453\" class=\"wp-caption-text\">B\u1ebfp \u0111i\u1ec7n t\u1eeb Teka IZC 63630 BK MST \u00e2m 3 v\u00f9ng n\u1ea5u c\u1ea3m bi\u1ebfn th\u00f4ng minh<\/figcaption><\/figure>\n<p>B\u1ebfp \u0111i\u1ec7n t\u1eeb TEKA\u00a0IZC 63630 BK MST l\u00e0 m\u1ed9t trong nh\u1eefng model b\u1ebfp \u0111i\u1ec7n t\u1eeb hi\u1ec7n \u0111\u1ea1i c\u1ee7a th\u01b0\u01a1ng hi\u1ec7u Teka s\u1edf h\u1eefu thi\u1ebft k\u1ebf v\u00f4 c\u00f9ng sang tr\u1ecdng, n\u1ed5i b\u1eadt v\u1edbi 3 v\u00f9ng n\u1ea5u k\u00edch th\u01b0\u1edbc kh\u00e1c nhau. M\u1eb7t k\u00ednh Schott Ceran c\u00f3 kh\u1ea3 n\u0103ng ch\u1ecbu nhi\u1ec7t v\u00e0 l\u1ef1c t\u1ed1t, d\u1ec5 d\u00e0ng v\u1ec7 sinh.<\/p>\n<p>B\u1ea3ng \u0111i\u1ec1u khi\u1ec3n c\u1ea3m \u1ee9ng Pro hi\u1ec7n \u0111\u1ea1i, nhanh nh\u1ea1y v\u1edbi t\u00ednh n\u0103ng n\u1ea5u n\u01b0\u1edbng hi\u1ec7n \u0111\u1ea1i, an to\u00e0n v\u1edbi c\u00e1c t\u00ednh n\u0103ng nh\u01b0: \u0111un s\u00f4i nhanh iQuick, ch\u1ee9c n\u0103ng gi\u1eef \u1ea5m, Stop and go, power plus, h\u1ec7 th\u1ed1ng nh\u1eadn di\u1ec7n \u0111\u00e1y n\u1ed3i, c\u00e0i \u0111\u1eb7t ch\u01b0\u01a1ng tr\u00ecnh cho t\u1eebng b\u1ebfp n\u1ea5u ri\u00eang.<\/p>\n<figure id=\"attachment_65454\" aria-describedby=\"caption-attachment-65454\" style=\"width: 900px\" class=\"wp-caption alignnone\"><img loading=\"lazy\" decoding=\"async\" class=\"wp-image-65454\" src=\"https:\/\/livinghome.vn\/thiet-bi\/wp-content\/uploads\/nha-bep\/teka\/bep-tu\/bep-dien-tu-teka-izc-63630-bk-mst\/bep-dien-tu-teka-izc-63630-bk-mst-5.jpg\" alt=\"B\u1ebfp \u0111i\u1ec7n t\u1eeb Teka IZC 63630 BK MST \u00e2m 3 v\u00f9ng n\u1ea5u c\u1ea3m bi\u1ebfn th\u00f4ng minh\" width=\"900\" height=\"506\" title=\"\"><figcaption id=\"caption-attachment-65454\" class=\"wp-caption-text\">B\u1ebfp \u0111i\u1ec7n t\u1eeb Teka IZC 63630 BK MST \u00e2m 3 v\u00f9ng n\u1ea5u c\u1ea3m bi\u1ebfn th\u00f4ng minh<\/figcaption><\/figure>\n<h3>T\u00ednh n\u0103ng c\u01a1 b\u1ea3n<\/h3>\n<ul>\n<li><a href=\"https:\/\/livinghome.vn\/thiet-bi\/bep-dien-tu-ket-hop\/\">B\u1ebfp \u0111i\u1ec7n t\u1eeb \u00e2m<\/a> &#8211; B\u1ebfp k\u00ednh \u00e2m 3 v\u00f9ng n\u1ea5u<\/li>\n<li>M\u1eb7t k\u00ednh Schott ceran v\u00e1t c\u1ea1nh ch\u1ecbu nhi\u1ec7t<\/li>\n<li>\u0110i\u1ec1u khi\u1ec3n c\u1ea3m \u1ee9ng d\u1ea1ng tr\u01b0\u1ee3t v\u1edbi kh\u00f3a an to\u00e0n<\/li>\n<li>3 v\u00f9ng n\u1ea5u g\u1ed3m: 2 v\u00f9ng n\u1ea5u + 1 v\u00f9ng k\u00e9p<\/li>\n<li>Ch\u1ee9c n\u0103ng \u0111un s\u00f4i nhanh, h\u1ea7m, n\u1ea5u tan ch\u1ea3y, h\u00e2m n\u00f3ng, n\u01b0\u1edbng, chi\u00ean \u00e1p ch\u1ea3o, chi\u00ean ng\u1eadp d\u1ea7u<\/li>\n<li>Ch\u1ee9c n\u0103ng t\u1ea1m d\u1eebng ho\u1ea1t \u0111\u1ed9ng<\/li>\n<li>Ch\u1ee9c n\u0103ng t\u0103ng c\u01b0\u1eddng c\u00f4ng su\u1ea5t<\/li>\n<li>Ch\u1ee9c n\u0103ng t\u1eaft ti\u1ebfng<\/li>\n<li>\u0110\u00e8n hi\u1ec3n th\u1ecb c\u1ea3nh b\u00e1o nhi\u1ec7t d\u01b0<\/li>\n<li>H\u1ec7 th\u1ed1ng nh\u1eadn di\u1ec7n n\u1ed3i ch\u1ea3o ph\u00f9 h\u1ee3p<\/li>\n<\/ul>\n<p>V\u1edbi c\u1ea3m \u00fang tr\u01b0\u1ee3t \u0111a n\u0103ng ki\u1ec3m so\u00e1t \u0111\u1ed9c l\u1eadp v\u00e0 tr\u1ef1c ti\u1ebfp t\u1eebng b\u1ed9 ph\u1eadn b\u1ebfp \u0111\u1ec3 \u0111\u1ea1t \u0111\u1ed9 ch\u00ednh x\u00e1c cao h\u01a1n.<\/p>\n<figure id=\"attachment_66255\" aria-describedby=\"caption-attachment-66255\" style=\"width: 800px\" class=\"wp-caption alignnone\"><img loading=\"lazy\" decoding=\"async\" class=\"wp-image-66255 size-large\" src=\"https:\/\/livinghome.vn\/thiet-bi\/wp-content\/uploads\/nha-bep\/teka\/bep-tu\/bep-dien-tu-teka-izc-63630-bk-mst\/bep-dien-tu-teka-izc-63630-bk-mst-6-800x800.jpg\" alt=\"B\u1ebfp \u0111i\u1ec7n t\u1eeb Teka IZC 63630 BK MST \u00e2m 3 v\u00f9ng n\u1ea5u c\u1ea3m bi\u1ebfn th\u00f4ng minh\" width=\"800\" height=\"800\" title=\"\"><figcaption id=\"caption-attachment-66255\" class=\"wp-caption-text\">K\u00edch th\u01b0\u1edbc b\u1ebfp \u0111i\u1ec7n t\u1eeb Teka IZC 63630 BK MST \u00e2m 3 v\u00f9ng n\u1ea5u<\/figcaption><\/figure>\n<h3>Th\u00f4ng s\u1ed1 k\u1ef9 thu\u1eadt<\/h3>\n<ul>\n<li>C\u00f4ng su\u1ea5t t\u1ed1i \u0111a: 7200W<\/li>\n<li>Chi\u1ec1u cao(mm):\u00a053<\/li>\n<li>Chi\u1ec1u r\u1ed9ng (mm):\u00a0600<\/li>\n<li>\u0110\u1ed9 s\u00e2u (mm):\u00a0510<\/li>\n<li>Tr\u1ecdng l\u01b0\u1ee3ng (Kgs):\u00a010,7<\/li>\n<li>T\u1ea7n s\u1ed1 (Hz):\u00a050\/60<\/li>\n<li>C\u00f4ng su\u1ea5t (V):\u00a0220-240<\/li>\n<li>Chi\u1ec1u d\u00e0i d\u00e2y c\u00e1p (cm):\u00a011<\/li>\n<\/ul>\n<p>&nbsp;<\/p>\n<h3>Xu\u1ea5t x\u1ee9: Th\u1ed5 Nh\u0129 K\u1ef3<\/h3>\n","protected":false},"excerpt":{"rendered":"<div id=\"product-title\" class=\"et_pb_module et_pb_text et_pb_bg_layout_light et_pb_text_align_left\">\n<div class=\"et_pb_text_inner\">\n<h1>B\u1ebfp t\u1eeb c\u1ea3m bi\u1ebfn th\u00f4ng minh<\/h1>\n<\/div>\n<\/div>\n<div class=\"et_pb_module et_pb_text et_pb_text_1 et_pb_bg_layout_light et_pb_text_align_left\">\n<div class=\"et_pb_text_inner\">\n<div id=\"product-content\">\n<ul>\n<li>C\u00f4ng su\u1ea5t t\u1ed1i \u0111a : 7200W<\/li>\n<li>M\u1eb7t k\u00ednh Schott ceran v\u00e1t c\u1ea1nh ch\u1ecbu nhi\u1ec7t<\/li>\n<li>\u0110i\u1ec1u khi\u1ec3n c\u1ea3m \u1ee9ng d\u1ea1ng tr\u01b0\u1ee3t v\u1edbi kh\u00f3a an to\u00e0n<\/li>\n<li>Ch\u1ee9c n\u0103ng t\u1ea1m ng\u1eebng ho\u1ea1t \u0111\u1ed9ng<\/li>\n<li>Ch\u1ee9c n\u0103ng t\u0103ng c\u01b0\u1eddng c\u00f4ng su\u1ea5t<\/li>\n<li>Xu\u1ea5t x\u1ee9: Th\u1ed5 Nh\u0129 K\u1ef3<\/li>\n<\/ul>\n<\/div>\n<\/div>\n<\/div>\n","protected":false},"featured_media":2116,"comment_status":"open","ping_status":"closed","template":"","meta":[],"product_brand":[],"product_cat":[745,868,803,800,802,707,833,816,75,805,871,322,311],"product_tag":[81,76,168,325,313],"class_list":{"0":"post-2007","1":"product","2":"type-product","3":"status-publish","4":"has-post-thumbnail","6":"product_cat-bep-dien-tu","7":"product_cat-bep-3-tu","8":"product_cat-bep-dien-tu-3-vung-nau","9":"product_cat-bep-dien-tu-hinh-vuong","10":"product_cat-bep-dien-tu-mat-kinh-schott-ceran","11":"product_cat-bep-dien-tu-teka","12":"product_cat-bep-dien-tu-tho-nhi-ky","13":"product_cat-bep-dien-tu-thoi-trang","14":"product_cat-bep-tu","15":"product_cat-bep-tu-3-vung-nau","16":"product_cat-bep-tu-da-vung-nau","17":"product_cat-bep-tu-teka","18":"product_cat-thuong-hieu-teka","19":"product_tag-bep-dien-tu","20":"product_tag-bep-tu","21":"product_tag-bep-tu-am","22":"product_tag-bep-tu-teka","23":"product_tag-teka","25":"first","26":"instock","27":"sale","28":"shipping-taxable","29":"purchasable","30":"product-type-simple"},"_links":{"self":[{"href":"https:\/\/livinghome.vn\/thiet-bi\/wp-json\/wp\/v2\/product\/2007","targetHints":{"allow":["GET"]}}],"collection":[{"href":"https:\/\/livinghome.vn\/thiet-bi\/wp-json\/wp\/v2\/product"}],"about":[{"href":"https:\/\/livinghome.vn\/thiet-bi\/wp-json\/wp\/v2\/types\/product"}],"replies":[{"embeddable":true,"href":"https:\/\/livinghome.vn\/thiet-bi\/wp-json\/wp\/v2\/comments?post=2007"}],"wp:featuredmedia":[{"embeddable":true,"href":"https:\/\/livinghome.vn\/thiet-bi\/wp-json\/wp\/v2\/media\/2116"}],"wp:attachment":[{"href":"https:\/\/livinghome.vn\/thiet-bi\/wp-json\/wp\/v2\/media?parent=2007"}],"wp:term":[{"taxonomy":"product_brand","embeddable":true,"href":"https:\/\/livinghome.vn\/thiet-bi\/wp-json\/wp\/v2\/product_brand?post=2007"},{"taxonomy":"product_cat","embeddable":true,"href":"https:\/\/livinghome.vn\/thiet-bi\/wp-json\/wp\/v2\/product_cat?post=2007"},{"taxonomy":"product_tag","embeddable":true,"href":"https:\/\/livinghome.vn\/thiet-bi\/wp-json\/wp\/v2\/product_tag?post=2007"}],"curies":[{"name":"wp","href":"https:\/\/api.w.org\/{rel}","templated":true}]}}