{"id":2005,"date":"2023-01-12T16:43:28","date_gmt":"2023-01-12T16:43:28","guid":{"rendered":"https:\/\/livinghome.vn\/thiet-bi\/?post_type=product&#038;p=2005"},"modified":"2024-11-29T14:18:05","modified_gmt":"2024-11-29T07:18:05","slug":"bep-tu-teka-izc-32310-msp","status":"publish","type":"product","link":"https:\/\/livinghome.vn\/thiet-bi\/bep-tu-teka-izc-32310-msp\/","title":{"rendered":"B\u1ebfp t\u1eeb Teka IZC 32310 MSP \u00e2m 2 v\u00f9ng n\u1ea5u m\u1eb7t k\u00ednh Vitro Ceramic si\u00eau b\u1ec1n"},"content":{"rendered":"<h3>B\u1ebfp t\u1eeb Teka IZC 32310 MSP \u00e2m 2 v\u00f9ng n\u1ea5u m\u1eb7t k\u00ednh Vitro Ceramic si\u00eau b\u1ec1n<\/h3>\n<figure id=\"attachment_65441\" aria-describedby=\"caption-attachment-65441\" style=\"width: 1069px\" class=\"wp-caption alignnone\"><img loading=\"lazy\" decoding=\"async\" class=\"wp-image-65441 size-large\" src=\"https:\/\/livinghome.vn\/thiet-bi\/wp-content\/uploads\/nha-bep\/teka\/bep-tu\/bep-dien-tu-teka-izc-32310-msp\/bep-dien-tu-teka-izc-32310-msp-3-1069x800.jpg\" alt=\"B\u1ebfp \u0111i\u1ec7n t\u1eeb Teka IZC 32310 MSP \u00e2m 2 v\u00f9ng n\u1ea5u m\u1eb7t k\u00ednh Vitro Ceramic si\u00eau b\u1ec1n\" width=\"1069\" height=\"800\" title=\"\"><figcaption id=\"caption-attachment-65441\" class=\"wp-caption-text\">B\u1ebfp \u0111i\u1ec7n t\u1eeb Teka IZC 32310 MSP \u00e2m 2 v\u00f9ng n\u1ea5u m\u1eb7t k\u00ednh Vitro Ceramic si\u00eau b\u1ec1n<\/figcaption><\/figure>\n<p>B\u1ebfp \u0111\u00f4i Teka IZC 32310 MSP \u0111\u01b0\u1ee3c thi\u1ebft k\u1ebf l\u1eafp \u00e2m b\u00e0n sang tr\u1ecdng, khung b\u1ebfp \u0111\u01b0\u1ee3c l\u00e0m t\u1eeb th\u00e9p kh\u00f4ng g\u1ec9 gi\u00fap b\u1ea3o v\u1ec7 m\u00e1y b\u00ean trong t\u1ea1o \u0111\u1ed9 b\u1ec1n cho m\u00e1y. \u0110\u01b0\u1ee3c trang b\u1ecb hai b\u1ebfp n\u1ea5u v\u1edbi m\u1ee9c c\u00f4ng su\u1ea5t t\u1ed5ng 3600W, gi\u00fap n\u1ea5u th\u1ee9c \u0103n nhanh ch\u00edn.<\/p>\n<p>B\u1ebfp \u0111i\u1ec7n Teka IZC 32310 MSP \u0111\u01b0\u1ee3c trang b\u1ecb m\u1eb7t k\u00ednh Vitro Ceramic si\u00eau b\u1ec1n nh\u1eadp c\u00f3 kh\u1ea3 n\u0103ng ch\u1ecbu l\u1ef1c, ch\u1ed1ng s\u1ed1c nhi\u1ec7t 800 \u0111\u1ed9 C, truy\u1ec1n nhi\u1ec7t t\u1ed1t v\u00e0 ch\u1ed1ng x\u01b0\u1edbc, ch\u1ed1ng b\u00e1m b\u1ee5i mang l\u1ea1i hi\u1ec7u su\u1ea5t \u0111un n\u1ea5u cao, tu\u1ed5i th\u1ecd l\u00e2u d\u00e0i v\u00e0 b\u1ec1n b\u1ec9. Kh\u00f4ng ch\u1ec9 v\u1eady, t\u00ednh ti\u1ec7n l\u1ee3i c\u1ee7a m\u1eb7t k\u00ednh c\u00f2n \u0111\u01b0\u1ee3c th\u1ec3 hi\u1ec7n \u1edf vi\u1ec7c d\u1ec5 d\u00e0ng v\u1ec7 sinh m\u1eb7t k\u00ednh ch\u1ec9 v\u1edbi m\u1ed9t chi\u1ebfc kh\u0103n \u1ea9m v\u00e0 n\u01b0\u1edbc lau k\u00ednh chuy\u00ean d\u1ee5ng.<\/p>\n<figure id=\"attachment_65440\" aria-describedby=\"caption-attachment-65440\" style=\"width: 1020px\" class=\"wp-caption alignnone\"><img loading=\"lazy\" decoding=\"async\" class=\"size-large wp-image-65440\" src=\"https:\/\/livinghome.vn\/thiet-bi\/wp-content\/uploads\/nha-bep\/teka\/bep-tu\/bep-dien-tu-teka-izc-32310-msp\/bep-dien-tu-teka-izc-32310-msp-4-1067x800.jpg\" alt=\"B\u1ebfp \u0111i\u1ec7n t\u1eeb Teka IZC 32310 MSP \u00e2m 2 v\u00f9ng n\u1ea5u m\u1eb7t k\u00ednh Vitro Ceramic si\u00eau b\u1ec1n\" width=\"1020\" height=\"765\" title=\"\"><figcaption id=\"caption-attachment-65440\" class=\"wp-caption-text\">B\u1ebfp \u0111i\u1ec7n t\u1eeb Teka IZC 32310 MSP \u00e2m 2 v\u00f9ng n\u1ea5u m\u1eb7t k\u00ednh Vitro Ceramic si\u00eau b\u1ec1n<\/figcaption><\/figure>\n<h3>T\u00ednh n\u0103ng c\u01a1 b\u1ea3n<\/h3>\n<ul>\n<li><a href=\"https:\/\/livinghome.vn\/thiet-bi\/bep-dien-tu-ket-hop\/\">B\u1ebfp \u0111i\u1ec7n t\u1eeb \u00e2m<\/a> &#8211; B\u1ebfp k\u00ednh \u00e2m 2 v\u00f9ng n\u1ea5u<\/li>\n<li>B\u1ebfp \u0111i\u1ec7n t\u1eeb l\u1eafp \u00e2m<\/li>\n<li>\u0110i\u1ec1u khi\u1ec3n c\u1ea3m \u1ee9ng d\u1ea1ng tr\u01b0\u1ee3t<\/li>\n<li>M\u1eb7t k\u00ednh Schott ceran ch\u1ecbu nhi\u1ec7t, v\u00e1t c\u1ea1nh ph\u00eda tr\u01b0\u1edbc<\/li>\n<li>Ch\u1ee9c n\u0103ng n\u1ea5u: h\u1ea7m, n\u1ea5u tan ch\u1ea3y v\u00e0 gi\u1eef \u1ea5m<\/li>\n<li>9 m\u1ee9c c\u00f4ng su\u1ea5t<\/li>\n<li>Ch\u1ee9c n\u0103ng t\u0103ng c\u01b0\u1eddng c\u00f4ng su\u1ea5t POWER PLUS<\/li>\n<li>H\u1eb9n gi\u1edd n\u1ea5u \u0103n<\/li>\n<li>Kh\u00f3a an to\u00e0n tr\u1ebb em<\/li>\n<li>H\u1ec7 th\u1ed1ng ng\u1eaft b\u1ebfp an to\u00e0n khi qu\u00e1 nhi\u1ec7t ho\u1eb7c tr\u00e0o n\u01b0\u1edbc<\/li>\n<li>\u0110\u00e8n hi\u1ec3n th\u1ecb nhi\u1ec7t d\u01b0<\/li>\n<\/ul>\n<p>B\u1ebfp \u0111i\u1ec7n t\u1eeb\u00a0IZC 32310 MSP c\u00f2n \u0111u\u1ee3c t\u00edch h\u1ee3p th\u00eam 2 qu\u1ea1t th\u00f4ng gi\u00f3 b\u00ean d\u01b0\u1edbi b\u1ebfp gi\u00fap gi\u1ea3i nhi\u1ec7t trong qu\u00e1 tr\u00ecnh s\u1eed d\u1ee5ng, c\u00f3 th\u1ec3 n\u00f3i \u0111\u00e2y l\u00e0 ph\u1ea7n v\u00f4 c\u00f9ng quan tr\u1ecdng tr\u00ean b\u1ebfp, n\u00f3 gi\u00fap quy\u1ebft \u0111\u1ecbnh \u0111\u1ed9 b\u1ec1n hay c\u00f2n g\u1ecdi l\u00e0 tu\u1ed5i th\u1ecd c\u1ee7a b\u1ebfp c\u00f3 l\u00e2u hay kh\u00f4ng, n\u1ebfu b\u1ebfp qu\u00e1 n\u00f3ng v\u00e0 kh\u00f4ng \u0111\u01b0\u1ee3c gi\u1ea3i nhi\u1ec7t k\u1ecbp th\u1eddi s\u1ebd t\u1ef1 t\u1eaft l\u00e0m \u1ea3nh h\u01b0\u1edfng \u0111\u1ebfn qu\u00e1 tr\u00ecnh n\u1ea5u n\u01b0\u1edbng c\u0169ng nh\u01b0 tr\u00e3i nghi\u1ec7m kh\u00f4ng hay v\u1ec1 s\u1ea3n ph\u1ea9m.<\/p>\n<figure id=\"attachment_66230\" aria-describedby=\"caption-attachment-66230\" style=\"width: 800px\" class=\"wp-caption alignnone\"><img loading=\"lazy\" decoding=\"async\" class=\"wp-image-66230 size-large\" src=\"https:\/\/livinghome.vn\/thiet-bi\/wp-content\/uploads\/nha-bep\/teka\/bep-tu\/bep-dien-tu-teka-izc-32310-msp\/bep-dien-tu-teka-izc-32310-msp-5-800x800.jpg\" alt=\"B\u1ebfp \u0111i\u1ec7n t\u1eeb Teka IZC 32310 MSP \u00e2m 2 v\u00f9ng n\u1ea5u m\u1eb7t k\u00ednh Vitro Ceramic si\u00eau b\u1ec1n\" width=\"800\" height=\"800\" title=\"\"><figcaption id=\"caption-attachment-66230\" class=\"wp-caption-text\">K\u00edch th\u01b0\u1edbc b\u1ebfp \u0111i\u1ec7n t\u1eeb Teka IZC 32310 MSP<\/figcaption><\/figure>\n<h3>Th\u00f4ng s\u1ed1 k\u1ef9 thu\u1eadt<\/h3>\n<ul>\n<li>C\u00f4ng su\u1ea5t 3600W<\/li>\n<li>2 v\u00f9ng n\u1ea5u: 1 v\u00f9ng \u00d8 215 mm v\u00e0 1 v\u00f9ng \u00d8 150 mm<\/li>\n<li>Chi\u1ec1u cao(mm):\u00a053<\/li>\n<li>Chi\u1ec1u r\u1ed9ng (mm):\u00a0300<\/li>\n<li>\u0110\u1ed9 s\u00e2u (mm):\u00a0510<\/li>\n<li>Tr\u1ecdng l\u01b0\u1ee3ng (Kgs):\u00a04,78<\/li>\n<li>T\u1ea7n s\u1ed1 (Hz):\u00a050\/60<\/li>\n<li>C\u00f4ng su\u1ea5t (V):\u00a0220-240<\/li>\n<li>Chi\u1ec1u d\u00e0i d\u00e2y c\u00e1p (cm):\u00a011<\/li>\n<\/ul>\n<p>B\u1ebfp \u0111i\u1ec7n k\u1ebft h\u1ee3p t\u1eeb Teka IZ-7200-HL l\u00e0 s\u1ef1 l\u1ef1a ch\u1ecdn th\u00f4ng minh cho gia \u0111\u00ecnh, nh\u1eadp kh\u1ea9u nguy\u00ean chi\u1ebfc t\u1eeb ch\u00e2u \u00c2u \u0111\u1ea3m b\u1ea3o ch\u1ea5t l\u01b0\u1ee3ng, ngu\u1ed3n g\u1ed1c, gi\u00e1 c\u1ea3 c\u1ea1nh tranh.<\/p>\n<p>B\u1ebfp \u0111\u00f4i t\u1eeb h\u1ed3ng ngo\u1ea1i Teka IZ-7200-HL nh\u1eadp kh\u1ea9u s\u1eed d\u1ee5ng b\u1ea3ng \u0111i\u1ec1u khi\u1ec3n b\u1eb1ng c\u1ea3m \u1ee9ng, d\u1ea1ng tr\u01b0\u1ee3t si\u00eau nh\u1ea1y, t\u0103ng gi\u1ea3m c\u00f4ng su\u1ea5t qua n\u00fat nh\u1ea5n ch\u00ecm + , \u2013 m\u1eb7t tr\u01b0\u1edbc b\u1ebfp n\u1ea5u. B\u1ea1n c\u00f3 th\u1ec3 c\u00e0i \u0111\u1eb7t ch\u01b0\u01a1ng tr\u00ecnh ri\u00eang bi\u1ec7t cho t\u1eebng b\u1ebfp n\u1ea5u. B\u1ebfp c\u00f3 2 v\u00f9ng n\u1ea5u \u0111\u1ed9c l\u1eadp, h\u00ecnh tr\u00f2n, b\u1ed1 c\u1ee5c h\u1ee3p l\u00fd: V\u00f9ng n\u1ea5u t\u1eeb \u0111\u01b0\u1eddng k\u00ednh 240 mm + v\u00f9ng n\u1ea5u h\u1ed3ng ngo\u1ea1i \u0111\u01b0\u1eddng k\u00ednh 120\/190 mm. B\u1ebfp \u0111i\u1ec7n k\u1ebft h\u1ee3p t\u1eeb Teka IZ 7200HL cao c\u1ea5p \u0111\u1ed3ng th\u1eddi s\u1eed d\u1ee5ng \u0111\u01b0\u1ee3c m\u1ecdi lo\u1ea1i ch\u1ea5t li\u1ec7u n\u1ed3i tr\u00ean v\u00f9ng n\u1ea5u \u0111i\u1ec7n, v\u00f9ng n\u1ea5u t\u1eeb ch\u1ebf bi\u1ebfn th\u1ee9c \u0103n ch\u00edn nhanh v\u00e0 ti\u1ebft ki\u1ec7m \u0111i\u1ec7n.<\/p>\n<h3>Xu\u1ea5t x\u1ee9: Th\u1ed5 Nh\u0129 K\u1ef3<\/h3>\n","protected":false},"excerpt":{"rendered":"<div id=\"product-title\" class=\"et_pb_module et_pb_text et_pb_bg_layout_light et_pb_text_align_left\">\n<div class=\"et_pb_text_inner\">\n<h1>B\u1ebfp t\u1eeb l\u1eafp \u00e2m 30cm v\u1edbi 2 v\u00f9ng n\u1ea5u<\/h1>\n<\/div>\n<\/div>\n<div class=\"et_pb_module et_pb_text et_pb_text_1 et_pb_bg_layout_light et_pb_text_align_left\">\n<div class=\"et_pb_text_inner\">\n<div id=\"product-content\">\n<ul>\n<li>\u0110i\u1ec1u khi\u1ec3n c\u1ea3m \u1ee9ng d\u1ea1ng tr\u01b0\u1ee3t<\/li>\n<li>2 v\u00f9ng n\u1ea5u<\/li>\n<li>M\u1eb7t k\u00ednh Schott ceran ch\u1ecbu nhi\u1ec7t, v\u00e1t c\u1ea1nh ph\u00eda tr\u01b0\u1edbc<\/li>\n<li>9 m\u1ee9c c\u00f4ng su\u1ea5t<\/li>\n<li>Ch\u1ee9c n\u0103ng t\u0103ng c\u01b0\u1eddng c\u00f4ng su\u1ea5t POWER PLUS<\/li>\n<li>C\u00f4ng su\u1ea5t 3600W<\/li>\n<\/ul>\n<\/div>\n<\/div>\n<\/div>\n","protected":false},"featured_media":2102,"comment_status":"open","ping_status":"closed","template":"","meta":[],"product_brand":[],"product_cat":[745,794,813,796,830,707,833,816,795,322,311],"product_tag":[81,168,325,770,313],"class_list":{"0":"post-2005","1":"product","2":"type-product","3":"status-publish","4":"has-post-thumbnail","6":"product_cat-bep-dien-tu","7":"product_cat-bep-2-tu","8":"product_cat-bep-dien-tu-chung-cu","9":"product_cat-bep-dien-tu-doi","10":"product_cat-bep-dien-tu-domino","11":"product_cat-bep-dien-tu-teka","12":"product_cat-bep-dien-tu-tho-nhi-ky","13":"product_cat-bep-dien-tu-thoi-trang","14":"product_cat-bep-tu-doi","15":"product_cat-bep-tu-teka","16":"product_cat-thuong-hieu-teka","17":"product_tag-bep-dien-tu","18":"product_tag-bep-tu-am","19":"product_tag-bep-tu-teka","20":"product_tag-bep-tuam-2-vung-nau-mat-kinh-vitro-ceramic-sieu-ben","21":"product_tag-teka","23":"first","24":"instock","25":"sale","26":"shipping-taxable","27":"purchasable","28":"product-type-simple"},"_links":{"self":[{"href":"https:\/\/livinghome.vn\/thiet-bi\/wp-json\/wp\/v2\/product\/2005","targetHints":{"allow":["GET"]}}],"collection":[{"href":"https:\/\/livinghome.vn\/thiet-bi\/wp-json\/wp\/v2\/product"}],"about":[{"href":"https:\/\/livinghome.vn\/thiet-bi\/wp-json\/wp\/v2\/types\/product"}],"replies":[{"embeddable":true,"href":"https:\/\/livinghome.vn\/thiet-bi\/wp-json\/wp\/v2\/comments?post=2005"}],"wp:featuredmedia":[{"embeddable":true,"href":"https:\/\/livinghome.vn\/thiet-bi\/wp-json\/wp\/v2\/media\/2102"}],"wp:attachment":[{"href":"https:\/\/livinghome.vn\/thiet-bi\/wp-json\/wp\/v2\/media?parent=2005"}],"wp:term":[{"taxonomy":"product_brand","embeddable":true,"href":"https:\/\/livinghome.vn\/thiet-bi\/wp-json\/wp\/v2\/product_brand?post=2005"},{"taxonomy":"product_cat","embeddable":true,"href":"https:\/\/livinghome.vn\/thiet-bi\/wp-json\/wp\/v2\/product_cat?post=2005"},{"taxonomy":"product_tag","embeddable":true,"href":"https:\/\/livinghome.vn\/thiet-bi\/wp-json\/wp\/v2\/product_tag?post=2005"}],"curies":[{"name":"wp","href":"https:\/\/api.w.org\/{rel}","templated":true}]}}