{"id":2004,"date":"2023-01-12T16:43:28","date_gmt":"2023-01-12T16:43:28","guid":{"rendered":"https:\/\/livinghome.vn\/thiet-bi\/?post_type=product&#038;p=2004"},"modified":"2024-11-29T14:20:36","modified_gmt":"2024-11-29T07:20:36","slug":"bep-dien-tu-teka-iz-7200-hl","status":"publish","type":"product","link":"https:\/\/livinghome.vn\/thiet-bi\/bep-dien-tu-teka-iz-7200-hl\/","title":{"rendered":"B\u1ebfp \u0111i\u1ec7n t\u1eeb Teka IZ 7200 HL"},"content":{"rendered":"<h3>B\u1ebfp \u0111i\u1ec7n t\u1eeb Teka IZ 7200 HL k\u1ebft h\u1ee3p \u0111i\u1ec7n \u00e2m 2 v\u00f9ng n\u1ea5u \u0111a n\u0103ng<\/h3>\n<figure id=\"attachment_65438\" aria-describedby=\"caption-attachment-65438\" style=\"width: 800px\" class=\"wp-caption alignnone\"><img loading=\"lazy\" decoding=\"async\" class=\"wp-image-65438 size-large\" src=\"https:\/\/livinghome.vn\/thiet-bi\/wp-content\/uploads\/nha-bep\/teka\/bep-tu\/bep-dien-tu-teka-iz-7200-hl\/bep-dien-tu-teka-iz-7200-hl-800x800.jpg\" alt=\"B\u1ebfp t\u1eeb Teka IZ 7200 HL k\u1ebft h\u1ee3p \u0111i\u1ec7n \u00e2m 2 v\u00f9ng n\u1ea5u \u0111a n\u0103ng\" width=\"800\" height=\"800\" title=\"\"><figcaption id=\"caption-attachment-65438\" class=\"wp-caption-text\">B\u1ebfp t\u1eeb Teka IZ 7200 HL k\u1ebft h\u1ee3p \u0111i\u1ec7n \u00e2m 2 v\u00f9ng n\u1ea5u \u0111a n\u0103ng<\/figcaption><\/figure>\n<h3>T\u00ednh n\u0103ng c\u01a1 b\u1ea3n<\/h3>\n<ul>\n<li><a href=\"https:\/\/livinghome.vn\/thiet-bi\/bep-dien-tu-ket-hop\/\">B\u1ebfp t\u1eeb \u00e2m<\/a> &#8211; B\u1ebfp k\u00ednh \u00e2m 2 v\u00f9ng n\u1ea5u<\/li>\n<li>M\u1eb7t b\u1ebfp b\u1eb1ng k\u00ednh Schott ceran ch\u1ecbu nhi\u1ec7t<\/li>\n<li>2 v\u00f9ng b\u1ebfp n\u1ea5u: 1 v\u00f9ng t\u1eeb + 1 v\u00f9ng \u0111i\u1ec7n<\/li>\n<li>B\u1ea3ng \u0111i\u1ec1u khi\u1ec3n c\u1ea3m \u1ee9ng<\/li>\n<li>C\u00e0i \u0111\u1eb7t ch\u01b0\u01a1ng tr\u00ecnh ri\u00eang bi\u1ec7t cho t\u1eebng b\u1ebfp n\u1ea5u<\/li>\n<li>Ch\u1ee9c n\u0103ng nh\u1eadn di\u1ec7n n\u1ed3i ch\u1ea3o ph\u00f9 h\u1ee3p<\/li>\n<li>Ch\u1ee9c n\u0103ng kh\u00f3a an to\u00e0n.<\/li>\n<li>\u0110\u00e8n hi\u1ec3n th\u1ecb nhi\u1ec7t d\u01b0<\/li>\n<\/ul>\n<p>B\u1ebfp t\u1eeb h\u1ed3ng ngo\u1ea1i Teka IZ 7200 HL<strong>\u00a0<\/strong>l\u00e0 s\u1ef1 k\u1ebft h\u1ee3p ho\u00e0n h\u1ea3o gi\u1eefa hai d\u00f2ng s\u1ea3n ph\u1ea9m \u0111ang \u0111\u01b0\u1ee3c \u01b0a chu\u1ed9ng tr\u00ean th\u1ecb tr\u01b0\u1eddng hi\u1ec7n nay \u0111\u00f3 l\u00e0 b\u1ebfp t\u1eeb ( \u01b0u \u0111i\u1ec3m l\u00e0 kh\u00f4ng t\u1ecfa nhi\u1ec7t ) v\u00e0 b\u1ebfp h\u1ed3ng ngo\u1ea1i (\u01b0u \u0111i\u1ec3m kh\u00f4ng k\u00e9n n\u1ed3i ). S\u1ef1 k\u1ebft h\u1ee3p ho\u00e0n h\u1ea3o n\u00e0y t\u1ea1o ra d\u00f2ng s\u1ea3n ph\u1ea9m c\u00f3 gi\u00e1 tr\u1ecb s\u1eed d\u1ee5ng cao, \u0111a ch\u1ee9c n\u0103ng v\u00e0 \u0111\u00e1p \u1ee9ng \u0111\u1ea7y \u0111\u1ee7 nh\u1eefng y\u00eau c\u1ea7u c\u00f9a ng\u01b0\u1eddi s\u1eed d\u1ee5ng v\u1ec1 m\u1ed9t chi\u1ebfc b\u1ebfp \u0111a n\u0103ng an to\u00e0n v\u00e0 n\u1ea5u n\u01b0\u1edbng nhanh ti\u1ebft ki\u1ec7m th\u1eddi gian cho ng\u01b0\u1eddi n\u1ed9i tr\u1ee3.<\/p>\n<figure id=\"attachment_66229\" aria-describedby=\"caption-attachment-66229\" style=\"width: 800px\" class=\"wp-caption alignnone\"><img loading=\"lazy\" decoding=\"async\" class=\"size-large wp-image-66229\" src=\"https:\/\/livinghome.vn\/thiet-bi\/wp-content\/uploads\/nha-bep\/teka\/bep-tu\/bep-dien-tu-teka-iz-7200-hl\/bep-dien-tu-teka-iz-7200-hl-1-800x800.jpg\" alt=\"B\u1ebfp t\u1eeb Teka IZ 7200 HL k\u1ebft h\u1ee3p \u0111i\u1ec7n \u00e2m 2 v\u00f9ng n\u1ea5u \u0111a n\u0103ng\" width=\"800\" height=\"800\" title=\"\"><figcaption id=\"caption-attachment-66229\" class=\"wp-caption-text\">K\u00edch th\u01b0\u1edbc b\u1ebfp t\u1eeb Teka IZ 7200 HL k\u1ebft h\u1ee3p \u0111i\u1ec7n \u00e2m 2 v\u00f9ng n\u1ea5u \u0111a n\u0103ng<\/figcaption><\/figure>\n<h3>Th\u00f4ng s\u1ed1 k\u1ef9 thu\u1eadt<\/h3>\n<ul>\n<li>C\u00f4ng su\u1ea5t t\u1ed1i \u0111a: 3800W<\/li>\n<li>Chi\u1ec1u cao(mm):\u00a060<\/li>\n<li>Chi\u1ec1u r\u1ed9ng (mm):\u00a0730<\/li>\n<li>\u0110\u1ed9 s\u00e2u (mm):\u00a0430<\/li>\n<li>Tr\u1ecdng l\u01b0\u1ee3ng (Kgs):\u00a07,8<\/li>\n<li>T\u1ea7n s\u1ed1 (Hz):\u00a050\/60<\/li>\n<li>C\u00f4ng su\u1ea5t (V):\u00a0220-240<\/li>\n<li>Chi\u1ec1u d\u00e0i d\u00e2y c\u00e1p (cm):\u00a012<\/li>\n<\/ul>\n<p>B\u1ebfp \u0111i\u1ec7n k\u1ebft h\u1ee3p t\u1eeb Teka IZ-7200-HL l\u00e0 s\u1ef1 l\u1ef1a ch\u1ecdn th\u00f4ng minh cho gia \u0111\u00ecnh, nh\u1eadp kh\u1ea9u nguy\u00ean chi\u1ebfc t\u1eeb ch\u00e2u \u00c2u \u0111\u1ea3m b\u1ea3o ch\u1ea5t l\u01b0\u1ee3ng, ngu\u1ed3n g\u1ed1c, gi\u00e1 c\u1ea3 c\u1ea1nh tranh.<\/p>\n<p>B\u1ebfp \u0111\u00f4i t\u1eeb h\u1ed3ng ngo\u1ea1i Teka IZ-7200-HL nh\u1eadp kh\u1ea9u s\u1eed d\u1ee5ng b\u1ea3ng \u0111i\u1ec1u khi\u1ec3n b\u1eb1ng c\u1ea3m \u1ee9ng, d\u1ea1ng tr\u01b0\u1ee3t si\u00eau nh\u1ea1y, t\u0103ng gi\u1ea3m c\u00f4ng su\u1ea5t qua n\u00fat nh\u1ea5n ch\u00ecm + , \u2013 m\u1eb7t tr\u01b0\u1edbc b\u1ebfp n\u1ea5u. B\u1ea1n c\u00f3 th\u1ec3 c\u00e0i \u0111\u1eb7t ch\u01b0\u01a1ng tr\u00ecnh ri\u00eang bi\u1ec7t cho t\u1eebng b\u1ebfp n\u1ea5u. B\u1ebfp c\u00f3 2 v\u00f9ng n\u1ea5u \u0111\u1ed9c l\u1eadp, h\u00ecnh tr\u00f2n, b\u1ed1 c\u1ee5c h\u1ee3p l\u00fd: V\u00f9ng n\u1ea5u t\u1eeb \u0111\u01b0\u1eddng k\u00ednh 240 mm + v\u00f9ng n\u1ea5u h\u1ed3ng ngo\u1ea1i \u0111\u01b0\u1eddng k\u00ednh 120\/190 mm. B\u1ebfp \u0111i\u1ec7n k\u1ebft h\u1ee3p t\u1eeb Teka IZ 7200HL cao c\u1ea5p \u0111\u1ed3ng th\u1eddi s\u1eed d\u1ee5ng \u0111\u01b0\u1ee3c m\u1ecdi lo\u1ea1i ch\u1ea5t li\u1ec7u n\u1ed3i tr\u00ean v\u00f9ng n\u1ea5u \u0111i\u1ec7n, v\u00f9ng n\u1ea5u t\u1eeb ch\u1ebf bi\u1ebfn th\u1ee9c \u0103n ch\u00edn nhanh v\u00e0 ti\u1ebft ki\u1ec7m \u0111i\u1ec7n.<\/p>\n<h3>Xu\u1ea5t x\u1ee9: Th\u1ed5 Nh\u0129 K\u1ef3<\/h3>\n","protected":false},"excerpt":{"rendered":"<div id=\"product-title\" class=\"et_pb_module et_pb_text et_pb_bg_layout_light et_pb_text_align_left\">\n<div class=\"et_pb_text_inner\">\n<h1>B\u1ebfp t\u1eeb k\u1ebft h\u1ee3p \u0111i\u1ec7n<\/h1>\n<\/div>\n<\/div>\n<div class=\"et_pb_module et_pb_text et_pb_text_1 et_pb_bg_layout_light et_pb_text_align_left\">\n<div class=\"et_pb_text_inner\">\n<div id=\"product-content\">\n<ul>\n<li>C\u00f4ng su\u1ea5t t\u1ed1i \u0111a: 3800W<\/li>\n<li>M\u1eb7t b\u1ebfp b\u1eb1ng k\u00ednh Schott ceran ch\u1ecbu nhi\u1ec7t<\/li>\n<li>B\u1ea3ng \u0111i\u1ec1u khi\u1ec3n c\u1ea3m \u1ee9ng<\/li>\n<li>C\u00e0i \u0111\u1eb7t ch\u01b0\u01a1ng tr\u00ecnh ri\u00eang bi\u1ec7t cho t\u1eebng b\u1ebfp n\u1ea5u<\/li>\n<li>Ch\u1ee9c n\u0103ng nh\u1eadn di\u1ec7n n\u1ed3i ch\u1ea3o ph\u00f9 h\u1ee3p<\/li>\n<li>Ch\u1ee9c n\u0103ng kh\u00f3a an to\u00e0n.<\/li>\n<li>Xu\u1ea5t x\u1ee9: Th\u1ed5 Nh\u0129 K\u1ef3<\/li>\n<\/ul>\n<\/div>\n<\/div>\n<\/div>\n","protected":false},"featured_media":2100,"comment_status":"open","ping_status":"closed","template":"","meta":[],"product_brand":[],"product_cat":[793,745,813,799,80,801,802,707,833,311],"product_tag":[81,76,168,325,313],"class_list":{"0":"post-2004","1":"product","2":"type-product","3":"status-publish","4":"has-post-thumbnail","6":"product_cat-bep-1-dien-1-tu","7":"product_cat-bep-dien-tu","8":"product_cat-bep-dien-tu-chung-cu","9":"product_cat-bep-dien-tu-hinh-chu-nhat","10":"product_cat-bep-dien-tu-ket-hop","11":"product_cat-bep-dien-tu-khong-ken-noi","12":"product_cat-bep-dien-tu-mat-kinh-schott-ceran","13":"product_cat-bep-dien-tu-teka","14":"product_cat-bep-dien-tu-tho-nhi-ky","15":"product_cat-thuong-hieu-teka","16":"product_tag-bep-dien-tu","17":"product_tag-bep-tu","18":"product_tag-bep-tu-am","19":"product_tag-bep-tu-teka","20":"product_tag-teka","22":"first","23":"instock","24":"sale","25":"shipping-taxable","26":"purchasable","27":"product-type-simple"},"_links":{"self":[{"href":"https:\/\/livinghome.vn\/thiet-bi\/wp-json\/wp\/v2\/product\/2004","targetHints":{"allow":["GET"]}}],"collection":[{"href":"https:\/\/livinghome.vn\/thiet-bi\/wp-json\/wp\/v2\/product"}],"about":[{"href":"https:\/\/livinghome.vn\/thiet-bi\/wp-json\/wp\/v2\/types\/product"}],"replies":[{"embeddable":true,"href":"https:\/\/livinghome.vn\/thiet-bi\/wp-json\/wp\/v2\/comments?post=2004"}],"wp:featuredmedia":[{"embeddable":true,"href":"https:\/\/livinghome.vn\/thiet-bi\/wp-json\/wp\/v2\/media\/2100"}],"wp:attachment":[{"href":"https:\/\/livinghome.vn\/thiet-bi\/wp-json\/wp\/v2\/media?parent=2004"}],"wp:term":[{"taxonomy":"product_brand","embeddable":true,"href":"https:\/\/livinghome.vn\/thiet-bi\/wp-json\/wp\/v2\/product_brand?post=2004"},{"taxonomy":"product_cat","embeddable":true,"href":"https:\/\/livinghome.vn\/thiet-bi\/wp-json\/wp\/v2\/product_cat?post=2004"},{"taxonomy":"product_tag","embeddable":true,"href":"https:\/\/livinghome.vn\/thiet-bi\/wp-json\/wp\/v2\/product_tag?post=2004"}],"curies":[{"name":"wp","href":"https:\/\/api.w.org\/{rel}","templated":true}]}}