{"id":2003,"date":"2023-01-12T16:43:28","date_gmt":"2023-01-12T16:43:28","guid":{"rendered":"https:\/\/livinghome.vn\/thiet-bi\/?post_type=product&#038;p=2003"},"modified":"2024-11-29T14:20:36","modified_gmt":"2024-11-29T07:20:36","slug":"bep-tu-teka-itf-65320-bk-msp","status":"publish","type":"product","link":"https:\/\/livinghome.vn\/thiet-bi\/bep-tu-teka-itf-65320-bk-msp\/","title":{"rendered":"B\u1ebfp t\u1eeb Teka ITF 65320 BK MSP \u00e2m 3 v\u00f9ng n\u1ea5u \u0111i\u1ec1u khi\u1ec3n c\u1ea3m \u1ee9ng tr\u01b0\u1ee3t \u0111a \u0111i\u1ec3m"},"content":{"rendered":"<h3>B\u1ebfp t\u1eeb Teka ITF 65320 BK MSP \u00e2m 3 v\u00f9ng n\u1ea5u \u0111i\u1ec1u khi\u1ec3n c\u1ea3m \u1ee9ng tr\u01b0\u1ee3t \u0111a \u0111i\u1ec3m<\/h3>\n<figure id=\"attachment_65435\" aria-describedby=\"caption-attachment-65435\" style=\"width: 1067px\" class=\"wp-caption alignnone\"><img loading=\"lazy\" decoding=\"async\" class=\"wp-image-65435 size-large\" src=\"https:\/\/livinghome.vn\/thiet-bi\/wp-content\/uploads\/nha-bep\/teka\/bep-tu\/bep-dien-tu-teka-itf-65320-bk-msp\/bep-dien-tu-teka-itf-65320-bk-msp-5-1067x800.jpg\" alt=\"B\u1ebfp t\u1eeb Teka ITF 65320 BK MSP \u00e2m 3 v\u00f9ng n\u1ea5u \u0111i\u1ec1u khi\u1ec3n c\u1ea3m \u1ee9ng tr\u01b0\u1ee3t \u0111a \u0111i\u1ec3m\" width=\"1067\" height=\"800\" title=\"\"><figcaption id=\"caption-attachment-65435\" class=\"wp-caption-text\">B\u1ebfp t\u1eeb Teka ITF 65320 BK MSP \u00e2m 3 v\u00f9ng n\u1ea5u \u0111i\u1ec1u khi\u1ec3n c\u1ea3m \u1ee9ng tr\u01b0\u1ee3t \u0111a \u0111i\u1ec3m<\/figcaption><\/figure>\n<p>B\u1ebfp t\u1eeb TEKA ITF 65320 BK-MSP\u00a0\u0111\u00e3 g\u00e2y \u1ea5n t\u01b0\u1ee3ng m\u1ea1nh b\u1edfi thi\u1ebft k\u1ebf \u0111\u1eb7c tr\u01b0ng phong c\u00e1ch ch\u00e2u \u00c2u v\u1edbi t\u00ednh an to\u00e0n tuy\u1ec7t \u0111\u1ed1i cho ng\u01b0\u1eddi d\u00f9ng. Nh\u1eadp kh\u1ea9u nguy\u00ean chi\u1ebfc t\u1eeb T\u00e2y Ban Nha, \u00e1p d\u1ee5ng c\u00f4ng ngh\u1ec7 s\u1ea3n xu\u1ea5t h\u00e0ng \u0111\u1ea7u th\u1ebf gi\u1edbi, v\u01b0\u1ee3t qua h\u00e0ng lo\u1ea1t b\u00e0i ki\u1ec3m tra s\u1ea3n ph\u1ea9m m\u1edbi \u0111\u01b0\u1ee3c ra m\u1eaft.<\/p>\n<p>B\u1ebfp t\u1eeb l\u1eafp \u00e2m ITF 65320 BK-MSP n\u1ed5i b\u1eadt v\u1edbi thi\u1ebft k\u1ebf hi\u1ec7n \u0111\u1ea1i, t\u00edch h\u1ee3p s\u1eb5n nhi\u1ec1u t\u00ednh n\u0103ng th\u00f4ng minh, s\u1ea3n ph\u1ea9m \u0111ang \u0111\u01b0\u1ee3c r\u1ea5t nhi\u1ec1u gia \u0111\u00ecnh l\u1ef1a ch\u1ecdn.<\/p>\n<h3>T\u00ednh n\u0103ng c\u01a1 b\u1ea3n<\/h3>\n<ul>\n<li><a href=\"https:\/\/livinghome.vn\/thiet-bi\/bep-dien-tu-ket-hop\/\">B\u1ebfp \u0111i\u1ec7n t\u1eeb<\/a> &#8211; B\u1ebfp k\u00ednh \u00e2m 3 v\u00f9ng n\u1ea5u<\/li>\n<li>M\u1eb7t k\u00ednh Schott ceran ch\u1ecbu nhi\u1ec7t<\/li>\n<li>\u0110i\u1ec1u khi\u1ec3n c\u1ea3m \u1ee9ng tr\u01b0\u1ee3t \u0111a \u0111i\u1ec3m<\/li>\n<li>4 v\u00f9ng n\u1ea5u g\u1ed3m: 3 v\u00f9ng n\u1ea5u + 1 v\u00f9ng k\u1ebft h\u1ee3p<\/li>\n<li>Ch\u1ee9c n\u0103ng n\u1ea5u tan ch\u1ea3y, h\u1ea7m, h\u00e2m n\u00f3ng<\/li>\n<li>Ch\u1ee9c n\u0103ng t\u1ea1m d\u1eebng ho\u1ea1t \u0111\u1ed9ng<\/li>\n<li>Ch\u1ee9c n\u0103ng t\u0103ng c\u01b0\u1eddng c\u00f4ng su\u1ea5t<\/li>\n<li>\u0110\u00e8n hi\u1ec3n th\u1ecb c\u1ea3nh b\u00e1o nhi\u1ec7t d\u01b0<\/li>\n<li>H\u1eb9n gi\u1edd n\u1ea5u \u0103n<\/li>\n<\/ul>\n<figure id=\"attachment_65433\" aria-describedby=\"caption-attachment-65433\" style=\"width: 1067px\" class=\"wp-caption alignnone\"><img loading=\"lazy\" decoding=\"async\" class=\"wp-image-65433 size-large\" src=\"https:\/\/livinghome.vn\/thiet-bi\/wp-content\/uploads\/nha-bep\/teka\/bep-tu\/bep-dien-tu-teka-itf-65320-bk-msp\/bep-dien-tu-teka-itf-65320-bk-msp-4-1067x800.jpg\" alt=\"B\u1ebfp t\u1eeb Teka ITF 65320 BK MSP \u00e2m 3 v\u00f9ng n\u1ea5u \u0111i\u1ec1u khi\u1ec3n c\u1ea3m \u1ee9ng tr\u01b0\u1ee3t \u0111a \u0111i\u1ec3m\" width=\"1067\" height=\"800\" title=\"\"><figcaption id=\"caption-attachment-65433\" class=\"wp-caption-text\">B\u1ebfp t\u1eeb Teka ITF 65320 BK MSP \u00e2m 3 v\u00f9ng n\u1ea5u \u0111i\u1ec1u khi\u1ec3n c\u1ea3m \u1ee9ng tr\u01b0\u1ee3t \u0111a \u0111i\u1ec3m<\/figcaption><\/figure>\n<p>\u0110\u01b0\u1ee3c s\u1ea3n xu\u1ea5t tr\u00ean d\u00e2y chuy\u1ec1n hi\u1ec7n \u0111\u1ea1i ch\u00e2u \u00c2u, nh\u1eadp kh\u1ea9u ch\u00ednh h\u00e3ng t\u1ea1i Th\u1ed5\u00a0 Nh\u0129 K\u1ef3. B\u1ebfp t\u1eeb teka ITF 65320 BK-MSP mang \u0111\u1ebfn s\u1ef1 cao c\u1ea5p cho c\u0103n b\u1ebfp nh\u00e0 b\u1ea1n, k\u00edch th\u01b0\u1edbc nh\u1ecf g\u1ecdn thu\u1eadn ti\u1ec7n trong vi\u1ec7c l\u1eafp \u0111\u1eb7t; \u0111\u1ed3ng th\u1eddi mang \u0111\u1ebfn s\u1ef1 tho\u1ea3i m\u00e1i trong qu\u00e1 tr\u00ecnh n\u1ea5u n\u01b0\u1edbng.<\/p>\n<p>Teka ITF 65320 BK-MSP c\u00f3 3 v\u00f9ng n\u1ea5u c\u00f3 kh\u1ea3 n\u0103ng c\u00e0i \u0111\u1eb7t ch\u01b0\u01a1ng tr\u00ecnh ri\u00eang bi\u1ec7t cho t\u1eebng v\u00f9ng n\u1ea5u ch\u1eafc ch\u1eafn s\u1ea3n ph\u1ea9m s\u1ebd mang l\u1ea1i s\u1ef1 ti\u1ec7n l\u1ee3i nh\u1ea5t trong qu\u00e1 tr\u00ecnh n\u1ea5u n\u01b0\u1edbng<\/p>\n<figure id=\"attachment_66227\" aria-describedby=\"caption-attachment-66227\" style=\"width: 800px\" class=\"wp-caption alignnone\"><img loading=\"lazy\" decoding=\"async\" class=\"wp-image-66227 size-large\" src=\"https:\/\/livinghome.vn\/thiet-bi\/wp-content\/uploads\/nha-bep\/teka\/bep-tu\/bep-dien-tu-teka-itf-65320-bk-msp\/bep-dien-tu-teka-itf-65320-bk-msp-6-800x800.jpg\" alt=\"B\u1ebfp t\u1eeb Teka ITF 65320 BK MSP \u00e2m 3 v\u00f9ng n\u1ea5u \u0111i\u1ec1u khi\u1ec3n c\u1ea3m \u1ee9ng tr\u01b0\u1ee3t \u0111a \u0111i\u1ec3m\" width=\"800\" height=\"800\" title=\"\"><figcaption id=\"caption-attachment-66227\" class=\"wp-caption-text\">K\u00edch th\u01b0\u1edbc b\u1ebfp t\u1eeb Teka ITF 65320 BK MSP \u00e2m 3 v\u00f9ng n\u1ea5u \u0111i\u1ec1u khi\u1ec3n c\u1ea3m \u1ee9ng tr\u01b0\u1ee3t \u0111a \u0111i\u1ec3m<\/figcaption><\/figure>\n<h3>Th\u00f4ng s\u1ed1 k\u1ef9 thu\u1eadt<\/h3>\n<ul>\n<li>C\u00f4ng su\u1ea5t t\u1ed1i \u0111a: 7200W<\/li>\n<li>Chi\u1ec1u cao(mm):\u00a053<\/li>\n<li>Chi\u1ec1u r\u1ed9ng (mm):\u00a0606<\/li>\n<li>\u0110\u1ed9 s\u00e2u (mm):\u00a0516<\/li>\n<li>Tr\u1ecdng l\u01b0\u1ee3ng (Kgs):\u00a010,7<\/li>\n<li>T\u1ea7n s\u1ed1 (Hz):\u00a050\/60<\/li>\n<li>C\u00f4ng su\u1ea5t (V):\u00a0220-240<\/li>\n<li>Chi\u1ec1u d\u00e0i d\u00e2y c\u00e1p (cm):\u00a011<\/li>\n<\/ul>\n<p>&nbsp;<\/p>\n<h3>Xu\u1ea5t x\u1ee9: Th\u1ed5 Nh\u0129 K\u1ef3<\/h3>\n<div><\/div>\n","protected":false},"excerpt":{"rendered":"<div id=\"product-title\" class=\"et_pb_module et_pb_text et_pb_bg_layout_light et_pb_text_align_left\">\n<div class=\"et_pb_text_inner\">\n<h1>B\u1ebfp t\u1eeb k\u1ebft h\u1ee3p v\u00f9ng n\u1ea5u<\/h1>\n<\/div>\n<\/div>\n<div class=\"et_pb_module et_pb_text et_pb_text_1 et_pb_bg_layout_light et_pb_text_align_left\">\n<div class=\"et_pb_text_inner\">\n<div id=\"product-content\">\n<ul>\n<li>C\u00f4ng su\u1ea5t t\u1ed1i \u0111a: 7200W<\/li>\n<li>M\u1eb7t k\u00ednh Schott ceran ch\u1ecbu nhi\u1ec7t<\/li>\n<li>\u0110i\u1ec1u khi\u1ec3n c\u1ea3m \u1ee9ng tr\u01b0\u1ee3t \u0111a \u0111i\u1ec3m<\/li>\n<li>Ch\u1ee9c n\u0103ng n\u1ea5u t\u0103ng c\u01b0\u1eddng c\u00f4ng su\u1ea5t<\/li>\n<li>Xu\u1ea5t x\u1ee9: Th\u1ed5 Nh\u0129 K\u1ef3<\/li>\n<\/ul>\n<\/div>\n<\/div>\n<\/div>\n","protected":false},"featured_media":2094,"comment_status":"open","ping_status":"closed","template":"","meta":[],"product_brand":[],"product_cat":[745,868,803,800,802,707,816,75,805,871,322,311],"product_tag":[81,76,168,325,313],"class_list":{"0":"post-2003","1":"product","2":"type-product","3":"status-publish","4":"has-post-thumbnail","6":"product_cat-bep-dien-tu","7":"product_cat-bep-3-tu","8":"product_cat-bep-dien-tu-3-vung-nau","9":"product_cat-bep-dien-tu-hinh-vuong","10":"product_cat-bep-dien-tu-mat-kinh-schott-ceran","11":"product_cat-bep-dien-tu-teka","12":"product_cat-bep-dien-tu-thoi-trang","13":"product_cat-bep-tu","14":"product_cat-bep-tu-3-vung-nau","15":"product_cat-bep-tu-da-vung-nau","16":"product_cat-bep-tu-teka","17":"product_cat-thuong-hieu-teka","18":"product_tag-bep-dien-tu","19":"product_tag-bep-tu","20":"product_tag-bep-tu-am","21":"product_tag-bep-tu-teka","22":"product_tag-teka","24":"first","25":"instock","26":"sale","27":"shipping-taxable","28":"purchasable","29":"product-type-simple"},"_links":{"self":[{"href":"https:\/\/livinghome.vn\/thiet-bi\/wp-json\/wp\/v2\/product\/2003","targetHints":{"allow":["GET"]}}],"collection":[{"href":"https:\/\/livinghome.vn\/thiet-bi\/wp-json\/wp\/v2\/product"}],"about":[{"href":"https:\/\/livinghome.vn\/thiet-bi\/wp-json\/wp\/v2\/types\/product"}],"replies":[{"embeddable":true,"href":"https:\/\/livinghome.vn\/thiet-bi\/wp-json\/wp\/v2\/comments?post=2003"}],"wp:featuredmedia":[{"embeddable":true,"href":"https:\/\/livinghome.vn\/thiet-bi\/wp-json\/wp\/v2\/media\/2094"}],"wp:attachment":[{"href":"https:\/\/livinghome.vn\/thiet-bi\/wp-json\/wp\/v2\/media?parent=2003"}],"wp:term":[{"taxonomy":"product_brand","embeddable":true,"href":"https:\/\/livinghome.vn\/thiet-bi\/wp-json\/wp\/v2\/product_brand?post=2003"},{"taxonomy":"product_cat","embeddable":true,"href":"https:\/\/livinghome.vn\/thiet-bi\/wp-json\/wp\/v2\/product_cat?post=2003"},{"taxonomy":"product_tag","embeddable":true,"href":"https:\/\/livinghome.vn\/thiet-bi\/wp-json\/wp\/v2\/product_tag?post=2003"}],"curies":[{"name":"wp","href":"https:\/\/api.w.org\/{rel}","templated":true}]}}