{"id":2002,"date":"2023-01-12T16:43:28","date_gmt":"2023-01-12T16:43:28","guid":{"rendered":"https:\/\/livinghome.vn\/thiet-bi\/?post_type=product&#038;p=2002"},"modified":"2024-11-29T14:20:36","modified_gmt":"2024-11-29T07:20:36","slug":"bep-tu-teka-itc-64630-bk","status":"publish","type":"product","link":"https:\/\/livinghome.vn\/thiet-bi\/bep-tu-teka-itc-64630-bk\/","title":{"rendered":"B\u1ebfp t\u1eeb Teka ITC 64630 BK MST"},"content":{"rendered":"<h3>B\u1ebfp \u0111i\u1ec7n t\u1eeb Teka ITC 64630 BK MST \u00e2m 4 v\u00f9ng n\u1ea5u m\u1eb7t b\u1ebfp c\u1ea3m \u1ee9ng tr\u01b0\u1ee3t \u0111a n\u0103ng<\/h3>\n<figure id=\"attachment_65429\" aria-describedby=\"caption-attachment-65429\" style=\"width: 800px\" class=\"wp-caption alignnone\"><img loading=\"lazy\" decoding=\"async\" class=\"wp-image-65429 size-large\" src=\"https:\/\/livinghome.vn\/thiet-bi\/wp-content\/uploads\/nha-bep\/teka\/bep-tu\/bep-dien-tu-teka-itc-64630-bk-mst\/bep-dien-tu-teka-itc-64630-bk-mst-2-800x800.jpg\" alt=\"B\u1ebfp t\u1eeb Teka ITC 64630 BK MST \u00e2m 4 v\u00f9ng n\u1ea5u m\u1eb7t b\u1ebfp c\u1ea3m \u1ee9ng tr\u01b0\u1ee3t \u0111a n\u0103ng\" width=\"800\" height=\"800\" title=\"\"><figcaption id=\"caption-attachment-65429\" class=\"wp-caption-text\">B\u1ebfp t\u1eeb Teka ITC 64630 BK MST \u00e2m 4 v\u00f9ng n\u1ea5u m\u1eb7t b\u1ebfp c\u1ea3m \u1ee9ng tr\u01b0\u1ee3t \u0111a n\u0103ng<\/figcaption><\/figure>\n<p>B\u1ebfp t\u1eeb TeKa ITC 64630 BK MST\u00a0c\u00f3 thi\u1ebft k\u1ebf b\u1ec1n \u0111\u1eb9p, cao c\u1ea5p v\u00e0 hi\u1ec7n \u0111\u1ea1i mang phong c\u00e1ch c\u1ee7a ch\u00e2u, c\u00f9ng v\u1edbi \u0111\u00f3 l\u00e0 kh\u1ea3 n\u0103ng ho\u1ea1t \u0111\u1ed9ng kh\u00f4ng k\u00e9m ph\u1ea7n hi\u1ec7u qu\u1ea3, \u1ed5n \u0111\u1ecbnh \u0111\u1ed3ng th\u1eddi c\u0169ng \u0111\u01b0\u1ee3c t\u00edch h\u1ee3p \u0111\u1ea7y \u0111\u1ee7 c\u00e1c bi\u1ec7n ph\u00e1p an to\u00e0n v\u00e0 ti\u1ec7n d\u1ee5ng.<\/p>\n<h3>T\u00ednh n\u0103ng c\u01a1 b\u1ea3n<\/h3>\n<ul>\n<li><a href=\"https:\/\/livinghome.vn\/thiet-bi\/bep-dien-tu-ket-hop\/\">B\u1ebfp \u0111i\u1ec7n t\u1eeb<\/a> &#8211; B\u1ebfp k\u00ednh \u00e2m 4 v\u00f9ng n\u1ea5u<\/li>\n<li>M\u1eb7t k\u00ednh Schott ceran ch\u1ecbu nhi\u1ec7t khung vi\u1ec1n inox b\u1ea3o v\u1ec7 m\u1eb7t k\u00ednh<\/li>\n<li>\u0110i\u1ec1u khi\u1ec3n c\u1ea3m \u1ee9ng d\u1ea1ng tr\u01b0\u1ee3t v\u1edbi kh\u00f3a an to\u00e0n<\/li>\n<li>5 v\u00f9ng n\u1ea5u g\u1ed3m: 4 v\u00f9ng n\u1ea5u + 1 v\u00f9ng \u0111\u1ed3ng b\u1ed9<\/li>\n<li>Ch\u1ee9c n\u0103ng n\u1ea5u tan ch\u1ea3y, h\u1ea7m, h\u00e2m n\u00f3ng, \u0111un s\u00f4i nhanh, n\u01b0\u1edbng, chi\u00ean ng\u1eadp d\u1ea7u, chi\u00ean \u00e1p ch\u1ea3o<\/li>\n<li>Ch\u1ee9c n\u0103ng t\u1ea1m d\u1eebng ho\u1ea1t \u0111\u1ed9ng<\/li>\n<li>Ch\u1ee9c n\u0103ng t\u0103ng c\u01b0\u1eddng c\u00f4ng su\u1ea5t<\/li>\n<li>\u0110\u00e8n hi\u1ec3n th\u1ecb c\u1ea3nh b\u00e1o nhi\u1ec7t d\u01b0<\/li>\n<li>Ch\u1ee9c n\u0103ng t\u1eaft ti\u1ebfng<\/li>\n<\/ul>\n<figure id=\"attachment_65425\" aria-describedby=\"caption-attachment-65425\" style=\"width: 1067px\" class=\"wp-caption alignnone\"><img loading=\"lazy\" decoding=\"async\" class=\"wp-image-65425 size-large\" src=\"https:\/\/livinghome.vn\/thiet-bi\/wp-content\/uploads\/nha-bep\/teka\/bep-tu\/bep-dien-tu-teka-itc-64630-bk-mst\/bep-dien-tu-teka-itc-64630-bk-mst-5-1067x800.jpg\" alt=\"B\u1ebfp t\u1eeb Teka ITC 64630 BK MST \u00e2m 4 v\u00f9ng n\u1ea5u m\u1eb7t b\u1ebfp c\u1ea3m \u1ee9ng tr\u01b0\u1ee3t \u0111a n\u0103ng\" width=\"1067\" height=\"800\" title=\"\"><figcaption id=\"caption-attachment-65425\" class=\"wp-caption-text\">B\u1ebfp t\u1eeb Teka ITC 64630 BK MST \u00e2m 4 v\u00f9ng n\u1ea5u m\u1eb7t b\u1ebfp c\u1ea3m \u1ee9ng tr\u01b0\u1ee3t \u0111a n\u0103ng<\/figcaption><\/figure>\n<p>B\u1ebfp t\u1eeb TeKa ITC 64630 BK MST\u00a0s\u1edf h\u1eefu b\u1ec1 m\u1eb7t c\u1ef1c m\u1ecfng, c\u00f3 th\u1ec3 l\u1eafp \u0111\u1eb7t \u00e2m d\u01b0\u1edbi k\u1ec7 b\u1ebfp t\u0103ng kh\u00f4ng gian tr\u1ed1ng tho\u00e1ng cho gian b\u1ebfp gia \u0111\u00ecnh<\/p>\n<figure id=\"attachment_66225\" aria-describedby=\"caption-attachment-66225\" style=\"width: 800px\" class=\"wp-caption alignnone\"><img loading=\"lazy\" decoding=\"async\" class=\"wp-image-66225 size-large\" src=\"https:\/\/livinghome.vn\/thiet-bi\/wp-content\/uploads\/nha-bep\/teka\/bep-tu\/bep-dien-tu-teka-itc-64630-bk-mst\/bep-dien-tu-teka-itc-64630-bk-mst-7-800x800.jpg\" alt=\"B\u1ebfp t\u1eeb Teka ITC 64630 BK MST \u00e2m 4 v\u00f9ng n\u1ea5u m\u1eb7t b\u1ebfp c\u1ea3m \u1ee9ng tr\u01b0\u1ee3t \u0111a n\u0103ng\" width=\"800\" height=\"800\" title=\"\"><figcaption id=\"caption-attachment-66225\" class=\"wp-caption-text\">K\u00edch th\u01b0\u1edbc b\u1ebfp t\u1eeb Teka ITC 64630 BK MST<\/figcaption><\/figure>\n<h3>Th\u00f4ng s\u1ed1 k\u1ef9 thu\u1eadt<\/h3>\n<ul>\n<li>C\u00f4ng su\u1ea5t t\u1ed1i \u0111a: 7200W<\/li>\n<li><strong>Chi\u1ec1u cao(mm):\u00a0<\/strong>53<\/li>\n<li><strong>Chi\u1ec1u r\u1ed9ng (mm):\u00a0<\/strong>606<\/li>\n<li><strong>\u0110\u1ed9 s\u00e2u (mm):\u00a0<\/strong>516<\/li>\n<li><strong>Tr\u1ecdng l\u01b0\u1ee3ng (Kgs):\u00a0<\/strong>10,7<\/li>\n<li><strong>T\u1ea7n s\u1ed1 (Hz):\u00a0<\/strong>50\/60<\/li>\n<li><strong>C\u00f4ng su\u1ea5t (V):\u00a0<\/strong>220-240<\/li>\n<li><strong>Chi\u1ec1u d\u00e0i d\u00e2y c\u00e1p (cm):\u00a0<\/strong>11<\/li>\n<\/ul>\n<p>&nbsp;<\/p>\n<h3>Xu\u1ea5t x\u1ee9: Th\u1ed5 Nh\u0129 K\u1ef3<\/h3>\n<div><\/div>\n","protected":false},"excerpt":{"rendered":"<div id=\"product-title\" class=\"et_pb_module et_pb_text et_pb_bg_layout_light et_pb_text_align_left\">\n<div class=\"et_pb_text_inner\">\n<h1>B\u1ebfp t\u1eeb c\u1ea3m bi\u1ebfn th\u00f4ng minh<\/h1>\n<\/div>\n<\/div>\n<div class=\"et_pb_module et_pb_text et_pb_text_1 et_pb_bg_layout_light et_pb_text_align_left\">\n<div class=\"et_pb_text_inner\">\n<div id=\"product-content\">\n<ul>\n<li>C\u00f4ng su\u1ea5t t\u1ed1i \u0111a: 7200W<\/li>\n<li>M\u1eb7t k\u00ednh Schott ceran ch\u1ecbu nhi\u1ec7t c\u00f3 vi\u1ec1n inox b\u1ea3o v\u1ec7 m\u1eb7t k\u00ednh<\/li>\n<li>\u0110i\u1ec1u khi\u1ec3n c\u1ea3m \u1ee9ng d\u1ea1ng tr\u01b0\u1ee3t v\u1edbi kh\u00f3a an to\u00e0n<\/li>\n<li>Thi\u1ebft l\u1eadp th\u1eddi gian n\u1ea5u \u0103n<\/li>\n<li>T\u1ef1 \u0111\u1ed9ng t\u1eaft b\u1ebfp an to\u00e0n<\/li>\n<li>Xu\u1ea5t x\u1ee9: Th\u1ed5 Nh\u0129 K\u1ef3<\/li>\n<\/ul>\n<\/div>\n<\/div>\n<\/div>\n","protected":false},"featured_media":2086,"comment_status":"open","ping_status":"closed","template":"","meta":[],"product_brand":[],"product_cat":[745,869,804,800,802,707,833,816,806,871,322,311],"product_tag":[81,76,168,325,313],"class_list":{"0":"post-2002","1":"product","2":"type-product","3":"status-publish","4":"has-post-thumbnail","6":"product_cat-bep-dien-tu","7":"product_cat-bep-4-tu","8":"product_cat-bep-dien-tu-4-vung-nau","9":"product_cat-bep-dien-tu-hinh-vuong","10":"product_cat-bep-dien-tu-mat-kinh-schott-ceran","11":"product_cat-bep-dien-tu-teka","12":"product_cat-bep-dien-tu-tho-nhi-ky","13":"product_cat-bep-dien-tu-thoi-trang","14":"product_cat-bep-tu-4-vung-nau","15":"product_cat-bep-tu-da-vung-nau","16":"product_cat-bep-tu-teka","17":"product_cat-thuong-hieu-teka","18":"product_tag-bep-dien-tu","19":"product_tag-bep-tu","20":"product_tag-bep-tu-am","21":"product_tag-bep-tu-teka","22":"product_tag-teka","24":"first","25":"instock","26":"sale","27":"shipping-taxable","28":"purchasable","29":"product-type-simple"},"_links":{"self":[{"href":"https:\/\/livinghome.vn\/thiet-bi\/wp-json\/wp\/v2\/product\/2002","targetHints":{"allow":["GET"]}}],"collection":[{"href":"https:\/\/livinghome.vn\/thiet-bi\/wp-json\/wp\/v2\/product"}],"about":[{"href":"https:\/\/livinghome.vn\/thiet-bi\/wp-json\/wp\/v2\/types\/product"}],"replies":[{"embeddable":true,"href":"https:\/\/livinghome.vn\/thiet-bi\/wp-json\/wp\/v2\/comments?post=2002"}],"wp:featuredmedia":[{"embeddable":true,"href":"https:\/\/livinghome.vn\/thiet-bi\/wp-json\/wp\/v2\/media\/2086"}],"wp:attachment":[{"href":"https:\/\/livinghome.vn\/thiet-bi\/wp-json\/wp\/v2\/media?parent=2002"}],"wp:term":[{"taxonomy":"product_brand","embeddable":true,"href":"https:\/\/livinghome.vn\/thiet-bi\/wp-json\/wp\/v2\/product_brand?post=2002"},{"taxonomy":"product_cat","embeddable":true,"href":"https:\/\/livinghome.vn\/thiet-bi\/wp-json\/wp\/v2\/product_cat?post=2002"},{"taxonomy":"product_tag","embeddable":true,"href":"https:\/\/livinghome.vn\/thiet-bi\/wp-json\/wp\/v2\/product_tag?post=2002"}],"curies":[{"name":"wp","href":"https:\/\/api.w.org\/{rel}","templated":true}]}}