{"id":2000,"date":"2023-01-12T16:43:28","date_gmt":"2023-01-12T16:43:28","guid":{"rendered":"https:\/\/livinghome.vn\/thiet-bi\/?post_type=product&#038;p=2000"},"modified":"2024-11-29T14:20:35","modified_gmt":"2024-11-29T07:20:35","slug":"bep-tu-teka-irc-9430-ks","status":"publish","type":"product","link":"https:\/\/livinghome.vn\/thiet-bi\/bep-tu-teka-irc-9430-ks\/","title":{"rendered":"B\u1ebfp t\u1eeb Teka IRC 9430 KS \u00e2m 4 v\u00f9ng n\u1ea5u thi\u1ebft k\u1ebf \u0111\u1eb3ng c\u1ea5p, hi\u1ec7n \u0111\u1ea1i"},"content":{"rendered":"<h3>B\u1ebfp t\u1eeb Teka IRC 9430 KS \u00e2m 4 v\u00f9ng n\u1ea5u thi\u1ebft k\u1ebf \u0111\u1eb3ng c\u1ea5p, hi\u1ec7n \u0111\u1ea1i<\/h3>\n<figure id=\"attachment_65414\" aria-describedby=\"caption-attachment-65414\" style=\"width: 1067px\" class=\"wp-caption alignnone\"><img loading=\"lazy\" decoding=\"async\" class=\"wp-image-65414 size-large\" src=\"https:\/\/livinghome.vn\/thiet-bi\/wp-content\/uploads\/nha-bep\/teka\/bep-tu\/bep-dien-tu-teka-irc-9430-ks\/bep-dien-tu-teka-irc-9430-ks-5-1067x800.jpg\" alt=\"B\u1ebfp t\u1eeb Teka IRC 9430 KS \u00e2m 4 v\u00f9ng n\u1ea5u thi\u1ebft k\u1ebf \u0111\u1eb3ng c\u1ea5p, hi\u1ec7n \u0111\u1ea1i\" width=\"1067\" height=\"800\" title=\"\"><figcaption id=\"caption-attachment-65414\" class=\"wp-caption-text\">B\u1ebfp t\u1eeb Teka IRC 9430 KS \u00e2m 4 v\u00f9ng n\u1ea5u thi\u1ebft k\u1ebf \u0111\u1eb3ng c\u1ea5p, hi\u1ec7n \u0111\u1ea1i<\/figcaption><\/figure>\n<h3>T\u00ednh n\u0103ng c\u01a1 b\u1ea3n<\/h3>\n<ul>\n<li><a href=\"https:\/\/livinghome.vn\/thiet-bi\/bep-dien-tu-ket-hop\/\">B\u1ebfp \u0111i\u1ec7n t\u1eeb<\/a> &#8211; B\u1ebfp k\u00ednh \u00e2m 4 v\u00f9ng n\u1ea5u<\/li>\n<li>M\u1eb7t k\u00ednh Schott ceran ch\u1ecbu nhi\u1ec7t<\/li>\n<li>\u0110i\u1ec1u khi\u1ec3n c\u1ea3m \u1ee9ng d\u1ea1ng tr\u01b0\u1ee3t<\/li>\n<li>4 v\u00f9ng n\u1ea5u + 1 v\u00f9ng k\u1ebft h\u1ee3p<\/li>\n<li>Ch\u1ee9c n\u0103ng \u0111un s\u00f4i nhanh v\u00e0 h\u00e2m n\u00f3ng<\/li>\n<li>Ch\u1ee9c n\u0103ng t\u1ea1m d\u1eebng ho\u1ea1t \u0111\u1ed9ng<\/li>\n<li>Ch\u1ee9c n\u0103ng t\u0103ng c\u01b0\u1eddng c\u00f4ng su\u1ea5t<\/li>\n<li>\u0110\u00e8n hi\u1ec3n th\u1ecb c\u1ea3nh b\u00e1o nhi\u1ec7t d\u01b0<\/li>\n<li>H\u1ec7 th\u1ed1ng nh\u1eadn di\u1ec7n n\u1ed3i ch\u1ea3o ph\u00f9 h\u1ee3p<\/li>\n<\/ul>\n<figure id=\"attachment_65413\" aria-describedby=\"caption-attachment-65413\" style=\"width: 1067px\" class=\"wp-caption alignnone\"><img loading=\"lazy\" decoding=\"async\" class=\"wp-image-65413 size-large\" src=\"https:\/\/livinghome.vn\/thiet-bi\/wp-content\/uploads\/nha-bep\/teka\/bep-tu\/bep-dien-tu-teka-irc-9430-ks\/bep-dien-tu-teka-irc-9430-ks-4-1067x800.jpg\" alt=\"B\u1ebfp t\u1eeb Teka IRC 9430 KS \u00e2m 4 v\u00f9ng n\u1ea5u thi\u1ebft k\u1ebf \u0111\u1eb3ng c\u1ea5p, hi\u1ec7n \u0111\u1ea1i\" width=\"1067\" height=\"800\" title=\"\"><figcaption id=\"caption-attachment-65413\" class=\"wp-caption-text\">B\u1ebfp t\u1eeb Teka IRC 9430 KS \u00e2m 4 v\u00f9ng n\u1ea5u thi\u1ebft k\u1ebf \u0111\u1eb3ng c\u1ea5p, hi\u1ec7n \u0111\u1ea1i<\/figcaption><\/figure>\n<p>B\u1ebfp t\u1eeb TeKa IRC 9430 KS\u00a0c\u00f3 thi\u1ebft k\u1ebf b\u1ec1n \u0111\u1eb9p, cao c\u1ea5p v\u00e0 hi\u1ec7n \u0111\u1ea1i mang phong c\u00e1ch c\u1ee7a ch\u00e2u, c\u00f9ng v\u1edbi \u0111\u00f3 l\u00e0 kh\u1ea3 n\u0103ng ho\u1ea1t \u0111\u1ed9ng kh\u00f4ng k\u00e9m ph\u1ea7n hi\u1ec7u qu\u1ea3, \u1ed5n \u0111\u1ecbnh \u0111\u1ed3ng th\u1eddi c\u0169ng \u0111\u01b0\u1ee3c t\u00edch h\u1ee3p \u0111\u1ea7y \u0111\u1ee7 c\u00e1c bi\u1ec7n ph\u00e1p an to\u00e0n v\u00e0 ti\u1ec7n d\u1ee5ng.<\/p>\n<figure id=\"attachment_66180\" aria-describedby=\"caption-attachment-66180\" style=\"width: 800px\" class=\"wp-caption alignnone\"><img loading=\"lazy\" decoding=\"async\" class=\"wp-image-66180 size-large\" src=\"https:\/\/livinghome.vn\/thiet-bi\/wp-content\/uploads\/nha-bep\/teka\/bep-tu\/bep-dien-tu-teka-irc-9430-ks\/bep-dien-tu-teka-irc-9430-ks-7-800x800.jpg\" alt=\"B\u1ebfp t\u1eeb Teka IRC 9430 KS \u00e2m 4 v\u00f9ng n\u1ea5u thi\u1ebft k\u1ebf \u0111\u1eb3ng c\u1ea5p, hi\u1ec7n \u0111\u1ea1i\" width=\"800\" height=\"800\" title=\"\"><figcaption id=\"caption-attachment-66180\" class=\"wp-caption-text\">K\u00edch th\u01b0\u1edbc b\u1ebfp t\u1eeb Teka IRC 9430 KS<\/figcaption><\/figure>\n<h3>Th\u00f4ng s\u1ed1 k\u1ef9 thu\u1eadt<\/h3>\n<ul>\n<li>C\u00f4ng su\u1ea5t t\u1ed1i \u0111a: 7400W<\/li>\n<li>Chi\u1ec1u cao(mm):\u00a055<\/li>\n<li>Chi\u1ec1u r\u1ed9ng (mm):\u00a0950<\/li>\n<li>\u0110\u1ed9 s\u00e2u (mm):\u00a0520<\/li>\n<li>Tr\u1ecdng l\u01b0\u1ee3ng (Kgs):\u00a013<\/li>\n<li>T\u1ea7n s\u1ed1 (Hz):\u00a050\/60<\/li>\n<li>C\u00f4ng su\u1ea5t (V):\u00a0220-240<\/li>\n<li>Chi\u1ec1u d\u00e0i d\u00e2y c\u00e1p (cm):\u00a015<\/li>\n<\/ul>\n<p>B\u1ebfp t\u1eeb TeKa IRC 9430 KS\u00a0s\u1eed d\u1ee5ng m\u1eb7t k\u00ednh Ceramic gi\u00fap b\u1ec1\u00a0m\u1eb7t b\u1ebfp s\u00e1ng b\u00f3ng, ch\u1ecbu nhi\u1ec7t ch\u1ecbu l\u1ef1c t\u1ed1t, ch\u1ed1ng tr\u1ea7y, \u00edt b\u00e1m b\u1ea9n, ti\u1ec7n l\u00e0m s\u1ea1ch t\u00f4n l\u00ean v\u1ebd \u0111\u1eb9p cho gian b\u1ebfp nh\u00e0 b\u1ea1n<\/p>\n<h3>Xu\u1ea5t x\u1ee9: Th\u1ed5 Nh\u0129 K\u1ef3<\/h3>\n<div><\/div>\n","protected":false},"excerpt":{"rendered":"<div id=\"product-title\" class=\"et_pb_module et_pb_text et_pb_bg_layout_light et_pb_text_align_left\">\n<div class=\"et_pb_text_inner\">\n<h1>B\u1ebfp t\u1eeb k\u1ebft h\u1ee3p v\u00f9ng n\u1ea5u<\/h1>\n<\/div>\n<\/div>\n<div class=\"et_pb_module et_pb_text et_pb_text_1 et_pb_bg_layout_light et_pb_text_align_left\">\n<div class=\"et_pb_text_inner\">\n<div id=\"product-content\">\n<ul>\n<li>C\u00f4ng su\u1ea5t t\u1ed1i \u0111a: 7400W<\/li>\n<li>M\u1eb7t k\u00ednh Schott ceran ch\u1ecbu nhi\u1ec7t<\/li>\n<li>\u0110i\u1ec1u khi\u1ec3n c\u1ea3m \u1ee9ng d\u1ea1ng tr\u01b0\u1ee3t<\/li>\n<li>Ch\u1ee9c n\u0103ng t\u0103ng c\u01b0\u1eddng c\u00f4ng su\u1ea5t<\/li>\n<li>Xu\u1ea5t x\u1ee9: Th\u1ed5 Nh\u0129 K\u1ef3<\/li>\n<\/ul>\n<\/div>\n<\/div>\n<\/div>\n","protected":false},"featured_media":2072,"comment_status":"open","ping_status":"closed","template":"","meta":[],"product_brand":[],"product_cat":[745,869,804,802,707,816,75,806,871,322,311],"product_tag":[81,76,168,325,313],"class_list":{"0":"post-2000","1":"product","2":"type-product","3":"status-publish","4":"has-post-thumbnail","6":"product_cat-bep-dien-tu","7":"product_cat-bep-4-tu","8":"product_cat-bep-dien-tu-4-vung-nau","9":"product_cat-bep-dien-tu-mat-kinh-schott-ceran","10":"product_cat-bep-dien-tu-teka","11":"product_cat-bep-dien-tu-thoi-trang","12":"product_cat-bep-tu","13":"product_cat-bep-tu-4-vung-nau","14":"product_cat-bep-tu-da-vung-nau","15":"product_cat-bep-tu-teka","16":"product_cat-thuong-hieu-teka","17":"product_tag-bep-dien-tu","18":"product_tag-bep-tu","19":"product_tag-bep-tu-am","20":"product_tag-bep-tu-teka","21":"product_tag-teka","23":"first","24":"instock","25":"sale","26":"shipping-taxable","27":"purchasable","28":"product-type-simple"},"_links":{"self":[{"href":"https:\/\/livinghome.vn\/thiet-bi\/wp-json\/wp\/v2\/product\/2000","targetHints":{"allow":["GET"]}}],"collection":[{"href":"https:\/\/livinghome.vn\/thiet-bi\/wp-json\/wp\/v2\/product"}],"about":[{"href":"https:\/\/livinghome.vn\/thiet-bi\/wp-json\/wp\/v2\/types\/product"}],"replies":[{"embeddable":true,"href":"https:\/\/livinghome.vn\/thiet-bi\/wp-json\/wp\/v2\/comments?post=2000"}],"wp:featuredmedia":[{"embeddable":true,"href":"https:\/\/livinghome.vn\/thiet-bi\/wp-json\/wp\/v2\/media\/2072"}],"wp:attachment":[{"href":"https:\/\/livinghome.vn\/thiet-bi\/wp-json\/wp\/v2\/media?parent=2000"}],"wp:term":[{"taxonomy":"product_brand","embeddable":true,"href":"https:\/\/livinghome.vn\/thiet-bi\/wp-json\/wp\/v2\/product_brand?post=2000"},{"taxonomy":"product_cat","embeddable":true,"href":"https:\/\/livinghome.vn\/thiet-bi\/wp-json\/wp\/v2\/product_cat?post=2000"},{"taxonomy":"product_tag","embeddable":true,"href":"https:\/\/livinghome.vn\/thiet-bi\/wp-json\/wp\/v2\/product_tag?post=2000"}],"curies":[{"name":"wp","href":"https:\/\/api.w.org\/{rel}","templated":true}]}}