{"id":19995,"date":"2024-01-31T02:23:43","date_gmt":"2024-01-30T19:23:43","guid":{"rendered":"https:\/\/livinghome.vn\/thiet-bi\/?post_type=product&#038;p=19995"},"modified":"2024-11-29T14:19:02","modified_gmt":"2024-11-29T07:19:02","slug":"quat-tran-luxaire-bigfan-ob","status":"publish","type":"product","link":"https:\/\/livinghome.vn\/thiet-bi\/quat-tran-luxaire-bigfan-ob\/","title":{"rendered":"Qu\u1ea1t Tr\u1ea7n Luxaire Bigfan OB"},"content":{"rendered":"<h2>QU\u1ea0T TR\u1ea6N LUXAIRE BIGFAN OB<\/h2>\n<figure id=\"attachment_19994\" aria-describedby=\"caption-attachment-19994\" style=\"width: 1024px\" class=\"wp-caption alignnone\"><img loading=\"lazy\" decoding=\"async\" class=\"size-full wp-image-19994\" src=\"https:\/\/livinghome.vn\/thiet-bi\/wp-content\/uploads\/san-pham\/quat-tran\/luxaire\/luxaire-bigfan-ob\/luxaire-bigfan-ob-2.jpg\" alt=\"QU\u1ea0T TR\u1ea6N LUXAIRE BIGFAN OB\" width=\"1024\" height=\"691\" title=\"\" srcset=\"https:\/\/livinghome.vn\/thiet-bi\/wp-content\/uploads\/san-pham\/quat-tran\/luxaire\/luxaire-bigfan-ob\/luxaire-bigfan-ob-2.jpg 1024w, https:\/\/livinghome.vn\/thiet-bi\/wp-content\/uploads\/san-pham\/quat-tran\/luxaire\/luxaire-bigfan-ob\/luxaire-bigfan-ob-2-593x400.jpg 593w, https:\/\/livinghome.vn\/thiet-bi\/wp-content\/uploads\/san-pham\/quat-tran\/luxaire\/luxaire-bigfan-ob\/luxaire-bigfan-ob-2-768x518.jpg 768w, https:\/\/livinghome.vn\/thiet-bi\/wp-content\/uploads\/san-pham\/quat-tran\/luxaire\/luxaire-bigfan-ob\/luxaire-bigfan-ob-2-600x405.jpg 600w\" sizes=\"auto, (max-width: 1024px) 100vw, 1024px\" \/><figcaption id=\"caption-attachment-19994\" class=\"wp-caption-text\">LUXAIRE BIGFAN OB gi\u1ed1ng nh\u01b0 chi\u1ebfc c\u1ed1i xay gi\u00f3 kh\u1ed5ng l\u1ed3.<\/figcaption><\/figure>\n","protected":false},"excerpt":{"rendered":"<h2>QU\u1ea0T TR\u1ea6N LUXAIRE BIGFAN OB<\/h2>\n<ul>\n<li><strong>Th\u01b0\u01a1ng hi\u1ec7u: Taiwan<\/strong><\/li>\n<li><strong>Phong c\u00e1ch: Hi\u1ec7n \u0111\u1ea1i<\/strong><\/li>\n<li><strong>Th\u00e2n qu\u1ea1t: M\u00e0u \u0111\u1ed3ng t\u1ed1i (Oil Rubbed Bronze)<\/strong><\/li>\n<li><strong>C\u00e1nh qu\u1ea1t: s\u1ea3i c\u00e1nh 165 cm<\/strong><\/li>\n<li><strong>\u0110\u1ed9ng c\u01a1: DC Motor 60W<\/strong><\/li>\n<li><strong>L\u01b0u l\u01b0\u1ee3ng gi\u00f3: 9600 CFM<\/strong><\/li>\n<li><strong>\u0110\u00e8n: Qu\u1ea1t Tr\u1ea7n Trang Tr\u00ed \u0110\u00e8n Led CCT Max 20w B\u00e1n R\u1eddi 800.000\u0111<\/strong><\/li>\n<li><strong>\u0110i\u1ec1u khi\u1ec3n: Remote ch\u00ednh h\u00e3ng<\/strong><\/li>\n<li><strong>Tr\u1ecdng l\u01b0\u1ee3ng: 11 kg<\/strong><\/li>\n<li><strong>Kho\u1ea3ng c\u00e1ch tr\u1ea7n: 26 cm<\/strong><\/li>\n<\/ul>\n","protected":false},"featured_media":19993,"comment_status":"open","ping_status":"closed","template":"","meta":[],"product_brand":[],"product_cat":[1945,1959],"product_tag":[1938,1941,1942,1939,1940],"class_list":{"0":"post-19995","1":"product","2":"type-product","3":"status-publish","4":"has-post-thumbnail","6":"product_cat-quat-tran","7":"product_cat-quat-tran-luxaire","8":"product_tag-quat-tran","9":"product_tag-quat-tran-cao-cap","10":"product_tag-quat-tran-hien-dai","11":"product_tag-quat-tran-my","12":"product_tag-quat-tran-nhap-khau","14":"first","15":"instock","16":"sale","17":"shipping-taxable","18":"purchasable","19":"product-type-simple"},"_links":{"self":[{"href":"https:\/\/livinghome.vn\/thiet-bi\/wp-json\/wp\/v2\/product\/19995","targetHints":{"allow":["GET"]}}],"collection":[{"href":"https:\/\/livinghome.vn\/thiet-bi\/wp-json\/wp\/v2\/product"}],"about":[{"href":"https:\/\/livinghome.vn\/thiet-bi\/wp-json\/wp\/v2\/types\/product"}],"replies":[{"embeddable":true,"href":"https:\/\/livinghome.vn\/thiet-bi\/wp-json\/wp\/v2\/comments?post=19995"}],"wp:featuredmedia":[{"embeddable":true,"href":"https:\/\/livinghome.vn\/thiet-bi\/wp-json\/wp\/v2\/media\/19993"}],"wp:attachment":[{"href":"https:\/\/livinghome.vn\/thiet-bi\/wp-json\/wp\/v2\/media?parent=19995"}],"wp:term":[{"taxonomy":"product_brand","embeddable":true,"href":"https:\/\/livinghome.vn\/thiet-bi\/wp-json\/wp\/v2\/product_brand?post=19995"},{"taxonomy":"product_cat","embeddable":true,"href":"https:\/\/livinghome.vn\/thiet-bi\/wp-json\/wp\/v2\/product_cat?post=19995"},{"taxonomy":"product_tag","embeddable":true,"href":"https:\/\/livinghome.vn\/thiet-bi\/wp-json\/wp\/v2\/product_tag?post=19995"}],"curies":[{"name":"wp","href":"https:\/\/api.w.org\/{rel}","templated":true}]}}