{"id":19979,"date":"2024-01-30T11:22:35","date_gmt":"2024-01-30T04:22:35","guid":{"rendered":"https:\/\/livinghome.vn\/thiet-bi\/?post_type=product&#038;p=19979"},"modified":"2024-11-29T14:19:02","modified_gmt":"2024-11-29T07:19:02","slug":"quat-tran-luxaire-crystal-gold","status":"publish","type":"product","link":"https:\/\/livinghome.vn\/thiet-bi\/quat-tran-luxaire-crystal-gold\/","title":{"rendered":"Qu\u1ea1t Tr\u1ea7n Luxaire Crystal GOLD"},"content":{"rendered":"<h2>QU\u1ea0T TR\u1ea6N LUXAIRE CRYSTAL GOLD<\/h2>\n<figure id=\"attachment_19978\" aria-describedby=\"caption-attachment-19978\" style=\"width: 1024px\" class=\"wp-caption alignnone\"><img loading=\"lazy\" decoding=\"async\" class=\"size-full wp-image-19978\" src=\"https:\/\/livinghome.vn\/thiet-bi\/wp-content\/uploads\/san-pham\/quat-tran\/luxaire\/luxaire-crystal-gold\/luxaire-crystal-gold-2.jpg\" alt=\"QU\u1ea0T TR\u1ea6N LUXAIRE CRYSTAL GOLD\" width=\"1024\" height=\"691\" title=\"\" srcset=\"https:\/\/livinghome.vn\/thiet-bi\/wp-content\/uploads\/san-pham\/quat-tran\/luxaire\/luxaire-crystal-gold\/luxaire-crystal-gold-2.jpg 1024w, https:\/\/livinghome.vn\/thiet-bi\/wp-content\/uploads\/san-pham\/quat-tran\/luxaire\/luxaire-crystal-gold\/luxaire-crystal-gold-2-593x400.jpg 593w, https:\/\/livinghome.vn\/thiet-bi\/wp-content\/uploads\/san-pham\/quat-tran\/luxaire\/luxaire-crystal-gold\/luxaire-crystal-gold-2-768x518.jpg 768w, https:\/\/livinghome.vn\/thiet-bi\/wp-content\/uploads\/san-pham\/quat-tran\/luxaire\/luxaire-crystal-gold\/luxaire-crystal-gold-2-600x405.jpg 600w\" sizes=\"auto, (max-width: 1024px) 100vw, 1024px\" \/><figcaption id=\"caption-attachment-19978\" class=\"wp-caption-text\">QU\u1ea0T TR\u1ea6N LUXAIRE CRYSTAL GOLD <em>hi\u1ec7n l\u00e0 m\u1eabu qu\u1ea1t tr\u1ea7n \u0111\u01b0\u1ee3c \u01b0a chu\u1ed9ng nh\u1ea5t hi\u1ec7n nay. Nh\u1edd t\u00ednh n\u0103ng 3 trong 1 \u0111\u00f3 l\u00e0 trang tr\u00ed, l\u00e0m m\u00e1t v\u00e0 chi\u1ebfu s\u00e1ng cho to\u00e0n b\u1ed9 kh\u00f4ng gian, c\u1ed9ng v\u1edbi thi\u1ebft k\u1ebf hi\u1ec7n \u0111\u1ea1i v\u00e0 tr\u00e1ng l\u1ec7 m\u00e0 m\u1eabu qu\u1ea1t tr\u1ea7n \u0111\u00ecnh \u0111\u00e1m xu\u1ea5t th\u00e2n t\u1eeb th\u01b0\u01a1ng hi\u1ec7u LuxAire \u2013 \u0110\u00e0i Loan n\u00e0y c\u00f3 th\u1ec3 v\u01b0\u01a1n m\u00ecnh ra kh\u1ecfi ph\u1ea1m vi m\u1ed9t qu\u1ed1c gia, s\u00e1nh vai v\u1edbi c\u00e1c nh\u00e3n hi\u1ec7u l\u1edbn kh\u00e1c \u0111\u1ebfn t\u1eeb kh\u1eafp n\u0103m Ch\u00e2u. Ngay b\u00e2y gi\u1edd h\u00e3y c\u00f9ng ch\u00fang t\u00f4i kh\u00e1m ph\u00e1 chi ti\u1ebft s\u1ee9c h\u00fat m\u00e3nh li\u1ec7t c\u1ee7a m\u1eabu qu\u1ea1t tr\u1ea7n n\u00e0y nh\u00e9.<\/em><\/figcaption><\/figure>\n<figure id=\"attachment_19977\" aria-describedby=\"caption-attachment-19977\" style=\"width: 1024px\" class=\"wp-caption alignnone\"><img loading=\"lazy\" decoding=\"async\" class=\"size-full wp-image-19977\" src=\"https:\/\/livinghome.vn\/thiet-bi\/wp-content\/uploads\/san-pham\/quat-tran\/luxaire\/luxaire-crystal-gold\/luxaire-crystal-gold-3.jpg\" alt=\"QU\u1ea0T TR\u1ea6N LUXAIRE CRYSTAL GOLD\" width=\"1024\" height=\"691\" title=\"\" srcset=\"https:\/\/livinghome.vn\/thiet-bi\/wp-content\/uploads\/san-pham\/quat-tran\/luxaire\/luxaire-crystal-gold\/luxaire-crystal-gold-3.jpg 1024w, https:\/\/livinghome.vn\/thiet-bi\/wp-content\/uploads\/san-pham\/quat-tran\/luxaire\/luxaire-crystal-gold\/luxaire-crystal-gold-3-593x400.jpg 593w, https:\/\/livinghome.vn\/thiet-bi\/wp-content\/uploads\/san-pham\/quat-tran\/luxaire\/luxaire-crystal-gold\/luxaire-crystal-gold-3-768x518.jpg 768w, https:\/\/livinghome.vn\/thiet-bi\/wp-content\/uploads\/san-pham\/quat-tran\/luxaire\/luxaire-crystal-gold\/luxaire-crystal-gold-3-600x405.jpg 600w\" sizes=\"auto, (max-width: 1024px) 100vw, 1024px\" \/><figcaption id=\"caption-attachment-19977\" class=\"wp-caption-text\">QU\u1ea0T TR\u1ea6N LUXAIRE CRYSTAL GOLD<\/figcaption><\/figure>\n","protected":false},"excerpt":{"rendered":"<h2>QU\u1ea0T TR\u1ea6N LUXAIRE CRYSTAL GOLD<\/h2>\n<ul>\n<li><strong>Th\u01b0\u01a1ng hi\u1ec7u: Taiwan<\/strong><\/li>\n<li><strong>Phong c\u00e1ch: Hi\u1ec7n \u0111\u1ea1i<\/strong><\/li>\n<li><strong>Th\u00e2n qu\u1ea1t: M\u00e0u v\u00e0ng (Gold)<\/strong><\/li>\n<li><strong>C\u00e1nh qu\u1ea1t: C\u00e1nh ABS. S\u1ea3i c\u00e1nh 122 cm<\/strong><\/li>\n<li><strong>\u0110\u1ed9ng c\u01a1: AC Motor 65W<\/strong><\/li>\n<li><strong>L\u01b0u l\u01b0\u1ee3ng gi\u00f3: 7820 CFM<\/strong><\/li>\n<li><strong>\u0110\u00e8n: Led 36W<\/strong><\/li>\n<li><strong>\u0110i\u1ec1u khi\u1ec3n: Remote<\/strong><\/li>\n<li><strong>Tr\u1ecdng l\u01b0\u1ee3ng: 20kg<\/strong><\/li>\n<li><strong>Kho\u1ea3ng c\u00e1ch tr\u1ea7n: 30 cm<\/strong><\/li>\n<\/ul>\n","protected":false},"featured_media":19976,"comment_status":"open","ping_status":"closed","template":"","meta":[],"product_brand":[],"product_cat":[1945,1959],"product_tag":[1938,1941,1942,1939,1940],"class_list":{"0":"post-19979","1":"product","2":"type-product","3":"status-publish","4":"has-post-thumbnail","6":"product_cat-quat-tran","7":"product_cat-quat-tran-luxaire","8":"product_tag-quat-tran","9":"product_tag-quat-tran-cao-cap","10":"product_tag-quat-tran-hien-dai","11":"product_tag-quat-tran-my","12":"product_tag-quat-tran-nhap-khau","14":"first","15":"instock","16":"sale","17":"shipping-taxable","18":"purchasable","19":"product-type-simple"},"_links":{"self":[{"href":"https:\/\/livinghome.vn\/thiet-bi\/wp-json\/wp\/v2\/product\/19979","targetHints":{"allow":["GET"]}}],"collection":[{"href":"https:\/\/livinghome.vn\/thiet-bi\/wp-json\/wp\/v2\/product"}],"about":[{"href":"https:\/\/livinghome.vn\/thiet-bi\/wp-json\/wp\/v2\/types\/product"}],"replies":[{"embeddable":true,"href":"https:\/\/livinghome.vn\/thiet-bi\/wp-json\/wp\/v2\/comments?post=19979"}],"wp:featuredmedia":[{"embeddable":true,"href":"https:\/\/livinghome.vn\/thiet-bi\/wp-json\/wp\/v2\/media\/19976"}],"wp:attachment":[{"href":"https:\/\/livinghome.vn\/thiet-bi\/wp-json\/wp\/v2\/media?parent=19979"}],"wp:term":[{"taxonomy":"product_brand","embeddable":true,"href":"https:\/\/livinghome.vn\/thiet-bi\/wp-json\/wp\/v2\/product_brand?post=19979"},{"taxonomy":"product_cat","embeddable":true,"href":"https:\/\/livinghome.vn\/thiet-bi\/wp-json\/wp\/v2\/product_cat?post=19979"},{"taxonomy":"product_tag","embeddable":true,"href":"https:\/\/livinghome.vn\/thiet-bi\/wp-json\/wp\/v2\/product_tag?post=19979"}],"curies":[{"name":"wp","href":"https:\/\/api.w.org\/{rel}","templated":true}]}}