{"id":1996,"date":"2023-01-12T16:43:28","date_gmt":"2023-01-12T16:43:28","guid":{"rendered":"https:\/\/livinghome.vn\/thiet-bi\/?post_type=product&#038;p=1996"},"modified":"2024-11-29T14:20:35","modified_gmt":"2024-11-29T07:20:35","slug":"bep-gas-teka-gzc-31330-xbb-am-1-vung-nau-9-muc-cong-suat-gas","status":"publish","type":"product","link":"https:\/\/livinghome.vn\/thiet-bi\/bep-gas-teka-gzc-31330-xbb-am-1-vung-nau-9-muc-cong-suat-gas\/","title":{"rendered":"B\u1ebfp gas Teka GZC 31330 XBB \u00e2m 1 v\u00f9ng n\u1ea5u 9 m\u1ee9c c\u00f4ng su\u1ea5t gas"},"content":{"rendered":"<h3>B\u1ebfp gas Teka GZC 31330 XBB \u00e2m 1 v\u00f9ng n\u1ea5u 9 m\u1ee9c c\u00f4ng su\u1ea5t gas<\/h3>\n<figure id=\"attachment_65393\" aria-describedby=\"caption-attachment-65393\" style=\"width: 1020px\" class=\"wp-caption alignnone\"><img loading=\"lazy\" decoding=\"async\" class=\"size-large wp-image-65393\" src=\"https:\/\/livinghome.vn\/thiet-bi\/wp-content\/uploads\/nha-bep\/teka\/bep-ga\/bep-ga-teka-gzc-31330-xbb\/bep-ga-teka-gzc-31330-xbb-3-1067x800.jpg\" alt=\"B\u1ebfp gas Teka GZC 31330 XBB \u00e2m 1 v\u00f9ng n\u1ea5u 9 m\u1ee9c c\u00f4ng su\u1ea5t gas\" width=\"1020\" height=\"765\" title=\"\"><figcaption id=\"caption-attachment-65393\" class=\"wp-caption-text\">B\u1ebfp gas Teka GZC 31330 XBB \u00e2m 1 v\u00f9ng n\u1ea5u 9 m\u1ee9c c\u00f4ng su\u1ea5t gas<\/figcaption><\/figure>\n<h3>T\u00ednh n\u0103ng c\u01a1 b\u1ea3n<\/h3>\n<ul>\n<li><a href=\"https:\/\/livinghome.vn\/thiet-bi\/bep-gas-am\/\">B\u1ebfp gas \u00e2m<\/a> &#8211; B\u1ebfp k\u00ednh \u00e2m 1 v\u00f9ng n\u1ea5u<\/li>\n<li>1 v\u00f9ng n\u1ea5u<\/li>\n<li>T\u1ef1 \u0111\u1ed9ng \u0111\u00e1nh l\u1eeda<\/li>\n<li>Ki\u1ec1ng b\u1ebfp b\u1eb1ng gang<\/li>\n<li>\u0110i\u1ec1u khi\u1ec3n b\u1eb1ng n\u00fam v\u1eb7n ph\u00eda tr\u01b0\u1edbc<\/li>\n<li>9 m\u1ee9c c\u00f4ng su\u1ea5t gas v\u1edbi kh\u1ea3 n\u0103ng \u0111i\u1ec1u khi\u1ec3n ng\u1ecdn l\u1eeda ch\u00ednh x\u00e1c<\/li>\n<li>T\u1ef1 \u0111\u1ed9ng ng\u1eaft gas an to\u00e0n<\/li>\n<li>1 \u0111\u1ea7u \u0111\u1ed1t v\u00f2ng \u0111\u00f4i 4kW<\/li>\n<\/ul>\n<p>B\u1ebfp gas \u00e2m Teka\u00a0GZC 31330 XBB \u0111\u01b0\u1ee3c trang b\u1ecb nh\u1eefng linh ki\u1ec7n cao c\u1ea5p c\u00f3 \u0111\u1ed9 b\u1ec1n cao, trong \u0111\u00f3 b\u1ec1 m\u1eb7t b\u1ebfp b\u1eb1ng k\u00ednh c\u01b0\u1eddng l\u1ef1c c\u00f3 \u0111\u1ed9 ch\u1ecbu nhi\u1ec7t cao kh\u00f4ng b\u1ecb n\u1ee9t v\u1ee1 khi \u0111\u1eb7t \u0111\u1ed3 n\u0103ng ho\u1eb7c n\u00f3ng l\u00ean tr\u00ean.<\/p>\n<figure id=\"attachment_66160\" aria-describedby=\"caption-attachment-66160\" style=\"width: 800px\" class=\"wp-caption alignnone\"><img loading=\"lazy\" decoding=\"async\" class=\"size-large wp-image-66160\" src=\"https:\/\/livinghome.vn\/thiet-bi\/wp-content\/uploads\/nha-bep\/teka\/bep-ga\/bep-ga-teka-gzc-31330-xbb\/bep-ga-teka-gzc-31330-xbb-6-2-800x800.jpg\" alt=\"B\u1ebfp gas Teka GZC 31330 XBB \u00e2m 1 v\u00f9ng n\u1ea5u 9 m\u1ee9c c\u00f4ng su\u1ea5t gas\" width=\"800\" height=\"800\" title=\"\"><figcaption id=\"caption-attachment-66160\" class=\"wp-caption-text\">K\u00edch th\u01b0\u1edbc b\u1ebfp gas Teka GZC 31330 XBB<\/figcaption><\/figure>\n<h3>Th\u00f4ng s\u1ed1 k\u1ef9 thu\u1eadt<\/h3>\n<ul>\n<li>Chi\u1ec1u cao(mm):\u00a098<\/li>\n<li>Chi\u1ec1u r\u1ed9ng (mm):\u00a0300<\/li>\n<li>\u0110\u1ed9 s\u00e2u (mm):\u00a0510<\/li>\n<li>Tr\u1ecdng l\u01b0\u1ee3ng (Kgs):\u00a06,2<\/li>\n<li>T\u1ea7n s\u1ed1 (Hz):\u00a050\/60<\/li>\n<li>C\u00f4ng su\u1ea5t (V):\u00a0220-240<\/li>\n<li>Chi\u1ec1u d\u00e0i d\u00e2y c\u00e1p (cm):\u00a0100<\/li>\n<li>Xu\u1ea5t x\u1ee9: \u00dd<\/li>\n<\/ul>\n<div><\/div>\n","protected":false},"excerpt":{"rendered":"<div id=\"product-title\" class=\"et_pb_module et_pb_text et_pb_bg_layout_light et_pb_text_align_left\">\n<div class=\"et_pb_text_inner\">\n<h1>B\u1ebfp gas l\u1eafp \u00e2m 30cm<\/h1>\n<\/div>\n<\/div>\n<div class=\"et_pb_module et_pb_text et_pb_text_1 et_pb_bg_layout_light et_pb_text_align_left\">\n<div class=\"et_pb_text_inner\">\n<div id=\"product-content\">\n<ul>\n<li>1 v\u00f9ng n\u1ea5u<\/li>\n<li>T\u1ef1 \u0111\u1ed9ng \u0111\u00e1nh l\u1eeda<\/li>\n<li>9 m\u1ee9c c\u00f4ng su\u1ea5t gas v\u1edbi kh\u1ea3 n\u0103ng \u0111i\u1ec1u khi\u1ec3n ng\u1ecdn l\u1eeda ch\u00ednh x\u00e1c<\/li>\n<li>1 \u0111\u1ea7u \u0111\u1ed1t v\u00f2ng \u0111\u00f4i 4kW<\/li>\n<\/ul>\n<\/div>\n<\/div>\n<\/div>\n","protected":false},"featured_media":2049,"comment_status":"open","ping_status":"closed","template":"","meta":[],"product_brand":[],"product_cat":[123,727,311],"product_tag":[124,320,126,744,318,313],"class_list":{"0":"post-1996","1":"product","2":"type-product","3":"status-publish","4":"has-post-thumbnail","6":"product_cat-bep-gas","7":"product_cat-bep-gas-teka","8":"product_cat-thuong-hieu-teka","9":"product_tag-bep-gas","10":"product_tag-bep-gas-1-vung-nau","11":"product_tag-bep-gas-am","12":"product_tag-bep-gas-am-teka","13":"product_tag-bep-gas-teka","14":"product_tag-teka","16":"first","17":"instock","18":"sale","19":"shipping-taxable","20":"purchasable","21":"product-type-simple"},"_links":{"self":[{"href":"https:\/\/livinghome.vn\/thiet-bi\/wp-json\/wp\/v2\/product\/1996","targetHints":{"allow":["GET"]}}],"collection":[{"href":"https:\/\/livinghome.vn\/thiet-bi\/wp-json\/wp\/v2\/product"}],"about":[{"href":"https:\/\/livinghome.vn\/thiet-bi\/wp-json\/wp\/v2\/types\/product"}],"replies":[{"embeddable":true,"href":"https:\/\/livinghome.vn\/thiet-bi\/wp-json\/wp\/v2\/comments?post=1996"}],"wp:featuredmedia":[{"embeddable":true,"href":"https:\/\/livinghome.vn\/thiet-bi\/wp-json\/wp\/v2\/media\/2049"}],"wp:attachment":[{"href":"https:\/\/livinghome.vn\/thiet-bi\/wp-json\/wp\/v2\/media?parent=1996"}],"wp:term":[{"taxonomy":"product_brand","embeddable":true,"href":"https:\/\/livinghome.vn\/thiet-bi\/wp-json\/wp\/v2\/product_brand?post=1996"},{"taxonomy":"product_cat","embeddable":true,"href":"https:\/\/livinghome.vn\/thiet-bi\/wp-json\/wp\/v2\/product_cat?post=1996"},{"taxonomy":"product_tag","embeddable":true,"href":"https:\/\/livinghome.vn\/thiet-bi\/wp-json\/wp\/v2\/product_tag?post=1996"}],"curies":[{"name":"wp","href":"https:\/\/api.w.org\/{rel}","templated":true}]}}