{"id":1994,"date":"2023-01-12T16:43:28","date_gmt":"2023-01-12T16:43:28","guid":{"rendered":"https:\/\/livinghome.vn\/thiet-bi\/?post_type=product&#038;p=1994"},"modified":"2024-11-29T14:20:35","modified_gmt":"2024-11-29T07:20:35","slug":"bep-gas-teka-gvi-75-2g-ai-al-2tr-am-2-vung-nau-den-sang-chanh","status":"publish","type":"product","link":"https:\/\/livinghome.vn\/thiet-bi\/bep-gas-teka-gvi-75-2g-ai-al-2tr-am-2-vung-nau-den-sang-chanh\/","title":{"rendered":"B\u1ebfp gas Teka GVI 75 2G AI AL 2TR \u00e2m 2 v\u00f9ng n\u1ea5u \u0111en sang ch\u1ea3nh"},"content":{"rendered":"<h3>B\u1ebfp gas \u00e2m Teka GVI 75 2G AI AL 2TR \u0111\u01b0\u1ee3c nh\u1eadp kh\u1ea9u t\u1eeb Ch\u00e2u \u00c2u<\/h3>\n<figure id=\"attachment_66155\" aria-describedby=\"caption-attachment-66155\" style=\"width: 800px\" class=\"wp-caption alignnone\"><img loading=\"lazy\" decoding=\"async\" class=\"wp-image-66155 size-large\" src=\"https:\/\/livinghome.vn\/thiet-bi\/wp-content\/uploads\/nha-bep\/teka\/bep-ga\/bep-ga-teka-gvi-75-2g-ai-al-2tr\/bep-ga-teka-gvi-75-2g-ai-al-2tr-1-800x800.jpg\" alt=\"B\u1ebfp gas Teka GVI 75 2G AI AL 2TR\" width=\"800\" height=\"800\" title=\"\"><figcaption id=\"caption-attachment-66155\" class=\"wp-caption-text\">B\u1ebfp gas Teka GVI 75 2G AI AL 2TR<\/figcaption><\/figure>\n<h3>T\u00ednh n\u0103ng c\u01a1 b\u1ea3n<\/h3>\n<ul>\n<li><a href=\"https:\/\/livinghome.vn\/thiet-bi\/bep-gas-am\/\">B\u1ebfp gas \u00e2m<\/a> &#8211; B\u1ebfp k\u00ednh \u00e2m 2 v\u00f9ng n\u1ea5u<\/li>\n<li>B\u1ebfp gas l\u1eafp \u00e2m<\/li>\n<li>M\u1eb7t ki\u1ebfng ch\u1ecbu nhi\u1ec7t d\u00e0y 8mm<\/li>\n<li>N\u00fat v\u1eb7n b\u1eb1ng kim lo\u1ea1i<\/li>\n<li>Ki\u1ec1ng th\u00e9p, s\u01a1n t\u0129nh \u0111i\u1ec7n \u0111en nh\u00e1m<\/li>\n<li>\u0110\u00e1nh l\u1eeda b\u1eb1ng pin 1.5V<\/li>\n<li>H\u1ec7 th\u1ed1ng ng\u1eaft ga an to\u00e0n<\/li>\n<li><span style=\"font-size: 14.4px;\">Ph\u1ee5 ki\u1ec7n \u0111i k\u00e8m: B\u1ed9 d\u00f2 gas <\/span><\/li>\n<li><span style=\"font-size: 14.4px;\">M\u00e0u s\u1eafc: M\u1eb7t k\u00ednh \u0111en<\/span><\/li>\n<\/ul>\n<p>B\u1ebfp gas \u00e2m Teka GVI 75 2G AI AL 2TR \u0111\u01b0\u1ee3c nh\u1eadp kh\u1ea9u t\u1eeb Ch\u00e2u \u00c2u, m\u1eb7t b\u1ebfp tr\u00e1ng men d\u1ec5 d\u00e0ng v\u1ec7 sinh, h\u1ec7 th\u1ed1ng chia l\u1eeda d\u1ea1ng kim phun ti\u1ebft ki\u1ec7m ga, m\u00e2m chia l\u1eeda sabat nh\u1eadp kh\u1ea9u t\u1eeb Ch\u00e2u \u00c2u, h\u1ec7 th\u1ed1ng \u0111\u00e1nh l\u1eeda b\u1eb1ng \u0111i\u1ec7n v\u00e0 ng\u1eaft ga t\u1ef1 \u0111\u1ed9ng, ch\u1ea5t li\u1ec7u b\u1ec1 m\u1eb7t b\u1ebfp b\u1eb1ng th\u00e9p kh\u00f4ng g\u1ec9 c\u00f3 \u0111\u1ed9 b\u1ec1n cao.<\/p>\n<h3>Th\u00f4ng s\u1ed1 k\u1ef9 thu\u1eadt<\/h3>\n<ul>\n<li>Chi\u1ec1u r\u1ed9ng (mm):\u00a0780<\/li>\n<li>\u0110\u1ed9 s\u00e2u (mm):\u00a0450<\/li>\n<\/ul>\n<h3>Xu\u1ea5t x\u1ee9:\u00a0Th\u1ed5 Nh\u0129 K\u1ef3<\/h3>\n<div><\/div>\n","protected":false},"excerpt":{"rendered":"<div id=\"product-title\" class=\"et_pb_module et_pb_text et_pb_bg_layout_light et_pb_text_align_left\">\n<div class=\"et_pb_text_inner\">\n<h1>B\u1ebfp gas l\u1eafp \u00e2m<\/h1>\n<\/div>\n<\/div>\n<div class=\"et_pb_module et_pb_text et_pb_text_1 et_pb_bg_layout_light et_pb_text_align_left\">\n<div class=\"et_pb_text_inner\">\n<div id=\"product-content\">\n<ul>\n<li>B\u1ebfp gas l\u1eafp \u00e2m<\/li>\n<li>M\u1eb7t ki\u1ebfng ch\u1ecbu nhi\u1ec7t d\u00e0y 8mm<\/li>\n<li>N\u00fat v\u1eb7n b\u1eb1ng kim lo\u1ea1i<\/li>\n<li>Ki\u1ec1ng th\u00e9p, s\u01a1n t\u0129nh \u0111i\u1ec7n \u0111en nh\u00e1m<\/li>\n<\/ul>\n<\/div>\n<\/div>\n<\/div>\n","protected":false},"featured_media":2047,"comment_status":"open","ping_status":"closed","template":"","meta":[],"product_brand":[],"product_cat":[123,727,311],"product_tag":[124,317,126,744,318,313],"class_list":{"0":"post-1994","1":"product","2":"type-product","3":"status-publish","4":"has-post-thumbnail","6":"product_cat-bep-gas","7":"product_cat-bep-gas-teka","8":"product_cat-thuong-hieu-teka","9":"product_tag-bep-gas","10":"product_tag-bep-gas-2-vung-nau","11":"product_tag-bep-gas-am","12":"product_tag-bep-gas-am-teka","13":"product_tag-bep-gas-teka","14":"product_tag-teka","16":"first","17":"instock","18":"sale","19":"shipping-taxable","20":"purchasable","21":"product-type-simple"},"_links":{"self":[{"href":"https:\/\/livinghome.vn\/thiet-bi\/wp-json\/wp\/v2\/product\/1994","targetHints":{"allow":["GET"]}}],"collection":[{"href":"https:\/\/livinghome.vn\/thiet-bi\/wp-json\/wp\/v2\/product"}],"about":[{"href":"https:\/\/livinghome.vn\/thiet-bi\/wp-json\/wp\/v2\/types\/product"}],"replies":[{"embeddable":true,"href":"https:\/\/livinghome.vn\/thiet-bi\/wp-json\/wp\/v2\/comments?post=1994"}],"wp:featuredmedia":[{"embeddable":true,"href":"https:\/\/livinghome.vn\/thiet-bi\/wp-json\/wp\/v2\/media\/2047"}],"wp:attachment":[{"href":"https:\/\/livinghome.vn\/thiet-bi\/wp-json\/wp\/v2\/media?parent=1994"}],"wp:term":[{"taxonomy":"product_brand","embeddable":true,"href":"https:\/\/livinghome.vn\/thiet-bi\/wp-json\/wp\/v2\/product_brand?post=1994"},{"taxonomy":"product_cat","embeddable":true,"href":"https:\/\/livinghome.vn\/thiet-bi\/wp-json\/wp\/v2\/product_cat?post=1994"},{"taxonomy":"product_tag","embeddable":true,"href":"https:\/\/livinghome.vn\/thiet-bi\/wp-json\/wp\/v2\/product_tag?post=1994"}],"curies":[{"name":"wp","href":"https:\/\/api.w.org\/{rel}","templated":true}]}}