{"id":1993,"date":"2023-01-12T16:43:27","date_gmt":"2023-01-12T16:43:27","guid":{"rendered":"https:\/\/livinghome.vn\/thiet-bi\/?post_type=product&#038;p=1993"},"modified":"2024-11-29T14:20:36","modified_gmt":"2024-11-29T07:20:36","slug":"bep-gas-teka-gti-78-2g-ai-al-drb-but-am-2-vung-nau-kinh-cuong-luc","status":"publish","type":"product","link":"https:\/\/livinghome.vn\/thiet-bi\/bep-gas-teka-gti-78-2g-ai-al-drb-but-am-2-vung-nau-kinh-cuong-luc\/","title":{"rendered":"B\u1ebfp gas Teka GTI 78 2G AI AL DRB BUT \u00e2m 2 v\u00f9ng n\u1ea5u k\u00ednh c\u01b0\u1eddng l\u1ef1c"},"content":{"rendered":"<h3>B\u1ebfp gas Teka GTI 78 2G AI AL DRB BUT \u00e2m 2 v\u00f9ng n\u1ea5u k\u00ednh c\u01b0\u1eddng l\u1ef1c<\/h3>\n<figure id=\"attachment_66153\" aria-describedby=\"caption-attachment-66153\" style=\"width: 800px\" class=\"wp-caption alignnone\"><img loading=\"lazy\" decoding=\"async\" class=\"size-large wp-image-66153\" src=\"https:\/\/livinghome.vn\/thiet-bi\/wp-content\/uploads\/nha-bep\/teka\/bep-ga\/bep-ga-teka-gti-78-2g-ai-al-drb-but\/bep-ga-teka-gti-78-2g-ai-al-drb-but-4-800x800.jpg\" alt=\"B\u1ebfp gas Teka GTI 78 2G AI AL DRB BUT \u00e2m 2 v\u00f9ng n\u1ea5u k\u00ednh c\u01b0\u1eddng l\u1ef1c\" width=\"800\" height=\"800\" title=\"\"><figcaption id=\"caption-attachment-66153\" class=\"wp-caption-text\">B\u1ebfp gas Teka GTI 78 2G AI AL DRB BUT \u00e2m 2 v\u00f9ng n\u1ea5u k\u00ednh c\u01b0\u1eddng l\u1ef1c<\/figcaption><\/figure>\n<h3>T\u00ednh n\u0103ng c\u01a1 b\u1ea3n<\/h3>\n<ul>\n<li><a href=\"https:\/\/livinghome.vn\/thiet-bi\/bep-gas-am\/\">B\u1ebfp gas \u00e2m<\/a> &#8211; B\u1ebfp k\u00ednh \u00e2m 2 v\u00f9ng n\u1ea5u<\/li>\n<li>B\u1ebfp gas l\u1eafp \u00e2m<\/li>\n<li>M\u1eb7t k\u00ednh c\u01b0\u1eddng l\u1ef1c v\u00e1t c\u1ea1nh ph\u00eda tr\u01b0\u1edbc d\u00e0y 8mm<\/li>\n<li>Ki\u1ec1ng b\u1ebfp b\u1eb1ng gang c\u00f3 th\u1ec3 th\u00e1o r\u1eddi v\u00e0 v\u1ec7 sinh<\/li>\n<li>\u0110\u00e1nh l\u1eeda b\u1eb1ng pin<\/li>\n<li>T\u1ef1 \u0111\u1ed9ng ng\u1eaft gas an to\u00e0n<\/li>\n<li>2 v\u00f9ng n\u1ea5u c\u00f4ng su\u1ea5t 5000W<\/li>\n<li>H\u1ec7 th\u1ed1ng t\u1ed1i \u01b0u nh\u1eadn di\u1ec7n \u0111\u00e1y ch\u1ea3o<\/li>\n<li>L\u01b0\u1edbi b\u1eb1ng gang<\/li>\n<\/ul>\n<figure id=\"attachment_66152\" aria-describedby=\"caption-attachment-66152\" style=\"width: 800px\" class=\"wp-caption alignnone\"><img loading=\"lazy\" decoding=\"async\" class=\"size-large wp-image-66152\" src=\"https:\/\/livinghome.vn\/thiet-bi\/wp-content\/uploads\/nha-bep\/teka\/bep-ga\/bep-ga-teka-gti-78-2g-ai-al-drb-but\/bep-ga-teka-gti-78-2g-ai-al-drb-but-2-1-800x800.jpg\" alt=\"B\u1ebfp gas Teka GTI 78 2G AI AL DRB BUT \u00e2m 2 v\u00f9ng n\u1ea5u k\u00ednh c\u01b0\u1eddng l\u1ef1c\" width=\"800\" height=\"800\" title=\"\"><figcaption id=\"caption-attachment-66152\" class=\"wp-caption-text\">B\u1ebfp gas Teka GTI 78 2G AI AL DRB BUT \u00e2m 2 v\u00f9ng n\u1ea5u k\u00ednh c\u01b0\u1eddng l\u1ef1c<\/figcaption><\/figure>\n<h3>Th\u00f4ng s\u1ed1 k\u1ef9 thu\u1eadt<\/h3>\n<ul>\n<li>Chi\u1ec1u cao(mm):\u00a080<\/li>\n<li>Chi\u1ec1u r\u1ed9ng (mm):\u00a0780<\/li>\n<li>\u0110\u1ed9 s\u00e2u (mm):\u00a0450<\/li>\n<li>Tr\u1ecdng l\u01b0\u1ee3ng (Kgs):\u00a018,2<\/li>\n<\/ul>\n<h3>Xu\u1ea5t x\u1ee9:\u00a0Th\u1ed5 Nh\u0129 K\u1ef3<\/h3>\n<div><\/div>\n","protected":false},"excerpt":{"rendered":"<div id=\"product-title\" class=\"et_pb_module et_pb_text et_pb_bg_layout_light et_pb_text_align_left\">\n<div class=\"et_pb_text_inner\">\n<h1>B\u1ebfp gas l\u1eafp \u00e2m<\/h1>\n<\/div>\n<\/div>\n<div class=\"et_pb_module et_pb_text et_pb_text_1 et_pb_bg_layout_light et_pb_text_align_left\">\n<div class=\"et_pb_text_inner\">\n<div id=\"product-content\">\n<ul>\n<li>M\u1eb7t k\u00ednh c\u01b0\u1eddng l\u1ef1c v\u00e1t c\u1ea1nh ph\u00eda tr\u01b0\u1edbc, d\u00e0y 8mm<\/li>\n<li>\u0110\u00e1nh l\u1eeda b\u1eb1ng pin<\/li>\n<li>2 v\u00f9ng n\u1ea5u c\u00f4ng su\u1ea5t 5000W<\/li>\n<\/ul>\n<\/div>\n<\/div>\n<\/div>\n","protected":false},"featured_media":2040,"comment_status":"open","ping_status":"closed","template":"","meta":[],"product_brand":[],"product_cat":[123,727,311],"product_tag":[124,317,126,744,318,313],"class_list":{"0":"post-1993","1":"product","2":"type-product","3":"status-publish","4":"has-post-thumbnail","6":"product_cat-bep-gas","7":"product_cat-bep-gas-teka","8":"product_cat-thuong-hieu-teka","9":"product_tag-bep-gas","10":"product_tag-bep-gas-2-vung-nau","11":"product_tag-bep-gas-am","12":"product_tag-bep-gas-am-teka","13":"product_tag-bep-gas-teka","14":"product_tag-teka","16":"first","17":"instock","18":"sale","19":"shipping-taxable","20":"purchasable","21":"product-type-simple"},"_links":{"self":[{"href":"https:\/\/livinghome.vn\/thiet-bi\/wp-json\/wp\/v2\/product\/1993","targetHints":{"allow":["GET"]}}],"collection":[{"href":"https:\/\/livinghome.vn\/thiet-bi\/wp-json\/wp\/v2\/product"}],"about":[{"href":"https:\/\/livinghome.vn\/thiet-bi\/wp-json\/wp\/v2\/types\/product"}],"replies":[{"embeddable":true,"href":"https:\/\/livinghome.vn\/thiet-bi\/wp-json\/wp\/v2\/comments?post=1993"}],"wp:featuredmedia":[{"embeddable":true,"href":"https:\/\/livinghome.vn\/thiet-bi\/wp-json\/wp\/v2\/media\/2040"}],"wp:attachment":[{"href":"https:\/\/livinghome.vn\/thiet-bi\/wp-json\/wp\/v2\/media?parent=1993"}],"wp:term":[{"taxonomy":"product_brand","embeddable":true,"href":"https:\/\/livinghome.vn\/thiet-bi\/wp-json\/wp\/v2\/product_brand?post=1993"},{"taxonomy":"product_cat","embeddable":true,"href":"https:\/\/livinghome.vn\/thiet-bi\/wp-json\/wp\/v2\/product_cat?post=1993"},{"taxonomy":"product_tag","embeddable":true,"href":"https:\/\/livinghome.vn\/thiet-bi\/wp-json\/wp\/v2\/product_tag?post=1993"}],"curies":[{"name":"wp","href":"https:\/\/api.w.org\/{rel}","templated":true}]}}