{"id":1990,"date":"2023-01-12T16:43:27","date_gmt":"2023-01-12T16:43:27","guid":{"rendered":"https:\/\/livinghome.vn\/thiet-bi\/?post_type=product&#038;p=1990"},"modified":"2024-11-29T14:20:36","modified_gmt":"2024-11-29T07:20:36","slug":"bep-dien-teka-tt-6315-60cm-3-dien","status":"publish","type":"product","link":"https:\/\/livinghome.vn\/thiet-bi\/bep-dien-teka-tt-6315-60cm-3-dien\/","title":{"rendered":"B\u1ebfp \u0110i\u1ec7n Teka TT 6315 60CM 3 \u0110i\u1ec7n K\u00ednh Schott Ceran"},"content":{"rendered":"<h2>B\u1ebfp \u0111i\u1ec7n Teka TT 6315 \u00e2m 3 v\u00f9ng n\u1ea5u hi\u1ec7n \u0111\u1ea1i ti\u1ec7n l\u1ee3i, t\u00ednh n\u0103ng v\u01b0\u1ee3t tr\u1ed9i c\u00f9ng chi ph\u00ed h\u1ee3p l\u00fd.<\/h2>\n<figure id=\"attachment_65373\" aria-describedby=\"caption-attachment-65373\" style=\"width: 800px\" class=\"wp-caption alignnone\"><img loading=\"lazy\" decoding=\"async\" class=\"wp-image-65373 size-large\" src=\"https:\/\/livinghome.vn\/thiet-bi\/wp-content\/uploads\/nha-bep\/teka\/bep-dien\/bep-dien-teka-tt-6315\/bep-dien-teka-tt-6315-800x800.jpg\" alt=\"B\u1ebfp \u0111i\u1ec7n Teka TRC 83631 TCS \u00e2m 3 v\u00f9ng n\u1ea5u hi\u1ec7n t\u1ea1i, t\u00ednh n\u0103ng v\u01b0\u1ee3t tr\u1ed9i c\u00f9ng chi ph\u00ed h\u1ee3p l\u00fd.\" width=\"800\" height=\"800\" title=\"\"><figcaption id=\"caption-attachment-65373\" class=\"wp-caption-text\">B\u1ebfp \u0111i\u1ec7n Teka TRC 83631 TCS thi\u1ebft k\u1ebf hi\u1ec7n \u0111\u1ea1i ti\u00eau chu\u1ea9n ch\u00e2u \u00e2u<\/figcaption><\/figure>\n<h3>T\u00ednh n\u0103ng c\u01a1 b\u1ea3n<\/h3>\n<ul>\n<li><a href=\"https:\/\/livinghome.vn\/thiet-bi\/bep-dien-hong-ngoai\/\">B\u1ebfp \u0111i\u1ec7n \u00e2m<\/a> &#8211; B\u1ebfp k\u00ednh \u00e2m 3 \u0111i\u1ec7n<\/li>\n<li>B\u1ebfp \u0111i\u1ec7n Vitroceramic<\/li>\n<li>\u0110i\u1ec1u khi\u1ec3n c\u1ea3m \u1ee9ng d\u1ea1ng tr\u01b0\u1ee3t<\/li>\n<li>3 v\u00f9ng n\u1ea5u: 1 v\u00f9ng nhi\u1ec7t \u0111\u00f4i \u00d8210\/270, 1 v\u00f9ng \u00d8180mm, 1 v\u00f9ng \u00d8145mm<\/li>\n<li>M\u1eb7t k\u00ednh Schott ceran ch\u1ecbu nhi\u1ec7t, v\u00e1c c\u1ea1nh ph\u00eda tr\u01b0\u1edbc<\/li>\n<li>9 m\u1ee9c c\u00f4ng su\u1ea5t<\/li>\n<li>H\u1ec7 th\u1ed1ng t\u1ef1 \u0111\u1ed9ng kh\u00f3a an to\u00e0n<\/li>\n<li>H\u1eb9n gi\u1edd n\u1ea5u \u0103n<\/li>\n<li>Kh\u00f3a an to\u00e0n cho tr\u1ebb em<\/li>\n<li>\u0110\u00e8n hi\u1ec3n th\u1ecb nhi\u1ec7t d\u01b0<\/li>\n<\/ul>\n<figure id=\"attachment_66119\" aria-describedby=\"caption-attachment-66119\" style=\"width: 800px\" class=\"wp-caption alignnone\"><img loading=\"lazy\" decoding=\"async\" class=\"size-large wp-image-66119\" src=\"https:\/\/livinghome.vn\/thiet-bi\/wp-content\/uploads\/nha-bep\/teka\/bep-dien\/bep-dien-teka-tt-6315\/bep-dien-teka-tt-6315-1-800x800.jpg\" alt=\"B\u1ebfp \u0111i\u1ec7n Teka TT 6315 \u00e2m 3 v\u00f9ng n\u1ea5u hi\u1ec7n \u0111\u1ea1i ti\u1ec7n l\u1ee3i\" width=\"800\" height=\"800\" title=\"\"><figcaption id=\"caption-attachment-66119\" class=\"wp-caption-text\">K\u00edch th\u01b0\u1edbc b\u1ebfp \u0111i\u1ec7n Teka TT 6315 v\u00e0 k\u00edch th\u01b0\u1edbc l\u1eafp \u0111\u1eb7t kho\u00e9t l\u1ed7 l\u1eafp \u00e2m<\/figcaption><\/figure>\n<h3>Th\u00f4ng s\u1ed1 k\u1ef9 thu\u1eadt<\/h3>\n<ul>\n<li>C\u00f4ng su\u1ea5t 5400W<\/li>\n<li>Chi\u1ec1u cao(mm): 63<\/li>\n<li>Chi\u1ec1u r\u1ed9ng (mm): 600<\/li>\n<li>\u0110\u1ed9 s\u00e2u (mm): 510<\/li>\n<li>Tr\u1ecdng l\u01b0\u1ee3ng (Kgs): 8,7<\/li>\n<li>T\u1ea7n s\u1ed1 (Hz): 50\/60<\/li>\n<li>C\u00f4ng su\u1ea5t (V): 230<\/li>\n<li>Chi\u1ec1u d\u00e0i d\u00e2y c\u00e1p (cm): 110<\/li>\n<\/ul>\n<h3>Xu\u1ea5t x\u1ee9:\u00a0Th\u1ed5 Nh\u0129 K\u1ef3<\/h3>\n<div><\/div>\n","protected":false},"excerpt":{"rendered":"<p>&#8211; <strong>Lo\u1ea1i b\u1ebfp: <\/strong>3 \u0111i\u1ec7n (h\u1ed3ng ngo\u1ea1i)<\/p>\n<p>&#8211; <strong>M\u1eb7t k\u00ednh:<\/strong> Schott Ceran<\/p>\n<p>&#8211; <strong>C\u00f4ng su\u1ea5t:<\/strong> 5400W<\/p>\n<p>&#8211; <strong>K\u00edch th\u01b0\u1edbc b\u1ebfp:<\/strong> W600 x D510 x 63 mm<\/p>\n<p>&#8211; <strong>K\u00edch th\u01b0\u1edbc c\u1eaft \u0111\u00e1:<\/strong> W560 x D490 mm<\/p>\n<p>&#8211; <strong>H\u1ec7 th\u1ed1ng \u0111i\u1ec1u khi\u1ec3n:<\/strong> c\u1ea3m \u1ee9ng d\u1ea1ng ch\u1ea1m<\/p>\n","protected":false},"featured_media":2032,"comment_status":"open","ping_status":"closed","template":"","meta":[],"product_brand":[],"product_cat":[741,870,117,314,745,803,800,801,802,707,833,816,311],"product_tag":[118,309,120,315,174,313],"class_list":{"0":"post-1990","1":"product","2":"type-product","3":"status-publish","4":"has-post-thumbnail","6":"product_cat-bep-hong-ngoai","7":"product_cat-bep-3-dien-hong-ngoai","8":"product_cat-bep-dien-hong-ngoai","9":"product_cat-bep-dien-hong-ngoai-teka","10":"product_cat-bep-dien-tu","11":"product_cat-bep-dien-tu-3-vung-nau","12":"product_cat-bep-dien-tu-hinh-vuong","13":"product_cat-bep-dien-tu-khong-ken-noi","14":"product_cat-bep-dien-tu-mat-kinh-schott-ceran","15":"product_cat-bep-dien-tu-teka","16":"product_cat-bep-dien-tu-tho-nhi-ky","17":"product_cat-bep-dien-tu-thoi-trang","18":"product_cat-thuong-hieu-teka","19":"product_tag-bep-dien","20":"product_tag-bep-dien-3-vung-nau","21":"product_tag-bep-dien-am","22":"product_tag-bep-dien-teka","23":"product_tag-bep-hong-ngoai","24":"product_tag-teka","26":"first","27":"instock","28":"sale","29":"shipping-taxable","30":"purchasable","31":"product-type-simple"},"_links":{"self":[{"href":"https:\/\/livinghome.vn\/thiet-bi\/wp-json\/wp\/v2\/product\/1990","targetHints":{"allow":["GET"]}}],"collection":[{"href":"https:\/\/livinghome.vn\/thiet-bi\/wp-json\/wp\/v2\/product"}],"about":[{"href":"https:\/\/livinghome.vn\/thiet-bi\/wp-json\/wp\/v2\/types\/product"}],"replies":[{"embeddable":true,"href":"https:\/\/livinghome.vn\/thiet-bi\/wp-json\/wp\/v2\/comments?post=1990"}],"wp:featuredmedia":[{"embeddable":true,"href":"https:\/\/livinghome.vn\/thiet-bi\/wp-json\/wp\/v2\/media\/2032"}],"wp:attachment":[{"href":"https:\/\/livinghome.vn\/thiet-bi\/wp-json\/wp\/v2\/media?parent=1990"}],"wp:term":[{"taxonomy":"product_brand","embeddable":true,"href":"https:\/\/livinghome.vn\/thiet-bi\/wp-json\/wp\/v2\/product_brand?post=1990"},{"taxonomy":"product_cat","embeddable":true,"href":"https:\/\/livinghome.vn\/thiet-bi\/wp-json\/wp\/v2\/product_cat?post=1990"},{"taxonomy":"product_tag","embeddable":true,"href":"https:\/\/livinghome.vn\/thiet-bi\/wp-json\/wp\/v2\/product_tag?post=1990"}],"curies":[{"name":"wp","href":"https:\/\/api.w.org\/{rel}","templated":true}]}}