{"id":1989,"date":"2023-01-12T16:43:27","date_gmt":"2023-01-12T16:43:27","guid":{"rendered":"https:\/\/livinghome.vn\/thiet-bi\/?post_type=product&#038;p=1989"},"modified":"2024-11-29T14:20:36","modified_gmt":"2024-11-29T07:20:36","slug":"bep-dien-teka-trc-8363-tcs-80cm-3-dien","status":"publish","type":"product","link":"https:\/\/livinghome.vn\/thiet-bi\/bep-dien-teka-trc-8363-tcs-80cm-3-dien\/","title":{"rendered":"B\u1ebfp \u0110i\u1ec7n Teka TRC 8363 TCS 80CM 3 \u0110i\u1ec7n K\u00ednh Schott Ceran"},"content":{"rendered":"<h2>B\u1ebfp \u0111i\u1ec7n Teka TRC 83631 TCS \u00e2m 3 v\u00f9ng n\u1ea5u ti\u1ec7n l\u1ee3i, t\u00ednh n\u0103ng v\u01b0\u1ee3t tr\u1ed9i c\u00f9ng chi ph\u00ed h\u1ee3p l\u00fd<\/h2>\n<figure id=\"attachment_65371\" aria-describedby=\"caption-attachment-65371\" style=\"width: 800px\" class=\"wp-caption alignnone\"><img loading=\"lazy\" decoding=\"async\" class=\"wp-image-65371 size-large\" src=\"https:\/\/livinghome.vn\/thiet-bi\/wp-content\/uploads\/nha-bep\/teka\/bep-dien\/bep-dien-teka-trc-83631-tcs\/bep-dien-teka-trc-83631-tcs-2-800x800.jpg\" alt=\"B\u1ebfp \u0111i\u1ec7n Teka TRC 8363 TCS \u00e2m 3 v\u00f9ng n\u1ea5u ti\u1ec7n l\u1ee3i\" width=\"800\" height=\"800\" title=\"\"><figcaption id=\"caption-attachment-65371\" class=\"wp-caption-text\">B\u1ebfp \u0111i\u1ec7n Teka TRC 8363 TCS \u00e2m 3 v\u00f9ng n\u1ea5u ti\u1ec7n l\u1ee3i<\/figcaption><\/figure>\n<h3>T\u00ednh n\u0103ng c\u01a1 b\u1ea3n<\/h3>\n<ul>\n<li><a href=\"https:\/\/livinghome.vn\/thiet-bi\/bep-dien-hong-ngoai\/\">B\u1ebfp \u0111i\u1ec7n \u00e2m<\/a> &#8211; B\u1ebfp k\u00ednh \u00e2m 3 \u0111i\u1ec7n<\/li>\n<li>M\u1eb7t b\u1ebfp b\u1eb1ng k\u00ednh Schott ceran ch\u1ecbu nhi\u1ec7t<\/li>\n<li>\u0110i\u1ec1u khi\u1ec3n b\u1eb1ng c\u1ea3m \u1ee9ng<\/li>\n<li>T\u00edch h\u1ee3p 3 m\u1eb7t b\u1ebfp n\u1ea5u<\/li>\n<li>C\u00e0i \u0111\u1eb7t ch\u01b0\u01a1ng tr\u00ecnh ri\u00eang bi\u1ec7t cho t\u1eebng b\u1ebfp n\u1ea5u<\/li>\n<li>Ch\u1ee9c n\u0103ng t\u1ea1m d\u1eebng ho\u1ea1t \u0111\u1ed9ng<\/li>\n<li>Ch\u1ee9c n\u0103ng kh\u00f3a an to\u00e0n<\/li>\n<li>\u0110\u00e8n hi\u1ec3n th\u1ecb c\u1ea3nh b\u00e1o nhi\u1ec7t d\u01b0<\/li>\n<\/ul>\n<h3>Th\u00f4ng s\u1ed1 k\u1ef9 thu\u1eadt<\/h3>\n<ul>\n<li>C\u00f4ng su\u1ea5t t\u1ed1i \u0111a: 5600W<\/li>\n<li>Chi\u1ec1u cao (mm): 51<\/li>\n<li>Chi\u1ec1u r\u1ed9ng (mm): 800<\/li>\n<li>\u0110\u1ed9 s\u00e2u (mm): 40<\/li>\n<li>Tr\u1ecdng l\u01b0\u1ee3ng (Kgs): 11<\/li>\n<li>T\u1ea7n s\u1ed1 (Hz): 50\/60<\/li>\n<li>C\u00f4ng su\u1ea5t (V): 220-240<\/li>\n<\/ul>\n<p>&nbsp;<\/p>\n<figure id=\"attachment_65370\" aria-describedby=\"caption-attachment-65370\" style=\"width: 800px\" class=\"wp-caption alignnone\"><img loading=\"lazy\" decoding=\"async\" class=\"wp-image-65370 size-large\" src=\"https:\/\/livinghome.vn\/thiet-bi\/wp-content\/uploads\/nha-bep\/teka\/bep-dien\/bep-dien-teka-trc-83631-tcs\/bep-dien-teka-trc-83631-tcs-1-800x800.jpg\" alt=\"B\u1ebfp \u0111i\u1ec7n Teka TRC 8363 TCS \u00e2m 3 v\u00f9ng n\u1ea5u ti\u1ec7n l\u1ee3i\" width=\"800\" height=\"800\" title=\"\"><figcaption id=\"caption-attachment-65370\" class=\"wp-caption-text\">B\u1ebfp \u0111i\u1ec7n Teka TRC 8363 TCS thi\u1ebft k\u1ebf \u0111\u1eb9p hi\u1ec7n \u0111\u1ea1i \u0111a n\u0103ng<\/figcaption><\/figure>\n<h3>Xu\u1ea5t x\u1ee9:\u00a0Th\u1ed5 Nh\u0129 K\u1ef3<\/h3>\n<div><\/div>\n","protected":false},"excerpt":{"rendered":"<p>&#8211; <strong>Lo\u1ea1i b\u1ebfp: 3<\/strong> \u0111i\u1ec7n (h\u1ed3ng ngo\u1ea1i)<\/p>\n<p>&#8211; <strong>M\u1eb7t k\u00ednh:<\/strong> Schott Ceran<\/p>\n<p>&#8211; <strong>C\u00f4ng su\u1ea5t:<\/strong> 5600W<\/p>\n<p>&#8211; <strong>K\u00edch th\u01b0\u1edbc b\u1ebfp:<\/strong> W800 x D510 x 40 mm<\/p>\n<p>&#8211; <strong>K\u00edch th\u01b0\u1edbc c\u1eaft \u0111\u00e1:<\/strong> W780 x D380 mm<\/p>\n<p>&#8211; <strong>H\u1ec7 th\u1ed1ng \u0111i\u1ec1u khi\u1ec3n:<\/strong> c\u1ea3m \u1ee9ng d\u1ea1ng ch\u1ea1m<\/p>\n","protected":false},"featured_media":2030,"comment_status":"open","ping_status":"closed","template":"","meta":[],"product_brand":[],"product_cat":[741,870,117,314,745,803,813,799,801,802,707,833,816,311],"product_tag":[118,309,120,315,174,313],"class_list":{"0":"post-1989","1":"product","2":"type-product","3":"status-publish","4":"has-post-thumbnail","6":"product_cat-bep-hong-ngoai","7":"product_cat-bep-3-dien-hong-ngoai","8":"product_cat-bep-dien-hong-ngoai","9":"product_cat-bep-dien-hong-ngoai-teka","10":"product_cat-bep-dien-tu","11":"product_cat-bep-dien-tu-3-vung-nau","12":"product_cat-bep-dien-tu-chung-cu","13":"product_cat-bep-dien-tu-hinh-chu-nhat","14":"product_cat-bep-dien-tu-khong-ken-noi","15":"product_cat-bep-dien-tu-mat-kinh-schott-ceran","16":"product_cat-bep-dien-tu-teka","17":"product_cat-bep-dien-tu-tho-nhi-ky","18":"product_cat-bep-dien-tu-thoi-trang","19":"product_cat-thuong-hieu-teka","20":"product_tag-bep-dien","21":"product_tag-bep-dien-3-vung-nau","22":"product_tag-bep-dien-am","23":"product_tag-bep-dien-teka","24":"product_tag-bep-hong-ngoai","25":"product_tag-teka","27":"first","28":"instock","29":"sale","30":"shipping-taxable","31":"purchasable","32":"product-type-simple"},"_links":{"self":[{"href":"https:\/\/livinghome.vn\/thiet-bi\/wp-json\/wp\/v2\/product\/1989","targetHints":{"allow":["GET"]}}],"collection":[{"href":"https:\/\/livinghome.vn\/thiet-bi\/wp-json\/wp\/v2\/product"}],"about":[{"href":"https:\/\/livinghome.vn\/thiet-bi\/wp-json\/wp\/v2\/types\/product"}],"replies":[{"embeddable":true,"href":"https:\/\/livinghome.vn\/thiet-bi\/wp-json\/wp\/v2\/comments?post=1989"}],"wp:featuredmedia":[{"embeddable":true,"href":"https:\/\/livinghome.vn\/thiet-bi\/wp-json\/wp\/v2\/media\/2030"}],"wp:attachment":[{"href":"https:\/\/livinghome.vn\/thiet-bi\/wp-json\/wp\/v2\/media?parent=1989"}],"wp:term":[{"taxonomy":"product_brand","embeddable":true,"href":"https:\/\/livinghome.vn\/thiet-bi\/wp-json\/wp\/v2\/product_brand?post=1989"},{"taxonomy":"product_cat","embeddable":true,"href":"https:\/\/livinghome.vn\/thiet-bi\/wp-json\/wp\/v2\/product_cat?post=1989"},{"taxonomy":"product_tag","embeddable":true,"href":"https:\/\/livinghome.vn\/thiet-bi\/wp-json\/wp\/v2\/product_tag?post=1989"}],"curies":[{"name":"wp","href":"https:\/\/api.w.org\/{rel}","templated":true}]}}