{"id":1988,"date":"2023-01-12T16:43:27","date_gmt":"2023-01-12T16:43:27","guid":{"rendered":"https:\/\/livinghome.vn\/thiet-bi\/?post_type=product&#038;p=1988"},"modified":"2024-11-29T14:20:36","modified_gmt":"2024-11-29T07:20:36","slug":"catalogue-teka","status":"publish","type":"product","link":"https:\/\/livinghome.vn\/thiet-bi\/catalogue-teka\/","title":{"rendered":"Catalogue Teka"},"content":{"rendered":"<p><img decoding=\"async\" class=\"size-full wp-image-18114\" src=\"https:\/\/livinghome.vn\/thiet-bi\/wp-content\/uploads\/catalog-hang\/teka\/catalogue-teka-2023-1.jpg\" alt=\"Catalogue Teka 2023\" width=\"100%\" height=\"100%\" title=\"\" srcset=\"https:\/\/livinghome.vn\/thiet-bi\/wp-content\/uploads\/catalog-hang\/teka\/catalogue-teka-2023-1.jpg 1600w, https:\/\/livinghome.vn\/thiet-bi\/wp-content\/uploads\/catalog-hang\/teka\/catalogue-teka-2023-1-553x400.jpg 553w, https:\/\/livinghome.vn\/thiet-bi\/wp-content\/uploads\/catalog-hang\/teka\/catalogue-teka-2023-1-1105x800.jpg 1105w, https:\/\/livinghome.vn\/thiet-bi\/wp-content\/uploads\/catalog-hang\/teka\/catalogue-teka-2023-1-768x556.jpg 768w, https:\/\/livinghome.vn\/thiet-bi\/wp-content\/uploads\/catalog-hang\/teka\/catalogue-teka-2023-1-1536x1112.jpg 1536w, https:\/\/livinghome.vn\/thiet-bi\/wp-content\/uploads\/catalog-hang\/teka\/catalogue-teka-2023-1-600x434.jpg 600w\" sizes=\"(max-width: 1600px) 100vw, 1600px\" \/><br \/>\n<img decoding=\"async\" class=\"size-full wp-image-18114\" src=\"https:\/\/livinghome.vn\/thiet-bi\/wp-content\/uploads\/catalog-hang\/teka\/catalogue-teka-2023-2.jpg\" alt=\"Catalogue Teka 2023\" width=\"100%\" height=\"100%\" title=\"\"><br \/>\n<img decoding=\"async\" class=\"size-full wp-image-18114\" src=\"https:\/\/livinghome.vn\/thiet-bi\/wp-content\/uploads\/catalog-hang\/teka\/catalogue-teka-2023-3.jpg\" alt=\"Catalogue Teka 2023\" width=\"100%\" height=\"100%\" title=\"\"><br \/>\n<img decoding=\"async\" class=\"size-full wp-image-18114\" src=\"https:\/\/livinghome.vn\/thiet-bi\/wp-content\/uploads\/catalog-hang\/teka\/catalogue-teka-2023-4.jpg\" alt=\"Catalogue Teka 2023\" width=\"100%\" height=\"100%\" title=\"\"><br \/>\n<img decoding=\"async\" class=\"size-full wp-image-18114\" src=\"https:\/\/livinghome.vn\/thiet-bi\/wp-content\/uploads\/catalog-hang\/teka\/catalogue-teka-2023-5.jpg\" alt=\"Catalogue Teka 2023\" width=\"100%\" height=\"100%\" title=\"\"><br \/>\n<img decoding=\"async\" class=\"size-full wp-image-18114\" src=\"https:\/\/livinghome.vn\/thiet-bi\/wp-content\/uploads\/catalog-hang\/teka\/catalogue-teka-2023-6.jpg\" alt=\"Catalogue Teka 2023\" width=\"100%\" height=\"100%\" title=\"\"><br \/>\n<img decoding=\"async\" class=\"size-full wp-image-18114\" src=\"https:\/\/livinghome.vn\/thiet-bi\/wp-content\/uploads\/catalog-hang\/teka\/catalogue-teka-2023-7.jpg\" alt=\"Catalogue Teka 2023\" width=\"100%\" height=\"100%\" title=\"\"><br \/>\n<img decoding=\"async\" class=\"size-full wp-image-18114\" src=\"https:\/\/livinghome.vn\/thiet-bi\/wp-content\/uploads\/catalog-hang\/teka\/catalogue-teka-2023-8.jpg\" alt=\"Catalogue Teka 2023\" width=\"100%\" height=\"100%\" title=\"\"><br \/>\n<img decoding=\"async\" class=\"size-full wp-image-18114\" src=\"https:\/\/livinghome.vn\/thiet-bi\/wp-content\/uploads\/catalog-hang\/teka\/catalogue-teka-2023-9.jpg\" alt=\"Catalogue Teka 2023\" width=\"100%\" height=\"100%\" title=\"\"><br \/>\n<img decoding=\"async\" class=\"size-full wp-image-18114\" src=\"https:\/\/livinghome.vn\/thiet-bi\/wp-content\/uploads\/catalog-hang\/teka\/catalogue-teka-2023-10.jpg\" alt=\"Catalogue Teka 2023\" width=\"100%\" height=\"100%\" title=\"\"><br \/>\n<img decoding=\"async\" class=\"size-full wp-image-18114\" src=\"https:\/\/livinghome.vn\/thiet-bi\/wp-content\/uploads\/catalog-hang\/teka\/catalogue-teka-2023-11.jpg\" alt=\"Catalogue Teka 2023\" width=\"100%\" height=\"100%\" title=\"\"><br \/>\n<img decoding=\"async\" class=\"size-full wp-image-18114\" src=\"https:\/\/livinghome.vn\/thiet-bi\/wp-content\/uploads\/catalog-hang\/teka\/catalogue-teka-2023-12.jpg\" alt=\"Catalogue Teka 2023\" width=\"100%\" height=\"100%\" title=\"\"><br \/>\n<img decoding=\"async\" class=\"size-full wp-image-18114\" src=\"https:\/\/livinghome.vn\/thiet-bi\/wp-content\/uploads\/catalog-hang\/teka\/catalogue-teka-2023-13.jpg\" alt=\"Catalogue Teka 2023\" width=\"100%\" height=\"100%\" title=\"\"><br \/>\n<img decoding=\"async\" class=\"size-full wp-image-18114\" src=\"https:\/\/livinghome.vn\/thiet-bi\/wp-content\/uploads\/catalog-hang\/teka\/catalogue-teka-2023-14.jpg\" alt=\"Catalogue Teka 2023\" width=\"100%\" height=\"100%\" title=\"\"><br \/>\n<img decoding=\"async\" class=\"size-full wp-image-18114\" src=\"https:\/\/livinghome.vn\/thiet-bi\/wp-content\/uploads\/catalog-hang\/teka\/catalogue-teka-2023-15.jpg\" alt=\"Catalogue Teka 2023\" width=\"100%\" height=\"100%\" title=\"\"><br \/>\n<img decoding=\"async\" class=\"size-full wp-image-18114\" src=\"https:\/\/livinghome.vn\/thiet-bi\/wp-content\/uploads\/catalog-hang\/teka\/catalogue-teka-2023-16.jpg\" alt=\"Catalogue Teka 2023\" width=\"100%\" height=\"100%\" title=\"\"><br \/>\n<img decoding=\"async\" class=\"size-full wp-image-18114\" src=\"https:\/\/livinghome.vn\/thiet-bi\/wp-content\/uploads\/catalog-hang\/teka\/catalogue-teka-2023-17.jpg\" alt=\"Catalogue Teka 2023\" width=\"100%\" height=\"100%\" title=\"\"><br \/>\n<img decoding=\"async\" class=\"size-full wp-image-18114\" src=\"https:\/\/livinghome.vn\/thiet-bi\/wp-content\/uploads\/catalog-hang\/teka\/catalogue-teka-2023-18.jpg\" alt=\"Catalogue Teka 2023\" width=\"100%\" height=\"100%\" title=\"\"><br \/>\n<img decoding=\"async\" class=\"size-full wp-image-18114\" src=\"https:\/\/livinghome.vn\/thiet-bi\/wp-content\/uploads\/catalog-hang\/teka\/catalogue-teka-2023-19.jpg\" alt=\"Catalogue Teka 2023\" width=\"100%\" height=\"100%\" title=\"\"><br \/>\n<img decoding=\"async\" class=\"size-full wp-image-18114\" src=\"https:\/\/livinghome.vn\/thiet-bi\/wp-content\/uploads\/catalog-hang\/teka\/catalogue-teka-2023-20.jpg\" alt=\"Catalogue Teka 2023\" width=\"100%\" height=\"100%\" title=\"\"><br \/>\n<img decoding=\"async\" class=\"size-full wp-image-18114\" src=\"https:\/\/livinghome.vn\/thiet-bi\/wp-content\/uploads\/catalog-hang\/teka\/catalogue-teka-2023-21.jpg\" alt=\"Catalogue Teka 2023\" width=\"100%\" height=\"100%\" title=\"\"><br \/>\n<img decoding=\"async\" class=\"size-full wp-image-18114\" src=\"https:\/\/livinghome.vn\/thiet-bi\/wp-content\/uploads\/catalog-hang\/teka\/catalogue-teka-2023-22.jpg\" alt=\"Catalogue Teka 2023\" width=\"100%\" height=\"100%\" title=\"\"><br \/>\n<img decoding=\"async\" class=\"size-full wp-image-18114\" src=\"https:\/\/livinghome.vn\/thiet-bi\/wp-content\/uploads\/catalog-hang\/teka\/catalogue-teka-2023-23.jpg\" alt=\"Catalogue Teka 2023\" width=\"100%\" height=\"100%\" title=\"\"><br \/>\n<img decoding=\"async\" class=\"size-full wp-image-18114\" src=\"https:\/\/livinghome.vn\/thiet-bi\/wp-content\/uploads\/catalog-hang\/teka\/catalogue-teka-2023-24.jpg\" alt=\"Catalogue Teka 2023\" width=\"100%\" height=\"100%\" title=\"\"><br \/>\n<img decoding=\"async\" class=\"size-full wp-image-18114\" src=\"https:\/\/livinghome.vn\/thiet-bi\/wp-content\/uploads\/catalog-hang\/teka\/catalogue-teka-2023-25.jpg\" alt=\"Catalogue Teka 2023\" width=\"100%\" height=\"100%\" title=\"\"><br \/>\n<img decoding=\"async\" class=\"size-full wp-image-18114\" src=\"https:\/\/livinghome.vn\/thiet-bi\/wp-content\/uploads\/catalog-hang\/teka\/catalogue-teka-2023-26.jpg\" alt=\"Catalogue Teka 2023\" width=\"100%\" height=\"100%\" title=\"\"><br \/>\n<img decoding=\"async\" class=\"size-full wp-image-18114\" src=\"https:\/\/livinghome.vn\/thiet-bi\/wp-content\/uploads\/catalog-hang\/teka\/catalogue-teka-2023-27.jpg\" alt=\"Catalogue Teka 2023\" width=\"100%\" height=\"100%\" title=\"\"><br \/>\n<img decoding=\"async\" class=\"size-full wp-image-18114\" src=\"https:\/\/livinghome.vn\/thiet-bi\/wp-content\/uploads\/catalog-hang\/teka\/catalogue-teka-2023-28.jpg\" alt=\"Catalogue Teka 2023\" width=\"100%\" height=\"100%\" title=\"\"><br \/>\n<img decoding=\"async\" class=\"size-full wp-image-18114\" src=\"https:\/\/livinghome.vn\/thiet-bi\/wp-content\/uploads\/catalog-hang\/teka\/catalogue-teka-2023-29.jpg\" alt=\"Catalogue Teka 2023\" width=\"100%\" height=\"100%\" title=\"\"><br \/>\n<img decoding=\"async\" class=\"size-full wp-image-18114\" src=\"https:\/\/livinghome.vn\/thiet-bi\/wp-content\/uploads\/catalog-hang\/teka\/catalogue-teka-2023-30.jpg\" alt=\"Catalogue Teka 2023\" width=\"100%\" height=\"100%\" title=\"\"><br \/>\n<img decoding=\"async\" class=\"size-full wp-image-18114\" src=\"https:\/\/livinghome.vn\/thiet-bi\/wp-content\/uploads\/catalog-hang\/teka\/catalogue-teka-2023-31.jpg\" alt=\"Catalogue Teka 2023\" width=\"100%\" height=\"100%\" title=\"\"><br \/>\n<img decoding=\"async\" class=\"size-full wp-image-18114\" src=\"https:\/\/livinghome.vn\/thiet-bi\/wp-content\/uploads\/catalog-hang\/teka\/catalogue-teka-2023-32.jpg\" alt=\"Catalogue Teka 2023\" width=\"100%\" height=\"100%\" title=\"\"><br \/>\n<img decoding=\"async\" class=\"size-full wp-image-18114\" src=\"https:\/\/livinghome.vn\/thiet-bi\/wp-content\/uploads\/catalog-hang\/teka\/catalogue-teka-2023-33.jpg\" alt=\"Catalogue Teka 2023\" width=\"100%\" height=\"100%\" title=\"\"><br \/>\n<img decoding=\"async\" class=\"size-full wp-image-18114\" src=\"https:\/\/livinghome.vn\/thiet-bi\/wp-content\/uploads\/catalog-hang\/teka\/catalogue-teka-2023-34.jpg\" alt=\"Catalogue Teka 2023\" width=\"100%\" height=\"100%\" title=\"\"><br \/>\n<img decoding=\"async\" class=\"size-full wp-image-18114\" src=\"https:\/\/livinghome.vn\/thiet-bi\/wp-content\/uploads\/catalog-hang\/teka\/catalogue-teka-2023-35.jpg\" alt=\"Catalogue Teka 2023\" width=\"100%\" height=\"100%\" title=\"\"><br \/>\n<img decoding=\"async\" class=\"size-full wp-image-18114\" src=\"https:\/\/livinghome.vn\/thiet-bi\/wp-content\/uploads\/catalog-hang\/teka\/catalogue-teka-2023-36.jpg\" alt=\"Catalogue Teka 2023\" width=\"100%\" height=\"100%\" title=\"\"><br \/>\n<img decoding=\"async\" class=\"size-full wp-image-18114\" src=\"https:\/\/livinghome.vn\/thiet-bi\/wp-content\/uploads\/catalog-hang\/teka\/catalogue-teka-2023-37.jpg\" alt=\"Catalogue Teka 2023\" width=\"100%\" height=\"100%\" title=\"\"><br \/>\n<img decoding=\"async\" class=\"size-full wp-image-18114\" src=\"https:\/\/livinghome.vn\/thiet-bi\/wp-content\/uploads\/catalog-hang\/teka\/catalogue-teka-2023-38.jpg\" alt=\"Catalogue Teka 2023\" width=\"100%\" height=\"100%\" title=\"\"><br \/>\n<img decoding=\"async\" class=\"size-full wp-image-18114\" src=\"https:\/\/livinghome.vn\/thiet-bi\/wp-content\/uploads\/catalog-hang\/teka\/catalogue-teka-2023-39.jpg\" alt=\"Catalogue Teka 2023\" width=\"100%\" height=\"100%\" title=\"\"><br \/>\n<img decoding=\"async\" class=\"size-full wp-image-18114\" src=\"https:\/\/livinghome.vn\/thiet-bi\/wp-content\/uploads\/catalog-hang\/teka\/catalogue-teka-2023-40.jpg\" alt=\"Catalogue Teka 2023\" width=\"100%\" height=\"100%\" title=\"\"><br \/>\n<img decoding=\"async\" class=\"size-full wp-image-18114\" src=\"https:\/\/livinghome.vn\/thiet-bi\/wp-content\/uploads\/catalog-hang\/teka\/catalogue-teka-2023-41.jpg\" alt=\"Catalogue Teka 2023\" width=\"100%\" height=\"100%\" title=\"\"><br \/>\n<img decoding=\"async\" class=\"size-full wp-image-18114\" src=\"https:\/\/livinghome.vn\/thiet-bi\/wp-content\/uploads\/catalog-hang\/teka\/catalogue-teka-2023-42.jpg\" alt=\"Catalogue Teka 2023\" width=\"100%\" height=\"100%\" title=\"\"><br \/>\n<img decoding=\"async\" class=\"size-full wp-image-18114\" src=\"https:\/\/livinghome.vn\/thiet-bi\/wp-content\/uploads\/catalog-hang\/teka\/catalogue-teka-2023-43.jpg\" alt=\"Catalogue Teka 2023\" width=\"100%\" height=\"100%\" title=\"\"><br \/>\n<img decoding=\"async\" class=\"size-full wp-image-18114\" src=\"https:\/\/livinghome.vn\/thiet-bi\/wp-content\/uploads\/catalog-hang\/teka\/catalogue-teka-2023-44.jpg\" alt=\"Catalogue Teka 2023\" width=\"100%\" height=\"100%\" title=\"\"><br \/>\n<img decoding=\"async\" class=\"size-full wp-image-18114\" src=\"https:\/\/livinghome.vn\/thiet-bi\/wp-content\/uploads\/catalog-hang\/teka\/catalogue-teka-2023-45.jpg\" alt=\"Catalogue Teka 2023\" width=\"100%\" height=\"100%\" title=\"\"><br \/>\n<img decoding=\"async\" class=\"size-full wp-image-18114\" src=\"https:\/\/livinghome.vn\/thiet-bi\/wp-content\/uploads\/catalog-hang\/teka\/catalogue-teka-2023-46.jpg\" alt=\"Catalogue Teka 2023\" width=\"100%\" height=\"100%\" title=\"\"><br \/>\n<img decoding=\"async\" class=\"size-full wp-image-18114\" src=\"https:\/\/livinghome.vn\/thiet-bi\/wp-content\/uploads\/catalog-hang\/teka\/catalogue-teka-2023-47.jpg\" alt=\"Catalogue Teka 2023\" width=\"100%\" height=\"100%\" title=\"\"><br \/>\n<img decoding=\"async\" class=\"size-full wp-image-18114\" src=\"https:\/\/livinghome.vn\/thiet-bi\/wp-content\/uploads\/catalog-hang\/teka\/catalogue-teka-2023-48.jpg\" alt=\"Catalogue Teka 2023\" width=\"100%\" height=\"100%\" title=\"\"><br \/>\n<img decoding=\"async\" class=\"size-full wp-image-18114\" src=\"https:\/\/livinghome.vn\/thiet-bi\/wp-content\/uploads\/catalog-hang\/teka\/catalogue-teka-2023-49.jpg\" alt=\"Catalogue Teka 2023\" width=\"100%\" height=\"100%\" title=\"\"><br \/>\n<img decoding=\"async\" class=\"size-full wp-image-18114\" src=\"https:\/\/livinghome.vn\/thiet-bi\/wp-content\/uploads\/catalog-hang\/teka\/catalogue-teka-2023-50.jpg\" alt=\"Catalogue Teka 2023\" width=\"100%\" height=\"100%\" title=\"\"><\/p>\n","protected":false},"excerpt":{"rendered":"<h3>C\u1eadp nh\u1eadt phi\u00ean b\u1ea3n Catalogue m\u1edbi nh\u1ea5t c\u1ee7a Th\u01b0\u01a1ng hi\u1ec7u Teka<\/h3>\n<ul>\n<li>B\u1ebfp \u0111i\u1ec7n t\u1eeb c\u00e1c lo\u1ea1i<\/li>\n<li>M\u00e1y h\u00fat m\u00f9i c\u00e1c lo\u1ea1i<\/li>\n<li>L\u00f2 n\u01b0\u1edbng \u00e2m<\/li>\n<li>L\u00f2 vi s\u00f3ng \u00e2m<\/li>\n<li>M\u00e1y r\u1eeda ch\u00e9n b\u00e1t<\/li>\n<li>T\u1ee7 l\u1ea1nh<\/li>\n<li>M\u00e1y gi\u1eb7t s\u1ea5y<\/li>\n<li>Ch\u1eadu r\u1eeda v\u00f2i r\u1eeda inox v\u00e0 \u0111\u00e1<\/li>\n<\/ul>\n","protected":false},"featured_media":18114,"comment_status":"open","ping_status":"closed","template":"","meta":[],"product_brand":[],"product_cat":[70,311],"product_tag":[312,313],"class_list":{"0":"post-1988","1":"product","2":"type-product","3":"status-publish","4":"has-post-thumbnail","6":"product_cat-catalogue-thuong-hieu","7":"product_cat-thuong-hieu-teka","8":"product_tag-catalogue-teka","9":"product_tag-teka","11":"first","12":"instock","13":"shipping-taxable","14":"product-type-simple"},"_links":{"self":[{"href":"https:\/\/livinghome.vn\/thiet-bi\/wp-json\/wp\/v2\/product\/1988","targetHints":{"allow":["GET"]}}],"collection":[{"href":"https:\/\/livinghome.vn\/thiet-bi\/wp-json\/wp\/v2\/product"}],"about":[{"href":"https:\/\/livinghome.vn\/thiet-bi\/wp-json\/wp\/v2\/types\/product"}],"replies":[{"embeddable":true,"href":"https:\/\/livinghome.vn\/thiet-bi\/wp-json\/wp\/v2\/comments?post=1988"}],"wp:featuredmedia":[{"embeddable":true,"href":"https:\/\/livinghome.vn\/thiet-bi\/wp-json\/wp\/v2\/media\/18114"}],"wp:attachment":[{"href":"https:\/\/livinghome.vn\/thiet-bi\/wp-json\/wp\/v2\/media?parent=1988"}],"wp:term":[{"taxonomy":"product_brand","embeddable":true,"href":"https:\/\/livinghome.vn\/thiet-bi\/wp-json\/wp\/v2\/product_brand?post=1988"},{"taxonomy":"product_cat","embeddable":true,"href":"https:\/\/livinghome.vn\/thiet-bi\/wp-json\/wp\/v2\/product_cat?post=1988"},{"taxonomy":"product_tag","embeddable":true,"href":"https:\/\/livinghome.vn\/thiet-bi\/wp-json\/wp\/v2\/product_tag?post=1988"}],"curies":[{"name":"wp","href":"https:\/\/api.w.org\/{rel}","templated":true}]}}