{"id":19806,"date":"2024-01-26T09:14:17","date_gmt":"2024-01-26T02:14:17","guid":{"rendered":"https:\/\/livinghome.vn\/thiet-bi\/?post_type=product&#038;p=19806"},"modified":"2024-11-29T14:19:03","modified_gmt":"2024-11-29T07:19:03","slug":"quat-tran-hunter-builder-elite","status":"publish","type":"product","link":"https:\/\/livinghome.vn\/thiet-bi\/quat-tran-hunter-builder-elite\/","title":{"rendered":"Qu\u1ea1t Tr\u1ea7n Hunter Builder Elite"},"content":{"rendered":"<h2>QU\u1ea0T TR\u1ea6N M\u1ef8 HUNTER BUILDER ELITE<\/h2>\n<figure id=\"attachment_19798\" aria-describedby=\"caption-attachment-19798\" style=\"width: 1200px\" class=\"wp-caption alignnone\"><img loading=\"lazy\" decoding=\"async\" class=\"wp-image-19798 size-full\" src=\"https:\/\/livinghome.vn\/thiet-bi\/wp-content\/uploads\/san-pham\/quat-tran\/hunter\/hunter-builder-elite\/hunter-builder-elite-avt.jpg\" alt=\"QU\u1ea0T TR\u1ea6N M\u1ef8 HUNTER BUILDER ELITE\" width=\"1200\" height=\"1200\" title=\"\" srcset=\"https:\/\/livinghome.vn\/thiet-bi\/wp-content\/uploads\/san-pham\/quat-tran\/hunter\/hunter-builder-elite\/hunter-builder-elite-avt.jpg 1200w, https:\/\/livinghome.vn\/thiet-bi\/wp-content\/uploads\/san-pham\/quat-tran\/hunter\/hunter-builder-elite\/hunter-builder-elite-avt-400x400.jpg 400w, https:\/\/livinghome.vn\/thiet-bi\/wp-content\/uploads\/san-pham\/quat-tran\/hunter\/hunter-builder-elite\/hunter-builder-elite-avt-800x800.jpg 800w, https:\/\/livinghome.vn\/thiet-bi\/wp-content\/uploads\/san-pham\/quat-tran\/hunter\/hunter-builder-elite\/hunter-builder-elite-avt-280x280.jpg 280w, https:\/\/livinghome.vn\/thiet-bi\/wp-content\/uploads\/san-pham\/quat-tran\/hunter\/hunter-builder-elite\/hunter-builder-elite-avt-768x768.jpg 768w, https:\/\/livinghome.vn\/thiet-bi\/wp-content\/uploads\/san-pham\/quat-tran\/hunter\/hunter-builder-elite\/hunter-builder-elite-avt-300x300.jpg 300w, https:\/\/livinghome.vn\/thiet-bi\/wp-content\/uploads\/san-pham\/quat-tran\/hunter\/hunter-builder-elite\/hunter-builder-elite-avt-600x600.jpg 600w, https:\/\/livinghome.vn\/thiet-bi\/wp-content\/uploads\/san-pham\/quat-tran\/hunter\/hunter-builder-elite\/hunter-builder-elite-avt-100x100.jpg 100w\" sizes=\"auto, (max-width: 1200px) 100vw, 1200px\" \/><figcaption id=\"caption-attachment-19798\" class=\"wp-caption-text\">QU\u1ea0T TR\u1ea6N M\u1ef8 HUNTER BUILDER ELITE<\/figcaption><\/figure>\n<h3>M\u1eabu qu\u1ea1t gi\u00f3 nh\u1eb9, ph\u00f9 h\u1ee3p cho ph\u00f2ng ng\u1ee7 ho\u1eb7c s\u1eed d\u1ee5ng k\u1ebft h\u1ee3p v\u1edbi \u0111i\u1ec1u h\u00f2a. M\u00e0u n\u00e2u t\u1ed1i \u0111\u01b0\u1ee3c r\u1ea5t nhi\u1ec1u Hotel \/ Resort s\u1eed d\u1ee5ng nh\u01b0: Silk Path Grand Sapa, Sunset Sanato, Hidden Charm Ninh B\u00ecnh.<\/h3>\n<table style=\"height: 997px\" width=\"887\">\n<tbody>\n<tr>\n<td width=\"468\"><strong>Th\u01b0\u01a1ng hi\u1ec7u<\/strong><\/td>\n<td width=\"468\"><strong>Hunter<\/strong><\/td>\n<\/tr>\n<tr>\n<td width=\"468\"><strong>Phong c\u00e1ch<\/strong><\/td>\n<td width=\"468\"><strong>C\u1ed5 \u0111i\u1ec3n<\/strong><\/td>\n<\/tr>\n<tr>\n<td width=\"468\"><strong>Th\u00e2n qu\u1ea1t<\/strong><\/td>\n<td width=\"468\"><strong>C\u00e1c m\u00e0u \u0111\u1ed3ng t\u1ed1i\/m\u1ea1 k\u1ec1n\/tr\u1eafng<\/strong><\/td>\n<\/tr>\n<tr>\n<td width=\"468\"><strong>C\u00e1nh qu\u1ea1t<\/strong><\/td>\n<td width=\"468\"><strong>05 c\u00e1nh g\u1ed7 Plywood (2 m\u1eb7t m\u00e0u)<\/strong><\/td>\n<\/tr>\n<tr>\n<td width=\"468\"><strong>S\u1ea3i c\u00e1nh<\/strong><\/td>\n<td width=\"468\"><strong>132 cm<\/strong><\/td>\n<\/tr>\n<tr>\n<td width=\"468\"><strong>\u0110\u1ed9ng c\u01a1<\/strong><\/td>\n<td width=\"468\"><strong>Whisperwind motor &#8211; 80W<\/strong><\/td>\n<\/tr>\n<tr>\n<td width=\"468\"><strong>L\u01b0u l\u01b0\u1ee3ng gi\u00f3<\/strong><\/td>\n<td width=\"468\"><strong>189.6 m\u00b3\/ph\u00fat<\/strong><\/td>\n<\/tr>\n<tr>\n<td width=\"468\"><strong>\u0110\u1ed9 cao<\/strong><\/td>\n<td width=\"468\"><strong>C\u00e1ch tr\u1ea7n 30cm, cho tr\u1ea7n nh\u00e0 t\u1eeb 2.6m<\/strong><\/td>\n<\/tr>\n<tr>\n<td width=\"468\"><strong>\u0110\u00e8n<\/strong><\/td>\n<td width=\"468\"><strong>B\u1ea3n c\u00f3 \u0111\u00e8n 5.800.000\u20ab<\/strong><\/td>\n<\/tr>\n<tr>\n<td width=\"468\"><strong>\u0110i\u1ec1u khi\u1ec3n<\/strong><\/td>\n<td width=\"468\"><strong>Remote LuxuryFan (3 c\u1ea5p \u0111\u1ed9 gi\u00f3)<\/strong><\/td>\n<\/tr>\n<tr>\n<td width=\"468\"><strong>Ph\u00f9 h\u1ee3p<\/strong><\/td>\n<td width=\"468\"><strong>Kh\u00f4ng gian t\u1eeb 12 &#8211; 18 m\u00b2<\/strong><\/td>\n<\/tr>\n<\/tbody>\n<\/table>\n<p>&nbsp;<\/p>\n<figure id=\"attachment_19805\" aria-describedby=\"caption-attachment-19805\" style=\"width: 1200px\" class=\"wp-caption alignnone\"><img loading=\"lazy\" decoding=\"async\" class=\"wp-image-19805 size-full\" src=\"https:\/\/livinghome.vn\/thiet-bi\/wp-content\/uploads\/san-pham\/quat-tran\/hunter\/hunter-builder-elite\/hunter-builder-elite-2.jpg\" alt=\"QU\u1ea0T TR\u1ea6N M\u1ef8 HUNTER BUILDER ELITE\" width=\"1200\" height=\"1200\" title=\"\" srcset=\"https:\/\/livinghome.vn\/thiet-bi\/wp-content\/uploads\/san-pham\/quat-tran\/hunter\/hunter-builder-elite\/hunter-builder-elite-2.jpg 1200w, https:\/\/livinghome.vn\/thiet-bi\/wp-content\/uploads\/san-pham\/quat-tran\/hunter\/hunter-builder-elite\/hunter-builder-elite-2-400x400.jpg 400w, https:\/\/livinghome.vn\/thiet-bi\/wp-content\/uploads\/san-pham\/quat-tran\/hunter\/hunter-builder-elite\/hunter-builder-elite-2-800x800.jpg 800w, https:\/\/livinghome.vn\/thiet-bi\/wp-content\/uploads\/san-pham\/quat-tran\/hunter\/hunter-builder-elite\/hunter-builder-elite-2-280x280.jpg 280w, https:\/\/livinghome.vn\/thiet-bi\/wp-content\/uploads\/san-pham\/quat-tran\/hunter\/hunter-builder-elite\/hunter-builder-elite-2-768x768.jpg 768w, https:\/\/livinghome.vn\/thiet-bi\/wp-content\/uploads\/san-pham\/quat-tran\/hunter\/hunter-builder-elite\/hunter-builder-elite-2-300x300.jpg 300w, https:\/\/livinghome.vn\/thiet-bi\/wp-content\/uploads\/san-pham\/quat-tran\/hunter\/hunter-builder-elite\/hunter-builder-elite-2-600x600.jpg 600w, https:\/\/livinghome.vn\/thiet-bi\/wp-content\/uploads\/san-pham\/quat-tran\/hunter\/hunter-builder-elite\/hunter-builder-elite-2-100x100.jpg 100w\" sizes=\"auto, (max-width: 1200px) 100vw, 1200px\" \/><figcaption id=\"caption-attachment-19805\" class=\"wp-caption-text\">QU\u1ea0T TR\u1ea6N M\u1ef8 HUNTER BUILDER ELITE<\/figcaption><\/figure>\n<figure id=\"attachment_19797\" aria-describedby=\"caption-attachment-19797\" style=\"width: 1200px\" class=\"wp-caption alignnone\"><img loading=\"lazy\" decoding=\"async\" class=\"wp-image-19797 size-full\" src=\"https:\/\/livinghome.vn\/thiet-bi\/wp-content\/uploads\/san-pham\/quat-tran\/hunter\/hunter-builder-elite\/hunter-builder-elite-1.jpg\" alt=\"QU\u1ea0T TR\u1ea6N M\u1ef8 HUNTER BUILDER ELITE\" width=\"1200\" height=\"1200\" title=\"\" srcset=\"https:\/\/livinghome.vn\/thiet-bi\/wp-content\/uploads\/san-pham\/quat-tran\/hunter\/hunter-builder-elite\/hunter-builder-elite-1.jpg 1200w, https:\/\/livinghome.vn\/thiet-bi\/wp-content\/uploads\/san-pham\/quat-tran\/hunter\/hunter-builder-elite\/hunter-builder-elite-1-400x400.jpg 400w, https:\/\/livinghome.vn\/thiet-bi\/wp-content\/uploads\/san-pham\/quat-tran\/hunter\/hunter-builder-elite\/hunter-builder-elite-1-800x800.jpg 800w, https:\/\/livinghome.vn\/thiet-bi\/wp-content\/uploads\/san-pham\/quat-tran\/hunter\/hunter-builder-elite\/hunter-builder-elite-1-280x280.jpg 280w, https:\/\/livinghome.vn\/thiet-bi\/wp-content\/uploads\/san-pham\/quat-tran\/hunter\/hunter-builder-elite\/hunter-builder-elite-1-768x768.jpg 768w, https:\/\/livinghome.vn\/thiet-bi\/wp-content\/uploads\/san-pham\/quat-tran\/hunter\/hunter-builder-elite\/hunter-builder-elite-1-300x300.jpg 300w, https:\/\/livinghome.vn\/thiet-bi\/wp-content\/uploads\/san-pham\/quat-tran\/hunter\/hunter-builder-elite\/hunter-builder-elite-1-600x600.jpg 600w, https:\/\/livinghome.vn\/thiet-bi\/wp-content\/uploads\/san-pham\/quat-tran\/hunter\/hunter-builder-elite\/hunter-builder-elite-1-100x100.jpg 100w\" sizes=\"auto, (max-width: 1200px) 100vw, 1200px\" \/><figcaption id=\"caption-attachment-19797\" class=\"wp-caption-text\">QU\u1ea0T TR\u1ea6N M\u1ef8 HUNTER BUILDER ELITE<\/figcaption><\/figure>\n<figure id=\"attachment_19801\" aria-describedby=\"caption-attachment-19801\" style=\"width: 1200px\" class=\"wp-caption alignnone\"><img loading=\"lazy\" decoding=\"async\" class=\"wp-image-19801 size-full\" src=\"https:\/\/livinghome.vn\/thiet-bi\/wp-content\/uploads\/san-pham\/quat-tran\/hunter\/hunter-builder-elite\/hunter-builder-elite-4.jpg\" alt=\"QU\u1ea0T TR\u1ea6N M\u1ef8 HUNTER BUILDER ELITE\" width=\"1200\" height=\"1200\" title=\"\" srcset=\"https:\/\/livinghome.vn\/thiet-bi\/wp-content\/uploads\/san-pham\/quat-tran\/hunter\/hunter-builder-elite\/hunter-builder-elite-4.jpg 1200w, https:\/\/livinghome.vn\/thiet-bi\/wp-content\/uploads\/san-pham\/quat-tran\/hunter\/hunter-builder-elite\/hunter-builder-elite-4-400x400.jpg 400w, https:\/\/livinghome.vn\/thiet-bi\/wp-content\/uploads\/san-pham\/quat-tran\/hunter\/hunter-builder-elite\/hunter-builder-elite-4-800x800.jpg 800w, https:\/\/livinghome.vn\/thiet-bi\/wp-content\/uploads\/san-pham\/quat-tran\/hunter\/hunter-builder-elite\/hunter-builder-elite-4-280x280.jpg 280w, https:\/\/livinghome.vn\/thiet-bi\/wp-content\/uploads\/san-pham\/quat-tran\/hunter\/hunter-builder-elite\/hunter-builder-elite-4-768x768.jpg 768w, https:\/\/livinghome.vn\/thiet-bi\/wp-content\/uploads\/san-pham\/quat-tran\/hunter\/hunter-builder-elite\/hunter-builder-elite-4-300x300.jpg 300w, https:\/\/livinghome.vn\/thiet-bi\/wp-content\/uploads\/san-pham\/quat-tran\/hunter\/hunter-builder-elite\/hunter-builder-elite-4-600x600.jpg 600w, https:\/\/livinghome.vn\/thiet-bi\/wp-content\/uploads\/san-pham\/quat-tran\/hunter\/hunter-builder-elite\/hunter-builder-elite-4-100x100.jpg 100w\" sizes=\"auto, (max-width: 1200px) 100vw, 1200px\" \/><figcaption id=\"caption-attachment-19801\" class=\"wp-caption-text\">QU\u1ea0T TR\u1ea6N M\u1ef8 HUNTER BUILDER ELITE<\/figcaption><\/figure>\n<figure id=\"attachment_19800\" aria-describedby=\"caption-attachment-19800\" style=\"width: 1200px\" class=\"wp-caption alignnone\"><img loading=\"lazy\" decoding=\"async\" class=\"wp-image-19800 size-full\" src=\"https:\/\/livinghome.vn\/thiet-bi\/wp-content\/uploads\/san-pham\/quat-tran\/hunter\/hunter-builder-elite\/hunter-builder-elite-7.jpg\" alt=\"QU\u1ea0T TR\u1ea6N M\u1ef8 HUNTER BUILDER ELITE\" width=\"1200\" height=\"1200\" title=\"\" srcset=\"https:\/\/livinghome.vn\/thiet-bi\/wp-content\/uploads\/san-pham\/quat-tran\/hunter\/hunter-builder-elite\/hunter-builder-elite-7.jpg 1200w, https:\/\/livinghome.vn\/thiet-bi\/wp-content\/uploads\/san-pham\/quat-tran\/hunter\/hunter-builder-elite\/hunter-builder-elite-7-400x400.jpg 400w, https:\/\/livinghome.vn\/thiet-bi\/wp-content\/uploads\/san-pham\/quat-tran\/hunter\/hunter-builder-elite\/hunter-builder-elite-7-800x800.jpg 800w, https:\/\/livinghome.vn\/thiet-bi\/wp-content\/uploads\/san-pham\/quat-tran\/hunter\/hunter-builder-elite\/hunter-builder-elite-7-280x280.jpg 280w, https:\/\/livinghome.vn\/thiet-bi\/wp-content\/uploads\/san-pham\/quat-tran\/hunter\/hunter-builder-elite\/hunter-builder-elite-7-768x768.jpg 768w, https:\/\/livinghome.vn\/thiet-bi\/wp-content\/uploads\/san-pham\/quat-tran\/hunter\/hunter-builder-elite\/hunter-builder-elite-7-300x300.jpg 300w, https:\/\/livinghome.vn\/thiet-bi\/wp-content\/uploads\/san-pham\/quat-tran\/hunter\/hunter-builder-elite\/hunter-builder-elite-7-600x600.jpg 600w, https:\/\/livinghome.vn\/thiet-bi\/wp-content\/uploads\/san-pham\/quat-tran\/hunter\/hunter-builder-elite\/hunter-builder-elite-7-100x100.jpg 100w\" sizes=\"auto, (max-width: 1200px) 100vw, 1200px\" \/><figcaption id=\"caption-attachment-19800\" class=\"wp-caption-text\">QU\u1ea0T TR\u1ea6N M\u1ef8 HUNTER BUILDER ELITE<\/figcaption><\/figure>\n<figure id=\"attachment_19796\" aria-describedby=\"caption-attachment-19796\" style=\"width: 1200px\" class=\"wp-caption alignnone\"><img loading=\"lazy\" decoding=\"async\" class=\"wp-image-19796 size-full\" src=\"https:\/\/livinghome.vn\/thiet-bi\/wp-content\/uploads\/san-pham\/quat-tran\/hunter\/hunter-builder-elite\/hunter-builder-elite-8.jpg\" alt=\"QU\u1ea0T TR\u1ea6N M\u1ef8 HUNTER BUILDER ELITE\" width=\"1200\" height=\"1200\" title=\"\" srcset=\"https:\/\/livinghome.vn\/thiet-bi\/wp-content\/uploads\/san-pham\/quat-tran\/hunter\/hunter-builder-elite\/hunter-builder-elite-8.jpg 1200w, https:\/\/livinghome.vn\/thiet-bi\/wp-content\/uploads\/san-pham\/quat-tran\/hunter\/hunter-builder-elite\/hunter-builder-elite-8-400x400.jpg 400w, https:\/\/livinghome.vn\/thiet-bi\/wp-content\/uploads\/san-pham\/quat-tran\/hunter\/hunter-builder-elite\/hunter-builder-elite-8-800x800.jpg 800w, https:\/\/livinghome.vn\/thiet-bi\/wp-content\/uploads\/san-pham\/quat-tran\/hunter\/hunter-builder-elite\/hunter-builder-elite-8-280x280.jpg 280w, https:\/\/livinghome.vn\/thiet-bi\/wp-content\/uploads\/san-pham\/quat-tran\/hunter\/hunter-builder-elite\/hunter-builder-elite-8-768x768.jpg 768w, https:\/\/livinghome.vn\/thiet-bi\/wp-content\/uploads\/san-pham\/quat-tran\/hunter\/hunter-builder-elite\/hunter-builder-elite-8-300x300.jpg 300w, https:\/\/livinghome.vn\/thiet-bi\/wp-content\/uploads\/san-pham\/quat-tran\/hunter\/hunter-builder-elite\/hunter-builder-elite-8-600x600.jpg 600w, https:\/\/livinghome.vn\/thiet-bi\/wp-content\/uploads\/san-pham\/quat-tran\/hunter\/hunter-builder-elite\/hunter-builder-elite-8-100x100.jpg 100w\" sizes=\"auto, (max-width: 1200px) 100vw, 1200px\" \/><figcaption id=\"caption-attachment-19796\" class=\"wp-caption-text\">QU\u1ea0T TR\u1ea6N M\u1ef8 HUNTER BUILDER ELITE<\/figcaption><\/figure>\n<figure id=\"attachment_19802\" aria-describedby=\"caption-attachment-19802\" style=\"width: 1200px\" class=\"wp-caption alignnone\"><img loading=\"lazy\" decoding=\"async\" class=\"wp-image-19802 size-full\" src=\"https:\/\/livinghome.vn\/thiet-bi\/wp-content\/uploads\/san-pham\/quat-tran\/hunter\/hunter-builder-elite\/hunter-builder-elite-6.jpg\" alt=\"QU\u1ea0T TR\u1ea6N M\u1ef8 HUNTER BUILDER ELITE\" width=\"1200\" height=\"1200\" title=\"\" srcset=\"https:\/\/livinghome.vn\/thiet-bi\/wp-content\/uploads\/san-pham\/quat-tran\/hunter\/hunter-builder-elite\/hunter-builder-elite-6.jpg 1200w, https:\/\/livinghome.vn\/thiet-bi\/wp-content\/uploads\/san-pham\/quat-tran\/hunter\/hunter-builder-elite\/hunter-builder-elite-6-400x400.jpg 400w, https:\/\/livinghome.vn\/thiet-bi\/wp-content\/uploads\/san-pham\/quat-tran\/hunter\/hunter-builder-elite\/hunter-builder-elite-6-800x800.jpg 800w, https:\/\/livinghome.vn\/thiet-bi\/wp-content\/uploads\/san-pham\/quat-tran\/hunter\/hunter-builder-elite\/hunter-builder-elite-6-280x280.jpg 280w, https:\/\/livinghome.vn\/thiet-bi\/wp-content\/uploads\/san-pham\/quat-tran\/hunter\/hunter-builder-elite\/hunter-builder-elite-6-768x768.jpg 768w, https:\/\/livinghome.vn\/thiet-bi\/wp-content\/uploads\/san-pham\/quat-tran\/hunter\/hunter-builder-elite\/hunter-builder-elite-6-300x300.jpg 300w, https:\/\/livinghome.vn\/thiet-bi\/wp-content\/uploads\/san-pham\/quat-tran\/hunter\/hunter-builder-elite\/hunter-builder-elite-6-600x600.jpg 600w, https:\/\/livinghome.vn\/thiet-bi\/wp-content\/uploads\/san-pham\/quat-tran\/hunter\/hunter-builder-elite\/hunter-builder-elite-6-100x100.jpg 100w\" sizes=\"auto, (max-width: 1200px) 100vw, 1200px\" \/><figcaption id=\"caption-attachment-19802\" class=\"wp-caption-text\">QU\u1ea0T TR\u1ea6N M\u1ef8 HUNTER BUILDER ELITE<\/figcaption><\/figure>\n<figure id=\"attachment_19804\" aria-describedby=\"caption-attachment-19804\" style=\"width: 1200px\" class=\"wp-caption alignnone\"><img loading=\"lazy\" decoding=\"async\" class=\"wp-image-19804 size-full\" src=\"https:\/\/livinghome.vn\/thiet-bi\/wp-content\/uploads\/san-pham\/quat-tran\/hunter\/hunter-builder-elite\/hunter-builder-elite-5.jpg\" alt=\"QU\u1ea0T TR\u1ea6N M\u1ef8 HUNTER BUILDER ELITE\" width=\"1200\" height=\"1200\" title=\"\" srcset=\"https:\/\/livinghome.vn\/thiet-bi\/wp-content\/uploads\/san-pham\/quat-tran\/hunter\/hunter-builder-elite\/hunter-builder-elite-5.jpg 1200w, https:\/\/livinghome.vn\/thiet-bi\/wp-content\/uploads\/san-pham\/quat-tran\/hunter\/hunter-builder-elite\/hunter-builder-elite-5-400x400.jpg 400w, https:\/\/livinghome.vn\/thiet-bi\/wp-content\/uploads\/san-pham\/quat-tran\/hunter\/hunter-builder-elite\/hunter-builder-elite-5-800x800.jpg 800w, https:\/\/livinghome.vn\/thiet-bi\/wp-content\/uploads\/san-pham\/quat-tran\/hunter\/hunter-builder-elite\/hunter-builder-elite-5-280x280.jpg 280w, https:\/\/livinghome.vn\/thiet-bi\/wp-content\/uploads\/san-pham\/quat-tran\/hunter\/hunter-builder-elite\/hunter-builder-elite-5-768x768.jpg 768w, https:\/\/livinghome.vn\/thiet-bi\/wp-content\/uploads\/san-pham\/quat-tran\/hunter\/hunter-builder-elite\/hunter-builder-elite-5-300x300.jpg 300w, https:\/\/livinghome.vn\/thiet-bi\/wp-content\/uploads\/san-pham\/quat-tran\/hunter\/hunter-builder-elite\/hunter-builder-elite-5-600x600.jpg 600w, https:\/\/livinghome.vn\/thiet-bi\/wp-content\/uploads\/san-pham\/quat-tran\/hunter\/hunter-builder-elite\/hunter-builder-elite-5-100x100.jpg 100w\" sizes=\"auto, (max-width: 1200px) 100vw, 1200px\" \/><figcaption id=\"caption-attachment-19804\" class=\"wp-caption-text\">QU\u1ea0T TR\u1ea6N M\u1ef8 HUNTER BUILDER ELITE<\/figcaption><\/figure>\n<figure id=\"attachment_19803\" aria-describedby=\"caption-attachment-19803\" style=\"width: 1200px\" class=\"wp-caption alignnone\"><img loading=\"lazy\" decoding=\"async\" class=\"size-full wp-image-19803\" src=\"https:\/\/livinghome.vn\/thiet-bi\/wp-content\/uploads\/san-pham\/quat-tran\/hunter\/hunter-builder-elite\/hunter-builder-elite-3.jpg\" alt=\"QU\u1ea0T TR\u1ea6N M\u1ef8 HUNTER BUILDER ELITE\" width=\"1200\" height=\"1200\" title=\"\" srcset=\"https:\/\/livinghome.vn\/thiet-bi\/wp-content\/uploads\/san-pham\/quat-tran\/hunter\/hunter-builder-elite\/hunter-builder-elite-3.jpg 1200w, https:\/\/livinghome.vn\/thiet-bi\/wp-content\/uploads\/san-pham\/quat-tran\/hunter\/hunter-builder-elite\/hunter-builder-elite-3-400x400.jpg 400w, https:\/\/livinghome.vn\/thiet-bi\/wp-content\/uploads\/san-pham\/quat-tran\/hunter\/hunter-builder-elite\/hunter-builder-elite-3-800x800.jpg 800w, https:\/\/livinghome.vn\/thiet-bi\/wp-content\/uploads\/san-pham\/quat-tran\/hunter\/hunter-builder-elite\/hunter-builder-elite-3-280x280.jpg 280w, https:\/\/livinghome.vn\/thiet-bi\/wp-content\/uploads\/san-pham\/quat-tran\/hunter\/hunter-builder-elite\/hunter-builder-elite-3-768x768.jpg 768w, https:\/\/livinghome.vn\/thiet-bi\/wp-content\/uploads\/san-pham\/quat-tran\/hunter\/hunter-builder-elite\/hunter-builder-elite-3-300x300.jpg 300w, https:\/\/livinghome.vn\/thiet-bi\/wp-content\/uploads\/san-pham\/quat-tran\/hunter\/hunter-builder-elite\/hunter-builder-elite-3-600x600.jpg 600w, https:\/\/livinghome.vn\/thiet-bi\/wp-content\/uploads\/san-pham\/quat-tran\/hunter\/hunter-builder-elite\/hunter-builder-elite-3-100x100.jpg 100w\" sizes=\"auto, (max-width: 1200px) 100vw, 1200px\" \/><figcaption id=\"caption-attachment-19803\" class=\"wp-caption-text\">QU\u1ea0T TR\u1ea6N M\u1ef8 HUNTER BUILDER ELITE<\/figcaption><\/figure>\n","protected":false},"excerpt":{"rendered":"<h2>QU\u1ea0T TR\u1ea6N M\u1ef8 HUNTER BUILDER ELITE<\/h2>\n<h3>M\u1eabu qu\u1ea1t gi\u00f3 nh\u1eb9, ph\u00f9 h\u1ee3p cho ph\u00f2ng ng\u1ee7 ho\u1eb7c s\u1eed d\u1ee5ng k\u1ebft h\u1ee3p v\u1edbi \u0111i\u1ec1u h\u00f2a. M\u00e0u n\u00e2u t\u1ed1i \u0111\u01b0\u1ee3c r\u1ea5t nhi\u1ec1u Hotel \/ Resort s\u1eed d\u1ee5ng nh\u01b0: Silk Path Grand Sapa, Sunset Sanato, Hidden Charm Ninh B\u00ecnh.<\/h3>\n<table style=\"height: 997px\" width=\"887\">\n<tbody>\n<tr>\n<td width=\"468\"><strong>Th\u01b0\u01a1ng hi\u1ec7u<\/strong><\/td>\n<td width=\"468\"><strong>Hunter<\/strong><\/td>\n<\/tr>\n<tr>\n<td width=\"468\"><strong>Phong c\u00e1ch<\/strong><\/td>\n<td width=\"468\"><strong>C\u1ed5 \u0111i\u1ec3n<\/strong><\/td>\n<\/tr>\n<tr>\n<td width=\"468\"><strong>Th\u00e2n qu\u1ea1t<\/strong><\/td>\n<td width=\"468\"><strong>C\u00e1c m\u00e0u \u0111\u1ed3ng t\u1ed1i\/m\u1ea1 k\u1ec1n\/tr\u1eafng<\/strong><\/td>\n<\/tr>\n<tr>\n<td width=\"468\"><strong>C\u00e1nh qu\u1ea1t<\/strong><\/td>\n<td width=\"468\"><strong>05 c\u00e1nh g\u1ed7 Plywood (2 m\u1eb7t m\u00e0u)<\/strong><\/td>\n<\/tr>\n<tr>\n<td width=\"468\"><strong>S\u1ea3i c\u00e1nh<\/strong><\/td>\n<td width=\"468\"><strong>132 cm<\/strong><\/td>\n<\/tr>\n<tr>\n<td width=\"468\"><strong>\u0110\u1ed9ng c\u01a1<\/strong><\/td>\n<td width=\"468\"><strong>Whisperwind motor &#8211; 80W<\/strong><\/td>\n<\/tr>\n<tr>\n<td width=\"468\"><strong>L\u01b0u l\u01b0\u1ee3ng gi\u00f3<\/strong><\/td>\n<td width=\"468\"><strong>189.6 m\u00b3\/ph\u00fat<\/strong><\/td>\n<\/tr>\n<tr>\n<td width=\"468\"><strong>\u0110\u1ed9 cao<\/strong><\/td>\n<td width=\"468\"><strong>C\u00e1ch tr\u1ea7n 30cm, cho tr\u1ea7n nh\u00e0 t\u1eeb 2.6m<\/strong><\/td>\n<\/tr>\n<tr>\n<td width=\"468\"><strong>\u0110\u00e8n<\/strong><\/td>\n<td width=\"468\"><strong>B\u1ea3n c\u00f3 \u0111\u00e8n 5.800.000\u20ab<\/strong><\/td>\n<\/tr>\n<tr>\n<td width=\"468\"><strong>\u0110i\u1ec1u khi\u1ec3n<\/strong><\/td>\n<td width=\"468\"><strong>Remote LuxuryFan (3 c\u1ea5p \u0111\u1ed9 gi\u00f3)<\/strong><\/td>\n<\/tr>\n<tr>\n<td width=\"468\"><strong>Ph\u00f9 h\u1ee3p<\/strong><\/td>\n<td width=\"468\"><strong>Kh\u00f4ng gian t\u1eeb 12 &#8211; 18 m\u00b2<\/strong><\/td>\n<\/tr>\n<\/tbody>\n<\/table>\n<p>&nbsp;<\/p>\n","protected":false},"featured_media":19798,"comment_status":"open","ping_status":"closed","template":"","meta":[],"product_brand":[],"product_cat":[1945,1946],"product_tag":[1944,1938,1941,1942,1943,1939,1940],"class_list":{"0":"post-19806","1":"product","2":"type-product","3":"status-publish","4":"has-post-thumbnail","6":"product_cat-quat-tran","7":"product_cat-quat-tran-hunter","8":"product_tag-hunter","9":"product_tag-quat-tran","10":"product_tag-quat-tran-cao-cap","11":"product_tag-quat-tran-hien-dai","12":"product_tag-quat-tran-hunter","13":"product_tag-quat-tran-my","14":"product_tag-quat-tran-nhap-khau","16":"first","17":"instock","18":"sale","19":"shipping-taxable","20":"purchasable","21":"product-type-simple"},"_links":{"self":[{"href":"https:\/\/livinghome.vn\/thiet-bi\/wp-json\/wp\/v2\/product\/19806","targetHints":{"allow":["GET"]}}],"collection":[{"href":"https:\/\/livinghome.vn\/thiet-bi\/wp-json\/wp\/v2\/product"}],"about":[{"href":"https:\/\/livinghome.vn\/thiet-bi\/wp-json\/wp\/v2\/types\/product"}],"replies":[{"embeddable":true,"href":"https:\/\/livinghome.vn\/thiet-bi\/wp-json\/wp\/v2\/comments?post=19806"}],"wp:featuredmedia":[{"embeddable":true,"href":"https:\/\/livinghome.vn\/thiet-bi\/wp-json\/wp\/v2\/media\/19798"}],"wp:attachment":[{"href":"https:\/\/livinghome.vn\/thiet-bi\/wp-json\/wp\/v2\/media?parent=19806"}],"wp:term":[{"taxonomy":"product_brand","embeddable":true,"href":"https:\/\/livinghome.vn\/thiet-bi\/wp-json\/wp\/v2\/product_brand?post=19806"},{"taxonomy":"product_cat","embeddable":true,"href":"https:\/\/livinghome.vn\/thiet-bi\/wp-json\/wp\/v2\/product_cat?post=19806"},{"taxonomy":"product_tag","embeddable":true,"href":"https:\/\/livinghome.vn\/thiet-bi\/wp-json\/wp\/v2\/product_tag?post=19806"}],"curies":[{"name":"wp","href":"https:\/\/api.w.org\/{rel}","templated":true}]}}