{"id":19447,"date":"2023-11-22T19:58:02","date_gmt":"2023-11-22T12:58:02","guid":{"rendered":"https:\/\/livinghome.vn\/thiet-bi\/?post_type=product&#038;p=19447"},"modified":"2024-11-29T14:19:03","modified_gmt":"2024-11-29T07:19:03","slug":"bo-noi-inox-3-mon-fivestar-fs06cg","status":"publish","type":"product","link":"https:\/\/livinghome.vn\/thiet-bi\/bo-noi-inox-3-mon-fivestar-fs06cg\/","title":{"rendered":"B\u1ed9 N\u1ed3i Inox 3 M\u00f3n FiveStar FS06CG"},"content":{"rendered":"<p>B\u1ed9 n\u1ed3i g\u1ed3m c\u00f3 3 s\u1ea3n ph\u1ea9m v\u1edbi \u0111\u01b0\u1eddng k\u00ednh l\u00e0 16 cm, 20 cm, 24 cm, b\u1ea1n c\u00f3 th\u1ec3 d\u00f9ng n\u1ed3i nh\u1ecf \u0111\u1ec3 n\u1ea5u ch\u00e1o cho b\u00e9, n\u1ed3i trung \u0111\u1ec3 kho th\u1ecbt, s\u01b0\u1eddn t\u1ea7m 0.5 kg, n\u1ed3i l\u1edbn nh\u1ea5t n\u1ea5u canh ho\u1eb7c lu\u1ed9c g\u00e0 c\u1ee1 1.5 kg.<\/p>\n<p><img loading=\"lazy\" decoding=\"async\" class=\"size-full wp-image-19462\" src=\"https:\/\/livinghome.vn\/thiet-bi\/wp-content\/uploads\/san-pham\/fivestar\/fs06cg\/bo-noi-inox-3-mon-nap-kinh-fivestar-fs06cg-1.jpg\" alt=\"B\u1ed9 N\u1ed3i Inox 3 M\u00f3n FiveStar FS06CG\" width=\"800\" height=\"533\" title=\"\" srcset=\"https:\/\/livinghome.vn\/thiet-bi\/wp-content\/uploads\/san-pham\/fivestar\/fs06cg\/bo-noi-inox-3-mon-nap-kinh-fivestar-fs06cg-1.jpg 800w, https:\/\/livinghome.vn\/thiet-bi\/wp-content\/uploads\/san-pham\/fivestar\/fs06cg\/bo-noi-inox-3-mon-nap-kinh-fivestar-fs06cg-1-600x400.jpg 600w, https:\/\/livinghome.vn\/thiet-bi\/wp-content\/uploads\/san-pham\/fivestar\/fs06cg\/bo-noi-inox-3-mon-nap-kinh-fivestar-fs06cg-1-768x512.jpg 768w\" sizes=\"auto, (max-width: 800px) 100vw, 800px\" \/><\/p>\n<ul>\n<li>Th\u01b0\u01a1ng hi\u1ec7u: Five Star<\/li>\n<li>Model: FS06CG<\/li>\n<li>Lo\u1ea1i s\u1ea3n ph\u1ea9m: B\u1ed9 n\u1ed3i inox<\/li>\n<li>Ch\u1ea5t li\u1ec7u: Th\u00e2n n\u1ed3i b\u1eb1ng inox 430, N\u1eafp k\u00ednh ch\u1ecbu nhi\u1ec7t<\/li>\n<li>B\u1ed9 n\u1ed3i g\u1ed3m: N\u1ed3i 16 x 9cm; N\u1ed3i 20 x 11.8cm; N\u1ed3i 24 x 14cm<\/li>\n<li>T\u00ednh n\u0103ng: S\u1eed d\u1ee5ng \u0111\u01b0\u1ee3c tr\u00ean t\u1ea5t c\u1ea3 c\u00e1c lo\u1ea1i b\u1ebfp k\u1ec3 c\u1ea3 b\u1ebfp t\u1eeb<\/li>\n<li>Xu\u1ea5t x\u1ee9 s\u1ea3n ph\u1ea9m: S\u1ea3n xu\u1ea5t t\u1ea1i Vi\u1ec7t Nam<\/li>\n<li>B\u1ea3o h\u00e0nh: Ch\u00ednh h\u00e3ng 5 n\u0103m<\/li>\n<\/ul>\n<p><img loading=\"lazy\" decoding=\"async\" class=\"size-full wp-image-19460\" src=\"https:\/\/livinghome.vn\/thiet-bi\/wp-content\/uploads\/san-pham\/fivestar\/fs06cg\/bo-noi-inox-3-mon-nap-kinh-fivestar-fs06cg-3.jpg\" alt=\"B\u1ed9 N\u1ed3i Inox 3 M\u00f3n FiveStar FS06CG\" width=\"800\" height=\"1710\" title=\"\" srcset=\"https:\/\/livinghome.vn\/thiet-bi\/wp-content\/uploads\/san-pham\/fivestar\/fs06cg\/bo-noi-inox-3-mon-nap-kinh-fivestar-fs06cg-3.jpg 800w, https:\/\/livinghome.vn\/thiet-bi\/wp-content\/uploads\/san-pham\/fivestar\/fs06cg\/bo-noi-inox-3-mon-nap-kinh-fivestar-fs06cg-3-187x400.jpg 187w, https:\/\/livinghome.vn\/thiet-bi\/wp-content\/uploads\/san-pham\/fivestar\/fs06cg\/bo-noi-inox-3-mon-nap-kinh-fivestar-fs06cg-3-374x800.jpg 374w, https:\/\/livinghome.vn\/thiet-bi\/wp-content\/uploads\/san-pham\/fivestar\/fs06cg\/bo-noi-inox-3-mon-nap-kinh-fivestar-fs06cg-3-768x1642.jpg 768w, https:\/\/livinghome.vn\/thiet-bi\/wp-content\/uploads\/san-pham\/fivestar\/fs06cg\/bo-noi-inox-3-mon-nap-kinh-fivestar-fs06cg-3-719x1536.jpg 719w, https:\/\/livinghome.vn\/thiet-bi\/wp-content\/uploads\/san-pham\/fivestar\/fs06cg\/bo-noi-inox-3-mon-nap-kinh-fivestar-fs06cg-3-600x1283.jpg 600w\" sizes=\"auto, (max-width: 800px) 100vw, 800px\" \/><\/p>\n","protected":false},"excerpt":{"rendered":"<p>B\u1ed9 n\u1ed3i g\u1ed3m c\u00f3 3 s\u1ea3n ph\u1ea9m v\u1edbi \u0111\u01b0\u1eddng k\u00ednh l\u00e0 16 cm, 20 cm, 24 cm, b\u1ea1n c\u00f3 th\u1ec3 d\u00f9ng n\u1ed3i nh\u1ecf \u0111\u1ec3 n\u1ea5u ch\u00e1o cho b\u00e9, n\u1ed3i trung \u0111\u1ec3 kho th\u1ecbt, s\u01b0\u1eddn t\u1ea7m 0.5 kg, n\u1ed3i l\u1edbn nh\u1ea5t n\u1ea5u canh ho\u1eb7c lu\u1ed9c g\u00e0 c\u1ee1 1.5 kg. Th\u01b0\u01a1ng hi\u1ec7u: Five Star Model: FS06CG Lo\u1ea1i [&#8230;]\n","protected":false},"featured_media":19454,"comment_status":"open","ping_status":"closed","template":"","meta":[],"product_brand":[],"product_cat":[15],"product_tag":[],"class_list":{"0":"post-19447","1":"product","2":"type-product","3":"status-publish","4":"has-post-thumbnail","6":"product_cat-khac","8":"first","9":"instock","10":"sale","11":"shipping-taxable","12":"purchasable","13":"product-type-simple"},"_links":{"self":[{"href":"https:\/\/livinghome.vn\/thiet-bi\/wp-json\/wp\/v2\/product\/19447","targetHints":{"allow":["GET"]}}],"collection":[{"href":"https:\/\/livinghome.vn\/thiet-bi\/wp-json\/wp\/v2\/product"}],"about":[{"href":"https:\/\/livinghome.vn\/thiet-bi\/wp-json\/wp\/v2\/types\/product"}],"replies":[{"embeddable":true,"href":"https:\/\/livinghome.vn\/thiet-bi\/wp-json\/wp\/v2\/comments?post=19447"}],"wp:featuredmedia":[{"embeddable":true,"href":"https:\/\/livinghome.vn\/thiet-bi\/wp-json\/wp\/v2\/media\/19454"}],"wp:attachment":[{"href":"https:\/\/livinghome.vn\/thiet-bi\/wp-json\/wp\/v2\/media?parent=19447"}],"wp:term":[{"taxonomy":"product_brand","embeddable":true,"href":"https:\/\/livinghome.vn\/thiet-bi\/wp-json\/wp\/v2\/product_brand?post=19447"},{"taxonomy":"product_cat","embeddable":true,"href":"https:\/\/livinghome.vn\/thiet-bi\/wp-json\/wp\/v2\/product_cat?post=19447"},{"taxonomy":"product_tag","embeddable":true,"href":"https:\/\/livinghome.vn\/thiet-bi\/wp-json\/wp\/v2\/product_tag?post=19447"}],"curies":[{"name":"wp","href":"https:\/\/api.w.org\/{rel}","templated":true}]}}