{"id":19012,"date":"2023-11-08T17:37:53","date_gmt":"2023-11-08T10:37:53","guid":{"rendered":"https:\/\/livinghome.vn\/thiet-bi\/?post_type=product&#038;p=19012"},"modified":"2024-11-29T14:19:06","modified_gmt":"2024-11-29T07:19:06","slug":"catalogue-sakura","status":"publish","type":"product","link":"https:\/\/livinghome.vn\/thiet-bi\/catalogue-sakura\/","title":{"rendered":"Catalogue Sakura"},"content":{"rendered":"<p><img loading=\"lazy\" decoding=\"async\" class=\"size-full wp-image-18909\" src=\"https:\/\/livinghome.vn\/thiet-bi\/wp-content\/uploads\/catalog-hang\/sakura\/catalogue-sakura-2023-1.jpg\" alt=\"Catalogue Sakura 2023\" width=\"1067\" height=\"1509\" title=\"\" srcset=\"https:\/\/livinghome.vn\/thiet-bi\/wp-content\/uploads\/catalog-hang\/sakura\/catalogue-sakura-2023-1.jpg 1067w, https:\/\/livinghome.vn\/thiet-bi\/wp-content\/uploads\/catalog-hang\/sakura\/catalogue-sakura-2023-1-283x400.jpg 283w, https:\/\/livinghome.vn\/thiet-bi\/wp-content\/uploads\/catalog-hang\/sakura\/catalogue-sakura-2023-1-566x800.jpg 566w, https:\/\/livinghome.vn\/thiet-bi\/wp-content\/uploads\/catalog-hang\/sakura\/catalogue-sakura-2023-1-768x1086.jpg 768w, https:\/\/livinghome.vn\/thiet-bi\/wp-content\/uploads\/catalog-hang\/sakura\/catalogue-sakura-2023-1-600x849.jpg 600w\" sizes=\"auto, (max-width: 1067px) 100vw, 1067px\" \/><br \/>\n<img loading=\"lazy\" decoding=\"async\" class=\"size-full wp-image-18909\" src=\"https:\/\/livinghome.vn\/thiet-bi\/wp-content\/uploads\/catalog-hang\/sakura\/catalogue-sakura-2023-2.jpg\" alt=\"Catalogue Sakura 2023\" width=\"1067\" height=\"1509\" title=\"\"><br \/>\n<img loading=\"lazy\" decoding=\"async\" class=\"size-full wp-image-18909\" src=\"https:\/\/livinghome.vn\/thiet-bi\/wp-content\/uploads\/catalog-hang\/sakura\/catalogue-sakura-2023-3.jpg\" alt=\"Catalogue Sakura 2023\" width=\"1067\" height=\"1509\" title=\"\"><br \/>\n<img loading=\"lazy\" decoding=\"async\" class=\"size-full wp-image-18909\" src=\"https:\/\/livinghome.vn\/thiet-bi\/wp-content\/uploads\/catalog-hang\/sakura\/catalogue-sakura-2023-4.jpg\" alt=\"Catalogue Sakura 2023\" width=\"1067\" height=\"1509\" title=\"\"><br \/>\n<img loading=\"lazy\" decoding=\"async\" class=\"size-full wp-image-18909\" src=\"https:\/\/livinghome.vn\/thiet-bi\/wp-content\/uploads\/catalog-hang\/sakura\/catalogue-sakura-2023-5.jpg\" alt=\"Catalogue Sakura 2023\" width=\"1067\" height=\"1509\" title=\"\"><br \/>\n<img loading=\"lazy\" decoding=\"async\" class=\"size-full wp-image-18909\" src=\"https:\/\/livinghome.vn\/thiet-bi\/wp-content\/uploads\/catalog-hang\/sakura\/catalogue-sakura-2023-6.jpg\" alt=\"Catalogue Sakura 2023\" width=\"1067\" height=\"1509\" title=\"\"><br \/>\n<img loading=\"lazy\" decoding=\"async\" class=\"size-full wp-image-18909\" src=\"https:\/\/livinghome.vn\/thiet-bi\/wp-content\/uploads\/catalog-hang\/sakura\/catalogue-sakura-2023-7.jpg\" alt=\"Catalogue Sakura 2023\" width=\"1067\" height=\"1509\" title=\"\"><br \/>\n<img loading=\"lazy\" decoding=\"async\" class=\"size-full wp-image-18909\" src=\"https:\/\/livinghome.vn\/thiet-bi\/wp-content\/uploads\/catalog-hang\/sakura\/catalogue-sakura-2023-8.jpg\" alt=\"Catalogue Sakura 2023\" width=\"1067\" height=\"1509\" title=\"\"><br \/>\n<img loading=\"lazy\" decoding=\"async\" class=\"size-full wp-image-18909\" src=\"https:\/\/livinghome.vn\/thiet-bi\/wp-content\/uploads\/catalog-hang\/sakura\/catalogue-sakura-2023-9.jpg\" alt=\"Catalogue Sakura 2023\" width=\"1067\" height=\"1509\" title=\"\"><br \/>\n<img loading=\"lazy\" decoding=\"async\" class=\"size-full wp-image-18909\" src=\"https:\/\/livinghome.vn\/thiet-bi\/wp-content\/uploads\/catalog-hang\/sakura\/catalogue-sakura-2023-10.jpg\" alt=\"Catalogue Sakura 2023\" width=\"1067\" height=\"1509\" title=\"\"><br \/>\n<img loading=\"lazy\" decoding=\"async\" class=\"size-full wp-image-18909\" src=\"https:\/\/livinghome.vn\/thiet-bi\/wp-content\/uploads\/catalog-hang\/sakura\/catalogue-sakura-2023-11.jpg\" alt=\"Catalogue Sakura 2023\" width=\"1067\" height=\"1509\" title=\"\"><br \/>\n<img loading=\"lazy\" decoding=\"async\" class=\"size-full wp-image-18909\" src=\"https:\/\/livinghome.vn\/thiet-bi\/wp-content\/uploads\/catalog-hang\/sakura\/catalogue-sakura-2023-12.jpg\" alt=\"Catalogue Sakura 2023\" width=\"1067\" height=\"1509\" title=\"\"><br \/>\n<img loading=\"lazy\" decoding=\"async\" class=\"size-full wp-image-18909\" src=\"https:\/\/livinghome.vn\/thiet-bi\/wp-content\/uploads\/catalog-hang\/sakura\/catalogue-sakura-2023-13.jpg\" alt=\"Catalogue Sakura 2023\" width=\"1067\" height=\"1509\" title=\"\"><br \/>\n<img loading=\"lazy\" decoding=\"async\" class=\"size-full wp-image-18909\" src=\"https:\/\/livinghome.vn\/thiet-bi\/wp-content\/uploads\/catalog-hang\/sakura\/catalogue-sakura-2023-14.jpg\" alt=\"Catalogue Sakura 2023\" width=\"1067\" height=\"1509\" title=\"\"><br \/>\n<img loading=\"lazy\" decoding=\"async\" class=\"size-full wp-image-18909\" src=\"https:\/\/livinghome.vn\/thiet-bi\/wp-content\/uploads\/catalog-hang\/sakura\/catalogue-sakura-2023-15.jpg\" alt=\"Catalogue Sakura 2023\" width=\"1067\" height=\"1509\" title=\"\"><br \/>\n<img loading=\"lazy\" decoding=\"async\" class=\"size-full wp-image-18909\" src=\"https:\/\/livinghome.vn\/thiet-bi\/wp-content\/uploads\/catalog-hang\/sakura\/catalogue-sakura-2023-16.jpg\" alt=\"Catalogue Sakura 2023\" width=\"1067\" height=\"1509\" title=\"\"><br \/>\n<img loading=\"lazy\" decoding=\"async\" class=\"size-full wp-image-18909\" src=\"https:\/\/livinghome.vn\/thiet-bi\/wp-content\/uploads\/catalog-hang\/sakura\/catalogue-sakura-2023-17.jpg\" alt=\"Catalogue Sakura 2023\" width=\"1067\" height=\"1509\" title=\"\"><br \/>\n<img loading=\"lazy\" decoding=\"async\" class=\"size-full wp-image-18909\" src=\"https:\/\/livinghome.vn\/thiet-bi\/wp-content\/uploads\/catalog-hang\/sakura\/catalogue-sakura-2023-18.jpg\" alt=\"Catalogue Sakura 2023\" width=\"1067\" height=\"1509\" title=\"\"><br \/>\n<img loading=\"lazy\" decoding=\"async\" class=\"size-full wp-image-18909\" src=\"https:\/\/livinghome.vn\/thiet-bi\/wp-content\/uploads\/catalog-hang\/sakura\/catalogue-sakura-2023-19.jpg\" alt=\"Catalogue Sakura 2023\" width=\"1067\" height=\"1509\" title=\"\"><br \/>\n<img loading=\"lazy\" decoding=\"async\" class=\"size-full wp-image-18909\" src=\"https:\/\/livinghome.vn\/thiet-bi\/wp-content\/uploads\/catalog-hang\/sakura\/catalogue-sakura-2023-20.jpg\" alt=\"Catalogue Sakura 2023\" width=\"1067\" height=\"1509\" title=\"\"><br \/>\n<img loading=\"lazy\" decoding=\"async\" class=\"size-full wp-image-18909\" src=\"https:\/\/livinghome.vn\/thiet-bi\/wp-content\/uploads\/catalog-hang\/sakura\/catalogue-sakura-2023-21.jpg\" alt=\"Catalogue Sakura 2023\" width=\"1067\" height=\"1509\" title=\"\"><br \/>\n<img loading=\"lazy\" decoding=\"async\" class=\"size-full wp-image-18909\" src=\"https:\/\/livinghome.vn\/thiet-bi\/wp-content\/uploads\/catalog-hang\/sakura\/catalogue-sakura-2023-22.jpg\" alt=\"Catalogue Sakura 2023\" width=\"1067\" height=\"1509\" title=\"\"><br \/>\n<img loading=\"lazy\" decoding=\"async\" class=\"size-full wp-image-18909\" src=\"https:\/\/livinghome.vn\/thiet-bi\/wp-content\/uploads\/catalog-hang\/sakura\/catalogue-sakura-2023-23.jpg\" alt=\"Catalogue Sakura 2023\" width=\"1067\" height=\"1509\" title=\"\"><br \/>\n<img loading=\"lazy\" decoding=\"async\" class=\"size-full wp-image-18909\" src=\"https:\/\/livinghome.vn\/thiet-bi\/wp-content\/uploads\/catalog-hang\/sakura\/catalogue-sakura-2023-24.jpg\" alt=\"Catalogue Sakura 2023\" width=\"1067\" height=\"1509\" title=\"\"><br \/>\n<img loading=\"lazy\" decoding=\"async\" class=\"size-full wp-image-18909\" src=\"https:\/\/livinghome.vn\/thiet-bi\/wp-content\/uploads\/catalog-hang\/sakura\/catalogue-sakura-2023-25.jpg\" alt=\"Catalogue Sakura 2023\" width=\"1067\" height=\"1509\" title=\"\"><br \/>\n<img loading=\"lazy\" decoding=\"async\" class=\"size-full wp-image-18909\" src=\"https:\/\/livinghome.vn\/thiet-bi\/wp-content\/uploads\/catalog-hang\/sakura\/catalogue-sakura-2023-26.jpg\" alt=\"Catalogue Sakura 2023\" width=\"1067\" height=\"1509\" title=\"\"><br \/>\n<img loading=\"lazy\" decoding=\"async\" class=\"size-full wp-image-18909\" src=\"https:\/\/livinghome.vn\/thiet-bi\/wp-content\/uploads\/catalog-hang\/sakura\/catalogue-sakura-2023-27.jpg\" alt=\"Catalogue Sakura 2023\" width=\"1067\" height=\"1509\" title=\"\"><br \/>\n<img loading=\"lazy\" decoding=\"async\" class=\"size-full wp-image-18909\" src=\"https:\/\/livinghome.vn\/thiet-bi\/wp-content\/uploads\/catalog-hang\/sakura\/catalogue-sakura-2023-28.jpg\" alt=\"Catalogue Sakura 2023\" width=\"1067\" height=\"1509\" title=\"\"><br \/>\n<img loading=\"lazy\" decoding=\"async\" class=\"size-full wp-image-18909\" src=\"https:\/\/livinghome.vn\/thiet-bi\/wp-content\/uploads\/catalog-hang\/sakura\/catalogue-sakura-2023-29.jpg\" alt=\"Catalogue Sakura 2023\" width=\"1067\" height=\"1509\" title=\"\"><br \/>\n<img loading=\"lazy\" decoding=\"async\" class=\"size-full wp-image-18909\" src=\"https:\/\/livinghome.vn\/thiet-bi\/wp-content\/uploads\/catalog-hang\/sakura\/catalogue-sakura-2023-30.jpg\" alt=\"Catalogue Sakura 2023\" width=\"1067\" height=\"1509\" title=\"\"><br \/>\n<img loading=\"lazy\" decoding=\"async\" class=\"size-full wp-image-18909\" src=\"https:\/\/livinghome.vn\/thiet-bi\/wp-content\/uploads\/catalog-hang\/sakura\/catalogue-sakura-2023-31.jpg\" alt=\"Catalogue Sakura 2023\" width=\"1067\" height=\"1509\" title=\"\"><br \/>\n<img loading=\"lazy\" decoding=\"async\" class=\"size-full wp-image-18909\" src=\"https:\/\/livinghome.vn\/thiet-bi\/wp-content\/uploads\/catalog-hang\/sakura\/catalogue-sakura-2023-32.jpg\" alt=\"Catalogue Sakura 2023\" width=\"1067\" height=\"1509\" title=\"\"><br \/>\n<img loading=\"lazy\" decoding=\"async\" class=\"size-full wp-image-18909\" src=\"https:\/\/livinghome.vn\/thiet-bi\/wp-content\/uploads\/catalog-hang\/sakura\/catalogue-sakura-2023-33.jpg\" alt=\"Catalogue Sakura 2023\" width=\"1067\" height=\"1509\" title=\"\"><br \/>\n<img loading=\"lazy\" decoding=\"async\" class=\"size-full wp-image-18909\" src=\"https:\/\/livinghome.vn\/thiet-bi\/wp-content\/uploads\/catalog-hang\/sakura\/catalogue-sakura-2023-34.jpg\" alt=\"Catalogue Sakura 2023\" width=\"1067\" height=\"1509\" title=\"\"><br \/>\n<img loading=\"lazy\" decoding=\"async\" class=\"size-full wp-image-18909\" src=\"https:\/\/livinghome.vn\/thiet-bi\/wp-content\/uploads\/catalog-hang\/sakura\/catalogue-sakura-2023-35.jpg\" alt=\"Catalogue Sakura 2023\" width=\"1067\" height=\"1509\" title=\"\"><br \/>\n<img loading=\"lazy\" decoding=\"async\" class=\"size-full wp-image-18909\" src=\"https:\/\/livinghome.vn\/thiet-bi\/wp-content\/uploads\/catalog-hang\/sakura\/catalogue-sakura-2023-36.jpg\" alt=\"Catalogue Sakura 2023\" width=\"1067\" height=\"1509\" title=\"\"><br \/>\n<img loading=\"lazy\" decoding=\"async\" class=\"size-full wp-image-18909\" src=\"https:\/\/livinghome.vn\/thiet-bi\/wp-content\/uploads\/catalog-hang\/sakura\/catalogue-sakura-2023-37.jpg\" alt=\"Catalogue Sakura 2023\" width=\"1067\" height=\"1509\" title=\"\"><br \/>\n<img loading=\"lazy\" decoding=\"async\" class=\"size-full wp-image-18909\" src=\"https:\/\/livinghome.vn\/thiet-bi\/wp-content\/uploads\/catalog-hang\/sakura\/catalogue-sakura-2023-38.jpg\" alt=\"Catalogue Sakura 2023\" width=\"1067\" height=\"1509\" title=\"\"><br \/>\n<img loading=\"lazy\" decoding=\"async\" class=\"size-full wp-image-18909\" src=\"https:\/\/livinghome.vn\/thiet-bi\/wp-content\/uploads\/catalog-hang\/sakura\/catalogue-sakura-2023-39.jpg\" alt=\"Catalogue Sakura 2023\" width=\"1067\" height=\"1509\" title=\"\"><br \/>\n<img loading=\"lazy\" decoding=\"async\" class=\"size-full wp-image-18909\" src=\"https:\/\/livinghome.vn\/thiet-bi\/wp-content\/uploads\/catalog-hang\/sakura\/catalogue-sakura-2023-40.jpg\" alt=\"Catalogue Sakura 2023\" width=\"1067\" height=\"1509\" title=\"\"><br \/>\n<img loading=\"lazy\" decoding=\"async\" class=\"size-full wp-image-18909\" src=\"https:\/\/livinghome.vn\/thiet-bi\/wp-content\/uploads\/catalog-hang\/sakura\/catalogue-sakura-2023-41.jpg\" alt=\"Catalogue Sakura 2023\" width=\"1067\" height=\"1509\" title=\"\"><br \/>\n<img loading=\"lazy\" decoding=\"async\" class=\"size-full wp-image-18909\" src=\"https:\/\/livinghome.vn\/thiet-bi\/wp-content\/uploads\/catalog-hang\/sakura\/catalogue-sakura-2023-42.jpg\" alt=\"Catalogue Sakura 2023\" width=\"1067\" height=\"1509\" title=\"\"><br \/>\n<img loading=\"lazy\" decoding=\"async\" class=\"size-full wp-image-18909\" src=\"https:\/\/livinghome.vn\/thiet-bi\/wp-content\/uploads\/catalog-hang\/sakura\/catalogue-sakura-2023-43.jpg\" alt=\"Catalogue Sakura 2023\" width=\"1067\" height=\"1509\" title=\"\"><br \/>\n<img loading=\"lazy\" decoding=\"async\" class=\"size-full wp-image-18909\" src=\"https:\/\/livinghome.vn\/thiet-bi\/wp-content\/uploads\/catalog-hang\/sakura\/catalogue-sakura-2023-44.jpg\" alt=\"Catalogue Sakura 2023\" width=\"1067\" height=\"1509\" title=\"\"><br \/>\n<img loading=\"lazy\" decoding=\"async\" class=\"size-full wp-image-18909\" src=\"https:\/\/livinghome.vn\/thiet-bi\/wp-content\/uploads\/catalog-hang\/sakura\/catalogue-sakura-2023-45.jpg\" alt=\"Catalogue Sakura 2023\" width=\"1067\" height=\"1509\" title=\"\"><br \/>\n<img loading=\"lazy\" decoding=\"async\" class=\"size-full wp-image-18909\" src=\"https:\/\/livinghome.vn\/thiet-bi\/wp-content\/uploads\/catalog-hang\/sakura\/catalogue-sakura-2023-46.jpg\" alt=\"Catalogue Sakura 2023\" width=\"1067\" height=\"1509\" title=\"\"><br \/>\n<img loading=\"lazy\" decoding=\"async\" class=\"size-full wp-image-18909\" src=\"https:\/\/livinghome.vn\/thiet-bi\/wp-content\/uploads\/catalog-hang\/sakura\/catalogue-sakura-2023-47.jpg\" alt=\"Catalogue Sakura 2023\" width=\"1067\" height=\"1509\" title=\"\"><br \/>\n<img loading=\"lazy\" decoding=\"async\" class=\"size-full wp-image-18909\" src=\"https:\/\/livinghome.vn\/thiet-bi\/wp-content\/uploads\/catalog-hang\/sakura\/catalogue-sakura-2023-48.jpg\" alt=\"Catalogue Sakura 2023\" width=\"1067\" height=\"1509\" title=\"\"><br \/>\n<img loading=\"lazy\" decoding=\"async\" class=\"size-full wp-image-18909\" src=\"https:\/\/livinghome.vn\/thiet-bi\/wp-content\/uploads\/catalog-hang\/sakura\/catalogue-sakura-2023-49.jpg\" alt=\"Catalogue Sakura 2023\" width=\"1067\" height=\"1509\" title=\"\"><br \/>\n<img loading=\"lazy\" decoding=\"async\" class=\"size-full wp-image-18909\" src=\"https:\/\/livinghome.vn\/thiet-bi\/wp-content\/uploads\/catalog-hang\/sakura\/catalogue-sakura-2023-50.jpg\" alt=\"Catalogue Sakura 2023\" width=\"1067\" height=\"1509\" title=\"\"><br \/>\n<img loading=\"lazy\" decoding=\"async\" class=\"size-full wp-image-18909\" src=\"https:\/\/livinghome.vn\/thiet-bi\/wp-content\/uploads\/catalog-hang\/sakura\/catalogue-sakura-2023-51.jpg\" alt=\"Catalogue Sakura 2023\" width=\"1067\" height=\"1509\" title=\"\"><\/p>\n","protected":false},"excerpt":{"rendered":"<h3>C\u1eadp nh\u1eadt phi\u00ean b\u1ea3n Catalogue m\u1edbi nh\u1ea5t c\u1ee7a Th\u01b0\u01a1ng hi\u1ec7u Sakura &#8211; \u0110\u00e0i Loan<\/h3>\n<ul>\n<li>B\u1ebfp \u0111i\u1ec7n t\u1eeb c\u00e1c lo\u1ea1i<\/li>\n<li>B\u1ebfp gas c\u00e1c lo\u1ea1i<\/li>\n<li>M\u00e1y h\u00fat m\u00f9i c\u00e1c lo\u1ea1i<\/li>\n<li>M\u00e1y r\u1eeda ch\u00e9n b\u00e1t<\/li>\n<li>M\u00e1y l\u1ecdc n\u01b0\u1edbc<\/li>\n<\/ul>\n","protected":false},"featured_media":18909,"comment_status":"open","ping_status":"closed","template":"","meta":[],"product_brand":[],"product_cat":[1830,70],"product_tag":[1780,2046,1832,2044,2045,1829,1804,1803],"class_list":{"0":"post-19012","1":"product","2":"type-product","3":"status-publish","4":"has-post-thumbnail","6":"product_cat-thuong-hieu-sakura","7":"product_cat-catalogue-thuong-hieu","8":"product_tag-bep-dien-tu-sakura","9":"product_tag-bep-gas-duong-sakura","10":"product_tag-bep-gas-sakura","11":"product_tag-bep-hong-ngoai-sakura","12":"product_tag-bep-tu-sakura","13":"product_tag-catalogue-sakura","14":"product_tag-may-hut-mui-sakura","15":"product_tag-sakura","17":"first","18":"instock","19":"shipping-taxable","20":"product-type-simple"},"_links":{"self":[{"href":"https:\/\/livinghome.vn\/thiet-bi\/wp-json\/wp\/v2\/product\/19012","targetHints":{"allow":["GET"]}}],"collection":[{"href":"https:\/\/livinghome.vn\/thiet-bi\/wp-json\/wp\/v2\/product"}],"about":[{"href":"https:\/\/livinghome.vn\/thiet-bi\/wp-json\/wp\/v2\/types\/product"}],"replies":[{"embeddable":true,"href":"https:\/\/livinghome.vn\/thiet-bi\/wp-json\/wp\/v2\/comments?post=19012"}],"wp:featuredmedia":[{"embeddable":true,"href":"https:\/\/livinghome.vn\/thiet-bi\/wp-json\/wp\/v2\/media\/18909"}],"wp:attachment":[{"href":"https:\/\/livinghome.vn\/thiet-bi\/wp-json\/wp\/v2\/media?parent=19012"}],"wp:term":[{"taxonomy":"product_brand","embeddable":true,"href":"https:\/\/livinghome.vn\/thiet-bi\/wp-json\/wp\/v2\/product_brand?post=19012"},{"taxonomy":"product_cat","embeddable":true,"href":"https:\/\/livinghome.vn\/thiet-bi\/wp-json\/wp\/v2\/product_cat?post=19012"},{"taxonomy":"product_tag","embeddable":true,"href":"https:\/\/livinghome.vn\/thiet-bi\/wp-json\/wp\/v2\/product_tag?post=19012"}],"curies":[{"name":"wp","href":"https:\/\/api.w.org\/{rel}","templated":true}]}}