{"id":18737,"date":"2023-11-03T16:36:34","date_gmt":"2023-11-03T09:36:34","guid":{"rendered":"https:\/\/livinghome.vn\/thiet-bi\/?post_type=product&#038;p=18737"},"modified":"2024-11-29T14:19:06","modified_gmt":"2024-11-29T07:19:06","slug":"bep-gas-don-sakura-sa-310ag","status":"publish","type":"product","link":"https:\/\/livinghome.vn\/thiet-bi\/bep-gas-don-sakura-sa-310ag\/","title":{"rendered":"B\u1ebfp Gas \u0110\u01a1n Sakura SA-310AG"},"content":{"rendered":"<h2>M\u1eabu B\u1ebfp Gas \u0110\u01a1n \u0110\u1eb9p Ti\u1ebft Ki\u1ec7m Nhi\u00ean Li\u1ec7u<\/h2>\n<ul>\n<li>Model: Sakura SA-310AG<\/li>\n<li>Lo\u1ea1i: B\u1ebfp gas \u0111\u01a1n \u0111\u1ec3 n\u1ed5i v\u1edbi m\u1eb7t k\u00ednh c\u01b0\u1eddng l\u1ef1c v\u00e0 \u0111\u1ea7u \u0111\u1ed1t h\u1ee3p kim \u0111\u1ed3ng<\/li>\n<\/ul>\n<figure id=\"attachment_18736\" aria-describedby=\"caption-attachment-18736\" style=\"width: 800px\" class=\"wp-caption alignnone\"><img loading=\"lazy\" decoding=\"async\" class=\"wp-image-18736 size-full\" src=\"https:\/\/livinghome.vn\/thiet-bi\/wp-content\/uploads\/san-pham\/bep-gas\/bep-gas-sakura\/bep-ga-don-sakura-sa-310ag\/bep-ga-don-sakura-sa-310ag-1.jpg\" alt=\"B\u1ebfp Gas \u0110\u01a1n Sakura SA-310AG\" width=\"800\" height=\"800\" title=\"\" srcset=\"https:\/\/livinghome.vn\/thiet-bi\/wp-content\/uploads\/san-pham\/bep-gas\/bep-gas-sakura\/bep-ga-don-sakura-sa-310ag\/bep-ga-don-sakura-sa-310ag-1.jpg 800w, https:\/\/livinghome.vn\/thiet-bi\/wp-content\/uploads\/san-pham\/bep-gas\/bep-gas-sakura\/bep-ga-don-sakura-sa-310ag\/bep-ga-don-sakura-sa-310ag-1-400x400.jpg 400w, https:\/\/livinghome.vn\/thiet-bi\/wp-content\/uploads\/san-pham\/bep-gas\/bep-gas-sakura\/bep-ga-don-sakura-sa-310ag\/bep-ga-don-sakura-sa-310ag-1-280x280.jpg 280w, https:\/\/livinghome.vn\/thiet-bi\/wp-content\/uploads\/san-pham\/bep-gas\/bep-gas-sakura\/bep-ga-don-sakura-sa-310ag\/bep-ga-don-sakura-sa-310ag-1-768x768.jpg 768w, https:\/\/livinghome.vn\/thiet-bi\/wp-content\/uploads\/san-pham\/bep-gas\/bep-gas-sakura\/bep-ga-don-sakura-sa-310ag\/bep-ga-don-sakura-sa-310ag-1-300x300.jpg 300w, https:\/\/livinghome.vn\/thiet-bi\/wp-content\/uploads\/san-pham\/bep-gas\/bep-gas-sakura\/bep-ga-don-sakura-sa-310ag\/bep-ga-don-sakura-sa-310ag-1-600x600.jpg 600w, https:\/\/livinghome.vn\/thiet-bi\/wp-content\/uploads\/san-pham\/bep-gas\/bep-gas-sakura\/bep-ga-don-sakura-sa-310ag\/bep-ga-don-sakura-sa-310ag-1-100x100.jpg 100w\" sizes=\"auto, (max-width: 800px) 100vw, 800px\" \/><figcaption id=\"caption-attachment-18736\" class=\"wp-caption-text\">H\u00ecnh \u1ea3nh th\u1ef1c t\u1ebf c\u1ee7a B\u1ebfp Gas \u0110\u01a1n Sakura SA-310AG<\/figcaption><\/figure>\n<h2>\u0110\u1eb7c \u0111i\u1ec3m n\u1ed5i b\u1eadt<\/h2>\n<ul>\n<li>\u0110\u00e1nh l\u1eeda \u0110\u00e1nh l\u1eeda magneto<\/li>\n<li>M\u1eb7t b\u1ebfp M\u1eb7t k\u00ednh c\u01b0\u1eddng l\u1ef1c an to\u00e0n<\/li>\n<li>\u0110i\u1ebfu \u0110i\u1ebfu inox<\/li>\n<li>Ki\u1ec1ng b\u1ebfp Ki\u1ec1ng th\u00e9p tr\u00e1ng men<\/li>\n<li>B\u1ed9 \u0111\u1ea7u \u0111\u1ed1t B\u00e9c \u0111\u1ed3ng \u03c676mm<\/li>\n<\/ul>\n<h2>Th\u00f4ng s\u1ed1 k\u1ef9 thu\u1eadt<\/h2>\n<ul>\n<li>K\u00edch th\u01b0\u1edbc s\u1ea3n ph\u1ea9m W390 x D290 x H133 mm<\/li>\n<li>L\u01b0\u1ee3ng gas ti\u00eau th\u1ee5 0.21kg\/gi\u1edd\/l\u00f2<\/li>\n<li>Tr\u1ecdng l\u01b0\u1ee3ng 2.4kg<\/li>\n<\/ul>\n<p>&nbsp;<\/p>\n<figure id=\"attachment_18735\" aria-describedby=\"caption-attachment-18735\" style=\"width: 800px\" class=\"wp-caption alignnone\"><img loading=\"lazy\" decoding=\"async\" class=\"wp-image-18735 size-full\" src=\"https:\/\/livinghome.vn\/thiet-bi\/wp-content\/uploads\/san-pham\/bep-gas\/bep-gas-sakura\/bep-ga-don-sakura-sa-310ag\/bep-ga-don-sakura-sa-310ag-2.jpg\" alt=\"B\u1ebfp Gas \u0110\u01a1n Sakura SA-310AG\" width=\"800\" height=\"800\" title=\"\" srcset=\"https:\/\/livinghome.vn\/thiet-bi\/wp-content\/uploads\/san-pham\/bep-gas\/bep-gas-sakura\/bep-ga-don-sakura-sa-310ag\/bep-ga-don-sakura-sa-310ag-2.jpg 800w, https:\/\/livinghome.vn\/thiet-bi\/wp-content\/uploads\/san-pham\/bep-gas\/bep-gas-sakura\/bep-ga-don-sakura-sa-310ag\/bep-ga-don-sakura-sa-310ag-2-400x400.jpg 400w, https:\/\/livinghome.vn\/thiet-bi\/wp-content\/uploads\/san-pham\/bep-gas\/bep-gas-sakura\/bep-ga-don-sakura-sa-310ag\/bep-ga-don-sakura-sa-310ag-2-280x280.jpg 280w, https:\/\/livinghome.vn\/thiet-bi\/wp-content\/uploads\/san-pham\/bep-gas\/bep-gas-sakura\/bep-ga-don-sakura-sa-310ag\/bep-ga-don-sakura-sa-310ag-2-768x768.jpg 768w, https:\/\/livinghome.vn\/thiet-bi\/wp-content\/uploads\/san-pham\/bep-gas\/bep-gas-sakura\/bep-ga-don-sakura-sa-310ag\/bep-ga-don-sakura-sa-310ag-2-300x300.jpg 300w, https:\/\/livinghome.vn\/thiet-bi\/wp-content\/uploads\/san-pham\/bep-gas\/bep-gas-sakura\/bep-ga-don-sakura-sa-310ag\/bep-ga-don-sakura-sa-310ag-2-600x600.jpg 600w, https:\/\/livinghome.vn\/thiet-bi\/wp-content\/uploads\/san-pham\/bep-gas\/bep-gas-sakura\/bep-ga-don-sakura-sa-310ag\/bep-ga-don-sakura-sa-310ag-2-100x100.jpg 100w\" sizes=\"auto, (max-width: 800px) 100vw, 800px\" \/><figcaption id=\"caption-attachment-18735\" class=\"wp-caption-text\">S\u1ea3n ph\u1ea9m ch\u1ea5t l\u01b0\u1ee3ng, an to\u00e0n cho ng\u01b0\u1eddi ti\u00eau d\u00f9ng theo ti\u00eau chu\u1ea9n c\u1ee7a Sakura \u0110\u00e0i Loan<\/figcaption><\/figure>\n<h2>Xu\u1ea5t x\u1ee9: Vi\u1ec7t Nam<\/h2>\n<p><strong>*** B\u1ebfp Gas \u0110\u01a1n Sakura SA-310AG \u0111\u01b0\u1ee3c b\u00e1n ch\u00ednh th\u1ee9c t\u1ea1i Living Home Appliances<\/strong><\/p>\n","protected":false},"excerpt":{"rendered":"<h2>B\u1ebfp Ga D\u01b0\u01a1ng Sakura SA-310AG &#8211; 1 V\u00f9ng N\u1ea5u<\/h2>\n<ul>\n<li>K\u00edch th\u01b0\u1edbc s\u1ea3n ph\u1ea9m W390 x D290 x H133 mm<\/li>\n<li>L\u01b0\u1ee3ng gas ti\u00eau th\u1ee5 0.21kg\/gi\u1edd\/l\u00f2<\/li>\n<li>Tr\u1ecdng l\u01b0\u1ee3ng 2.4kg<\/li>\n<\/ul>\n","protected":false},"featured_media":18736,"comment_status":"open","ping_status":"closed","template":"","meta":[],"product_brand":[],"product_cat":[1830,123,1805],"product_tag":[1833,1834,1832,1803],"class_list":{"0":"post-18737","1":"product","2":"type-product","3":"status-publish","4":"has-post-thumbnail","6":"product_cat-thuong-hieu-sakura","7":"product_cat-bep-gas","8":"product_cat-bep-gas-sakura","9":"product_tag-bep-gas-don","10":"product_tag-bep-gas-duong","11":"product_tag-bep-gas-sakura","12":"product_tag-sakura","14":"first","15":"instock","16":"sale","17":"shipping-taxable","18":"purchasable","19":"product-type-simple"},"_links":{"self":[{"href":"https:\/\/livinghome.vn\/thiet-bi\/wp-json\/wp\/v2\/product\/18737","targetHints":{"allow":["GET"]}}],"collection":[{"href":"https:\/\/livinghome.vn\/thiet-bi\/wp-json\/wp\/v2\/product"}],"about":[{"href":"https:\/\/livinghome.vn\/thiet-bi\/wp-json\/wp\/v2\/types\/product"}],"replies":[{"embeddable":true,"href":"https:\/\/livinghome.vn\/thiet-bi\/wp-json\/wp\/v2\/comments?post=18737"}],"wp:featuredmedia":[{"embeddable":true,"href":"https:\/\/livinghome.vn\/thiet-bi\/wp-json\/wp\/v2\/media\/18736"}],"wp:attachment":[{"href":"https:\/\/livinghome.vn\/thiet-bi\/wp-json\/wp\/v2\/media?parent=18737"}],"wp:term":[{"taxonomy":"product_brand","embeddable":true,"href":"https:\/\/livinghome.vn\/thiet-bi\/wp-json\/wp\/v2\/product_brand?post=18737"},{"taxonomy":"product_cat","embeddable":true,"href":"https:\/\/livinghome.vn\/thiet-bi\/wp-json\/wp\/v2\/product_cat?post=18737"},{"taxonomy":"product_tag","embeddable":true,"href":"https:\/\/livinghome.vn\/thiet-bi\/wp-json\/wp\/v2\/product_tag?post=18737"}],"curies":[{"name":"wp","href":"https:\/\/api.w.org\/{rel}","templated":true}]}}