{"id":18661,"date":"2023-11-03T14:58:03","date_gmt":"2023-11-03T07:58:03","guid":{"rendered":"https:\/\/livinghome.vn\/thiet-bi\/?post_type=product&#038;p=18661"},"modified":"2024-11-29T14:19:07","modified_gmt":"2024-11-29T07:19:07","slug":"bep-gas-am-doi-sakura-sg2520gb","status":"publish","type":"product","link":"https:\/\/livinghome.vn\/thiet-bi\/bep-gas-am-doi-sakura-sg2520gb\/","title":{"rendered":"B\u1ebfp Gas \u00c2m \u0110\u00f4i Sakura SG2520GB"},"content":{"rendered":"<h2>B\u1ebfp Gas \u00c2m \u0110\u00f4i SAKURA SG2520GB<\/h2>\n<figure id=\"attachment_18658\" aria-describedby=\"caption-attachment-18658\" style=\"width: 800px\" class=\"wp-caption alignnone\"><img loading=\"lazy\" decoding=\"async\" class=\"wp-image-18658 size-full\" src=\"https:\/\/livinghome.vn\/thiet-bi\/wp-content\/uploads\/san-pham\/bep-gas\/bep-gas-sakura\/bep-gas-am-doi-sakura-sg2520gb\/bep-gas-am-doi-sakura-sg2530gb-1.jpg\" alt=\"B\u1ebfp Gas \u00c2m \u0110\u00f4i SAKURA SG2520GB\" width=\"800\" height=\"800\" title=\"\"><figcaption id=\"caption-attachment-18658\" class=\"wp-caption-text\">B\u1ebfp Gas \u00c2m \u0110\u00f4i SAKURA SG2520GB<\/figcaption><\/figure>\n<table class=\"woocommerce-product-attributes shop_attributes\">\n<tbody>\n<tr class=\"woocommerce-product-attributes-item woocommerce-product-attributes-item--attribute_pa_danh-lua\">\n<th class=\"woocommerce-product-attributes-item__label\">\u0110\u00e1nh l\u1eeda<\/th>\n<td class=\"woocommerce-product-attributes-item__value\">\u0110\u00e1nh l\u1eeda IC<\/td>\n<\/tr>\n<tr class=\"woocommerce-product-attributes-item woocommerce-product-attributes-item--attribute_pa_mat-bep\">\n<th class=\"woocommerce-product-attributes-item__label\">M\u1eb7t b\u1ebfp<\/th>\n<td class=\"woocommerce-product-attributes-item__value\">M\u1eb7t k\u00ednh c\u01b0\u1eddng l\u1ef1c an to\u00e0n<\/td>\n<\/tr>\n<tr class=\"woocommerce-product-attributes-item woocommerce-product-attributes-item--attribute_pa_dieu\">\n<th class=\"woocommerce-product-attributes-item__label\">\u0110i\u1ebfu<\/th>\n<td class=\"woocommerce-product-attributes-item__value\">B\u1ed9 \u0111i\u1ebfu gang \u0111\u00fac li\u1ec1n kh\u1ed1i<\/td>\n<\/tr>\n<tr class=\"woocommerce-product-attributes-item woocommerce-product-attributes-item--attribute_pa_kieng-bep\">\n<th class=\"woocommerce-product-attributes-item__label\">Ki\u1ec1ng b\u1ebfp<\/th>\n<td class=\"woocommerce-product-attributes-item__value\">Ki\u1ec1ng th\u00e9p tr\u00e1ng men<\/td>\n<\/tr>\n<tr class=\"woocommerce-product-attributes-item woocommerce-product-attributes-item--attribute_pa_bo-dau-dot\">\n<th class=\"woocommerce-product-attributes-item__label\">B\u1ed9 \u0111\u1ea7u \u0111\u1ed1t<\/th>\n<td class=\"woocommerce-product-attributes-item__value\">\u0110\u1ed3ng cao c\u1ea5p (\u00d8100mm)<\/td>\n<\/tr>\n<tr class=\"woocommerce-product-attributes-item woocommerce-product-attributes-item--attribute_pa_luong-gas-tieu-thu\">\n<th class=\"woocommerce-product-attributes-item__label\">L\u01b0\u1ee3ng gas ti\u00eau th\u1ee5<\/th>\n<td class=\"woocommerce-product-attributes-item__value\">0.28kg\/gi\u1edd\/l\u00f2<\/td>\n<\/tr>\n<tr class=\"woocommerce-product-attributes-item woocommerce-product-attributes-item--attribute_pa_kich-thuoc-san-pham\">\n<th class=\"woocommerce-product-attributes-item__label\">K\u00edch th\u01b0\u1edbc s\u1ea3n ph\u1ea9m<\/th>\n<td class=\"woocommerce-product-attributes-item__value\">W710 x D410 x H131mm<\/td>\n<\/tr>\n<tr class=\"woocommerce-product-attributes-item woocommerce-product-attributes-item--attribute_pa_kich-thuoc-khoet-da\">\n<th class=\"woocommerce-product-attributes-item__label\">K\u00edch th\u01b0\u1edbc kho\u00e9t \u0111\u00e1<\/th>\n<td class=\"woocommerce-product-attributes-item__value\">W625 x D355mm, R75<\/td>\n<\/tr>\n<tr class=\"woocommerce-product-attributes-item woocommerce-product-attributes-item--attribute_pa_trong-luong\">\n<th class=\"woocommerce-product-attributes-item__label\">Tr\u1ecdng l\u01b0\u1ee3ng<\/th>\n<td class=\"woocommerce-product-attributes-item__value\">9.4kg<\/td>\n<\/tr>\n<tr class=\"woocommerce-product-attributes-item woocommerce-product-attributes-item--attribute_pa_xuat-xu\">\n<th class=\"woocommerce-product-attributes-item__label\">Xu\u1ea5t x\u1ee9<\/th>\n<td class=\"woocommerce-product-attributes-item__value\">Vi\u1ec7t Nam<\/td>\n<\/tr>\n<\/tbody>\n<\/table>\n<figure id=\"attachment_18660\" aria-describedby=\"caption-attachment-18660\" style=\"width: 800px\" class=\"wp-caption alignnone\"><img loading=\"lazy\" decoding=\"async\" class=\"wp-image-18660 size-full\" src=\"https:\/\/livinghome.vn\/thiet-bi\/wp-content\/uploads\/san-pham\/bep-gas\/bep-gas-sakura\/bep-gas-am-doi-sakura-sg2520gb\/bep-gas-am-doi-sakura-sg2530gb-2.jpg\" alt=\"B\u1ebfp Gas \u00c2m \u0110\u00f4i SAKURA SG2520GB\" width=\"800\" height=\"800\" title=\"\"><figcaption id=\"caption-attachment-18660\" class=\"wp-caption-text\">B\u1ebfp Gas \u00c2m \u0110\u00f4i SAKURA SG2520GB<\/figcaption><\/figure>\n<figure id=\"attachment_18659\" aria-describedby=\"caption-attachment-18659\" style=\"width: 800px\" class=\"wp-caption alignnone\"><img loading=\"lazy\" decoding=\"async\" class=\"wp-image-18659 size-full\" src=\"https:\/\/livinghome.vn\/thiet-bi\/wp-content\/uploads\/san-pham\/bep-gas\/bep-gas-sakura\/bep-gas-am-doi-sakura-sg2520gb\/bep-gas-am-doi-sakura-sg2530gb-3.jpg\" alt=\"B\u1ebfp Gas \u00c2m \u0110\u00f4i SAKURA SG2520GB\" width=\"800\" height=\"800\" title=\"\"><figcaption id=\"caption-attachment-18659\" class=\"wp-caption-text\">B\u1ebfp Gas \u00c2m \u0110\u00f4i SAKURA SG2520GB<\/figcaption><\/figure>\n","protected":false},"excerpt":{"rendered":"<table class=\"woocommerce-product-attributes shop_attributes\">\n<tbody>\n<tr class=\"woocommerce-product-attributes-item woocommerce-product-attributes-item--attribute_pa_danh-lua\">\n<th class=\"woocommerce-product-attributes-item__label\">\u0110\u00e1nh l\u1eeda<\/th>\n<td class=\"woocommerce-product-attributes-item__value\">\u0110\u00e1nh l\u1eeda IC<\/td>\n<\/tr>\n<tr class=\"woocommerce-product-attributes-item woocommerce-product-attributes-item--attribute_pa_mat-bep\">\n<th class=\"woocommerce-product-attributes-item__label\">M\u1eb7t b\u1ebfp<\/th>\n<td class=\"woocommerce-product-attributes-item__value\">M\u1eb7t k\u00ednh c\u01b0\u1eddng l\u1ef1c an to\u00e0n<\/td>\n<\/tr>\n<tr class=\"woocommerce-product-attributes-item woocommerce-product-attributes-item--attribute_pa_dieu\">\n<th class=\"woocommerce-product-attributes-item__label\">\u0110i\u1ebfu<\/th>\n<td class=\"woocommerce-product-attributes-item__value\">B\u1ed9 \u0111i\u1ebfu gang \u0111\u00fac li\u1ec1n kh\u1ed1i<\/td>\n<\/tr>\n<tr class=\"woocommerce-product-attributes-item woocommerce-product-attributes-item--attribute_pa_kieng-bep\">\n<th class=\"woocommerce-product-attributes-item__label\">Ki\u1ec1ng b\u1ebfp<\/th>\n<td class=\"woocommerce-product-attributes-item__value\">Ki\u1ec1ng th\u00e9p tr\u00e1ng men<\/td>\n<\/tr>\n<tr class=\"woocommerce-product-attributes-item woocommerce-product-attributes-item--attribute_pa_bo-dau-dot\">\n<th class=\"woocommerce-product-attributes-item__label\">B\u1ed9 \u0111\u1ea7u \u0111\u1ed1t<\/th>\n<td class=\"woocommerce-product-attributes-item__value\">\u0110\u1ed3ng cao c\u1ea5p (\u00d8100mm)<\/td>\n<\/tr>\n<tr class=\"woocommerce-product-attributes-item woocommerce-product-attributes-item--attribute_pa_luong-gas-tieu-thu\">\n<th class=\"woocommerce-product-attributes-item__label\">L\u01b0\u1ee3ng gas ti\u00eau th\u1ee5<\/th>\n<td class=\"woocommerce-product-attributes-item__value\">0.28kg\/gi\u1edd\/l\u00f2<\/td>\n<\/tr>\n<tr class=\"woocommerce-product-attributes-item woocommerce-product-attributes-item--attribute_pa_kich-thuoc-san-pham\">\n<th class=\"woocommerce-product-attributes-item__label\">K\u00edch th\u01b0\u1edbc s\u1ea3n ph\u1ea9m<\/th>\n<td class=\"woocommerce-product-attributes-item__value\">W710 x D410 x H131mm<\/td>\n<\/tr>\n<tr class=\"woocommerce-product-attributes-item woocommerce-product-attributes-item--attribute_pa_kich-thuoc-khoet-da\">\n<th class=\"woocommerce-product-attributes-item__label\">K\u00edch th\u01b0\u1edbc kho\u00e9t \u0111\u00e1<\/th>\n<td class=\"woocommerce-product-attributes-item__value\">W625 x D355mm, R75<\/td>\n<\/tr>\n<tr class=\"woocommerce-product-attributes-item woocommerce-product-attributes-item--attribute_pa_trong-luong\">\n<th class=\"woocommerce-product-attributes-item__label\">Tr\u1ecdng l\u01b0\u1ee3ng<\/th>\n<td class=\"woocommerce-product-attributes-item__value\">9.4kg<\/td>\n<\/tr>\n<tr class=\"woocommerce-product-attributes-item woocommerce-product-attributes-item--attribute_pa_xuat-xu\">\n<th class=\"woocommerce-product-attributes-item__label\">Xu\u1ea5t x\u1ee9<\/th>\n<td class=\"woocommerce-product-attributes-item__value\">Vi\u1ec7t Nam<\/td>\n<\/tr>\n<\/tbody>\n<\/table>\n","protected":false},"featured_media":18680,"comment_status":"open","ping_status":"closed","template":"","meta":[],"product_brand":[],"product_cat":[1830,123,1805],"product_tag":[1811,124,126,1815,1816,1817,1820,1819,1818,1814,1807,1812,592,1813,1810,1808],"class_list":{"0":"post-18661","1":"product","2":"type-product","3":"status-publish","4":"has-post-thumbnail","6":"product_cat-thuong-hieu-sakura","7":"product_cat-bep-gas","8":"product_cat-bep-gas-sakura","9":"product_tag-bep-ga-gia-re","10":"product_tag-bep-gas","11":"product_tag-bep-gas-am","12":"product_tag-bep-gas-am-cao-cap","13":"product_tag-bep-gas-am-chinh-hang","14":"product_tag-bep-gas-am-doi","15":"product_tag-bep-gas-am-doi-cao-cap","16":"product_tag-bep-gas-am-doi-chinh-hang","17":"product_tag-bep-gas-am-doi-gia-re","18":"product_tag-bep-gas-am-gia-re","19":"product_tag-bep-gas-cao-cap","20":"product_tag-bep-gas-chinh-hang","21":"product_tag-bep-gas-doi","22":"product_tag-bep-gas-doi-chinh-hang","23":"product_tag-bep-gas-doi-gia-re","24":"product_tag-bep-gas-hien-dai","26":"first","27":"instock","28":"sale","29":"shipping-taxable","30":"purchasable","31":"product-type-simple"},"_links":{"self":[{"href":"https:\/\/livinghome.vn\/thiet-bi\/wp-json\/wp\/v2\/product\/18661","targetHints":{"allow":["GET"]}}],"collection":[{"href":"https:\/\/livinghome.vn\/thiet-bi\/wp-json\/wp\/v2\/product"}],"about":[{"href":"https:\/\/livinghome.vn\/thiet-bi\/wp-json\/wp\/v2\/types\/product"}],"replies":[{"embeddable":true,"href":"https:\/\/livinghome.vn\/thiet-bi\/wp-json\/wp\/v2\/comments?post=18661"}],"wp:featuredmedia":[{"embeddable":true,"href":"https:\/\/livinghome.vn\/thiet-bi\/wp-json\/wp\/v2\/media\/18680"}],"wp:attachment":[{"href":"https:\/\/livinghome.vn\/thiet-bi\/wp-json\/wp\/v2\/media?parent=18661"}],"wp:term":[{"taxonomy":"product_brand","embeddable":true,"href":"https:\/\/livinghome.vn\/thiet-bi\/wp-json\/wp\/v2\/product_brand?post=18661"},{"taxonomy":"product_cat","embeddable":true,"href":"https:\/\/livinghome.vn\/thiet-bi\/wp-json\/wp\/v2\/product_cat?post=18661"},{"taxonomy":"product_tag","embeddable":true,"href":"https:\/\/livinghome.vn\/thiet-bi\/wp-json\/wp\/v2\/product_tag?post=18661"}],"curies":[{"name":"wp","href":"https:\/\/api.w.org\/{rel}","templated":true}]}}