{"id":18656,"date":"2023-11-03T14:54:39","date_gmt":"2023-11-03T07:54:39","guid":{"rendered":"https:\/\/livinghome.vn\/thiet-bi\/?post_type=product&#038;p=18656"},"modified":"2024-11-29T14:19:07","modified_gmt":"2024-11-29T07:19:07","slug":"bep-gas-am-doi-sakura-sg2530gb","status":"publish","type":"product","link":"https:\/\/livinghome.vn\/thiet-bi\/bep-gas-am-doi-sakura-sg2530gb\/","title":{"rendered":"B\u1ebfp Gas \u00c2m \u0110\u00f4i Sakura SG2530GB"},"content":{"rendered":"<h2>B\u1ebfp Gas \u00c2m \u0110\u00f4i SAKURA SG2530GB<\/h2>\n<figure id=\"attachment_18653\" aria-describedby=\"caption-attachment-18653\" style=\"width: 800px\" class=\"wp-caption alignnone\"><img loading=\"lazy\" decoding=\"async\" class=\"wp-image-18653 size-full\" src=\"https:\/\/livinghome.vn\/thiet-bi\/wp-content\/uploads\/san-pham\/bep-gas\/bep-gas-sakura\/bep-gas-am-doi-sakura-sg2530gb\/bep-gas-am-doi-sakura-sg2530gb-2.jpg\" alt=\"B\u1ebfp Gas \u00c2m \u0110\u00f4i SAKURA SG2530GB\" width=\"800\" height=\"800\" title=\"\" srcset=\"https:\/\/livinghome.vn\/thiet-bi\/wp-content\/uploads\/san-pham\/bep-gas\/bep-gas-sakura\/bep-gas-am-doi-sakura-sg2530gb\/bep-gas-am-doi-sakura-sg2530gb-2.jpg 800w, https:\/\/livinghome.vn\/thiet-bi\/wp-content\/uploads\/san-pham\/bep-gas\/bep-gas-sakura\/bep-gas-am-doi-sakura-sg2530gb\/bep-gas-am-doi-sakura-sg2530gb-2-400x400.jpg 400w, https:\/\/livinghome.vn\/thiet-bi\/wp-content\/uploads\/san-pham\/bep-gas\/bep-gas-sakura\/bep-gas-am-doi-sakura-sg2530gb\/bep-gas-am-doi-sakura-sg2530gb-2-280x280.jpg 280w, https:\/\/livinghome.vn\/thiet-bi\/wp-content\/uploads\/san-pham\/bep-gas\/bep-gas-sakura\/bep-gas-am-doi-sakura-sg2530gb\/bep-gas-am-doi-sakura-sg2530gb-2-768x768.jpg 768w, https:\/\/livinghome.vn\/thiet-bi\/wp-content\/uploads\/san-pham\/bep-gas\/bep-gas-sakura\/bep-gas-am-doi-sakura-sg2530gb\/bep-gas-am-doi-sakura-sg2530gb-2-300x300.jpg 300w, https:\/\/livinghome.vn\/thiet-bi\/wp-content\/uploads\/san-pham\/bep-gas\/bep-gas-sakura\/bep-gas-am-doi-sakura-sg2530gb\/bep-gas-am-doi-sakura-sg2530gb-2-600x600.jpg 600w, https:\/\/livinghome.vn\/thiet-bi\/wp-content\/uploads\/san-pham\/bep-gas\/bep-gas-sakura\/bep-gas-am-doi-sakura-sg2530gb\/bep-gas-am-doi-sakura-sg2530gb-2-100x100.jpg 100w\" sizes=\"auto, (max-width: 800px) 100vw, 800px\" \/><figcaption id=\"caption-attachment-18653\" class=\"wp-caption-text\">B\u1ebfp Gas \u00c2m \u0110\u00f4i SAKURA SG2530GB<\/figcaption><\/figure>\n<table class=\"woocommerce-product-attributes shop_attributes\">\n<tbody>\n<tr class=\"woocommerce-product-attributes-item woocommerce-product-attributes-item--attribute_pa_mat-bep\">\n<th class=\"woocommerce-product-attributes-item__label\">M\u1eb7t b\u1ebfp<\/th>\n<td class=\"woocommerce-product-attributes-item__value\">M\u1eb7t k\u00ednh c\u01b0\u1eddng l\u1ef1c (d\u00e0y 6mm)<\/td>\n<\/tr>\n<tr class=\"woocommerce-product-attributes-item woocommerce-product-attributes-item--attribute_pa_danh-lua\">\n<th class=\"woocommerce-product-attributes-item__label\">\u0110\u00e1nh l\u1eeda<\/th>\n<td class=\"woocommerce-product-attributes-item__value\">\u0110\u00e1nh l\u1eeda IC<\/td>\n<\/tr>\n<tr class=\"woocommerce-product-attributes-item woocommerce-product-attributes-item--attribute_pa_bo-dau-dot\">\n<th class=\"woocommerce-product-attributes-item__label\">B\u1ed9 \u0111\u1ea7u \u0111\u1ed1t<\/th>\n<td class=\"woocommerce-product-attributes-item__value\">\u0110\u1ed3ng cao c\u1ea5p (\u00d8120mm x 2) v\u1edbi 2 v\u00f2ng l\u1eeda, s\u01a1n \u0111en<\/td>\n<\/tr>\n<tr class=\"woocommerce-product-attributes-item woocommerce-product-attributes-item--attribute_pa_dieu\">\n<th class=\"woocommerce-product-attributes-item__label\">\u0110i\u1ebfu<\/th>\n<td class=\"woocommerce-product-attributes-item__value\">B\u1ed9 \u0111i\u1ebfu gang \u0111\u00fac li\u1ec1n kh\u1ed1i<\/td>\n<\/tr>\n<tr class=\"woocommerce-product-attributes-item woocommerce-product-attributes-item--attribute_pa_kieng-bep\">\n<th class=\"woocommerce-product-attributes-item__label\">Ki\u1ec1ng b\u1ebfp<\/th>\n<td class=\"woocommerce-product-attributes-item__value\">Ki\u1ec1ng gang 4 ch\u00e2n + ki\u1ec1ng ph\u1ee5<\/td>\n<\/tr>\n<tr class=\"woocommerce-product-attributes-item woocommerce-product-attributes-item--attribute_pa_muc-nhiet-cai-dat\">\n<th class=\"woocommerce-product-attributes-item__label\">M\u1ee9c nhi\u1ec7t c\u00e0i \u0111\u1eb7t<\/th>\n<td class=\"woocommerce-product-attributes-item__value\">5 m\u1ee9c<\/td>\n<\/tr>\n<tr class=\"woocommerce-product-attributes-item woocommerce-product-attributes-item--attribute_pa_tien-ich\">\n<th class=\"woocommerce-product-attributes-item__label\">Ti\u1ec7n \u00edch<\/th>\n<td class=\"woocommerce-product-attributes-item__value\">C\u1ea3m \u1ee9ng ng\u1eaft gas t\u1ef1 \u0111\u1ed9ng, Khay ng\u0103n th\u1ef1c ph\u1ea9m r\u01a1i v\u00e0o b\u00ean trong b\u1ebfp<\/td>\n<\/tr>\n<tr class=\"woocommerce-product-attributes-item woocommerce-product-attributes-item--attribute_pa_luong-gas-tieu-thu\">\n<th class=\"woocommerce-product-attributes-item__label\">L\u01b0\u1ee3ng gas ti\u00eau th\u1ee5<\/th>\n<td class=\"woocommerce-product-attributes-item__value\">0.30kg\/gi\u1edd\/l\u00f2<\/td>\n<\/tr>\n<tr class=\"woocommerce-product-attributes-item woocommerce-product-attributes-item--attribute_pa_nguon\">\n<th class=\"woocommerce-product-attributes-item__label\">Ngu\u1ed3n<\/th>\n<td class=\"woocommerce-product-attributes-item__value\">Pin DC 1.5V x 1<\/td>\n<\/tr>\n<tr class=\"woocommerce-product-attributes-item woocommerce-product-attributes-item--attribute_pa_kich-thuoc-san-pham\">\n<th class=\"woocommerce-product-attributes-item__label\">K\u00edch th\u01b0\u1edbc s\u1ea3n ph\u1ea9m<\/th>\n<td class=\"woocommerce-product-attributes-item__value\">W720 x D410 x H155mm<\/td>\n<\/tr>\n<tr class=\"woocommerce-product-attributes-item woocommerce-product-attributes-item--attribute_pa_kich-thuoc-khoet-da\">\n<th class=\"woocommerce-product-attributes-item__label\">K\u00edch th\u01b0\u1edbc kho\u00e9t \u0111\u00e1<\/th>\n<td class=\"woocommerce-product-attributes-item__value\">W630 x D330mm, R20<\/td>\n<\/tr>\n<tr class=\"woocommerce-product-attributes-item woocommerce-product-attributes-item--attribute_pa_trong-luong\">\n<th class=\"woocommerce-product-attributes-item__label\">Tr\u1ecdng l\u01b0\u1ee3ng<\/th>\n<td class=\"woocommerce-product-attributes-item__value\">12kg<\/td>\n<\/tr>\n<tr class=\"woocommerce-product-attributes-item woocommerce-product-attributes-item--attribute_pa_xuat-xu\">\n<th class=\"woocommerce-product-attributes-item__label\">Xu\u1ea5t x\u1ee9<\/th>\n<td class=\"woocommerce-product-attributes-item__value\">Trung Qu\u1ed1c<\/td>\n<\/tr>\n<\/tbody>\n<\/table>\n<figure id=\"attachment_18654\" aria-describedby=\"caption-attachment-18654\" style=\"width: 800px\" class=\"wp-caption alignnone\"><img loading=\"lazy\" decoding=\"async\" class=\"wp-image-18654 size-full\" src=\"https:\/\/livinghome.vn\/thiet-bi\/wp-content\/uploads\/san-pham\/bep-gas\/bep-gas-sakura\/bep-gas-am-doi-sakura-sg2530gb\/bep-gas-am-doi-sakura-sg2530gb-1.jpg\" alt=\"B\u1ebfp Gas \u00c2m \u0110\u00f4i SAKURA SG2530GB\" width=\"800\" height=\"800\" title=\"\" srcset=\"https:\/\/livinghome.vn\/thiet-bi\/wp-content\/uploads\/san-pham\/bep-gas\/bep-gas-sakura\/bep-gas-am-doi-sakura-sg2530gb\/bep-gas-am-doi-sakura-sg2530gb-1.jpg 800w, https:\/\/livinghome.vn\/thiet-bi\/wp-content\/uploads\/san-pham\/bep-gas\/bep-gas-sakura\/bep-gas-am-doi-sakura-sg2530gb\/bep-gas-am-doi-sakura-sg2530gb-1-400x400.jpg 400w, https:\/\/livinghome.vn\/thiet-bi\/wp-content\/uploads\/san-pham\/bep-gas\/bep-gas-sakura\/bep-gas-am-doi-sakura-sg2530gb\/bep-gas-am-doi-sakura-sg2530gb-1-280x280.jpg 280w, https:\/\/livinghome.vn\/thiet-bi\/wp-content\/uploads\/san-pham\/bep-gas\/bep-gas-sakura\/bep-gas-am-doi-sakura-sg2530gb\/bep-gas-am-doi-sakura-sg2530gb-1-768x768.jpg 768w, https:\/\/livinghome.vn\/thiet-bi\/wp-content\/uploads\/san-pham\/bep-gas\/bep-gas-sakura\/bep-gas-am-doi-sakura-sg2530gb\/bep-gas-am-doi-sakura-sg2530gb-1-300x300.jpg 300w, https:\/\/livinghome.vn\/thiet-bi\/wp-content\/uploads\/san-pham\/bep-gas\/bep-gas-sakura\/bep-gas-am-doi-sakura-sg2530gb\/bep-gas-am-doi-sakura-sg2530gb-1-600x600.jpg 600w, https:\/\/livinghome.vn\/thiet-bi\/wp-content\/uploads\/san-pham\/bep-gas\/bep-gas-sakura\/bep-gas-am-doi-sakura-sg2530gb\/bep-gas-am-doi-sakura-sg2530gb-1-100x100.jpg 100w\" sizes=\"auto, (max-width: 800px) 100vw, 800px\" \/><figcaption id=\"caption-attachment-18654\" class=\"wp-caption-text\">B\u1ebfp Gas \u00c2m \u0110\u00f4i SAKURA SG2530GB<\/figcaption><\/figure>\n","protected":false},"excerpt":{"rendered":"<ul>\n<li>Thi\u1ebft k\u1ebf hi\u1ec7n \u0111\u1ea1i, m\u1eb7t b\u1ebfp k\u00ednh c\u01b0\u1eddng l\u1ef1c ch\u1eafc ch\u1eafn, ch\u1ecbu l\u1ef1c &amp; ch\u1ecbu nhi\u1ec7t cao<\/li>\n<li>B\u1ed9 \u0111i\u1ebfu gang \u0111\u00fac li\u1ec1n kh\u1ed1i si\u00eau b\u1ec1n<\/li>\n<li>Ki\u1ec1ng gang v\u1eefng ch\u1eafc v\u00e0 ki\u1ec1ng ph\u1ee5 ti\u1ec7n d\u1ee5ng, th\u00edch h\u1ee3p cho c\u1ea3 n\u1ed3i ch\u1ea3o nh\u1ecf<\/li>\n<li>Thi\u1ebft k\u1ebf \u0111\u1eb7c bi\u1ec7t v\u1edbi khay ng\u0103n th\u1ef1c ph\u1ea9m r\u01a1i v\u00e0o b\u00ean trong b\u1ebfp, d\u1ec5 d\u00e0ng v\u1ec7 sinh<\/li>\n<li>N\u00fam v\u1eb7n kim lo\u1ea1i th\u1ea9m m\u1ef9, an to\u00e0n v\u1edbi tr\u1ebb em<\/li>\n<li>5 m\u1ee9c \u0111i\u1ec1u ch\u1ec9nh l\u1eeda ti\u1ec7n d\u1ee5ng, \u0111\u00e1p \u1ee9ng m\u1ecdi nhu c\u1ea7u n\u1ea5u \u0103n<\/li>\n<li>B\u1ed9 \u0111\u1ea7u \u0111\u1ed1t \u0111\u1ed3ng cao c\u1ea5p cho 2 v\u00f2ng l\u1eeda xanh, ti\u1ebft ki\u1ec7m gas<\/li>\n<\/ul>\n","protected":false},"featured_media":18653,"comment_status":"open","ping_status":"closed","template":"","meta":[],"product_brand":[],"product_cat":[1830,123,1805],"product_tag":[1811,124,126,1815,1816,1817,1820,1819,1818,1814,1807,1812,592,1813,1810,1808],"class_list":{"0":"post-18656","1":"product","2":"type-product","3":"status-publish","4":"has-post-thumbnail","6":"product_cat-thuong-hieu-sakura","7":"product_cat-bep-gas","8":"product_cat-bep-gas-sakura","9":"product_tag-bep-ga-gia-re","10":"product_tag-bep-gas","11":"product_tag-bep-gas-am","12":"product_tag-bep-gas-am-cao-cap","13":"product_tag-bep-gas-am-chinh-hang","14":"product_tag-bep-gas-am-doi","15":"product_tag-bep-gas-am-doi-cao-cap","16":"product_tag-bep-gas-am-doi-chinh-hang","17":"product_tag-bep-gas-am-doi-gia-re","18":"product_tag-bep-gas-am-gia-re","19":"product_tag-bep-gas-cao-cap","20":"product_tag-bep-gas-chinh-hang","21":"product_tag-bep-gas-doi","22":"product_tag-bep-gas-doi-chinh-hang","23":"product_tag-bep-gas-doi-gia-re","24":"product_tag-bep-gas-hien-dai","26":"first","27":"instock","28":"sale","29":"shipping-taxable","30":"purchasable","31":"product-type-simple"},"_links":{"self":[{"href":"https:\/\/livinghome.vn\/thiet-bi\/wp-json\/wp\/v2\/product\/18656","targetHints":{"allow":["GET"]}}],"collection":[{"href":"https:\/\/livinghome.vn\/thiet-bi\/wp-json\/wp\/v2\/product"}],"about":[{"href":"https:\/\/livinghome.vn\/thiet-bi\/wp-json\/wp\/v2\/types\/product"}],"replies":[{"embeddable":true,"href":"https:\/\/livinghome.vn\/thiet-bi\/wp-json\/wp\/v2\/comments?post=18656"}],"wp:featuredmedia":[{"embeddable":true,"href":"https:\/\/livinghome.vn\/thiet-bi\/wp-json\/wp\/v2\/media\/18653"}],"wp:attachment":[{"href":"https:\/\/livinghome.vn\/thiet-bi\/wp-json\/wp\/v2\/media?parent=18656"}],"wp:term":[{"taxonomy":"product_brand","embeddable":true,"href":"https:\/\/livinghome.vn\/thiet-bi\/wp-json\/wp\/v2\/product_brand?post=18656"},{"taxonomy":"product_cat","embeddable":true,"href":"https:\/\/livinghome.vn\/thiet-bi\/wp-json\/wp\/v2\/product_cat?post=18656"},{"taxonomy":"product_tag","embeddable":true,"href":"https:\/\/livinghome.vn\/thiet-bi\/wp-json\/wp\/v2\/product_tag?post=18656"}],"curies":[{"name":"wp","href":"https:\/\/api.w.org\/{rel}","templated":true}]}}