{"id":1853,"date":"2023-01-12T13:41:59","date_gmt":"2023-01-12T06:41:59","guid":{"rendered":"https:\/\/livinghome.vn\/thiet-bi\/?post_type=product&#038;p=1853"},"modified":"2024-11-29T14:20:36","modified_gmt":"2024-11-29T07:20:36","slug":"lo-vi-song-malloca-mw-820b-am-tu-dung-tich-20l-mau-den-thiet-ke-nho-gon","status":"publish","type":"product","link":"https:\/\/livinghome.vn\/thiet-bi\/lo-vi-song-malloca-mw-820b-am-tu-dung-tich-20l-mau-den-thiet-ke-nho-gon\/","title":{"rendered":"L\u00f2 vi s\u00f3ng Malloca MW-820B \u00e2m t\u1ee7 dung t\u00edch 20L m\u00e0u \u0111en thi\u1ebft k\u1ebf nh\u1ecf g\u1ecdn"},"content":{"rendered":"<h3>L\u00f2 vi s\u00f3ng Malloca MW-820B \u00e2m t\u1ee7 dung t\u00edch 20L m\u00e0u \u0111en thi\u1ebft k\u1ebf nh\u1ecf g\u1ecdn, \u0111\u01b0\u1ee3c trang b\u1ecb th\u00eam nhi\u1ec1u t\u00ednh n\u0103ng \u01b0u vi\u1ec7t v\u00e0 thi\u1ebft k\u1ebf nh\u1ecf g\u1ecdn ph\u00f9 h\u1ee3p l\u1eafp \u0111\u1eb7t t\u1ea1i nhi\u1ec1u v\u1ecb tr\u00ed trong t\u1ee7 b\u1ebfp. Mang \u0111\u1ebfn cho gian b\u1ebfp c\u1ee7a b\u1ea1n v\u1ebb \u0111\u1eb9p sang tr\u1ecdng.<\/h3>\n<figure id=\"attachment_54251\" aria-describedby=\"caption-attachment-54251\" style=\"width: 800px\" class=\"wp-caption alignnone\"><img loading=\"lazy\" decoding=\"async\" class=\"wp-image-54251 size-large\" src=\"https:\/\/livinghome.vn\/thiet-bi\/wp-content\/uploads\/nha-bep\/malloca\/lo-vi-song-am-tu\/lo-vi-song-am-tu-malloca-mw-820b\/lo-vi-song-am-tu-malloca-mw-820b-1-800x800.jpg\" alt=\"L\u00f2 vi s\u00f3ng Malloca MW-820B \u00e2m t\u1ee7 dung t\u00edch 20L m\u00e0u \u0111en thi\u1ebft k\u1ebf nh\u1ecf g\u1ecdn\" width=\"800\" height=\"800\" title=\"\"><figcaption id=\"caption-attachment-54251\" class=\"wp-caption-text\">L\u00f2 vi s\u00f3ng Malloca MW-820B \u00e2m t\u1ee7 dung t\u00edch 20L m\u00e0u \u0111en thi\u1ebft k\u1ebf nh\u1ecf g\u1ecdn<\/figcaption><\/figure>\n<h3>T\u00ednh n\u0103ng c\u01a1 b\u1ea3n<\/h3>\n<ul>\n<li><a href=\"https:\/\/livinghome.vn\/thiet-bi\/lo-vi-song\/\">L\u00f2 vi s\u00f3ng<\/a> &#8211; L\u00f2 vi s\u00f3ng \u00e2m t\u1ee7<\/li>\n<li>M\u1eb7t k\u00ednh m\u00e0u \u0111en<\/li>\n<li>H\u1ec7 th\u1ed1ng \u0111i\u1ec1u khi\u1ec3n n\u00fam v\u1eb7n<\/li>\n<li>5 m\u1ee9c c\u00f4ng su\u1ea5t vi s\u00f3ng<\/li>\n<li>Ch\u1ee9c n\u0103ng vi s\u00f3ng<\/li>\n<li>Ch\u1ee9c n\u0103ng r\u00e3 \u0111\u00f4ng b\u1eb1ng tr\u1ecdng l\u01b0\u1ee3ng<\/li>\n<li>Ch\u1ee9c n\u0103ng r\u00e3 \u0111\u00f4ng b\u1eb1ng th\u1eddi gian<\/li>\n<li>\u0110\u00e8n chi\u1ebfu s\u00e1ng b\u00ean trong<\/li>\n<\/ul>\n<h3>Th\u00f4ng s\u1ed1 k\u1ef9 thu\u1eadt<\/h3>\n<ul>\n<li>Dung t\u00edch: 20L<\/li>\n<li>\u0110i\u1ec7n \u00c1p: 220-240V\/ 50Hz<\/li>\n<li>C\u00f4ng su\u1ea5t:<\/li>\n<li>Vi S\u00f3ng : 800W<\/li>\n<li>N\u01b0\u1edbng: 1000W<\/li>\n<li>K\u00edch th\u01b0\u1edbc: W595 x D343 x H388mm<\/li>\n<\/ul>\n<p>&nbsp;<\/p>\n<p>&nbsp;<\/p>\n<figure id=\"attachment_54250\" aria-describedby=\"caption-attachment-54250\" style=\"width: 800px\" class=\"wp-caption alignnone\"><img loading=\"lazy\" decoding=\"async\" class=\"wp-image-54250 size-large\" src=\"https:\/\/livinghome.vn\/thiet-bi\/wp-content\/uploads\/nha-bep\/malloca\/lo-vi-song-am-tu\/lo-vi-song-am-tu-malloca-mw-820b\/lo-vi-song-am-tu-malloca-mw-820b-2-800x800.jpg\" alt=\"K\u00edch th\u01b0\u1edbc l\u00f2 vi s\u00f3ng Malloca MW-820B \" width=\"800\" height=\"800\" title=\"\"><figcaption id=\"caption-attachment-54250\" class=\"wp-caption-text\">K\u00edch th\u01b0\u1edbc l\u00f2 vi s\u00f3ng Malloca MW-820B<\/figcaption><\/figure>\n<h3>Xu\u1ea5t x\u1ee9: Trung Qu\u1ed1c (theo b\u1ea3n quy\u1ec1n Malloca)<\/h3>\n<div><\/div>\n","protected":false},"excerpt":{"rendered":"<p>L\u00f2 vi s\u00f3ng Malloca MW-820B \u00e2m t\u1ee7 dung t\u00edch 20L m\u00e0u \u0111en thi\u1ebft k\u1ebf nh\u1ecf g\u1ecdn, \u0111\u01b0\u1ee3c trang b\u1ecb th\u00eam nhi\u1ec1u t\u00ednh n\u0103ng \u01b0u vi\u1ec7t v\u00e0 thi\u1ebft k\u1ebf nh\u1ecf g\u1ecdn ph\u00f9 h\u1ee3p l\u1eafp \u0111\u1eb7t t\u1ea1i nhi\u1ec1u v\u1ecb tr\u00ed trong t\u1ee7 b\u1ebfp. Mang \u0111\u1ebfn cho gian b\u1ebfp c\u1ee7a b\u1ea1n v\u1ebb \u0111\u1eb9p sang tr\u1ecdng. T\u00ednh n\u0103ng c\u01a1 [&#8230;]\n","protected":false},"featured_media":1970,"comment_status":"open","ping_status":"closed","template":"","meta":[],"product_brand":[],"product_cat":[159,262],"product_tag":[158,215,160,297,270],"class_list":{"0":"post-1853","1":"product","2":"type-product","3":"status-publish","4":"has-post-thumbnail","6":"product_cat-lo-vi-song","7":"product_cat-thuong-hieu-malloca","8":"product_tag-lo-vi-song","9":"product_tag-lo-vi-song-am","10":"product_tag-lo-vi-song-am-tu","11":"product_tag-lo-vi-song-malloca","12":"product_tag-malloca","14":"first","15":"instock","16":"sale","17":"shipping-taxable","18":"purchasable","19":"product-type-simple"},"_links":{"self":[{"href":"https:\/\/livinghome.vn\/thiet-bi\/wp-json\/wp\/v2\/product\/1853","targetHints":{"allow":["GET"]}}],"collection":[{"href":"https:\/\/livinghome.vn\/thiet-bi\/wp-json\/wp\/v2\/product"}],"about":[{"href":"https:\/\/livinghome.vn\/thiet-bi\/wp-json\/wp\/v2\/types\/product"}],"replies":[{"embeddable":true,"href":"https:\/\/livinghome.vn\/thiet-bi\/wp-json\/wp\/v2\/comments?post=1853"}],"wp:featuredmedia":[{"embeddable":true,"href":"https:\/\/livinghome.vn\/thiet-bi\/wp-json\/wp\/v2\/media\/1970"}],"wp:attachment":[{"href":"https:\/\/livinghome.vn\/thiet-bi\/wp-json\/wp\/v2\/media?parent=1853"}],"wp:term":[{"taxonomy":"product_brand","embeddable":true,"href":"https:\/\/livinghome.vn\/thiet-bi\/wp-json\/wp\/v2\/product_brand?post=1853"},{"taxonomy":"product_cat","embeddable":true,"href":"https:\/\/livinghome.vn\/thiet-bi\/wp-json\/wp\/v2\/product_cat?post=1853"},{"taxonomy":"product_tag","embeddable":true,"href":"https:\/\/livinghome.vn\/thiet-bi\/wp-json\/wp\/v2\/product_tag?post=1853"}],"curies":[{"name":"wp","href":"https:\/\/api.w.org\/{rel}","templated":true}]}}