{"id":18518,"date":"2023-11-02T15:13:49","date_gmt":"2023-11-02T08:13:49","guid":{"rendered":"https:\/\/livinghome.vn\/thiet-bi\/?post_type=product&#038;p=18518"},"modified":"2024-11-29T14:19:08","modified_gmt":"2024-11-29T07:19:08","slug":"may-hut-mui-classic-sakura-sr-3030s-70cm-bac","status":"publish","type":"product","link":"https:\/\/livinghome.vn\/thiet-bi\/may-hut-mui-classic-sakura-sr-3030s-70cm-bac\/","title":{"rendered":"M\u00e1y H\u00fat M\u00f9i Classic Sakura SR-3030S, 70cm, B\u1ea1c"},"content":{"rendered":"<h2>\u00a0Gi\u1edbi Thi\u1ec7u SAKURA SR-3030S<\/h2>\n<figure id=\"attachment_18521\" aria-describedby=\"caption-attachment-18521\" style=\"width: 800px\" class=\"wp-caption alignnone\"><img loading=\"lazy\" decoding=\"async\" class=\"wp-image-18521 size-full\" src=\"https:\/\/livinghome.vn\/thiet-bi\/wp-content\/uploads\/san-pham\/may-hut-mui\/may-hut-mui-sakura\/may-hut-mui-khoi-sakura-sr-3030s\/may-hut-mui-khoi-sakura-sr-3030s-1.jpg\" alt=\"M\u00e1y H\u00fat M\u00f9i Kh\u00f3i SAKURA SR-3030S\" width=\"800\" height=\"800\" title=\"\" srcset=\"https:\/\/livinghome.vn\/thiet-bi\/wp-content\/uploads\/san-pham\/may-hut-mui\/may-hut-mui-sakura\/may-hut-mui-khoi-sakura-sr-3030s\/may-hut-mui-khoi-sakura-sr-3030s-1.jpg 800w, https:\/\/livinghome.vn\/thiet-bi\/wp-content\/uploads\/san-pham\/may-hut-mui\/may-hut-mui-sakura\/may-hut-mui-khoi-sakura-sr-3030s\/may-hut-mui-khoi-sakura-sr-3030s-1-400x400.jpg 400w, https:\/\/livinghome.vn\/thiet-bi\/wp-content\/uploads\/san-pham\/may-hut-mui\/may-hut-mui-sakura\/may-hut-mui-khoi-sakura-sr-3030s\/may-hut-mui-khoi-sakura-sr-3030s-1-280x280.jpg 280w, https:\/\/livinghome.vn\/thiet-bi\/wp-content\/uploads\/san-pham\/may-hut-mui\/may-hut-mui-sakura\/may-hut-mui-khoi-sakura-sr-3030s\/may-hut-mui-khoi-sakura-sr-3030s-1-768x768.jpg 768w, https:\/\/livinghome.vn\/thiet-bi\/wp-content\/uploads\/san-pham\/may-hut-mui\/may-hut-mui-sakura\/may-hut-mui-khoi-sakura-sr-3030s\/may-hut-mui-khoi-sakura-sr-3030s-1-300x300.jpg 300w, https:\/\/livinghome.vn\/thiet-bi\/wp-content\/uploads\/san-pham\/may-hut-mui\/may-hut-mui-sakura\/may-hut-mui-khoi-sakura-sr-3030s\/may-hut-mui-khoi-sakura-sr-3030s-1-600x600.jpg 600w, https:\/\/livinghome.vn\/thiet-bi\/wp-content\/uploads\/san-pham\/may-hut-mui\/may-hut-mui-sakura\/may-hut-mui-khoi-sakura-sr-3030s\/may-hut-mui-khoi-sakura-sr-3030s-1-100x100.jpg 100w\" sizes=\"auto, (max-width: 800px) 100vw, 800px\" \/><figcaption id=\"caption-attachment-18521\" class=\"wp-caption-text\">M\u00e1y H\u00fat M\u00f9i Kh\u00f3i SAKURA SR-3030S<\/figcaption><\/figure>\n<table class=\"woocommerce-product-attributes shop_attributes\">\n<tbody>\n<tr class=\"woocommerce-product-attributes-item woocommerce-product-attributes-item--attribute_pa_chat-lieu-than-may\">\n<th class=\"woocommerce-product-attributes-item__label\">Ch\u1ea5t li\u1ec7u th\u00e2n m\u00e1y<\/th>\n<td class=\"woocommerce-product-attributes-item__value\">Th\u00e2n m\u00e1y inox cao c\u1ea5p<\/td>\n<\/tr>\n<tr class=\"woocommerce-product-attributes-item woocommerce-product-attributes-item--attribute_pa_bang-dieu-khien\">\n<th class=\"woocommerce-product-attributes-item__label\">B\u1ea3ng \u0111i\u1ec1u khi\u1ec3n<\/th>\n<td class=\"woocommerce-product-attributes-item__value\">\u0110i\u1ec1u khi\u1ec3n n\u00fat nh\u1ea5n d\u1ea1ng truy\u1ec1n th\u1ed1ng<\/td>\n<\/tr>\n<tr class=\"woocommerce-product-attributes-item woocommerce-product-attributes-item--attribute_pa_he-thong-hut-xa\">\n<th class=\"woocommerce-product-attributes-item__label\">H\u1ec7 th\u1ed1ng h\u00fat x\u1ea3<\/th>\n<td class=\"woocommerce-product-attributes-item__value\">H\u00fat \u2013 x\u1ea3 tr\u1ef1c ti\u1ebfp b\u1eb1ng \u1ed1ng tho\u00e1t ho\u1eb7c kh\u1eed m\u00f9i b\u1eb1ng than ho\u1ea1t t\u00ednh<\/td>\n<\/tr>\n<tr class=\"woocommerce-product-attributes-item woocommerce-product-attributes-item--attribute_pa_muc-toc-do\">\n<th class=\"woocommerce-product-attributes-item__label\">M\u1ee9c t\u1ed1c \u0111\u1ed9<\/th>\n<td class=\"woocommerce-product-attributes-item__value\">3 m\u1ee9c<\/td>\n<\/tr>\n<tr class=\"woocommerce-product-attributes-item woocommerce-product-attributes-item--attribute_pa_luoi-loc\">\n<th class=\"woocommerce-product-attributes-item__label\">L\u01b0\u1edbi l\u1ecdc<\/th>\n<td class=\"woocommerce-product-attributes-item__value\">2 l\u01b0\u1edbi l\u1ecdc d\u1ea7u nh\u00f4m 3 l\u1edbp<\/td>\n<\/tr>\n<tr class=\"woocommerce-product-attributes-item woocommerce-product-attributes-item--attribute_pa_so-luong-motor\">\n<th class=\"woocommerce-product-attributes-item__label\">S\u1ed1 l\u01b0\u1ee3ng Motor<\/th>\n<td class=\"woocommerce-product-attributes-item__value\">2 motor<\/td>\n<\/tr>\n<tr class=\"woocommerce-product-attributes-item woocommerce-product-attributes-item--attribute_pa_den-chieu-sang\">\n<th class=\"woocommerce-product-attributes-item__label\">\u0110\u00e8n chi\u1ebfu s\u00e1ng<\/th>\n<td class=\"woocommerce-product-attributes-item__value\">\u0110\u00e8n LED x 2<\/td>\n<\/tr>\n<tr class=\"woocommerce-product-attributes-item woocommerce-product-attributes-item--attribute_pa_lap-dat\">\n<th class=\"woocommerce-product-attributes-item__label\">L\u1eafp \u0111\u1eb7t<\/th>\n<td class=\"woocommerce-product-attributes-item__value\">\u00c1p t\u01b0\u1eddng<\/td>\n<\/tr>\n<\/tbody>\n<\/table>\n<p>&nbsp;<\/p>\n<figure id=\"attachment_18520\" aria-describedby=\"caption-attachment-18520\" style=\"width: 800px\" class=\"wp-caption alignnone\"><img loading=\"lazy\" decoding=\"async\" class=\"wp-image-18520 size-full\" src=\"https:\/\/livinghome.vn\/thiet-bi\/wp-content\/uploads\/san-pham\/may-hut-mui\/may-hut-mui-sakura\/may-hut-mui-khoi-sakura-sr-3030s\/may-hut-mui-khoi-sakura-sr-3030s-2.jpg\" alt=\"M\u00e1y H\u00fat M\u00f9i Kh\u00f3i SAKURA SR-3030S\" width=\"800\" height=\"800\" title=\"\" srcset=\"https:\/\/livinghome.vn\/thiet-bi\/wp-content\/uploads\/san-pham\/may-hut-mui\/may-hut-mui-sakura\/may-hut-mui-khoi-sakura-sr-3030s\/may-hut-mui-khoi-sakura-sr-3030s-2.jpg 800w, https:\/\/livinghome.vn\/thiet-bi\/wp-content\/uploads\/san-pham\/may-hut-mui\/may-hut-mui-sakura\/may-hut-mui-khoi-sakura-sr-3030s\/may-hut-mui-khoi-sakura-sr-3030s-2-400x400.jpg 400w, https:\/\/livinghome.vn\/thiet-bi\/wp-content\/uploads\/san-pham\/may-hut-mui\/may-hut-mui-sakura\/may-hut-mui-khoi-sakura-sr-3030s\/may-hut-mui-khoi-sakura-sr-3030s-2-280x280.jpg 280w, https:\/\/livinghome.vn\/thiet-bi\/wp-content\/uploads\/san-pham\/may-hut-mui\/may-hut-mui-sakura\/may-hut-mui-khoi-sakura-sr-3030s\/may-hut-mui-khoi-sakura-sr-3030s-2-768x768.jpg 768w, https:\/\/livinghome.vn\/thiet-bi\/wp-content\/uploads\/san-pham\/may-hut-mui\/may-hut-mui-sakura\/may-hut-mui-khoi-sakura-sr-3030s\/may-hut-mui-khoi-sakura-sr-3030s-2-300x300.jpg 300w, https:\/\/livinghome.vn\/thiet-bi\/wp-content\/uploads\/san-pham\/may-hut-mui\/may-hut-mui-sakura\/may-hut-mui-khoi-sakura-sr-3030s\/may-hut-mui-khoi-sakura-sr-3030s-2-600x600.jpg 600w, https:\/\/livinghome.vn\/thiet-bi\/wp-content\/uploads\/san-pham\/may-hut-mui\/may-hut-mui-sakura\/may-hut-mui-khoi-sakura-sr-3030s\/may-hut-mui-khoi-sakura-sr-3030s-2-100x100.jpg 100w\" sizes=\"auto, (max-width: 800px) 100vw, 800px\" \/><figcaption id=\"caption-attachment-18520\" class=\"wp-caption-text\">M\u00e1y H\u00fat M\u00f9i Kh\u00f3i SAKURA SR-3030S<\/figcaption><\/figure>\n<table class=\"woocommerce-product-attributes shop_attributes\">\n<tbody>\n<tr class=\"woocommerce-product-attributes-item woocommerce-product-attributes-item--attribute_pa_cong-suat-hut\">\n<th class=\"woocommerce-product-attributes-item__label\">C\u00f4ng su\u1ea5t h\u00fat<\/th>\n<td class=\"woocommerce-product-attributes-item__value\">750m3\/gi\u1edd<\/td>\n<\/tr>\n<tr class=\"woocommerce-product-attributes-item woocommerce-product-attributes-item--attribute_pa_cong-suat-tieu-thu\">\n<th class=\"woocommerce-product-attributes-item__label\">C\u00f4ng su\u1ea5t ti\u00eau th\u1ee5<\/th>\n<td class=\"woocommerce-product-attributes-item__value\">154W<\/td>\n<\/tr>\n<tr class=\"woocommerce-product-attributes-item woocommerce-product-attributes-item--attribute_pa_do-on\">\n<th class=\"woocommerce-product-attributes-item__label\">\u0110\u1ed9 \u1ed3n<\/th>\n<td class=\"woocommerce-product-attributes-item__value\">45-55dB<\/td>\n<\/tr>\n<tr class=\"woocommerce-product-attributes-item woocommerce-product-attributes-item--attribute_pa_dien-ap\">\n<th class=\"woocommerce-product-attributes-item__label\">\u0110i\u1ec7n \u00e1p<\/th>\n<td class=\"woocommerce-product-attributes-item__value\">220-240V\/50Hz<\/td>\n<\/tr>\n<tr class=\"woocommerce-product-attributes-item woocommerce-product-attributes-item--attribute_pa_kich-thuoc-san-pham\">\n<th class=\"woocommerce-product-attributes-item__label\">K\u00edch th\u01b0\u1edbc s\u1ea3n ph\u1ea9m<\/th>\n<td class=\"woocommerce-product-attributes-item__value\">W700 x D500 x H140mm<\/td>\n<\/tr>\n<tr class=\"woocommerce-product-attributes-item woocommerce-product-attributes-item--attribute_pa_duong-ong-thoat-khi\">\n<th class=\"woocommerce-product-attributes-item__label\">\u0110\u01b0\u1eddng \u1ed1ng tho\u00e1t kh\u00ed<\/th>\n<td class=\"woocommerce-product-attributes-item__value\">\u03c6120mm<\/td>\n<\/tr>\n<tr class=\"woocommerce-product-attributes-item woocommerce-product-attributes-item--attribute_pa_trong-luong\">\n<th class=\"woocommerce-product-attributes-item__label\">Tr\u1ecdng l\u01b0\u1ee3ng<\/th>\n<td class=\"woocommerce-product-attributes-item__value\">6.5kg<\/td>\n<\/tr>\n<tr class=\"woocommerce-product-attributes-item woocommerce-product-attributes-item--attribute_pa_xuat-xu\">\n<th class=\"woocommerce-product-attributes-item__label\">Xu\u1ea5t x\u1ee9<\/th>\n<td class=\"woocommerce-product-attributes-item__value\">Trung Qu\u1ed1c<\/td>\n<\/tr>\n<\/tbody>\n<\/table>\n","protected":false},"excerpt":{"rendered":"<ul>\n<li>Th\u00e2n m\u00e1y Inox v\u1edbi thi\u1ebft k\u1ebf nh\u1ecf g\u1ecdn, sang tr\u1ecdng<\/li>\n<li>H\u1ec7 th\u1ed1ng h\u00fat x\u1ea3: H\u00fat x\u1ea3 tr\u1ef1c ti\u1ebfp b\u1eb1ng \u1ed1ng tho\u00e1t ho\u1eb7c kh\u1eed m\u00f9i b\u1eb1ng than ho\u1ea1t t\u00ednh<\/li>\n<li>\u0110i\u1ec1u khi\u1ec3n n\u00fat nh\u1ea5n truy\u1ec1n th\u1ed1ng, thao t\u00e1c \u0111\u01a1n gi\u1ea3n, th\u00edch h\u1ee3p cho m\u1ecdi l\u1ee9a tu\u1ed5i<\/li>\n<li>\u0110\u00e8n LED chi\u1ebfu s\u00e1ng gi\u00fap d\u1ec5 quan s\u00e1t trong qu\u00e1 tr\u00ecnh n\u1ea5u \u0103n<\/li>\n<li>2 l\u01b0\u1edbi l\u1ecdc nh\u00f4m 3 l\u1edbp gi\u00fap l\u1ecdc hi\u1ec7u qu\u1ea3 cao, d\u1ec5 v\u1ec7 sinh<\/li>\n<li>\u0110\u1ed9ng c\u01a1 ho\u1ea1t \u0111\u1ed9ng m\u1ea1nh m\u1ebd v\u00e0 \u00eam \u00e1i<\/li>\n<\/ul>\n","protected":false},"featured_media":18521,"comment_status":"open","ping_status":"closed","template":"","meta":[],"product_brand":[],"product_cat":[1830,84,1794],"product_tag":[1796,1797,1798,1804,1803,1799],"class_list":{"0":"post-18518","1":"product","2":"type-product","3":"status-publish","4":"has-post-thumbnail","6":"product_cat-thuong-hieu-sakura","7":"product_cat-may-hut-mui","8":"product_cat-may-hut-mui-sakura","9":"product_tag-may-hut-mui-cao-cap","10":"product_tag-may-hut-mui-gia-re","11":"product_tag-may-hut-mui-hien-dai","12":"product_tag-may-hut-mui-sakura","13":"product_tag-sakura","14":"product_tag-xoa-term-may-hut-mui-khoi-may-hut-mui-gia-re-may-hut-mui-khoi","16":"first","17":"instock","18":"sale","19":"shipping-taxable","20":"purchasable","21":"product-type-simple"},"_links":{"self":[{"href":"https:\/\/livinghome.vn\/thiet-bi\/wp-json\/wp\/v2\/product\/18518","targetHints":{"allow":["GET"]}}],"collection":[{"href":"https:\/\/livinghome.vn\/thiet-bi\/wp-json\/wp\/v2\/product"}],"about":[{"href":"https:\/\/livinghome.vn\/thiet-bi\/wp-json\/wp\/v2\/types\/product"}],"replies":[{"embeddable":true,"href":"https:\/\/livinghome.vn\/thiet-bi\/wp-json\/wp\/v2\/comments?post=18518"}],"wp:featuredmedia":[{"embeddable":true,"href":"https:\/\/livinghome.vn\/thiet-bi\/wp-json\/wp\/v2\/media\/18521"}],"wp:attachment":[{"href":"https:\/\/livinghome.vn\/thiet-bi\/wp-json\/wp\/v2\/media?parent=18518"}],"wp:term":[{"taxonomy":"product_brand","embeddable":true,"href":"https:\/\/livinghome.vn\/thiet-bi\/wp-json\/wp\/v2\/product_brand?post=18518"},{"taxonomy":"product_cat","embeddable":true,"href":"https:\/\/livinghome.vn\/thiet-bi\/wp-json\/wp\/v2\/product_cat?post=18518"},{"taxonomy":"product_tag","embeddable":true,"href":"https:\/\/livinghome.vn\/thiet-bi\/wp-json\/wp\/v2\/product_tag?post=18518"}],"curies":[{"name":"wp","href":"https:\/\/api.w.org\/{rel}","templated":true}]}}