{"id":18498,"date":"2023-11-02T14:52:55","date_gmt":"2023-11-02T07:52:55","guid":{"rendered":"https:\/\/livinghome.vn\/thiet-bi\/?post_type=product&#038;p=18498"},"modified":"2024-11-29T14:19:09","modified_gmt":"2024-11-29T07:19:09","slug":"bep-dien-tu-doi-sakura-se-3260b-73cm-kinh-ceramic","status":"publish","type":"product","link":"https:\/\/livinghome.vn\/thiet-bi\/bep-dien-tu-doi-sakura-se-3260b-73cm-kinh-ceramic\/","title":{"rendered":"B\u1ebfp \u0110i\u1ec7n T\u1eeb \u0110\u00f4i Sakura SE-3260B, 73cm, K\u00ednh Ceramic"},"content":{"rendered":"<h2>Gi\u1edbi Thi\u1ec7u SAKURA SE-3260B<\/h2>\n<figure id=\"attachment_18496\" aria-describedby=\"caption-attachment-18496\" style=\"width: 800px\" class=\"wp-caption alignnone\"><img loading=\"lazy\" decoding=\"async\" class=\"wp-image-18496 size-full\" src=\"https:\/\/livinghome.vn\/thiet-bi\/wp-content\/uploads\/san-pham\/bep-tu\/bep-tu-sakura\/bep-dien-tu-sakura-se-3260b\/bep-dien-tu-sakura-se-3260b-1.jpg\" alt=\"B\u1ebfp \u0110i\u1ec7n T\u1eeb SAKURA SE-3260B\" width=\"800\" height=\"800\" title=\"\" srcset=\"https:\/\/livinghome.vn\/thiet-bi\/wp-content\/uploads\/san-pham\/bep-tu\/bep-tu-sakura\/bep-dien-tu-sakura-se-3260b\/bep-dien-tu-sakura-se-3260b-1.jpg 800w, https:\/\/livinghome.vn\/thiet-bi\/wp-content\/uploads\/san-pham\/bep-tu\/bep-tu-sakura\/bep-dien-tu-sakura-se-3260b\/bep-dien-tu-sakura-se-3260b-1-400x400.jpg 400w, https:\/\/livinghome.vn\/thiet-bi\/wp-content\/uploads\/san-pham\/bep-tu\/bep-tu-sakura\/bep-dien-tu-sakura-se-3260b\/bep-dien-tu-sakura-se-3260b-1-280x280.jpg 280w, https:\/\/livinghome.vn\/thiet-bi\/wp-content\/uploads\/san-pham\/bep-tu\/bep-tu-sakura\/bep-dien-tu-sakura-se-3260b\/bep-dien-tu-sakura-se-3260b-1-768x768.jpg 768w, https:\/\/livinghome.vn\/thiet-bi\/wp-content\/uploads\/san-pham\/bep-tu\/bep-tu-sakura\/bep-dien-tu-sakura-se-3260b\/bep-dien-tu-sakura-se-3260b-1-300x300.jpg 300w, https:\/\/livinghome.vn\/thiet-bi\/wp-content\/uploads\/san-pham\/bep-tu\/bep-tu-sakura\/bep-dien-tu-sakura-se-3260b\/bep-dien-tu-sakura-se-3260b-1-600x600.jpg 600w, https:\/\/livinghome.vn\/thiet-bi\/wp-content\/uploads\/san-pham\/bep-tu\/bep-tu-sakura\/bep-dien-tu-sakura-se-3260b\/bep-dien-tu-sakura-se-3260b-1-100x100.jpg 100w\" sizes=\"auto, (max-width: 800px) 100vw, 800px\" \/><figcaption id=\"caption-attachment-18496\" class=\"wp-caption-text\">B\u1ebfp \u0110i\u1ec7n T\u1eeb SAKURA SE-3260B<\/figcaption><\/figure>\n<table class=\"woocommerce-product-attributes shop_attributes\">\n<tbody>\n<tr class=\"woocommerce-product-attributes-item woocommerce-product-attributes-item--attribute_pa_vung-nau-trai\">\n<th class=\"woocommerce-product-attributes-item__label\">V\u00f9ng n\u1ea5u tr\u00e1i<\/th>\n<td class=\"woocommerce-product-attributes-item__value\">\u03c6210mm, 2000W \/ 2500W (Booster)<\/td>\n<\/tr>\n<tr class=\"woocommerce-product-attributes-item woocommerce-product-attributes-item--attribute_pa_vung-nau-phai\">\n<th class=\"woocommerce-product-attributes-item__label\">V\u00f9ng n\u1ea5u ph\u1ea3i<\/th>\n<td class=\"woocommerce-product-attributes-item__value\">\u03c6230mm, 2200W (2 v\u00f2ng nhi\u1ec7t)<\/td>\n<\/tr>\n<tr class=\"woocommerce-product-attributes-item woocommerce-product-attributes-item--attribute_pa_bang-dieu-khien\">\n<th class=\"woocommerce-product-attributes-item__label\">B\u1ea3ng \u0111i\u1ec1u khi\u1ec3n<\/th>\n<td class=\"woocommerce-product-attributes-item__value\">B\u1ea3ng \u0111i\u1ec1u khi\u1ec3n c\u1ea3m \u1ee9ng ch\u1ea1m v\u00e0 tr\u01b0\u1ee3t<\/td>\n<\/tr>\n<tr class=\"woocommerce-product-attributes-item woocommerce-product-attributes-item--attribute_pa_mat-bep\">\n<th class=\"woocommerce-product-attributes-item__label\">M\u1eb7t b\u1ebfp<\/th>\n<td class=\"woocommerce-product-attributes-item__value\">K\u00ednh Ceramic<\/td>\n<\/tr>\n<tr class=\"woocommerce-product-attributes-item woocommerce-product-attributes-item--attribute_pa_chuc-nang-hen-gio\">\n<th class=\"woocommerce-product-attributes-item__label\">Ch\u1ee9c n\u0103ng h\u1eb9n gi\u1edd<\/th>\n<td class=\"woocommerce-product-attributes-item__value\">L\u00ean \u0111\u1ebfn 99 ph\u00fat<\/td>\n<\/tr>\n<tr class=\"woocommerce-product-attributes-item woocommerce-product-attributes-item--attribute_pa_muc-nhiet-cai-dat\">\n<th class=\"woocommerce-product-attributes-item__label\">M\u1ee9c nhi\u1ec7t c\u00e0i \u0111\u1eb7t<\/th>\n<td class=\"woocommerce-product-attributes-item__value\">5 m\u1ee9c<\/td>\n<\/tr>\n<tr class=\"woocommerce-product-attributes-item woocommerce-product-attributes-item--attribute_pa_chuc-nang-nau-com\">\n<th class=\"woocommerce-product-attributes-item__label\">Ch\u1ee9c n\u0103ng n\u1ea5u c\u01a1m<\/th>\n<td class=\"woocommerce-product-attributes-item__value\">C\u00f3<\/td>\n<\/tr>\n<tr class=\"woocommerce-product-attributes-item woocommerce-product-attributes-item--attribute_ch%e1%bb%a9c-n%c4%83ng-gi%e1%bb%af-%e1%ba%a5m\">\n<th class=\"woocommerce-product-attributes-item__label\">Ch\u1ee9c n\u0103ng gi\u1eef \u1ea5m<\/th>\n<td class=\"woocommerce-product-attributes-item__value\">V\u00f9ng n\u1ea5u ph\u1ea3i<\/td>\n<\/tr>\n<\/tbody>\n<\/table>\n<figure id=\"attachment_18497\" aria-describedby=\"caption-attachment-18497\" style=\"width: 800px\" class=\"wp-caption alignnone\"><img loading=\"lazy\" decoding=\"async\" class=\"wp-image-18497 size-full\" src=\"https:\/\/livinghome.vn\/thiet-bi\/wp-content\/uploads\/san-pham\/bep-tu\/bep-tu-sakura\/bep-dien-tu-sakura-se-3260b\/bep-dien-tu-sakura-se-3260b-3.jpg\" alt=\"B\u1ebfp \u0110i\u1ec7n T\u1eeb SAKURA SE-3260B\" width=\"800\" height=\"800\" title=\"\" srcset=\"https:\/\/livinghome.vn\/thiet-bi\/wp-content\/uploads\/san-pham\/bep-tu\/bep-tu-sakura\/bep-dien-tu-sakura-se-3260b\/bep-dien-tu-sakura-se-3260b-3.jpg 800w, https:\/\/livinghome.vn\/thiet-bi\/wp-content\/uploads\/san-pham\/bep-tu\/bep-tu-sakura\/bep-dien-tu-sakura-se-3260b\/bep-dien-tu-sakura-se-3260b-3-400x400.jpg 400w, https:\/\/livinghome.vn\/thiet-bi\/wp-content\/uploads\/san-pham\/bep-tu\/bep-tu-sakura\/bep-dien-tu-sakura-se-3260b\/bep-dien-tu-sakura-se-3260b-3-280x280.jpg 280w, https:\/\/livinghome.vn\/thiet-bi\/wp-content\/uploads\/san-pham\/bep-tu\/bep-tu-sakura\/bep-dien-tu-sakura-se-3260b\/bep-dien-tu-sakura-se-3260b-3-768x768.jpg 768w, https:\/\/livinghome.vn\/thiet-bi\/wp-content\/uploads\/san-pham\/bep-tu\/bep-tu-sakura\/bep-dien-tu-sakura-se-3260b\/bep-dien-tu-sakura-se-3260b-3-300x300.jpg 300w, https:\/\/livinghome.vn\/thiet-bi\/wp-content\/uploads\/san-pham\/bep-tu\/bep-tu-sakura\/bep-dien-tu-sakura-se-3260b\/bep-dien-tu-sakura-se-3260b-3-600x600.jpg 600w, https:\/\/livinghome.vn\/thiet-bi\/wp-content\/uploads\/san-pham\/bep-tu\/bep-tu-sakura\/bep-dien-tu-sakura-se-3260b\/bep-dien-tu-sakura-se-3260b-3-100x100.jpg 100w\" sizes=\"auto, (max-width: 800px) 100vw, 800px\" \/><figcaption id=\"caption-attachment-18497\" class=\"wp-caption-text\">B\u1ebfp \u0110i\u1ec7n T\u1eeb SAKURA SE-3260B<\/figcaption><\/figure>\n<figure id=\"attachment_18494\" aria-describedby=\"caption-attachment-18494\" style=\"width: 800px\" class=\"wp-caption alignnone\"><img loading=\"lazy\" decoding=\"async\" class=\"wp-image-18494 size-full\" src=\"https:\/\/livinghome.vn\/thiet-bi\/wp-content\/uploads\/san-pham\/bep-tu\/bep-tu-sakura\/bep-dien-tu-sakura-se-3260b\/bep-dien-tu-sakura-se-3260b-4.jpg\" alt=\"B\u1ebfp \u0110i\u1ec7n T\u1eeb SAKURA SE-3260B\" width=\"800\" height=\"800\" title=\"\" srcset=\"https:\/\/livinghome.vn\/thiet-bi\/wp-content\/uploads\/san-pham\/bep-tu\/bep-tu-sakura\/bep-dien-tu-sakura-se-3260b\/bep-dien-tu-sakura-se-3260b-4.jpg 800w, https:\/\/livinghome.vn\/thiet-bi\/wp-content\/uploads\/san-pham\/bep-tu\/bep-tu-sakura\/bep-dien-tu-sakura-se-3260b\/bep-dien-tu-sakura-se-3260b-4-400x400.jpg 400w, https:\/\/livinghome.vn\/thiet-bi\/wp-content\/uploads\/san-pham\/bep-tu\/bep-tu-sakura\/bep-dien-tu-sakura-se-3260b\/bep-dien-tu-sakura-se-3260b-4-280x280.jpg 280w, https:\/\/livinghome.vn\/thiet-bi\/wp-content\/uploads\/san-pham\/bep-tu\/bep-tu-sakura\/bep-dien-tu-sakura-se-3260b\/bep-dien-tu-sakura-se-3260b-4-768x768.jpg 768w, https:\/\/livinghome.vn\/thiet-bi\/wp-content\/uploads\/san-pham\/bep-tu\/bep-tu-sakura\/bep-dien-tu-sakura-se-3260b\/bep-dien-tu-sakura-se-3260b-4-300x300.jpg 300w, https:\/\/livinghome.vn\/thiet-bi\/wp-content\/uploads\/san-pham\/bep-tu\/bep-tu-sakura\/bep-dien-tu-sakura-se-3260b\/bep-dien-tu-sakura-se-3260b-4-600x600.jpg 600w, https:\/\/livinghome.vn\/thiet-bi\/wp-content\/uploads\/san-pham\/bep-tu\/bep-tu-sakura\/bep-dien-tu-sakura-se-3260b\/bep-dien-tu-sakura-se-3260b-4-100x100.jpg 100w\" sizes=\"auto, (max-width: 800px) 100vw, 800px\" \/><figcaption id=\"caption-attachment-18494\" class=\"wp-caption-text\">B\u1ebfp \u0110i\u1ec7n T\u1eeb SAKURA SE-3260B<\/figcaption><\/figure>\n<table class=\"woocommerce-product-attributes shop_attributes\">\n<tbody>\n<tr class=\"woocommerce-product-attributes-item woocommerce-product-attributes-item--attribute_pa_chuc-nang-an-toan\">\n<th class=\"woocommerce-product-attributes-item__label\">Ch\u1ee9c n\u0103ng an to\u00e0n<\/th>\n<td class=\"woocommerce-product-attributes-item__value\">\u2013 T\u1ea1m d\u1eebng\/ ti\u1ebfp t\u1ee5c<br \/>\n\u2013 Ch\u1ed1ng tr\u00e0n<br \/>\n\u2013 Nh\u1eadn di\u1ec7n n\u1ed3i n\u1ea5u<br \/>\n\u2013 Kh\u00f3a an to\u00e0n<br \/>\n\u2013 C\u1ea3nh b\u00e1o d\u01b0 nhi\u1ec7t v\u00f9ng n\u1ea5u<br \/>\n\u2013 T\u1ef1 t\u1eaft khi kh\u00f4ng c\u00f3 n\u1ed3i<br \/>\n\u2013 \u0110\u1ea1t ch\u1ee9ng nh\u1eadn EMC<br \/>\n\u2013 H\u1ec7 th\u1ed1ng b\u1ea3o v\u1ec7 khi qu\u00e1 nhi\u1ec7t<br \/>\n\u2013 M\u00e0ng b\u1ea3o v\u1ec7 IGBT<\/td>\n<\/tr>\n<tr class=\"woocommerce-product-attributes-item woocommerce-product-attributes-item--attribute_pa_dien-ap\">\n<th class=\"woocommerce-product-attributes-item__label\">\u0110i\u1ec7n \u00e1p<\/th>\n<td class=\"woocommerce-product-attributes-item__value\">220-240V\/ 50-60Hz<\/td>\n<\/tr>\n<tr class=\"woocommerce-product-attributes-item woocommerce-product-attributes-item--attribute_pa_kich-thuoc-san-pham\">\n<th class=\"woocommerce-product-attributes-item__label\">K\u00edch th\u01b0\u1edbc s\u1ea3n ph\u1ea9m<\/th>\n<td class=\"woocommerce-product-attributes-item__value\">W730 x D430 x H55mm<\/td>\n<\/tr>\n<tr class=\"woocommerce-product-attributes-item woocommerce-product-attributes-item--attribute_pa_kich-thuoc-khoet-da\">\n<th class=\"woocommerce-product-attributes-item__label\">K\u00edch th\u01b0\u1edbc kho\u00e9t \u0111\u00e1<\/th>\n<td class=\"woocommerce-product-attributes-item__value\">W680 x D380mm<\/td>\n<\/tr>\n<tr class=\"woocommerce-product-attributes-item woocommerce-product-attributes-item--attribute_pa_trong-luong\">\n<th class=\"woocommerce-product-attributes-item__label\">Tr\u1ecdng l\u01b0\u1ee3ng<\/th>\n<td class=\"woocommerce-product-attributes-item__value\">9kg<\/td>\n<\/tr>\n<tr class=\"woocommerce-product-attributes-item woocommerce-product-attributes-item--attribute_pa_xuat-xu\">\n<th class=\"woocommerce-product-attributes-item__label\">Xu\u1ea5t x\u1ee9<\/th>\n<td class=\"woocommerce-product-attributes-item__value\">Trung Qu\u1ed1c<\/td>\n<\/tr>\n<\/tbody>\n<\/table>\n<figure id=\"attachment_18495\" aria-describedby=\"caption-attachment-18495\" style=\"width: 800px\" class=\"wp-caption alignnone\"><img loading=\"lazy\" decoding=\"async\" class=\"wp-image-18495 size-full\" src=\"https:\/\/livinghome.vn\/thiet-bi\/wp-content\/uploads\/san-pham\/bep-tu\/bep-tu-sakura\/bep-dien-tu-sakura-se-3260b\/bep-dien-tu-sakura-se-3260b-2.jpg\" alt=\"B\u1ebfp \u0110i\u1ec7n T\u1eeb SAKURA SE-3260B\" width=\"800\" height=\"800\" title=\"\" srcset=\"https:\/\/livinghome.vn\/thiet-bi\/wp-content\/uploads\/san-pham\/bep-tu\/bep-tu-sakura\/bep-dien-tu-sakura-se-3260b\/bep-dien-tu-sakura-se-3260b-2.jpg 800w, https:\/\/livinghome.vn\/thiet-bi\/wp-content\/uploads\/san-pham\/bep-tu\/bep-tu-sakura\/bep-dien-tu-sakura-se-3260b\/bep-dien-tu-sakura-se-3260b-2-400x400.jpg 400w, https:\/\/livinghome.vn\/thiet-bi\/wp-content\/uploads\/san-pham\/bep-tu\/bep-tu-sakura\/bep-dien-tu-sakura-se-3260b\/bep-dien-tu-sakura-se-3260b-2-280x280.jpg 280w, https:\/\/livinghome.vn\/thiet-bi\/wp-content\/uploads\/san-pham\/bep-tu\/bep-tu-sakura\/bep-dien-tu-sakura-se-3260b\/bep-dien-tu-sakura-se-3260b-2-768x768.jpg 768w, https:\/\/livinghome.vn\/thiet-bi\/wp-content\/uploads\/san-pham\/bep-tu\/bep-tu-sakura\/bep-dien-tu-sakura-se-3260b\/bep-dien-tu-sakura-se-3260b-2-300x300.jpg 300w, https:\/\/livinghome.vn\/thiet-bi\/wp-content\/uploads\/san-pham\/bep-tu\/bep-tu-sakura\/bep-dien-tu-sakura-se-3260b\/bep-dien-tu-sakura-se-3260b-2-600x600.jpg 600w, https:\/\/livinghome.vn\/thiet-bi\/wp-content\/uploads\/san-pham\/bep-tu\/bep-tu-sakura\/bep-dien-tu-sakura-se-3260b\/bep-dien-tu-sakura-se-3260b-2-100x100.jpg 100w\" sizes=\"auto, (max-width: 800px) 100vw, 800px\" \/><figcaption id=\"caption-attachment-18495\" class=\"wp-caption-text\">B\u1ebfp \u0110i\u1ec7n T\u1eeb SAKURA SE-3260B<\/figcaption><\/figure>\n","protected":false},"excerpt":{"rendered":"<ul>\n<li>T\u1ed5ng c\u00f4ng su\u1ea5t 2 v\u00f9ng n\u1ea5u 4700w<\/li>\n<li>V\u00f9ng n\u1ea5u r\u1ed9ng r\u00e3i, ti\u1ec7n d\u1ee5ng cho nhi\u1ec1u k\u00edch c\u1ee1 d\u1ee5ng c\u1ee5 n\u1ea5u<\/li>\n<li>Gia nhi\u1ec7t li\u00ean t\u1ee5c \u1ed5n \u0111\u1ecbnh \u1edf m\u1ecdi m\u1ee9c c\u00f4ng su\u1ea5t, gi\u00fap ti\u1ebft ki\u1ec7m \u0111i\u1ec7n n\u0103ng<\/li>\n<li>Gia nhi\u1ec7t nhanh ch\u00f3ng, r\u00fat ng\u1eafn th\u1eddi gian n\u1ea5u \u0103n<\/li>\n<li>H\u1eb9n gi\u1edd \u0111\u1ebfn 99 ph\u00fat, 5 m\u1ee9c nhi\u1ec7t c\u00e0i \u0111\u1eb7t<\/li>\n<li>Ch\u1ee9c n\u0103ng n\u1ea5u c\u01a1m v\u00f9ng n\u1ea5u tr\u00e1i, ch\u1ee9c n\u0103ng gi\u1eef \u1ea5m v\u00f9ng n\u1ea5u ph\u1ea3i<\/li>\n<li>9 t\u00ednh n\u0103ng an to\u00e0n b\u1ea3o v\u1ec7 gia \u0111\u00ecnh: ch\u1ed1ng tr\u00e0n, t\u1ea1m d\u1eebng\/ ti\u1ebfp t\u1ee5c, kh\u00f3a an to\u00e0n, v.v<\/li>\n<\/ul>\n","protected":false},"featured_media":18496,"comment_status":"open","ping_status":"closed","template":"","meta":[],"product_brand":[],"product_cat":[1830,745,1802],"product_tag":[81,113,1791,1792,1780,1803],"class_list":{"0":"post-18498","1":"product","2":"type-product","3":"status-publish","4":"has-post-thumbnail","6":"product_cat-thuong-hieu-sakura","7":"product_cat-bep-dien-tu","8":"product_cat-bep-dien-tu-sakura","9":"product_tag-bep-dien-tu","10":"product_tag-bep-dien-tu-2-vung-nau","11":"product_tag-bep-dien-tu-cao-cap","12":"product_tag-bep-dien-tu-gia-re","13":"product_tag-bep-dien-tu-sakura","14":"product_tag-sakura","16":"first","17":"instock","18":"sale","19":"shipping-taxable","20":"purchasable","21":"product-type-simple"},"_links":{"self":[{"href":"https:\/\/livinghome.vn\/thiet-bi\/wp-json\/wp\/v2\/product\/18498","targetHints":{"allow":["GET"]}}],"collection":[{"href":"https:\/\/livinghome.vn\/thiet-bi\/wp-json\/wp\/v2\/product"}],"about":[{"href":"https:\/\/livinghome.vn\/thiet-bi\/wp-json\/wp\/v2\/types\/product"}],"replies":[{"embeddable":true,"href":"https:\/\/livinghome.vn\/thiet-bi\/wp-json\/wp\/v2\/comments?post=18498"}],"wp:featuredmedia":[{"embeddable":true,"href":"https:\/\/livinghome.vn\/thiet-bi\/wp-json\/wp\/v2\/media\/18496"}],"wp:attachment":[{"href":"https:\/\/livinghome.vn\/thiet-bi\/wp-json\/wp\/v2\/media?parent=18498"}],"wp:term":[{"taxonomy":"product_brand","embeddable":true,"href":"https:\/\/livinghome.vn\/thiet-bi\/wp-json\/wp\/v2\/product_brand?post=18498"},{"taxonomy":"product_cat","embeddable":true,"href":"https:\/\/livinghome.vn\/thiet-bi\/wp-json\/wp\/v2\/product_cat?post=18498"},{"taxonomy":"product_tag","embeddable":true,"href":"https:\/\/livinghome.vn\/thiet-bi\/wp-json\/wp\/v2\/product_tag?post=18498"}],"curies":[{"name":"wp","href":"https:\/\/api.w.org\/{rel}","templated":true}]}}