{"id":18474,"date":"2023-11-02T13:48:59","date_gmt":"2023-11-02T06:48:59","guid":{"rendered":"https:\/\/livinghome.vn\/thiet-bi\/?post_type=product&#038;p=18474"},"modified":"2024-11-29T14:19:09","modified_gmt":"2024-11-29T07:19:09","slug":"bep-tu-doi-sakura-se-mi602b-2-tu-73cm-kinh-schott-ceran","status":"publish","type":"product","link":"https:\/\/livinghome.vn\/thiet-bi\/bep-tu-doi-sakura-se-mi602b-2-tu-73cm-kinh-schott-ceran\/","title":{"rendered":"B\u1ebfp T\u1eeb \u0110\u00f4i Sakura SE-MI602B, 2 T\u1eeb, 73cm, K\u00ednh Schott Ceran"},"content":{"rendered":"<h2>Sakura SE MI602B &#8211; Chi\u1ebfc B\u1ebfp 2 T\u1eeb Cao C\u1ea5p M\u1eb7t K\u00ednh Schott<\/h2>\n<figure id=\"attachment_18473\" aria-describedby=\"caption-attachment-18473\" style=\"width: 800px\" class=\"wp-caption alignnone\"><img loading=\"lazy\" decoding=\"async\" class=\"wp-image-18473 size-full\" src=\"https:\/\/livinghome.vn\/thiet-bi\/wp-content\/uploads\/san-pham\/bep-tu\/bep-tu-sakura\/bep-tu-doi-sakura-se-mi602b\/bep-tu-doi-sakura-se-mi602b-1.jpg\" alt=\"B\u1ebfp T\u1eeb \u0110\u00f4i SAKURA SE-MI602B\" width=\"800\" height=\"800\" title=\"\" srcset=\"https:\/\/livinghome.vn\/thiet-bi\/wp-content\/uploads\/san-pham\/bep-tu\/bep-tu-sakura\/bep-tu-doi-sakura-se-mi602b\/bep-tu-doi-sakura-se-mi602b-1.jpg 800w, https:\/\/livinghome.vn\/thiet-bi\/wp-content\/uploads\/san-pham\/bep-tu\/bep-tu-sakura\/bep-tu-doi-sakura-se-mi602b\/bep-tu-doi-sakura-se-mi602b-1-400x400.jpg 400w, https:\/\/livinghome.vn\/thiet-bi\/wp-content\/uploads\/san-pham\/bep-tu\/bep-tu-sakura\/bep-tu-doi-sakura-se-mi602b\/bep-tu-doi-sakura-se-mi602b-1-280x280.jpg 280w, https:\/\/livinghome.vn\/thiet-bi\/wp-content\/uploads\/san-pham\/bep-tu\/bep-tu-sakura\/bep-tu-doi-sakura-se-mi602b\/bep-tu-doi-sakura-se-mi602b-1-768x768.jpg 768w, https:\/\/livinghome.vn\/thiet-bi\/wp-content\/uploads\/san-pham\/bep-tu\/bep-tu-sakura\/bep-tu-doi-sakura-se-mi602b\/bep-tu-doi-sakura-se-mi602b-1-300x300.jpg 300w, https:\/\/livinghome.vn\/thiet-bi\/wp-content\/uploads\/san-pham\/bep-tu\/bep-tu-sakura\/bep-tu-doi-sakura-se-mi602b\/bep-tu-doi-sakura-se-mi602b-1-600x600.jpg 600w, https:\/\/livinghome.vn\/thiet-bi\/wp-content\/uploads\/san-pham\/bep-tu\/bep-tu-sakura\/bep-tu-doi-sakura-se-mi602b\/bep-tu-doi-sakura-se-mi602b-1-100x100.jpg 100w\" sizes=\"auto, (max-width: 800px) 100vw, 800px\" \/><figcaption id=\"caption-attachment-18473\" class=\"wp-caption-text\">B\u1ebfp T\u1eeb \u0110\u00f4i SAKURA SE-MI602B<\/figcaption><\/figure>\n<p>&nbsp;<\/p>\n<table class=\"woocommerce-product-attributes shop_attributes\" style=\"height: 936px\" width=\"796\">\n<tbody>\n<tr class=\"woocommerce-product-attributes-item woocommerce-product-attributes-item--attribute_pa_tong-cong-suat\">\n<th class=\"woocommerce-product-attributes-item__label\">T\u1ed5ng c\u00f4ng su\u1ea5t<\/th>\n<td class=\"woocommerce-product-attributes-item__value\">4800W<\/td>\n<\/tr>\n<tr class=\"woocommerce-product-attributes-item woocommerce-product-attributes-item--attribute_pa_vung-nau-trai\">\n<th class=\"woocommerce-product-attributes-item__label\">V\u00f9ng n\u1ea5u tr\u00e1i<\/th>\n<td class=\"woocommerce-product-attributes-item__value\">2500W \/ 2800W (Booster)<\/td>\n<\/tr>\n<tr class=\"woocommerce-product-attributes-item woocommerce-product-attributes-item--attribute_pa_vung-nau-phai\">\n<th class=\"woocommerce-product-attributes-item__label\">V\u00f9ng n\u1ea5u ph\u1ea3i<\/th>\n<td class=\"woocommerce-product-attributes-item__value\">1800W \/ 2000W (Booster)<\/td>\n<\/tr>\n<tr class=\"woocommerce-product-attributes-item woocommerce-product-attributes-item--attribute_pa_bang-dieu-khien\">\n<th class=\"woocommerce-product-attributes-item__label\">B\u1ea3ng \u0111i\u1ec1u khi\u1ec3n<\/th>\n<td class=\"woocommerce-product-attributes-item__value\">B\u1ea3ng \u0111i\u1ec1u khi\u1ec3n c\u1ea3m \u1ee9ng ch\u1ea1m v\u00e0 tr\u01b0\u1ee3t<\/td>\n<\/tr>\n<tr class=\"woocommerce-product-attributes-item woocommerce-product-attributes-item--attribute_pa_mat-bep\">\n<th class=\"woocommerce-product-attributes-item__label\">M\u1eb7t b\u1ebfp<\/th>\n<td class=\"woocommerce-product-attributes-item__value\">M\u1eb7t k\u00ednh SCHOTT CERAN, vi\u1ec1n kim lo\u1ea1i hai b\u00ean, v\u00e1t 2 c\u1ea1nh tr\u00ean \u2013 d\u01b0\u1edbi<\/td>\n<\/tr>\n<tr class=\"woocommerce-product-attributes-item woocommerce-product-attributes-item--attribute_pa_chuc-nang-hen-gio\">\n<th class=\"woocommerce-product-attributes-item__label\">Ch\u1ee9c n\u0103ng h\u1eb9n gi\u1edd<\/th>\n<td class=\"woocommerce-product-attributes-item__value\">L\u00ean \u0111\u1ebfn 99 ph\u00fat<\/td>\n<\/tr>\n<tr class=\"woocommerce-product-attributes-item woocommerce-product-attributes-item--attribute_pa_chuc-nang-giu-am\">\n<th class=\"woocommerce-product-attributes-item__label\">Ch\u1ee9c n\u0103ng gi\u1eef \u1ea5m<\/th>\n<td class=\"woocommerce-product-attributes-item__value\">C\u00f3<\/td>\n<\/tr>\n<tr class=\"woocommerce-product-attributes-item woocommerce-product-attributes-item--attribute_pa_chuc-nang-an-toan\">\n<th class=\"woocommerce-product-attributes-item__label\">Ch\u1ee9c n\u0103ng an to\u00e0n<\/th>\n<td class=\"woocommerce-product-attributes-item__value\">\u2013 Ch\u1ed1ng tr\u00e0n<br \/>\n\u2013 Nh\u1eadn di\u1ec7n n\u1ed3i n\u1ea5u<br \/>\n\u2013 Kh\u00f3a an to\u00e0n<br \/>\n\u2013 C\u1ea3nh b\u00e1o d\u01b0 nhi\u1ec7t v\u00f9ng n\u1ea5u<br \/>\n\u2013 T\u1ef1 t\u1eaft khi kh\u00f4ng c\u00f3 n\u1ed3i<br \/>\n\u2013 \u0110\u1ea1t ch\u1ee9ng nh\u1eadn EMC<br \/>\n\u2013 H\u1ec7 th\u1ed1ng b\u1ea3o v\u1ec7 khi qu\u00e1 nhi\u1ec7t<br \/>\n\u2013 M\u00e0ng b\u1ea3o v\u1ec7 IGBT<\/p>\n<figure id=\"attachment_18472\" aria-describedby=\"caption-attachment-18472\" style=\"width: 800px\" class=\"wp-caption alignnone\"><img loading=\"lazy\" decoding=\"async\" class=\"wp-image-18472 size-full\" src=\"https:\/\/livinghome.vn\/thiet-bi\/wp-content\/uploads\/san-pham\/bep-tu\/bep-tu-sakura\/bep-tu-doi-sakura-se-mi602b\/bep-tu-doi-sakura-se-mi602b-3.jpg\" alt=\"B\u1ebfp T\u1eeb \u0110\u00f4i SAKURA SE-MI602B\" width=\"800\" height=\"800\" title=\"\" srcset=\"https:\/\/livinghome.vn\/thiet-bi\/wp-content\/uploads\/san-pham\/bep-tu\/bep-tu-sakura\/bep-tu-doi-sakura-se-mi602b\/bep-tu-doi-sakura-se-mi602b-3.jpg 800w, https:\/\/livinghome.vn\/thiet-bi\/wp-content\/uploads\/san-pham\/bep-tu\/bep-tu-sakura\/bep-tu-doi-sakura-se-mi602b\/bep-tu-doi-sakura-se-mi602b-3-400x400.jpg 400w, https:\/\/livinghome.vn\/thiet-bi\/wp-content\/uploads\/san-pham\/bep-tu\/bep-tu-sakura\/bep-tu-doi-sakura-se-mi602b\/bep-tu-doi-sakura-se-mi602b-3-280x280.jpg 280w, https:\/\/livinghome.vn\/thiet-bi\/wp-content\/uploads\/san-pham\/bep-tu\/bep-tu-sakura\/bep-tu-doi-sakura-se-mi602b\/bep-tu-doi-sakura-se-mi602b-3-768x768.jpg 768w, https:\/\/livinghome.vn\/thiet-bi\/wp-content\/uploads\/san-pham\/bep-tu\/bep-tu-sakura\/bep-tu-doi-sakura-se-mi602b\/bep-tu-doi-sakura-se-mi602b-3-300x300.jpg 300w, https:\/\/livinghome.vn\/thiet-bi\/wp-content\/uploads\/san-pham\/bep-tu\/bep-tu-sakura\/bep-tu-doi-sakura-se-mi602b\/bep-tu-doi-sakura-se-mi602b-3-600x600.jpg 600w, https:\/\/livinghome.vn\/thiet-bi\/wp-content\/uploads\/san-pham\/bep-tu\/bep-tu-sakura\/bep-tu-doi-sakura-se-mi602b\/bep-tu-doi-sakura-se-mi602b-3-100x100.jpg 100w\" sizes=\"auto, (max-width: 800px) 100vw, 800px\" \/><figcaption id=\"caption-attachment-18472\" class=\"wp-caption-text\">B\u1ebfp T\u1eeb \u0110\u00f4i SAKURA SE-MI602B<\/figcaption><\/figure><\/td>\n<\/tr>\n<tr class=\"woocommerce-product-attributes-item woocommerce-product-attributes-item--attribute_pa_dien-ap\">\n<th class=\"woocommerce-product-attributes-item__label\">\u0110i\u1ec7n \u00e1p<\/th>\n<td class=\"woocommerce-product-attributes-item__value\">220V\/ 50Hz<\/td>\n<\/tr>\n<tr class=\"woocommerce-product-attributes-item woocommerce-product-attributes-item--attribute_pa_kich-thuoc-san-pham\">\n<th class=\"woocommerce-product-attributes-item__label\">K\u00edch th\u01b0\u1edbc s\u1ea3n ph\u1ea9m<\/th>\n<td class=\"woocommerce-product-attributes-item__value\">W730 x D430 x H65mm<\/td>\n<\/tr>\n<tr class=\"woocommerce-product-attributes-item woocommerce-product-attributes-item--attribute_pa_kich-thuoc-khoet-da\">\n<th class=\"woocommerce-product-attributes-item__label\">K\u00edch th\u01b0\u1edbc kho\u00e9t \u0111\u00e1<\/th>\n<td class=\"woocommerce-product-attributes-item__value\">W680 x D380mm<\/td>\n<\/tr>\n<tr class=\"woocommerce-product-attributes-item woocommerce-product-attributes-item--attribute_pa_trong-luong\">\n<th class=\"woocommerce-product-attributes-item__label\">Tr\u1ecdng l\u01b0\u1ee3ng<\/th>\n<td class=\"woocommerce-product-attributes-item__value\">9.48kg<\/td>\n<\/tr>\n<tr class=\"woocommerce-product-attributes-item woocommerce-product-attributes-item--attribute_pa_xuat-xu\">\n<th class=\"woocommerce-product-attributes-item__label\">Xu\u1ea5t x\u1ee9<\/th>\n<td class=\"woocommerce-product-attributes-item__value\">Malaysia<\/td>\n<\/tr>\n<tr class=\"woocommerce-product-attributes-item woocommerce-product-attributes-item--attribute_pa_bao-hanh\">\n<th class=\"woocommerce-product-attributes-item__label\">B\u1ea3o h\u00e0nh<\/th>\n<td class=\"woocommerce-product-attributes-item__value\">24 th\u00e1ng + 12 th\u00e1ng (khi \u0111\u0103ng k\u00fd b\u1ea3o h\u00e0nh)<\/td>\n<\/tr>\n<\/tbody>\n<\/table>\n<figure id=\"attachment_18471\" aria-describedby=\"caption-attachment-18471\" style=\"width: 800px\" class=\"wp-caption alignnone\"><img loading=\"lazy\" decoding=\"async\" class=\"wp-image-18471 size-full\" src=\"https:\/\/livinghome.vn\/thiet-bi\/wp-content\/uploads\/san-pham\/bep-tu\/bep-tu-sakura\/bep-tu-doi-sakura-se-mi602b\/bep-tu-doi-sakura-se-mi602b-2.jpg\" alt=\"B\u1ebfp T\u1eeb \u0110\u00f4i SAKURA SE-MI602B\" width=\"800\" height=\"800\" title=\"\" srcset=\"https:\/\/livinghome.vn\/thiet-bi\/wp-content\/uploads\/san-pham\/bep-tu\/bep-tu-sakura\/bep-tu-doi-sakura-se-mi602b\/bep-tu-doi-sakura-se-mi602b-2.jpg 800w, https:\/\/livinghome.vn\/thiet-bi\/wp-content\/uploads\/san-pham\/bep-tu\/bep-tu-sakura\/bep-tu-doi-sakura-se-mi602b\/bep-tu-doi-sakura-se-mi602b-2-400x400.jpg 400w, https:\/\/livinghome.vn\/thiet-bi\/wp-content\/uploads\/san-pham\/bep-tu\/bep-tu-sakura\/bep-tu-doi-sakura-se-mi602b\/bep-tu-doi-sakura-se-mi602b-2-280x280.jpg 280w, https:\/\/livinghome.vn\/thiet-bi\/wp-content\/uploads\/san-pham\/bep-tu\/bep-tu-sakura\/bep-tu-doi-sakura-se-mi602b\/bep-tu-doi-sakura-se-mi602b-2-768x768.jpg 768w, https:\/\/livinghome.vn\/thiet-bi\/wp-content\/uploads\/san-pham\/bep-tu\/bep-tu-sakura\/bep-tu-doi-sakura-se-mi602b\/bep-tu-doi-sakura-se-mi602b-2-300x300.jpg 300w, https:\/\/livinghome.vn\/thiet-bi\/wp-content\/uploads\/san-pham\/bep-tu\/bep-tu-sakura\/bep-tu-doi-sakura-se-mi602b\/bep-tu-doi-sakura-se-mi602b-2-600x600.jpg 600w, https:\/\/livinghome.vn\/thiet-bi\/wp-content\/uploads\/san-pham\/bep-tu\/bep-tu-sakura\/bep-tu-doi-sakura-se-mi602b\/bep-tu-doi-sakura-se-mi602b-2-100x100.jpg 100w\" sizes=\"auto, (max-width: 800px) 100vw, 800px\" \/><figcaption id=\"caption-attachment-18471\" class=\"wp-caption-text\">B\u1ebfp T\u1eeb \u0110\u00f4i SAKURA SE-MI602B<\/figcaption><\/figure>\n","protected":false},"excerpt":{"rendered":"<ul>\n<li>M\u00e2m t\u1eeb vu\u00f4ng v\u1edbi d\u00e2y \u0111\u1ed3ng 100%<\/li>\n<li>M\u1eb7t k\u00ednh SCHOTT CERAN, vi\u1ec1n kim lo\u1ea1i hai b\u00ean, v\u00e1t 2 c\u1ea1nh tr\u00ean \u2013 d\u01b0\u1edbi<\/li>\n<li>T\u1ed5ng c\u00f4ng su\u1ea5t 2 v\u00f9ng n\u1ea5u 4800w<\/li>\n<li>V\u00f9ng n\u1ea5u r\u1ed9ng r\u00e3i, ti\u1ec7n d\u1ee5ng cho nhi\u1ec1u k\u00edch c\u1ee1 d\u1ee5ng c\u1ee5 n\u1ea5u<\/li>\n<li>Gia nhi\u1ec7t li\u00ean t\u1ee5c \u1ed5n \u0111\u1ecbnh \u1edf m\u1ecdi m\u1ee9c c\u00f4ng su\u1ea5t, gi\u00fap ti\u1ebft ki\u1ec7m \u0111i\u1ec7n n\u0103ng<\/li>\n<li>Gia nhi\u1ec7t nhanh ch\u00f3ng, r\u00fat ng\u1eafn th\u1eddi gian n\u1ea5u \u0103n<\/li>\n<li>H\u1eb9n gi\u1edd \u0111\u1ebfn 99 ph\u00fat, ch\u1ee9c n\u0103ng gi\u1eef \u1ea5m v\u1edbi 3 m\u1ee9c nhi\u1ec7t 70\/80\/90C<\/li>\n<li>Nhi\u1ec1u t\u00ednh n\u0103ng an to\u00e0n: ch\u1ed1ng tr\u00e0n, kh\u00f3a an to\u00e0n, v.v<\/li>\n<\/ul>\n","protected":false},"featured_media":18473,"comment_status":"open","ping_status":"closed","template":"","meta":[],"product_brand":[],"product_cat":[1830,1802,75,795],"product_tag":[1780,76,1782,111,1789,1790,1783,1803],"class_list":{"0":"post-18474","1":"product","2":"type-product","3":"status-publish","4":"has-post-thumbnail","6":"product_cat-thuong-hieu-sakura","7":"product_cat-bep-dien-tu-sakura","8":"product_cat-bep-tu","9":"product_cat-bep-tu-doi","10":"product_tag-bep-dien-tu-sakura","11":"product_tag-bep-tu","12":"product_tag-bep-tu-cao-cap","13":"product_tag-bep-tu-doi","14":"product_tag-bep-tu-doi-cao-cap","15":"product_tag-bep-tu-doi-gia-re","16":"product_tag-bep-tu-gia-re","17":"product_tag-sakura","19":"first","20":"instock","21":"sale","22":"shipping-taxable","23":"purchasable","24":"product-type-simple"},"_links":{"self":[{"href":"https:\/\/livinghome.vn\/thiet-bi\/wp-json\/wp\/v2\/product\/18474","targetHints":{"allow":["GET"]}}],"collection":[{"href":"https:\/\/livinghome.vn\/thiet-bi\/wp-json\/wp\/v2\/product"}],"about":[{"href":"https:\/\/livinghome.vn\/thiet-bi\/wp-json\/wp\/v2\/types\/product"}],"replies":[{"embeddable":true,"href":"https:\/\/livinghome.vn\/thiet-bi\/wp-json\/wp\/v2\/comments?post=18474"}],"wp:featuredmedia":[{"embeddable":true,"href":"https:\/\/livinghome.vn\/thiet-bi\/wp-json\/wp\/v2\/media\/18473"}],"wp:attachment":[{"href":"https:\/\/livinghome.vn\/thiet-bi\/wp-json\/wp\/v2\/media?parent=18474"}],"wp:term":[{"taxonomy":"product_brand","embeddable":true,"href":"https:\/\/livinghome.vn\/thiet-bi\/wp-json\/wp\/v2\/product_brand?post=18474"},{"taxonomy":"product_cat","embeddable":true,"href":"https:\/\/livinghome.vn\/thiet-bi\/wp-json\/wp\/v2\/product_cat?post=18474"},{"taxonomy":"product_tag","embeddable":true,"href":"https:\/\/livinghome.vn\/thiet-bi\/wp-json\/wp\/v2\/product_tag?post=18474"}],"curies":[{"name":"wp","href":"https:\/\/api.w.org\/{rel}","templated":true}]}}