{"id":1825,"date":"2023-01-12T13:41:30","date_gmt":"2023-01-12T06:41:30","guid":{"rendered":"https:\/\/livinghome.vn\/thiet-bi\/?post_type=product&#038;p=1825"},"modified":"2024-11-29T14:20:37","modified_gmt":"2024-11-29T07:20:37","slug":"lo-nuong-malloca-mov-659i-am-tu-mau-den-phoi-inox-9-chuc-nang","status":"publish","type":"product","link":"https:\/\/livinghome.vn\/thiet-bi\/lo-nuong-malloca-mov-659i-am-tu-mau-den-phoi-inox-9-chuc-nang\/","title":{"rendered":"L\u00f2 n\u01b0\u1edbng Malloca MOV-659I \u00e2m t\u1ee7 m\u00e0u \u0111en ph\u1ed1i inox 9 ch\u1ee9c n\u0103ng"},"content":{"rendered":"<h3>L\u00f2 n\u01b0\u1edbng Malloca MOV-659I \u00e2m t\u1ee7 m\u00e0u \u0111en ph\u1ed1i inox 9 ch\u1ee9c n\u0103ng, \u0111\u01b0\u1ee3c s\u1ea3n xu\u1ea5t t\u1eeb nh\u1eefng ch\u1ea5t li\u1ec7u cao c\u1ea5p c\u00f9ng thi\u1ebft k\u1ebf \u00e2m t\u1ee7 hi\u1ec7n \u0111\u1ea1i<\/h3>\n<figure id=\"attachment_54018\" aria-describedby=\"caption-attachment-54018\" style=\"width: 800px\" class=\"wp-caption alignnone\"><img loading=\"lazy\" decoding=\"async\" class=\"wp-image-54018 size-large\" src=\"https:\/\/livinghome.vn\/thiet-bi\/wp-content\/uploads\/nha-bep\/malloca\/lo-nuong-am-tu\/lo-nuong-am-tu-malloca-mov-659i\/lo-nuong-am-tu-malloca-mov-659i-3-800x800.jpg\" alt=\"L\u00f2 n\u01b0\u1edbng Malloca MOV-659I \u00e2m t\u1ee7 m\u00e0u \u0111en ph\u1ed1i inox 9 ch\u1ee9c n\u0103ng\" width=\"800\" height=\"800\" title=\"\"><figcaption id=\"caption-attachment-54018\" class=\"wp-caption-text\">L\u00f2 n\u01b0\u1edbng Malloca MOV-659I \u00e2m t\u1ee7 m\u00e0u \u0111en ph\u1ed1i inox 9 ch\u1ee9c n\u0103ng<\/figcaption><\/figure>\n<h3>T\u00ednh n\u0103ng c\u01a1 b\u1ea3n<\/h3>\n<ul>\n<li><a href=\"https:\/\/livinghome.vn\/thiet-bi\/lo-nuong-am\/\">L\u00f2 n\u01b0\u1edbng \u00e2m<\/a> &#8211; L\u00f2 n\u01b0\u1edbng \u00e2m t\u1ee7<\/li>\n<li>L\u00f2 n\u01b0\u1edbng \u0111i\u1ec7n \u00e2m t\u1ee7<\/li>\n<li>M\u1eb7t k\u00ednh m\u00e0u \u0111en ph\u1ed1i inox<\/li>\n<li>9 ch\u1ee9c n\u0103ng<\/li>\n<li>H\u1ec7 th\u1ed1ng \u0111i\u1ec1u khi\u1ec3n \u0111i\u1ec7n t\u1eed<\/li>\n<li>M\u00e0n h\u00ecnh hi\u1ec3n th\u1ecb LCD<\/li>\n<li>Ch\u1ee9c n\u0103ng h\u1eb9n gi\u1edd<\/li>\n<li>Ch\u1ee9c n\u0103ng n\u01b0\u1edbng xi\u00ean quay<\/li>\n<li>Qu\u1ea1t t\u1ea3n nhi\u1ec7t<\/li>\n<li>Qu\u1ea1t tu\u1ea7n ho\u00e0n<\/li>\n<li>\u0110\u00e8n chi\u1ebfu s\u00e1ng<\/li>\n<\/ul>\n<p>&nbsp;<\/p>\n<h3>Th\u00f4ng s\u1ed1 k\u1ef9 thu\u1eadt<\/h3>\n<ul>\n<li>Dung t\u00edch : 70L<\/li>\n<li>\u0110i\u1ec7n \u00e1p : 220-240V\/50Hz<\/li>\n<li>C\u00f4ng su\u1ea5t: 3000W<\/li>\n<li>K\u00edch th\u01b0\u1edbc: W595 x D575 x H595mm<\/li>\n<\/ul>\n<figure id=\"attachment_54019\" aria-describedby=\"caption-attachment-54019\" style=\"width: 800px\" class=\"wp-caption alignnone\"><img loading=\"lazy\" decoding=\"async\" class=\"wp-image-54019 size-large\" src=\"https:\/\/livinghome.vn\/thiet-bi\/wp-content\/uploads\/nha-bep\/malloca\/lo-nuong-am-tu\/lo-nuong-am-tu-malloca-mov-659i\/lo-nuong-am-tu-malloca-mov-659i-2-800x800.jpg\" alt=\"K\u00edch th\u01b0\u1edbc l\u00f2 n\u01b0\u1edbng Malloca MOV-659I \" width=\"800\" height=\"800\" title=\"\"><figcaption id=\"caption-attachment-54019\" class=\"wp-caption-text\">K\u00edch th\u01b0\u1edbc l\u00f2 n\u01b0\u1edbng Malloca MOV-659I<\/figcaption><\/figure>\n<h3>Xu\u1ea5t x\u1ee9: Trung Qu\u1ed1c (theo b\u1ea3n quy\u1ec1n Malloca)<\/h3>\n<div><\/div>\n","protected":false},"excerpt":{"rendered":"<p>L\u00f2 n\u01b0\u1edbng Malloca MOV-659I \u00e2m t\u1ee7 m\u00e0u \u0111en ph\u1ed1i inox 9 ch\u1ee9c n\u0103ng, \u0111\u01b0\u1ee3c s\u1ea3n xu\u1ea5t t\u1eeb nh\u1eefng ch\u1ea5t li\u1ec7u cao c\u1ea5p c\u00f9ng thi\u1ebft k\u1ebf \u00e2m t\u1ee7 hi\u1ec7n \u0111\u1ea1i T\u00ednh n\u0103ng c\u01a1 b\u1ea3n L\u00f2 n\u01b0\u1edbng \u00e2m &#8211; L\u00f2 n\u01b0\u1edbng \u00e2m t\u1ee7 L\u00f2 n\u01b0\u1edbng \u0111i\u1ec7n \u00e2m t\u1ee7 M\u1eb7t k\u00ednh m\u00e0u \u0111en ph\u1ed1i inox 9 ch\u1ee9c n\u0103ng [&#8230;]\n","protected":false},"featured_media":1922,"comment_status":"open","ping_status":"closed","template":"","meta":[],"product_brand":[],"product_cat":[95,262],"product_tag":[96,154,268,292,270],"class_list":{"0":"post-1825","1":"product","2":"type-product","3":"status-publish","4":"has-post-thumbnail","6":"product_cat-lo-nuong","7":"product_cat-thuong-hieu-malloca","8":"product_tag-lo-nuong","9":"product_tag-lo-nuong-am","10":"product_tag-lo-nuong-am-tu-malloca","11":"product_tag-lo-nuong-malloca","12":"product_tag-malloca","14":"first","15":"instock","16":"sale","17":"shipping-taxable","18":"purchasable","19":"product-type-simple"},"_links":{"self":[{"href":"https:\/\/livinghome.vn\/thiet-bi\/wp-json\/wp\/v2\/product\/1825","targetHints":{"allow":["GET"]}}],"collection":[{"href":"https:\/\/livinghome.vn\/thiet-bi\/wp-json\/wp\/v2\/product"}],"about":[{"href":"https:\/\/livinghome.vn\/thiet-bi\/wp-json\/wp\/v2\/types\/product"}],"replies":[{"embeddable":true,"href":"https:\/\/livinghome.vn\/thiet-bi\/wp-json\/wp\/v2\/comments?post=1825"}],"wp:featuredmedia":[{"embeddable":true,"href":"https:\/\/livinghome.vn\/thiet-bi\/wp-json\/wp\/v2\/media\/1922"}],"wp:attachment":[{"href":"https:\/\/livinghome.vn\/thiet-bi\/wp-json\/wp\/v2\/media?parent=1825"}],"wp:term":[{"taxonomy":"product_brand","embeddable":true,"href":"https:\/\/livinghome.vn\/thiet-bi\/wp-json\/wp\/v2\/product_brand?post=1825"},{"taxonomy":"product_cat","embeddable":true,"href":"https:\/\/livinghome.vn\/thiet-bi\/wp-json\/wp\/v2\/product_cat?post=1825"},{"taxonomy":"product_tag","embeddable":true,"href":"https:\/\/livinghome.vn\/thiet-bi\/wp-json\/wp\/v2\/product_tag?post=1825"}],"curies":[{"name":"wp","href":"https:\/\/api.w.org\/{rel}","templated":true}]}}