{"id":18188,"date":"2023-11-01T14:17:24","date_gmt":"2023-11-01T07:17:24","guid":{"rendered":"https:\/\/livinghome.vn\/thiet-bi\/?post_type=product&#038;p=18188"},"modified":"2024-11-29T14:19:09","modified_gmt":"2024-11-29T07:19:09","slug":"bep-hong-ngoai-don-sakura-se-3150b","status":"publish","type":"product","link":"https:\/\/livinghome.vn\/thiet-bi\/bep-hong-ngoai-don-sakura-se-3150b\/","title":{"rendered":"B\u1ebfp H\u1ed3ng Ngo\u1ea1i \u0110\u01a1n Sakura SE-3150B, 2200W, Tay C\u1ea7m Inox Si\u00eau B\u1ec1n"},"content":{"rendered":"<h2>B\u1ebfp H\u1ed3ng Ngo\u1ea1i 2 Tay C\u1ea7m Inox &#8211; SAKURA SE-3150B<\/h2>\n<figure id=\"attachment_18187\" aria-describedby=\"caption-attachment-18187\" style=\"width: 800px\" class=\"wp-caption alignnone\"><img loading=\"lazy\" decoding=\"async\" class=\"wp-image-18187 size-full\" src=\"https:\/\/livinghome.vn\/thiet-bi\/wp-content\/uploads\/san-pham\/bep-tu\/bep-tu-sakura\/bep-hong-ngoai-don-sakura-se-3150b\/bep-hong-ngoai-don-sakura-se-3150b-1.jpg\" alt=\"B\u1ebfp H\u1ed3ng Ngo\u1ea1i \u0110\u01a1n SAKURA SE-3150B\" width=\"800\" height=\"800\" title=\"\" srcset=\"https:\/\/livinghome.vn\/thiet-bi\/wp-content\/uploads\/san-pham\/bep-tu\/bep-tu-sakura\/bep-hong-ngoai-don-sakura-se-3150b\/bep-hong-ngoai-don-sakura-se-3150b-1.jpg 800w, https:\/\/livinghome.vn\/thiet-bi\/wp-content\/uploads\/san-pham\/bep-tu\/bep-tu-sakura\/bep-hong-ngoai-don-sakura-se-3150b\/bep-hong-ngoai-don-sakura-se-3150b-1-400x400.jpg 400w, https:\/\/livinghome.vn\/thiet-bi\/wp-content\/uploads\/san-pham\/bep-tu\/bep-tu-sakura\/bep-hong-ngoai-don-sakura-se-3150b\/bep-hong-ngoai-don-sakura-se-3150b-1-280x280.jpg 280w, https:\/\/livinghome.vn\/thiet-bi\/wp-content\/uploads\/san-pham\/bep-tu\/bep-tu-sakura\/bep-hong-ngoai-don-sakura-se-3150b\/bep-hong-ngoai-don-sakura-se-3150b-1-768x768.jpg 768w, https:\/\/livinghome.vn\/thiet-bi\/wp-content\/uploads\/san-pham\/bep-tu\/bep-tu-sakura\/bep-hong-ngoai-don-sakura-se-3150b\/bep-hong-ngoai-don-sakura-se-3150b-1-300x300.jpg 300w, https:\/\/livinghome.vn\/thiet-bi\/wp-content\/uploads\/san-pham\/bep-tu\/bep-tu-sakura\/bep-hong-ngoai-don-sakura-se-3150b\/bep-hong-ngoai-don-sakura-se-3150b-1-600x600.jpg 600w, https:\/\/livinghome.vn\/thiet-bi\/wp-content\/uploads\/san-pham\/bep-tu\/bep-tu-sakura\/bep-hong-ngoai-don-sakura-se-3150b\/bep-hong-ngoai-don-sakura-se-3150b-1-100x100.jpg 100w\" sizes=\"auto, (max-width: 800px) 100vw, 800px\" \/><figcaption id=\"caption-attachment-18187\" class=\"wp-caption-text\">B\u1ebfp H\u1ed3ng Ngo\u1ea1i \u0110\u01a1n SAKURA SE-3150B<\/figcaption><\/figure>\n<h2>Th\u00f4ng tin s\u1ea3n ph\u1ea9m<\/h2>\n<ul>\n<li><strong>T\u1ed5ng c\u00f4ng su\u1ea5t:<\/strong> 8 m\u1ee9c c\u00f4ng su\u1ea5t, t\u1ed1i \u0111a 2000W<\/li>\n<li><strong>B\u1ea3ng \u0111i\u1ec1u khi\u1ec3n:<\/strong> \u0110i\u1ec1u khi\u1ec3n c\u1ea3m \u1ee9ng k\u1ebft h\u1ee3p n\u00fam v\u1eb7n, M\u00e0n h\u00ecnh hi\u1ec3n th\u1ecb LED<\/li>\n<li><strong>M\u1eb7t b\u1ebfp:<\/strong> M\u1eb7t k\u00ednh Crystallite \u0111en, th\u00e2n Inox v\u1edbi tay c\u1ea7m hai b\u00ean<\/li>\n<li><strong>Ch\u1ee9c n\u0103ng h\u1eb9n gi\u1edd:<\/strong> L\u00ean \u0111\u1ebfn 240 ph\u00fat<\/li>\n<li><strong>Ch\u1ebf \u0111\u1ed9 n\u1ea5u<\/strong>: 4 ch\u1ebf \u0111\u1ed9<\/li>\n<\/ul>\n<h2>Ch\u1ee9c n\u0103ng an to\u00e0n<\/h2>\n<ul>\n<li>T\u1ef1 ng\u1eaft khi b\u1ebfp kh\u00f4ng ho\u1ea1t \u0111\u1ed9ng trong 2 gi\u1edd<\/li>\n<li>Kh\u00f3a an to\u00e0n<\/li>\n<li>C\u1ea3nh b\u00e1o d\u01b0 nhi\u1ec7t v\u00f9ng n\u1ea5u<\/li>\n<li>\u0110\u1ea1t ch\u1ee9ng nh\u1eadn EMC<\/li>\n<li>H\u1ec7 th\u1ed1ng b\u1ea3o v\u1ec7 khi qu\u00e1 nhi\u1ec7t<\/li>\n<\/ul>\n<p>&nbsp;<\/p>\n<h2>Th\u00f4ng s\u1ed1 k\u1ef9 thu\u1eadt<\/h2>\n<ul>\n<li><strong>\u0110i\u1ec7n \u00e1p:<\/strong> 220-240V\/ 50-60Hz<\/li>\n<li><strong>K\u00edch th\u01b0\u1edbc s\u1ea3n ph\u1ea9m:<\/strong> W420 x D299 x H65mm<\/li>\n<li><strong>Tr\u1ecdng l\u01b0\u1ee3ng:<\/strong> 2.5kg<\/li>\n<li><strong>Xu\u1ea5t x\u1ee9:<\/strong> Trung Qu\u1ed1c<\/li>\n<li><strong>B\u1ea3o h\u00e0nh: <\/strong>12 th\u00e1ng<\/li>\n<\/ul>\n<p>&nbsp;<\/p>\n","protected":false},"excerpt":{"rendered":"<ul>\n<li>B\u1ebfp h\u1ed3ng ngo\u1ea1i \u0111\u01a1n SAKURA t\u1eb7ng k\u00e8m 1 v\u1ec9 n\u01b0\u1edbng<\/li>\n<li>M\u1eb7t k\u00ednh Crystallite \u0111en, th\u00e2n Inox v\u1edbi tay c\u1ea7m hai b\u00ean<\/li>\n<li>\u0110i\u1ec1u khi\u1ec3n c\u1ea3m \u1ee9ng k\u1ebft h\u1ee3p n\u00fam v\u1eb7n ti\u1ec7n l\u1ee3i s\u1eed d\u1ee5ng<\/li>\n<li>M\u00e0n h\u00ecnh hi\u1ec3n th\u1ecb LED r\u00f5 n\u00e9t<\/li>\n<li>8 m\u1ee9c c\u00f4ng su\u1ea5t, max 2000w<\/li>\n<li>4 ch\u1ebf \u0111\u1ed9 n\u1ea5u \u0103n:\u00a0<span class=\"fontstyle0\">L\u1ea9u<\/span>\u00a0 \/\u00a0<span class=\"fontstyle0\">BBQ<\/span>\u00a0\/\u00a0<span class=\"fontstyle0\">X\u00e0o<\/span>\u00a0\/\u00a0<span class=\"fontstyle0\">Soup<\/span><\/li>\n<li>H\u1eb9n gi\u1edd \u0111\u1ebfn 240 ph\u00fat<\/li>\n<li>Kh\u00f3a an to\u00e0n tr\u1ebb em<\/li>\n<\/ul>\n","protected":false},"featured_media":18187,"comment_status":"open","ping_status":"closed","template":"","meta":[],"product_brand":[],"product_cat":[1830,117,1802],"product_tag":[1780,174,1690,1787,1786,1785,1803],"class_list":{"0":"post-18188","1":"product","2":"type-product","3":"status-publish","4":"has-post-thumbnail","6":"product_cat-thuong-hieu-sakura","7":"product_cat-bep-dien-hong-ngoai","8":"product_cat-bep-dien-tu-sakura","9":"product_tag-bep-dien-tu-sakura","10":"product_tag-bep-hong-ngoai","11":"product_tag-bep-hong-ngoai-don","12":"product_tag-bep-hong-ngoai-don-cao-cap","13":"product_tag-bep-hong-ngoai-don-gia-re","14":"product_tag-bep-hong-ngoai-gia-re","15":"product_tag-sakura","17":"first","18":"instock","19":"sale","20":"shipping-taxable","21":"purchasable","22":"product-type-simple"},"_links":{"self":[{"href":"https:\/\/livinghome.vn\/thiet-bi\/wp-json\/wp\/v2\/product\/18188","targetHints":{"allow":["GET"]}}],"collection":[{"href":"https:\/\/livinghome.vn\/thiet-bi\/wp-json\/wp\/v2\/product"}],"about":[{"href":"https:\/\/livinghome.vn\/thiet-bi\/wp-json\/wp\/v2\/types\/product"}],"replies":[{"embeddable":true,"href":"https:\/\/livinghome.vn\/thiet-bi\/wp-json\/wp\/v2\/comments?post=18188"}],"wp:featuredmedia":[{"embeddable":true,"href":"https:\/\/livinghome.vn\/thiet-bi\/wp-json\/wp\/v2\/media\/18187"}],"wp:attachment":[{"href":"https:\/\/livinghome.vn\/thiet-bi\/wp-json\/wp\/v2\/media?parent=18188"}],"wp:term":[{"taxonomy":"product_brand","embeddable":true,"href":"https:\/\/livinghome.vn\/thiet-bi\/wp-json\/wp\/v2\/product_brand?post=18188"},{"taxonomy":"product_cat","embeddable":true,"href":"https:\/\/livinghome.vn\/thiet-bi\/wp-json\/wp\/v2\/product_cat?post=18188"},{"taxonomy":"product_tag","embeddable":true,"href":"https:\/\/livinghome.vn\/thiet-bi\/wp-json\/wp\/v2\/product_tag?post=18188"}],"curies":[{"name":"wp","href":"https:\/\/api.w.org\/{rel}","templated":true}]}}