{"id":18178,"date":"2023-11-01T10:35:23","date_gmt":"2023-11-01T03:35:23","guid":{"rendered":"https:\/\/livinghome.vn\/thiet-bi\/?post_type=product&#038;p=18178"},"modified":"2024-11-29T14:19:09","modified_gmt":"2024-11-29T07:19:09","slug":"bep-dien-tu-doi-sakura-se-3250b-73cm","status":"publish","type":"product","link":"https:\/\/livinghome.vn\/thiet-bi\/bep-dien-tu-doi-sakura-se-3250b-73cm\/","title":{"rendered":"B\u1ebfp \u0110i\u1ec7n T\u1eeb \u0110\u00f4i Sakura SE-3250B, 73CM, 1 \u0110i\u1ec7n 1 T\u1eeb, K\u00ednh Ceramic"},"content":{"rendered":"<h2>Gi\u1edbi thi\u1ec7u SAKURA SE-3250B<\/h2>\n<p>D\u00f2ng <strong><a href=\"https:\/\/livinghome.vn\/thiet-bi\/bep-dien-tu-doi\/\">B\u1ebfp \u0111i\u1ec7n t\u1eeb \u0111\u00f4i<\/a><\/strong> c\u1ee7a Sakura v\u1edbi \u01b0a \u0111i\u1ec3m l\u00e0 h\u00e0ng ch\u00ednh h\u00e3ng, d\u1ec5 d\u00f9ng, kh\u00f4ng k\u00e9n n\u1ed3i v\u00e0 c\u00f3 m\u1ee9c gi\u00e1 c\u1ea3 ph\u1ea3i ch\u0103ng hi\u1ec7n nay<\/p>\n<figure id=\"attachment_17785\" aria-describedby=\"caption-attachment-17785\" style=\"width: 800px\" class=\"wp-caption alignnone\"><img loading=\"lazy\" decoding=\"async\" class=\"wp-image-17785 size-full\" src=\"https:\/\/livinghome.vn\/thiet-bi\/wp-content\/uploads\/san-pham\/bep-tu\/bep-tu-sakura\/bep-dien-tu-sakura-se3250b\/bep-dien-tu-sakura-se3250b-1.jpg\" alt=\"B\u1ebfp \u0110i\u1ec7n T\u1eeb \u0110\u00f4i Sakura SE-3250B, 73CM, 1 \u0110i\u1ec7n 1 T\u1eeb, K\u00ednh Ceramic\" width=\"800\" height=\"800\" title=\"\" srcset=\"https:\/\/livinghome.vn\/thiet-bi\/wp-content\/uploads\/san-pham\/bep-tu\/bep-tu-sakura\/bep-dien-tu-sakura-se3250b\/bep-dien-tu-sakura-se3250b-1.jpg 800w, https:\/\/livinghome.vn\/thiet-bi\/wp-content\/uploads\/san-pham\/bep-tu\/bep-tu-sakura\/bep-dien-tu-sakura-se3250b\/bep-dien-tu-sakura-se3250b-1-400x400.jpg 400w, https:\/\/livinghome.vn\/thiet-bi\/wp-content\/uploads\/san-pham\/bep-tu\/bep-tu-sakura\/bep-dien-tu-sakura-se3250b\/bep-dien-tu-sakura-se3250b-1-280x280.jpg 280w, https:\/\/livinghome.vn\/thiet-bi\/wp-content\/uploads\/san-pham\/bep-tu\/bep-tu-sakura\/bep-dien-tu-sakura-se3250b\/bep-dien-tu-sakura-se3250b-1-768x768.jpg 768w, https:\/\/livinghome.vn\/thiet-bi\/wp-content\/uploads\/san-pham\/bep-tu\/bep-tu-sakura\/bep-dien-tu-sakura-se3250b\/bep-dien-tu-sakura-se3250b-1-300x300.jpg 300w, https:\/\/livinghome.vn\/thiet-bi\/wp-content\/uploads\/san-pham\/bep-tu\/bep-tu-sakura\/bep-dien-tu-sakura-se3250b\/bep-dien-tu-sakura-se3250b-1-600x600.jpg 600w, https:\/\/livinghome.vn\/thiet-bi\/wp-content\/uploads\/san-pham\/bep-tu\/bep-tu-sakura\/bep-dien-tu-sakura-se3250b\/bep-dien-tu-sakura-se3250b-1-100x100.jpg 100w\" sizes=\"auto, (max-width: 800px) 100vw, 800px\" \/><figcaption id=\"caption-attachment-17785\" class=\"wp-caption-text\">B\u1ebfp \u0111i\u1ec7n t\u1eeb \u0111\u00f4i Sakura SE 3250B c\u00f3 thi\u1ebft k\u1ebf hi\u1ec7n \u0111\u1ea1i v\u1edbi 1 v\u00f9ng n\u1ea5u t\u1eeb v\u00e0 1 v\u00f9ng n\u1ea5u h\u1ed3ng ngo\u1ea1i ti\u1ec7n l\u1ee3i v\u00e0 kh\u00f4ng s\u1ee3 k\u00e9n n\u1ed3i<\/figcaption><\/figure>\n<h2>B\u1ebfp \u0110i\u1ec7n T\u1eeb \u0110\u00f4i 2 V\u00f9ng N\u1ea5u 1 H\u1ed3ng Ngo\u1ea1i 1 T\u1eeb<\/h2>\n<p><strong><a href=\"https:\/\/livinghome.vn\/thiet-bi\/bep-dien-tu-sakura\/\">B\u1ebfp \u0111i\u1ec7n t\u1eeb Sakura<\/a><\/strong> \u0110\u00e0i Loan c\u00f3 nhi\u1ec1u t\u00ednh n\u0103ng \u01b0u vi\u1ec7t hi\u1ec7n \u0111\u01b0\u1ee3c nhi\u1ec1u gia \u0111\u00ecnh \u01b0a chu\u1ed9ng l\u1ef1a ch\u1ecdn \u0111\u1ec3 l\u00e0m b\u1ebfp n\u1ea5u.<\/p>\n<ul>\n<li>T\u1ed5ng c\u00f4ng su\u1ea5t: 4400W<\/li>\n<li>V\u00f9ng n\u1ea5u tr\u00e1i: \u03c6195mm, 2000W \/ 2200W (Booster)<\/li>\n<li>V\u00f9ng n\u1ea5u ph\u1ea3i: \u03c6200mm, 2200W (2 v\u00f2ng nhi\u1ec7t)<\/li>\n<li>B\u1ea3ng \u0111i\u1ec1u khi\u1ec3n: B\u1ea3ng \u0111i\u1ec1u khi\u1ec3n c\u1ea3m \u1ee9ng ch\u1ea1m v\u00e0 tr\u01b0\u1ee3t<\/li>\n<li>M\u1eb7t b\u1ebfp: K\u00ednh Ceramic<\/li>\n<li>Ch\u1ee9c n\u0103ng h\u1eb9n gi\u1edd: L\u00ean \u0111\u1ebfn 99 ph\u00fat<\/li>\n<li>Ch\u1ee9c n\u0103ng gi\u1eef \u1ea5m: V\u00f9ng n\u1ea5u ph\u1ea3i<\/li>\n<\/ul>\n<figure id=\"attachment_17784\" aria-describedby=\"caption-attachment-17784\" style=\"width: 800px\" class=\"wp-caption alignnone\"><img loading=\"lazy\" decoding=\"async\" class=\"wp-image-17784 size-full\" src=\"https:\/\/livinghome.vn\/thiet-bi\/wp-content\/uploads\/san-pham\/bep-tu\/bep-tu-sakura\/bep-dien-tu-sakura-se3250b\/bep-dien-tu-sakura-se3250b-2.jpg\" alt=\"B\u1ebfp \u0110i\u1ec7n T\u1eeb \u0110\u00f4i Sakura SE-3250B, 73CM, 1 \u0110i\u1ec7n 1 T\u1eeb, K\u00ednh Ceramic\" width=\"800\" height=\"800\" title=\"\" srcset=\"https:\/\/livinghome.vn\/thiet-bi\/wp-content\/uploads\/san-pham\/bep-tu\/bep-tu-sakura\/bep-dien-tu-sakura-se3250b\/bep-dien-tu-sakura-se3250b-2.jpg 800w, https:\/\/livinghome.vn\/thiet-bi\/wp-content\/uploads\/san-pham\/bep-tu\/bep-tu-sakura\/bep-dien-tu-sakura-se3250b\/bep-dien-tu-sakura-se3250b-2-400x400.jpg 400w, https:\/\/livinghome.vn\/thiet-bi\/wp-content\/uploads\/san-pham\/bep-tu\/bep-tu-sakura\/bep-dien-tu-sakura-se3250b\/bep-dien-tu-sakura-se3250b-2-280x280.jpg 280w, https:\/\/livinghome.vn\/thiet-bi\/wp-content\/uploads\/san-pham\/bep-tu\/bep-tu-sakura\/bep-dien-tu-sakura-se3250b\/bep-dien-tu-sakura-se3250b-2-768x768.jpg 768w, https:\/\/livinghome.vn\/thiet-bi\/wp-content\/uploads\/san-pham\/bep-tu\/bep-tu-sakura\/bep-dien-tu-sakura-se3250b\/bep-dien-tu-sakura-se3250b-2-300x300.jpg 300w, https:\/\/livinghome.vn\/thiet-bi\/wp-content\/uploads\/san-pham\/bep-tu\/bep-tu-sakura\/bep-dien-tu-sakura-se3250b\/bep-dien-tu-sakura-se3250b-2-600x600.jpg 600w, https:\/\/livinghome.vn\/thiet-bi\/wp-content\/uploads\/san-pham\/bep-tu\/bep-tu-sakura\/bep-dien-tu-sakura-se3250b\/bep-dien-tu-sakura-se3250b-2-100x100.jpg 100w\" sizes=\"auto, (max-width: 800px) 100vw, 800px\" \/><figcaption id=\"caption-attachment-17784\" class=\"wp-caption-text\">SAKURA SE-3250B l\u00e0 chi\u1ebfc b\u1ebfp \u0111i\u1ec7n t\u1eeb \u0111\u00f4i ch\u1eafc ch\u1eafn \u0111\u01b0\u1ee3c thi\u1ebft k\u1ebf ho\u00e0n to\u00e0n ph\u00f9 h\u1ee3p v\u1edbi ng\u01b0\u1eddi \u00c1 \u0110\u00f4ng<\/figcaption><\/figure>\n<h2>Ch\u1ee9c N\u0103ng An To\u00e0n<\/h2>\n<ul>\n<li>Ch\u1ed1ng tr\u00e0n<\/li>\n<li>Nh\u1eadn di\u1ec7n n\u1ed3i n\u1ea5u<\/li>\n<li>Kh\u00f3a an to\u00e0n<\/li>\n<li>C\u1ea3nh b\u00e1o d\u01b0 nhi\u1ec7t v\u00f9ng n\u1ea5u<\/li>\n<li>T\u1ef1 t\u1eaft khi kh\u00f4ng c\u00f3 n\u1ed3i<\/li>\n<li>\u0110\u1ea1t ch\u1ee9ng nh\u1eadn EMC<\/li>\n<li>H\u1ec7 th\u1ed1ng b\u1ea3o v\u1ec7 khi qu\u00e1 nhi\u1ec7t<\/li>\n<li>M\u00e0ng b\u1ea3o v\u1ec7 IGBT<\/li>\n<\/ul>\n<figure id=\"attachment_17783\" aria-describedby=\"caption-attachment-17783\" style=\"width: 800px\" class=\"wp-caption alignnone\"><img loading=\"lazy\" decoding=\"async\" class=\"wp-image-17783 size-full\" src=\"https:\/\/livinghome.vn\/thiet-bi\/wp-content\/uploads\/san-pham\/bep-tu\/bep-tu-sakura\/bep-dien-tu-sakura-se3250b\/bep-dien-tu-sakura-se3250b-3.jpg\" alt=\"B\u1ebfp \u0110i\u1ec7n T\u1eeb \u0110\u00f4i Sakura SE-3250B, 73CM, 1 \u0110i\u1ec7n 1 T\u1eeb, K\u00ednh Ceramic\" width=\"800\" height=\"800\" title=\"\" srcset=\"https:\/\/livinghome.vn\/thiet-bi\/wp-content\/uploads\/san-pham\/bep-tu\/bep-tu-sakura\/bep-dien-tu-sakura-se3250b\/bep-dien-tu-sakura-se3250b-3.jpg 800w, https:\/\/livinghome.vn\/thiet-bi\/wp-content\/uploads\/san-pham\/bep-tu\/bep-tu-sakura\/bep-dien-tu-sakura-se3250b\/bep-dien-tu-sakura-se3250b-3-400x400.jpg 400w, https:\/\/livinghome.vn\/thiet-bi\/wp-content\/uploads\/san-pham\/bep-tu\/bep-tu-sakura\/bep-dien-tu-sakura-se3250b\/bep-dien-tu-sakura-se3250b-3-280x280.jpg 280w, https:\/\/livinghome.vn\/thiet-bi\/wp-content\/uploads\/san-pham\/bep-tu\/bep-tu-sakura\/bep-dien-tu-sakura-se3250b\/bep-dien-tu-sakura-se3250b-3-768x768.jpg 768w, https:\/\/livinghome.vn\/thiet-bi\/wp-content\/uploads\/san-pham\/bep-tu\/bep-tu-sakura\/bep-dien-tu-sakura-se3250b\/bep-dien-tu-sakura-se3250b-3-300x300.jpg 300w, https:\/\/livinghome.vn\/thiet-bi\/wp-content\/uploads\/san-pham\/bep-tu\/bep-tu-sakura\/bep-dien-tu-sakura-se3250b\/bep-dien-tu-sakura-se3250b-3-600x600.jpg 600w, https:\/\/livinghome.vn\/thiet-bi\/wp-content\/uploads\/san-pham\/bep-tu\/bep-tu-sakura\/bep-dien-tu-sakura-se3250b\/bep-dien-tu-sakura-se3250b-3-100x100.jpg 100w\" sizes=\"auto, (max-width: 800px) 100vw, 800px\" \/><figcaption id=\"caption-attachment-17783\" class=\"wp-caption-text\">B\u1ebfp \u0111i\u1ec7n t\u1eeb k\u1ebft h\u1ee3pp Sakura SE-3250 s\u1ebd l\u00e0 s\u1ea3n ph\u1ea9m \u0111\u01b0\u1ee3c ng\u01b0\u1eddi ti\u00eau d\u00f9ng s\u0103n \u0111\u00f3n nhi\u1ec1u trong th\u1eddi gian t\u1edbi<\/figcaption><\/figure>\n<h2>Th\u00f4ng S\u1ed1 K\u1ef9 Thu\u1eadt<\/h2>\n<ul>\n<li>\u0110i\u1ec7n \u00e1p: 220-240V\/ 50-60Hz<\/li>\n<li>K\u00edch th\u01b0\u1edbc s\u1ea3n ph\u1ea9m: W730 x D430 x H88 mm<\/li>\n<li>K\u00edch th\u01b0\u1edbc kho\u00e9t \u0111\u00e1: W680 x D380 mm<\/li>\n<li>Tr\u1ecdng l\u01b0\u1ee3ng: 8.1kg<\/li>\n<li>B\u1ea3o h\u00e0nh: 24 th\u00e1ng + 12 th\u00e1ng (khi \u0111\u0103ng k\u00fd b\u1ea3o h\u00e0nh)<\/li>\n<\/ul>\n<h2>Xu\u1ea5t x\u1ee9: Trung Qu\u1ed1c (b\u1ea3n quy\u1ec1n c\u1ee7a Sakura \u0110\u00e0i Loan)<\/h2>\n<p>&nbsp;<\/p>\n","protected":false},"excerpt":{"rendered":"<h3>B\u1ebfp 1 H\u1ed3ng Ngo\u1ea1i 1 T\u1eeb Sakura SE-3250<\/h3>\n<ul>\n<li><strong>Lo\u1ea1i b\u1ebfp:<\/strong> b\u1ebfp \u00e2m v\u1edbi 1 \u0111i\u1ec7n (h\u1ed3ng ngo\u1ea1i) v\u00e0 1 t\u1eeb<\/li>\n<li><strong>M\u1eb7t k\u00ednh:<\/strong> K\u00ednh Ceramic<\/li>\n<li><strong>C\u00f4ng su\u1ea5t:<\/strong> 4000W<\/li>\n<li><strong>K\u00edch th\u01b0\u1edbc b\u1ebfp:<\/strong> W730 x D430 x H88mm<\/li>\n<li><strong>K\u00edch th\u01b0\u1edbc c\u1eaft \u0111\u00e1:<\/strong> W680 x D380mm<\/li>\n<li><strong>H\u1ec7 th\u1ed1ng \u0111i\u1ec1u khi\u1ec3n:<\/strong> c\u1ea3m \u1ee9ng d\u1ea1ng ch\u1ea1m + tr\u01b0\u1ee3t<\/li>\n<\/ul>\n","protected":false},"featured_media":17785,"comment_status":"open","ping_status":"closed","template":"","meta":[],"product_brand":[],"product_cat":[1830,793,745,80,1802],"product_tag":[982,81,453,743,1779,1696,1780,1803],"class_list":{"0":"post-18178","1":"product","2":"type-product","3":"status-publish","4":"has-post-thumbnail","6":"product_cat-thuong-hieu-sakura","7":"product_cat-bep-1-dien-1-tu","8":"product_cat-bep-dien-tu","9":"product_cat-bep-dien-tu-ket-hop","10":"product_cat-bep-dien-tu-sakura","11":"product_tag-bep-1-dien-1-tu","12":"product_tag-bep-dien-tu","13":"product_tag-bep-dien-tu-doi","14":"product_tag-bep-dien-tu-ket-hop","15":"product_tag-bep-dien-tu-ket-hop-sakura","16":"product_tag-bep-dien-tu-khong-ken-noi","17":"product_tag-bep-dien-tu-sakura","18":"product_tag-sakura","20":"first","21":"instock","22":"sale","23":"shipping-taxable","24":"purchasable","25":"product-type-simple"},"_links":{"self":[{"href":"https:\/\/livinghome.vn\/thiet-bi\/wp-json\/wp\/v2\/product\/18178","targetHints":{"allow":["GET"]}}],"collection":[{"href":"https:\/\/livinghome.vn\/thiet-bi\/wp-json\/wp\/v2\/product"}],"about":[{"href":"https:\/\/livinghome.vn\/thiet-bi\/wp-json\/wp\/v2\/types\/product"}],"replies":[{"embeddable":true,"href":"https:\/\/livinghome.vn\/thiet-bi\/wp-json\/wp\/v2\/comments?post=18178"}],"wp:featuredmedia":[{"embeddable":true,"href":"https:\/\/livinghome.vn\/thiet-bi\/wp-json\/wp\/v2\/media\/17785"}],"wp:attachment":[{"href":"https:\/\/livinghome.vn\/thiet-bi\/wp-json\/wp\/v2\/media?parent=18178"}],"wp:term":[{"taxonomy":"product_brand","embeddable":true,"href":"https:\/\/livinghome.vn\/thiet-bi\/wp-json\/wp\/v2\/product_brand?post=18178"},{"taxonomy":"product_cat","embeddable":true,"href":"https:\/\/livinghome.vn\/thiet-bi\/wp-json\/wp\/v2\/product_cat?post=18178"},{"taxonomy":"product_tag","embeddable":true,"href":"https:\/\/livinghome.vn\/thiet-bi\/wp-json\/wp\/v2\/product_tag?post=18178"}],"curies":[{"name":"wp","href":"https:\/\/api.w.org\/{rel}","templated":true}]}}