{"id":1810,"date":"2023-01-12T13:41:06","date_gmt":"2023-01-12T06:41:06","guid":{"rendered":"https:\/\/livinghome.vn\/thiet-bi\/?post_type=product&#038;p=1810"},"modified":"2024-11-29T14:20:37","modified_gmt":"2024-11-29T07:20:37","slug":"lo-nuong-malloca-mov-40cp-am-tu-mau-den-7-chuc-nang","status":"publish","type":"product","link":"https:\/\/livinghome.vn\/thiet-bi\/lo-nuong-malloca-mov-40cp-am-tu-mau-den-7-chuc-nang\/","title":{"rendered":"L\u00f2 n\u01b0\u1edbng Malloca MOV-40CP \u00e2m t\u1ee7 m\u00e0u \u0111en 7 ch\u1ee9c n\u0103ng"},"content":{"rendered":"<h3>L\u00f2 n\u01b0\u1edbng Malloca MOV-40CP \u00e2m t\u1ee7 m\u00e0u \u0111en 7 ch\u1ee9c n\u0103ng c\u00f3 m\u1eb7t k\u00ednh cao c\u1ea5p m\u00e0u \u0111en sang tr\u1ecdng, kh\u1ea3 n\u0103ng ch\u1ecbu l\u1ef1c v\u00e0 nhi\u1ec7t \u0111\u1ed9 cao c\u1ef1c t\u1ed1t<\/h3>\n<figure id=\"attachment_54004\" aria-describedby=\"caption-attachment-54004\" style=\"width: 800px\" class=\"wp-caption alignnone\"><img loading=\"lazy\" decoding=\"async\" class=\"wp-image-54004 size-large\" src=\"https:\/\/livinghome.vn\/thiet-bi\/wp-content\/uploads\/nha-bep\/malloca\/lo-nuong-am-tu\/lo-nuong-am-tu-malloca-mov-40cp\/lo-nuong-am-tu-malloca-mov-40cp-1-800x800.jpg\" alt=\"L\u00f2 n\u01b0\u1edbng Malloca MOV-40CP \u00e2m t\u1ee7 m\u00e0u \u0111en 7 ch\u1ee9c n\u0103ng\" width=\"800\" height=\"800\" title=\"\"><figcaption id=\"caption-attachment-54004\" class=\"wp-caption-text\">L\u00f2 n\u01b0\u1edbng Malloca MOV-40CP \u00e2m t\u1ee7 m\u00e0u \u0111en 7 ch\u1ee9c n\u0103ng<\/figcaption><\/figure>\n<h3>T\u00ednh n\u0103ng c\u01a1 b\u1ea3n<\/h3>\n<ul>\n<li><a href=\"https:\/\/livinghome.vn\/thiet-bi\/lo-nuong-am\/\">L\u00f2 n\u01b0\u1edbng \u00e2m<\/a> &#8211; L\u00f2 n\u01b0\u1edbng \u00e2m t\u1ee7<\/li>\n<li>M\u1eb7t k\u00ednh m\u00e0u \u0111en<\/li>\n<li>7 ch\u1ee9c n\u0103ng<\/li>\n<li>\u0110i\u1ec1u khi\u1ec3n c\u1ea3m \u1ee9ng<\/li>\n<li>M\u00e0n h\u00ecnh LCD hi\u1ec3n th\u1ecb<\/li>\n<li>R\u00e3 \u0111\u00f4ng<\/li>\n<li>N\u01b0\u1edbng truy\u1ec1n th\u1ed1ng<\/li>\n<li>N\u01b0\u1edbng k\u1ebft h\u1ee3p qu\u1ea1t<\/li>\n<li>N\u01b0\u1edbng \u0111\u1ed1i l\u01b0u<\/li>\n<li>Ch\u1ee9c n\u0103ng h\u1eb9n gi\u1edd<\/li>\n<li>Kh\u00f3a ph\u00edm an to\u00e0n tr\u1ebb em<\/li>\n<\/ul>\n<p>&nbsp;<\/p>\n<h3>Th\u00f4ng s\u1ed1 k\u1ef9 thu\u1eadt<\/h3>\n<ul>\n<li>Dung t\u00edch : 40L<\/li>\n<li>C\u00f4ng su\u1ea5t: 3280W<\/li>\n<li>\u0110i\u1ec7n \u00e1p: 220-240V~50\/60Hz<\/li>\n<li>K\u00edch th\u01b0\u1edbc: W595 x D570 x H455mm<\/li>\n<\/ul>\n<figure id=\"attachment_54003\" aria-describedby=\"caption-attachment-54003\" style=\"width: 800px\" class=\"wp-caption alignnone\"><img loading=\"lazy\" decoding=\"async\" class=\"wp-image-54003 size-large\" src=\"https:\/\/livinghome.vn\/thiet-bi\/wp-content\/uploads\/nha-bep\/malloca\/lo-nuong-am-tu\/lo-nuong-am-tu-malloca-mov-40cp\/lo-nuong-am-tu-malloca-mov-40cp-2-800x800.jpg\" alt=\"K\u00edch th\u01b0\u1edbc l\u00f2 n\u01b0\u1edbng Malloca MOV-40CP \" width=\"800\" height=\"800\" title=\"\"><figcaption id=\"caption-attachment-54003\" class=\"wp-caption-text\">K\u00edch th\u01b0\u1edbc l\u00f2 n\u01b0\u1edbng Malloca MOV-40CP<\/figcaption><\/figure>\n<h3>Xu\u1ea5t x\u1ee9: Trung Qu\u1ed1c (theo b\u1ea3n quy\u1ec1n Malloca)<\/h3>\n<div><\/div>\n","protected":false},"excerpt":{"rendered":"<p>L\u00f2 n\u01b0\u1edbng Malloca MOV-40CP \u00e2m t\u1ee7 m\u00e0u \u0111en 7 ch\u1ee9c n\u0103ng c\u00f3 m\u1eb7t k\u00ednh cao c\u1ea5p m\u00e0u \u0111en sang tr\u1ecdng, kh\u1ea3 n\u0103ng ch\u1ecbu l\u1ef1c v\u00e0 nhi\u1ec7t \u0111\u1ed9 cao c\u1ef1c t\u1ed1t T\u00ednh n\u0103ng c\u01a1 b\u1ea3n L\u00f2 n\u01b0\u1edbng \u00e2m &#8211; L\u00f2 n\u01b0\u1edbng \u00e2m t\u1ee7 M\u1eb7t k\u00ednh m\u00e0u \u0111en 7 ch\u1ee9c n\u0103ng \u0110i\u1ec1u khi\u1ec3n c\u1ea3m \u1ee9ng M\u00e0n h\u00ecnh [&#8230;]\n","protected":false},"featured_media":1913,"comment_status":"open","ping_status":"closed","template":"","meta":[],"product_brand":[],"product_cat":[95,262],"product_tag":[96,154,268,292,270],"class_list":{"0":"post-1810","1":"product","2":"type-product","3":"status-publish","4":"has-post-thumbnail","6":"product_cat-lo-nuong","7":"product_cat-thuong-hieu-malloca","8":"product_tag-lo-nuong","9":"product_tag-lo-nuong-am","10":"product_tag-lo-nuong-am-tu-malloca","11":"product_tag-lo-nuong-malloca","12":"product_tag-malloca","14":"first","15":"instock","16":"sale","17":"shipping-taxable","18":"purchasable","19":"product-type-simple"},"_links":{"self":[{"href":"https:\/\/livinghome.vn\/thiet-bi\/wp-json\/wp\/v2\/product\/1810","targetHints":{"allow":["GET"]}}],"collection":[{"href":"https:\/\/livinghome.vn\/thiet-bi\/wp-json\/wp\/v2\/product"}],"about":[{"href":"https:\/\/livinghome.vn\/thiet-bi\/wp-json\/wp\/v2\/types\/product"}],"replies":[{"embeddable":true,"href":"https:\/\/livinghome.vn\/thiet-bi\/wp-json\/wp\/v2\/comments?post=1810"}],"wp:featuredmedia":[{"embeddable":true,"href":"https:\/\/livinghome.vn\/thiet-bi\/wp-json\/wp\/v2\/media\/1913"}],"wp:attachment":[{"href":"https:\/\/livinghome.vn\/thiet-bi\/wp-json\/wp\/v2\/media?parent=1810"}],"wp:term":[{"taxonomy":"product_brand","embeddable":true,"href":"https:\/\/livinghome.vn\/thiet-bi\/wp-json\/wp\/v2\/product_brand?post=1810"},{"taxonomy":"product_cat","embeddable":true,"href":"https:\/\/livinghome.vn\/thiet-bi\/wp-json\/wp\/v2\/product_cat?post=1810"},{"taxonomy":"product_tag","embeddable":true,"href":"https:\/\/livinghome.vn\/thiet-bi\/wp-json\/wp\/v2\/product_tag?post=1810"}],"curies":[{"name":"wp","href":"https:\/\/api.w.org\/{rel}","templated":true}]}}