{"id":1784,"date":"2023-01-12T13:40:36","date_gmt":"2023-01-12T06:40:36","guid":{"rendered":"https:\/\/livinghome.vn\/thiet-bi\/?post_type=product&#038;p=1784"},"modified":"2024-11-29T14:20:37","modified_gmt":"2024-11-29T07:20:37","slug":"chau-rua-chen-malloca-ms-8804-n-inox-304-cao-cap-da-nang","status":"publish","type":"product","link":"https:\/\/livinghome.vn\/thiet-bi\/chau-rua-chen-malloca-ms-8804-n-inox-304-cao-cap-da-nang\/","title":{"rendered":"Ch\u1eadu r\u1eeda ch\u00e9n Malloca MS 8804 N inox 304 cao c\u1ea5p \u0111a n\u0103ng"},"content":{"rendered":"<h3>Ch\u1eadu r\u1eeda ch\u00e9n Malloca MS 8804 N inox 304 cao c\u1ea5p \u0111a n\u0103ng, c\u00f3 b\u1ed9 x\u1ea3 r\u00e1c th\u00f4ng minh ng\u0103n m\u00f9i hi\u1ec7u qu\u1ea3, \u0111\u1eb7c bi\u1ec7t l\u1edbp ch\u1ed3ng \u1ed3n v\u00e0 ch\u1ed1ng ng\u01b0ng t\u1ee5 n\u01b0\u1edbc d\u01b0\u1edbi \u0111\u00e1y ch\u1eadu.<\/h3>\n<figure id=\"attachment_53026\" aria-describedby=\"caption-attachment-53026\" style=\"width: 800px\" class=\"wp-caption alignnone\"><img loading=\"lazy\" decoding=\"async\" class=\"wp-image-53026 size-large\" src=\"https:\/\/livinghome.vn\/thiet-bi\/wp-content\/uploads\/nha-bep\/malloca\/chau-rua-chen\/chau-rua-chen-malloca-ms-8804-n\/chau-rua-chen-malloca-ms-8804-n-1-800x800.jpg\" alt=\"Ch\u1eadu r\u1eeda ch\u00e9n Malloca MS 8804 inox 304 cao c\u1ea5p \u0111a n\u0103ng\" width=\"800\" height=\"800\" title=\"\"><figcaption id=\"caption-attachment-53026\" class=\"wp-caption-text\">Ch\u1eadu r\u1eeda ch\u00e9n Malloca MS 8804 inox 304 cao c\u1ea5p \u0111a n\u0103ng<\/figcaption><\/figure>\n<h3>T\u00ednh n\u0103ng c\u01a1 b\u1ea3n<\/h3>\n<ul>\n<li><a href=\"https:\/\/livinghome.vn\/thiet-bi\/chau-rua-chen\/\">Ch\u1eadu r\u1eeda ch\u00e9n<\/a> &#8211; Ch\u1eadu inox<\/li>\n<li>D\u00f2ng s\u1ea3n ph\u1ea9m m\u1edbi ch\u1ebf t\u1ea1o b\u00e1n th\u1ee7 c\u00f4ng<\/li>\n<li>Th\u00e9p kh\u00f4ng r\u1ec9 304<\/li>\n<li>\u0110\u1ed9 d\u00e0y 1.2mm<\/li>\n<li>R\u1ed5 l\u1ecdc r\u00e1c b\u1eb1ng inox ti\u1ec7n l\u1ee3i<\/li>\n<li>B\u1ed9 x\u1ea3 th\u00f4ng minh ng\u0103n m\u00f9i hi\u1ec7u qu\u1ea3<\/li>\n<li>L\u1edbp ch\u1ed1ng \u1ed3n v\u00e0 ch\u1ed1ng ng\u01b0ng t\u1ee5 n\u01b0\u1edbc d\u01b0\u1edbi \u0111\u00e1y ch\u1eadu<\/li>\n<\/ul>\n<p>&nbsp;<\/p>\n<h3>Th\u00f4ng s\u1ed1 k\u1ef9 thu\u1eadt<\/h3>\n<ul>\n<li>K\u00edch th\u01b0\u1edbc: W980 x D500 x H220mm<\/li>\n<li>K\u00edch th\u01b0\u1edbc l\u1ed7 \u0111\u00e1: W965 x D480mm<\/li>\n<\/ul>\n<p>&nbsp;<\/p>\n<p>&nbsp;<\/p>\n<p>&nbsp;<\/p>\n<figure id=\"attachment_53025\" aria-describedby=\"caption-attachment-53025\" style=\"width: 800px\" class=\"wp-caption alignnone\"><img loading=\"lazy\" decoding=\"async\" class=\"wp-image-53025 size-large\" src=\"https:\/\/livinghome.vn\/thiet-bi\/wp-content\/uploads\/nha-bep\/malloca\/chau-rua-chen\/chau-rua-chen-malloca-ms-8804-n\/chau-rua-chen-malloca-ms-8804-n-2-800x800.jpg\" alt=\"K\u00edch th\u01b0\u1edbc ch\u1eadu r\u1eeda ch\u00e9n Malloca MS 8804 N\" width=\"800\" height=\"800\" title=\"\"><figcaption id=\"caption-attachment-53025\" class=\"wp-caption-text\">K\u00edch th\u01b0\u1edbc ch\u1eadu r\u1eeda ch\u00e9n Malloca MS 8804 N<\/figcaption><\/figure>\n<h3>Xu\u1ea5t x\u1ee9: Trung Qu\u1ed1c (theo b\u1ea3n quy\u1ec1n Malloca)<\/h3>\n<div><\/div>\n","protected":false},"excerpt":{"rendered":"<p>Ch\u1eadu r\u1eeda ch\u00e9n Malloca MS 8804 N inox 304 cao c\u1ea5p \u0111a n\u0103ng, c\u00f3 b\u1ed9 x\u1ea3 r\u00e1c th\u00f4ng minh ng\u0103n m\u00f9i hi\u1ec7u qu\u1ea3, \u0111\u1eb7c bi\u1ec7t l\u1edbp ch\u1ed3ng \u1ed3n v\u00e0 ch\u1ed1ng ng\u01b0ng t\u1ee5 n\u01b0\u1edbc d\u01b0\u1edbi \u0111\u00e1y ch\u1eadu. T\u00ednh n\u0103ng c\u01a1 b\u1ea3n Ch\u1eadu r\u1eeda ch\u00e9n &#8211; Ch\u1eadu inox D\u00f2ng s\u1ea3n ph\u1ea9m m\u1edbi ch\u1ebf t\u1ea1o b\u00e1n th\u1ee7 c\u00f4ng [&#8230;]\n","protected":false},"featured_media":1894,"comment_status":"open","ping_status":"closed","template":"","meta":[],"product_brand":[],"product_cat":[1821,79,262],"product_tag":[287,290,148,1822,291,289,270],"class_list":{"0":"post-1784","1":"product","2":"type-product","3":"status-publish","4":"has-post-thumbnail","6":"product_cat-chau-rua-chen-bat-malloca","7":"product_cat-chau-rua-chen-bat","8":"product_cat-thuong-hieu-malloca","9":"product_tag-chau-bep","10":"product_tag-chau-inox","11":"product_tag-chau-rua-chen","12":"product_tag-chau-rua-chen-bat-malloca","13":"product_tag-chau-rua-chen-inox","14":"product_tag-chau-rua-chen-malloca","15":"product_tag-malloca","17":"first","18":"instock","19":"sale","20":"shipping-taxable","21":"purchasable","22":"product-type-simple"},"_links":{"self":[{"href":"https:\/\/livinghome.vn\/thiet-bi\/wp-json\/wp\/v2\/product\/1784","targetHints":{"allow":["GET"]}}],"collection":[{"href":"https:\/\/livinghome.vn\/thiet-bi\/wp-json\/wp\/v2\/product"}],"about":[{"href":"https:\/\/livinghome.vn\/thiet-bi\/wp-json\/wp\/v2\/types\/product"}],"replies":[{"embeddable":true,"href":"https:\/\/livinghome.vn\/thiet-bi\/wp-json\/wp\/v2\/comments?post=1784"}],"wp:featuredmedia":[{"embeddable":true,"href":"https:\/\/livinghome.vn\/thiet-bi\/wp-json\/wp\/v2\/media\/1894"}],"wp:attachment":[{"href":"https:\/\/livinghome.vn\/thiet-bi\/wp-json\/wp\/v2\/media?parent=1784"}],"wp:term":[{"taxonomy":"product_brand","embeddable":true,"href":"https:\/\/livinghome.vn\/thiet-bi\/wp-json\/wp\/v2\/product_brand?post=1784"},{"taxonomy":"product_cat","embeddable":true,"href":"https:\/\/livinghome.vn\/thiet-bi\/wp-json\/wp\/v2\/product_cat?post=1784"},{"taxonomy":"product_tag","embeddable":true,"href":"https:\/\/livinghome.vn\/thiet-bi\/wp-json\/wp\/v2\/product_tag?post=1784"}],"curies":[{"name":"wp","href":"https:\/\/api.w.org\/{rel}","templated":true}]}}