{"id":1767,"date":"2023-01-12T13:40:14","date_gmt":"2023-01-12T13:40:14","guid":{"rendered":"https:\/\/livinghome.vn\/thiet-bi\/?post_type=product&#038;p=1767"},"modified":"2024-11-29T14:20:37","modified_gmt":"2024-11-29T07:20:37","slug":"chau-rua-chen-malloca-ms-6302t-inox-304-cao-cap-ben-chac","status":"publish","type":"product","link":"https:\/\/livinghome.vn\/thiet-bi\/chau-rua-chen-malloca-ms-6302t-inox-304-cao-cap-ben-chac\/","title":{"rendered":"Ch\u1eadu r\u1eeda ch\u00e9n Malloca MS 6302T inox 304 cao c\u1ea5p, b\u1ec1n ch\u1eafc"},"content":{"rendered":"<h3>Ch\u1eadu r\u1eeda ch\u00e9n Malloca MS 6302T inox 304 cao c\u1ea5p, \u0111\u01b0\u1ee3c ch\u1ebf t\u1ea1o b\u00e1n th\u1ee7 c\u00f4ng v\u1edbi c\u00e1c g\u00f3c c\u1ea1nh v\u00e0 b\u1ec1 m\u1eb7t \u0111\u01b0\u1ee3c x\u1eed l\u00fd s\u1eafc s\u1ea3o, tinh t\u1ebf. V\u1edbi \u0111\u1ed9 d\u00e0y b\u1ec1 m\u1eb7t inox t\u0103ng c\u01b0\u1eddng l\u00ean t\u1edbi 4 mm c\u1ef1c k\u1ef3 b\u1ec1n ch\u1eafc.<\/h3>\n<figure id=\"attachment_53013\" aria-describedby=\"caption-attachment-53013\" style=\"width: 800px\" class=\"wp-caption alignnone\"><img loading=\"lazy\" decoding=\"async\" class=\"wp-image-53013 size-large\" src=\"https:\/\/livinghome.vn\/thiet-bi\/wp-content\/uploads\/nha-bep\/malloca\/chau-rua-chen\/chau-rua-chen-malloca-ms-6302t\/chau-rua-chen-malloca-ms-6302t-6-800x800.jpg\" alt=\"Ch\u1eadu r\u1eeda ch\u00e9n Malloca MS 6302T inox 304 cao c\u1ea5p, b\u1ec1n ch\u1eafc\" width=\"800\" height=\"800\" title=\"\"><figcaption id=\"caption-attachment-53013\" class=\"wp-caption-text\">Ch\u1eadu r\u1eeda ch\u00e9n Malloca MS 6302T inox 304 cao c\u1ea5p, b\u1ec1n ch\u1eafc<\/figcaption><\/figure>\n<h3>T\u00ednh n\u0103ng c\u01a1 b\u1ea3n<\/h3>\n<ul>\n<li><a href=\"https:\/\/livinghome.vn\/thiet-bi\/chau-rua-chen\/\">Ch\u1eadu r\u1eeda ch\u00e9n<\/a> &#8211; Ch\u1eadu inox<\/li>\n<li>D\u00f2ng s\u1ea3n ph\u1ea9m m\u1edbi ch\u1ebf t\u1ea1o b\u00e1n th\u1ee7 c\u00f4ng<\/li>\n<li>Th\u00e9p kh\u00f4ng r\u1ec9 304<\/li>\n<li>\u0110\u1ed9 d\u00e0y 1.2mm \u2013 4 mm<\/li>\n<li>R\u1ed5 l\u1ecdc r\u00e1c b\u1eb1ng inox ti\u1ec7n l\u1ee3i<\/li>\n<li>B\u1ed9 x\u1ea3 th\u00f4ng minh ng\u0103n m\u00f9i hi\u1ec7u qu\u1ea3<\/li>\n<li>L\u1edbp ch\u1ed1ng \u1ed3n v\u00e0 ch\u1ed1ng ng\u01b0ng t\u1ee5 n\u01b0\u1edbc d\u01b0\u1edbi \u0111\u00e1y ch\u1eadu<\/li>\n<\/ul>\n<p>&nbsp;<\/p>\n<h3>Th\u00f4ng s\u1ed1 k\u1ef9 thu\u1eadt<\/h3>\n<ul>\n<li>K\u00edch th\u01b0\u1edbc: W750 x D480 x H220mm<\/li>\n<li>K\u00edch th\u01b0\u1edbc c\u1eaft \u0111\u00e1 : W730 x D460mm<\/li>\n<\/ul>\n<p>&nbsp;<\/p>\n<p>&nbsp;<\/p>\n<figure id=\"attachment_53017\" aria-describedby=\"caption-attachment-53017\" style=\"width: 800px\" class=\"wp-caption alignnone\"><img loading=\"lazy\" decoding=\"async\" class=\"wp-image-53017 size-large\" src=\"https:\/\/livinghome.vn\/thiet-bi\/wp-content\/uploads\/nha-bep\/malloca\/chau-rua-chen\/chau-rua-chen-malloca-ms-6302t\/chau-rua-chen-malloca-ms-6302t-2-800x800.jpg\" alt=\"K\u00edch th\u01b0\u1edbc ch\u1eadu r\u1eeda ch\u00e9n Malloca MS 6302T \" width=\"800\" height=\"800\" title=\"\"><figcaption id=\"caption-attachment-53017\" class=\"wp-caption-text\">K\u00edch th\u01b0\u1edbc ch\u1eadu r\u1eeda ch\u00e9n Malloca MS 6302T<\/figcaption><\/figure>\n<h3>Xu\u1ea5t x\u1ee9: Trung Qu\u1ed1c (theo b\u1ea3n quy\u1ec1n Malloca)<\/h3>\n<div><\/div>\n","protected":false},"excerpt":{"rendered":"<p>Ch\u1eadu r\u1eeda ch\u00e9n Malloca MS 6302T inox 304 cao c\u1ea5p, \u0111\u01b0\u1ee3c ch\u1ebf t\u1ea1o b\u00e1n th\u1ee7 c\u00f4ng v\u1edbi c\u00e1c g\u00f3c c\u1ea1nh v\u00e0 b\u1ec1 m\u1eb7t \u0111\u01b0\u1ee3c x\u1eed l\u00fd s\u1eafc s\u1ea3o, tinh t\u1ebf. V\u1edbi \u0111\u1ed9 d\u00e0y b\u1ec1 m\u1eb7t inox t\u0103ng c\u01b0\u1eddng l\u00ean t\u1edbi 4 mm c\u1ef1c k\u1ef3 b\u1ec1n ch\u1eafc. T\u00ednh n\u0103ng c\u01a1 b\u1ea3n Ch\u1eadu r\u1eeda ch\u00e9n &#8211; Ch\u1eadu [&#8230;]\n","protected":false},"featured_media":1878,"comment_status":"open","ping_status":"closed","template":"","meta":[],"product_brand":[],"product_cat":[1821,79,262],"product_tag":[287,290,148,1822,291,289,270],"class_list":{"0":"post-1767","1":"product","2":"type-product","3":"status-publish","4":"has-post-thumbnail","6":"product_cat-chau-rua-chen-bat-malloca","7":"product_cat-chau-rua-chen-bat","8":"product_cat-thuong-hieu-malloca","9":"product_tag-chau-bep","10":"product_tag-chau-inox","11":"product_tag-chau-rua-chen","12":"product_tag-chau-rua-chen-bat-malloca","13":"product_tag-chau-rua-chen-inox","14":"product_tag-chau-rua-chen-malloca","15":"product_tag-malloca","17":"first","18":"instock","19":"sale","20":"shipping-taxable","21":"purchasable","22":"product-type-simple"},"_links":{"self":[{"href":"https:\/\/livinghome.vn\/thiet-bi\/wp-json\/wp\/v2\/product\/1767","targetHints":{"allow":["GET"]}}],"collection":[{"href":"https:\/\/livinghome.vn\/thiet-bi\/wp-json\/wp\/v2\/product"}],"about":[{"href":"https:\/\/livinghome.vn\/thiet-bi\/wp-json\/wp\/v2\/types\/product"}],"replies":[{"embeddable":true,"href":"https:\/\/livinghome.vn\/thiet-bi\/wp-json\/wp\/v2\/comments?post=1767"}],"wp:featuredmedia":[{"embeddable":true,"href":"https:\/\/livinghome.vn\/thiet-bi\/wp-json\/wp\/v2\/media\/1878"}],"wp:attachment":[{"href":"https:\/\/livinghome.vn\/thiet-bi\/wp-json\/wp\/v2\/media?parent=1767"}],"wp:term":[{"taxonomy":"product_brand","embeddable":true,"href":"https:\/\/livinghome.vn\/thiet-bi\/wp-json\/wp\/v2\/product_brand?post=1767"},{"taxonomy":"product_cat","embeddable":true,"href":"https:\/\/livinghome.vn\/thiet-bi\/wp-json\/wp\/v2\/product_cat?post=1767"},{"taxonomy":"product_tag","embeddable":true,"href":"https:\/\/livinghome.vn\/thiet-bi\/wp-json\/wp\/v2\/product_tag?post=1767"}],"curies":[{"name":"wp","href":"https:\/\/api.w.org\/{rel}","templated":true}]}}